{"id":10459,"date":"2024-12-18T09:51:39","date_gmt":"2024-12-18T09:51:39","guid":{"rendered":"https:\/\/sp.arrow-energy.com\/?page_id=10459"},"modified":"2025-09-11T10:28:32","modified_gmt":"2025-09-11T10:28:32","slug":"soot-blower","status":"publish","type":"page","link":"https:\/\/arrow-energy.com\/sp\/soot-blower\/","title":{"rendered":"Soplador de holl\u00edn"},"content":{"rendered":"\t\t<div data-elementor-type=\"wp-page\" data-elementor-id=\"10459\" class=\"elementor elementor-10459\" data-elementor-post-type=\"page\">\n\t\t\t\t<div class=\"elementor-element elementor-element-481c276 e-flex e-con-boxed e-con e-parent\" data-id=\"481c276\" data-element_type=\"container\" data-e-type=\"container\">\n\t\t\t\t\t<div class=\"e-con-inner\">\n\t\t\t\t<div class=\"elementor-element elementor-element-0183359 elementor-widget elementor-widget-heading\" data-id=\"0183359\" data-element_type=\"widget\" data-e-type=\"widget\" data-widget_type=\"heading.default\">\n\t\t\t\t<div class=\"elementor-widget-container\">\n\t\t\t\t\t<h2 class=\"elementor-heading-title elementor-size-default\">Soplador de holl\u00edn: Mejorando la eficiencia de la caldera a trav\u00e9s de la limpieza automatizada<\/h2>\t\t\t\t<\/div>\n\t\t\t\t<\/div>\n\t\t\t\t<div class=\"elementor-element elementor-element-400c249 elementor-widget elementor-widget-text-editor\" data-id=\"400c249\" data-element_type=\"widget\" data-e-type=\"widget\" data-widget_type=\"text-editor.default\">\n\t\t\t\t<div class=\"elementor-widget-container\">\n\t\t\t\t\t\t\t\t\t<span style=\"font-weight: 400;\">En <\/span><b>Arrow Energy<\/b><span style=\"font-weight: 400;\">, proporcionamos <\/span><b>Sopladores de Holl\u00edn a Vapor<\/b><span style=\"font-weight: 400;\">, una herramienta cr\u00edtica para mejorar el rendimiento de la caldera mediante la eliminaci\u00f3n eficiente de dep\u00f3sitos de holl\u00edn y cenizas de las superficies de intercambio de calor utilizando chorros de vapor a alta presi\u00f3n. Este proceso previene la obstrucci\u00f3n, mejora la transferencia de calor y asegura un funcionamiento constante de la caldera. El mecanismo de limpieza automatizado de los sopladores de holl\u00edn a vapor minimiza la intervenci\u00f3n manual, reduciendo el tiempo de inactividad y manteniendo la fiabilidad operativa.<\/span>\n<h5>Caracter\u00edsticas Clave de los Sopladores de Holl\u00edn a Vapor<\/h5>\n<ul>\n \t<li style=\"font-weight: 400;\" aria-level=\"1\"><b>Limpieza de Alta Eficiencia:<\/b><span style=\"font-weight: 400;\"> Utiliza potentes chorros de vapor para desalojar eficazmente los dep\u00f3sitos de holl\u00edn y ceniza.<\/span><\/li>\n \t<li style=\"font-weight: 400;\" aria-level=\"1\"><b>Operaci\u00f3n Automatizada:<\/b><span style=\"font-weight: 400;\"> Permite ciclos de limpieza constantes sin interrumpir las operaciones de la caldera.<\/span><\/li>\n \t<li style=\"font-weight: 400;\" aria-level=\"1\"><b>Optimizaci\u00f3n Energ\u00e9tica:<\/b><span style=\"font-weight: 400;\"> Mejora la eficiencia de la transferencia de calor, reduciendo el consumo de combustible y las p\u00e9rdidas de calor.<\/span><\/li>\n \t<li style=\"font-weight: 400;\" aria-level=\"1\"><b>Dise\u00f1o Robusto:<\/b><span style=\"font-weight: 400;\"> Construido para soportar altas temperaturas y condiciones severas, asegurando durabilidad.<\/span><\/li>\n \t<li style=\"font-weight: 400;\" aria-level=\"1\"><b>Configuraciones Vers\u00e1tiles:<\/b><span style=\"font-weight: 400;\"> Disponibles en dise\u00f1os retr\u00e1ctiles, rotatorios y estacionarios para adaptarse a diversas configuraciones de calderas.<\/span><\/li>\n<\/ul>\n<h5>Aplicaciones de los Sopladores de Holl\u00edn a Vapor<\/h5>\n<ul>\n \t<li style=\"font-weight: 400;\" aria-level=\"1\"><span style=\"font-weight: 400;\">Plantas de Energ\u00eda<\/span><\/li>\n \t<li style=\"font-weight: 400;\" aria-level=\"1\"><span style=\"font-weight: 400;\">F\u00e1bricas de Az\u00facar<\/span><\/li>\n \t<li style=\"font-weight: 400;\" aria-level=\"1\"><span style=\"font-weight: 400;\">Plantas de Cemento<\/span><\/li>\n \t<li style=\"font-weight: 400;\" aria-level=\"1\"><span style=\"font-weight: 400;\">Industria de Pulpa y Papel<\/span><\/li>\n<\/ul>\n<h5 style=\"text-align: center;\">Su Socio de Confianza para Soluciones de Sopladores de Holl\u00edn<\/h5>\n<p style=\"text-align: left;\"><span style=\"font-weight: 400;\">En <strong>Arrow Energy<\/strong>, ofrecemos sistemas avanzados de sopladores de holl\u00edn dise\u00f1ados para optimizar la eficiencia de la caldera y reducir el tiempo de inactividad operativo. Ya sea que necesite un soplador de holl\u00edn est\u00e1ndar o una soluci\u00f3n completamente personalizada adaptada a los requisitos \u00fanicos de su caldera, nuestro equipo de expertos est\u00e1 aqu\u00ed para ofrecer soluciones de limpieza confiables, rentables y duraderas. Conf\u00ede en nosotros para ayudar a mantener el rendimiento de su equipo, extender su vida \u00fatil y garantizar operaciones sin interrupciones.<\/span><\/p>\t\t\t\t\t\t\t\t<\/div>\n\t\t\t\t<\/div>\n\t\t\t\t<div class=\"elementor-element elementor-element-669ba6c elementor-arrows-position-inside elementor-pagination-position-outside elementor-widget elementor-widget-image-carousel\" data-id=\"669ba6c\" data-element_type=\"widget\" data-e-type=\"widget\" data-settings=\"{&quot;slides_to_show&quot;:&quot;2&quot;,&quot;navigation&quot;:&quot;both&quot;,&quot;autoplay&quot;:&quot;yes&quot;,&quot;pause_on_hover&quot;:&quot;yes&quot;,&quot;pause_on_interaction&quot;:&quot;yes&quot;,&quot;autoplay_speed&quot;:5000,&quot;infinite&quot;:&quot;yes&quot;,&quot;speed&quot;:500}\" data-widget_type=\"image-carousel.default\">\n\t\t\t\t<div class=\"elementor-widget-container\">\n\t\t\t\t\t\t\t<div class=\"elementor-image-carousel-wrapper swiper\" role=\"region\" aria-roledescription=\"carousel\" aria-label=\"Image Carousel\" dir=\"ltr\">\n\t\t\t<div class=\"elementor-image-carousel swiper-wrapper\" aria-live=\"off\">\n\t\t\t\t\t\t\t\t<div class=\"swiper-slide\" role=\"group\" aria-roledescription=\"slide\" aria-label=\"1 of 5\"><figure class=\"swiper-slide-inner\"><img decoding=\"async\" class=\"swiper-slide-image\" src=\"https:\/\/arrow-energy.com\/sp\/wp-content\/uploads\/2025\/09\/ArrowEnergy_Boiler-soot-blower-300x200.jpeg\" alt=\"ArrowEnergy_Boiler soot blower\" \/><\/figure><\/div><div class=\"swiper-slide\" role=\"group\" aria-roledescription=\"slide\" aria-label=\"2 of 5\"><figure class=\"swiper-slide-inner\"><img decoding=\"async\" class=\"swiper-slide-image\" src=\"https:\/\/arrow-energy.com\/sp\/wp-content\/uploads\/2025\/09\/Arrow-Energy_Soot-Blower_-2-300x200.jpeg\" alt=\"Arrow-Energy_Soot-Blower_ (2)\" \/><\/figure><\/div><div class=\"swiper-slide\" role=\"group\" aria-roledescription=\"slide\" aria-label=\"3 of 5\"><figure class=\"swiper-slide-inner\"><img decoding=\"async\" class=\"swiper-slide-image\" src=\"https:\/\/arrow-energy.com\/sp\/wp-content\/uploads\/2025\/09\/Arrow-Energy_Soot-Blowe-300x200.jpeg\" alt=\"Arrow-Energy_Soot-Blowe\" \/><\/figure><\/div><div class=\"swiper-slide\" role=\"group\" aria-roledescription=\"slide\" aria-label=\"4 of 5\"><figure class=\"swiper-slide-inner\"><img decoding=\"async\" class=\"swiper-slide-image\" src=\"https:\/\/arrow-energy.com\/sp\/wp-content\/uploads\/2025\/09\/Arrow-Energy_Soot-Blower_-300x200.jpeg\" alt=\"Arrow-Energy_Soot-Blower_\" \/><\/figure><\/div><div class=\"swiper-slide\" role=\"group\" aria-roledescription=\"slide\" aria-label=\"5 of 5\"><figure class=\"swiper-slide-inner\"><img decoding=\"async\" class=\"swiper-slide-image\" src=\"https:\/\/arrow-energy.com\/sp\/wp-content\/uploads\/2025\/09\/ArrowEnergy_Air-Soot-Blower-187x300.jpeg\" alt=\"ArrowEnergy_Air Soot Blower\" \/><\/figure><\/div>\t\t\t<\/div>\n\t\t\t\t\t\t\t\t\t\t\t\t<div class=\"elementor-swiper-button elementor-swiper-button-prev\" role=\"button\" tabindex=\"0\">\n\t\t\t\t\t\t<svg aria-hidden=\"true\" class=\"e-font-icon-svg e-eicon-chevron-left\" viewBox=\"0 0 1000 1000\" xmlns=\"http:\/\/www.w3.org\/2000\/svg\"><path d=\"M646 125C629 125 613 133 604 142L308 442C296 454 292 471 292 487 292 504 296 521 308 533L604 854C617 867 629 875 646 875 663 875 679 871 692 858 704 846 713 829 713 812 713 796 708 779 692 767L438 487 692 225C700 217 708 204 708 187 708 171 704 154 692 142 675 129 663 125 646 125Z\"><\/path><\/svg>\t\t\t\t\t<\/div>\n\t\t\t\t\t<div class=\"elementor-swiper-button elementor-swiper-button-next\" role=\"button\" tabindex=\"0\">\n\t\t\t\t\t\t<svg aria-hidden=\"true\" class=\"e-font-icon-svg e-eicon-chevron-right\" viewBox=\"0 0 1000 1000\" xmlns=\"http:\/\/www.w3.org\/2000\/svg\"><path d=\"M696 533C708 521 713 504 713 487 713 471 708 454 696 446L400 146C388 133 375 125 354 125 338 125 325 129 313 142 300 154 292 171 292 187 292 204 296 221 308 233L563 492 304 771C292 783 288 800 288 817 288 833 296 850 308 863 321 871 338 875 354 875 371 875 388 867 400 854L696 533Z\"><\/path><\/svg>\t\t\t\t\t<\/div>\n\t\t\t\t\n\t\t\t\t\t\t\t\t\t<div class=\"swiper-pagination\"><\/div>\n\t\t\t\t\t\t\t\t\t<\/div>\n\t\t\t\t\t\t<\/div>\n\t\t\t\t<\/div>\n\t\t\t\t\t<\/div>\n\t\t\t\t<\/div>\n\t\t\t\t<\/div>\n\t\t","protected":false},"excerpt":{"rendered":"<p>Soplador de holl\u00edn: Mejorando la eficiencia de la caldera a trav\u00e9s de la limpieza automatizada En Arrow Energy, proporcionamos Sopladores de Holl\u00edn a Vapor, una herramienta cr\u00edtica para mejorar el rendimiento de la caldera mediante la eliminaci\u00f3n eficiente de dep\u00f3sitos de holl\u00edn y cenizas de las superficies de intercambio de calor utilizando chorros de vapor &hellip; <a href=\"https:\/\/arrow-energy.com\/sp\/soot-blower\/\" class=\"more-link\">Continue reading <span class=\"screen-reader-text\">Soplador de holl\u00edn<\/span><\/a><\/p>\n","protected":false},"author":1,"featured_media":4470,"parent":0,"menu_order":0,"comment_status":"closed","ping_status":"closed","template":"","meta":{"nf_dc_page":"","_monsterinsights_skip_tracking":false,"_monsterinsights_sitenote_active":false,"_monsterinsights_sitenote_note":"","_monsterinsights_sitenote_category":0,"footnotes":""},"class_list":["post-10459","page","type-page","status-publish","has-post-thumbnail","hentry"],"yoast_head":"<!-- This site is optimized with the Yoast SEO Premium plugin v25.6 (Yoast SEO v27.4) - https:\/\/yoast.com\/product\/yoast-seo-premium-wordpress\/ -->\n<title>Soplador de holl\u00edn - Arrow Energy<\/title>\n<meta name=\"robots\" content=\"index, follow, max-snippet:-1, max-image-preview:large, max-video-preview:-1\" \/>\n<link rel=\"canonical\" href=\"https:\/\/arrow-energy.com\/sp\/soot-blower\/\" \/>\n<meta property=\"og:locale\" content=\"en_US\" \/>\n<meta property=\"og:type\" content=\"article\" \/>\n<meta property=\"og:title\" content=\"Soplador de holl\u00edn\" \/>\n<meta property=\"og:description\" content=\"Soplador de holl\u00edn: Mejorando la eficiencia de la caldera a trav\u00e9s de la limpieza automatizada En Arrow Energy, proporcionamos Sopladores de Holl\u00edn a Vapor, una herramienta cr\u00edtica para mejorar el rendimiento de la caldera mediante la eliminaci\u00f3n eficiente de dep\u00f3sitos de holl\u00edn y cenizas de las superficies de intercambio de calor utilizando chorros de vapor &hellip; Continue reading Soplador de holl\u00edn\" \/>\n<meta property=\"og:url\" content=\"https:\/\/arrow-energy.com\/sp\/soot-blower\/\" \/>\n<meta property=\"og:site_name\" content=\"Arrow Energy\" \/>\n<meta property=\"article:publisher\" content=\"https:\/\/www.facebook.com\/Arrowenergy.thailand\" \/>\n<meta property=\"article:modified_time\" content=\"2025-09-11T10:28:32+00:00\" \/>\n<meta property=\"og:image\" content=\"https:\/\/arrow-energy.com\/sp\/wp-content\/uploads\/2024\/07\/Title-Background.jpg\" \/>\n\t<meta property=\"og:image:width\" content=\"1920\" \/>\n\t<meta property=\"og:image:height\" content=\"244\" \/>\n\t<meta property=\"og:image:type\" content=\"image\/jpeg\" \/>\n<meta name=\"twitter:card\" content=\"summary_large_image\" \/>\n<meta name=\"twitter:label1\" content=\"Est. reading time\" \/>\n\t<meta name=\"twitter:data1\" content=\"4 minutes\" \/>\n<script type=\"application\/ld+json\" class=\"yoast-schema-graph\">{\"@context\":\"https:\\\/\\\/schema.org\",\"@graph\":[{\"@type\":\"WebPage\",\"@id\":\"https:\\\/\\\/arrow-energy.com\\\/sp\\\/soot-blower\\\/\",\"url\":\"https:\\\/\\\/arrow-energy.com\\\/sp\\\/soot-blower\\\/\",\"name\":\"Soplador de holl\u00edn - Arrow Energy\",\"isPartOf\":{\"@id\":\"https:\\\/\\\/arrow-energy.com\\\/sp\\\/#website\"},\"primaryImageOfPage\":{\"@id\":\"https:\\\/\\\/arrow-energy.com\\\/sp\\\/soot-blower\\\/#primaryimage\"},\"image\":{\"@id\":\"https:\\\/\\\/arrow-energy.com\\\/sp\\\/soot-blower\\\/#primaryimage\"},\"thumbnailUrl\":\"https:\\\/\\\/arrow-energy.com\\\/sp\\\/wp-content\\\/uploads\\\/2024\\\/07\\\/Title-Background.jpg\",\"datePublished\":\"2024-12-18T09:51:39+00:00\",\"dateModified\":\"2025-09-11T10:28:32+00:00\",\"breadcrumb\":{\"@id\":\"https:\\\/\\\/arrow-energy.com\\\/sp\\\/soot-blower\\\/#breadcrumb\"},\"inLanguage\":\"en-US\",\"potentialAction\":[{\"@type\":\"ReadAction\",\"target\":[\"https:\\\/\\\/arrow-energy.com\\\/sp\\\/soot-blower\\\/\"]}]},{\"@type\":\"ImageObject\",\"inLanguage\":\"en-US\",\"@id\":\"https:\\\/\\\/arrow-energy.com\\\/sp\\\/soot-blower\\\/#primaryimage\",\"url\":\"https:\\\/\\\/arrow-energy.com\\\/sp\\\/wp-content\\\/uploads\\\/2024\\\/07\\\/Title-Background.jpg\",\"contentUrl\":\"https:\\\/\\\/arrow-energy.com\\\/sp\\\/wp-content\\\/uploads\\\/2024\\\/07\\\/Title-Background.jpg\",\"width\":1920,\"height\":244},{\"@type\":\"BreadcrumbList\",\"@id\":\"https:\\\/\\\/arrow-energy.com\\\/sp\\\/soot-blower\\\/#breadcrumb\",\"itemListElement\":[{\"@type\":\"ListItem\",\"position\":1,\"name\":\"Home\",\"item\":\"https:\\\/\\\/arrow-energy.com\\\/sp\\\/\"},{\"@type\":\"ListItem\",\"position\":2,\"name\":\"Soplador de holl\u00edn\"}]},{\"@type\":\"WebSite\",\"@id\":\"https:\\\/\\\/arrow-energy.com\\\/sp\\\/#website\",\"url\":\"https:\\\/\\\/arrow-energy.com\\\/sp\\\/\",\"name\":\"https:\\\/\\\/arrow-energy.com\\\/sp\",\"description\":\"&quot;Arrow Energy es un actor destacado en las renovaciones del sector energ\u00e9tico. Altamente competente en la ingenier\u00eda y construcci\u00f3n de equipos de control de la contaminaci\u00f3n.&quot;\",\"publisher\":{\"@id\":\"https:\\\/\\\/arrow-energy.com\\\/sp\\\/#organization\"},\"alternateName\":\"https:\\\/\\\/arrow-energy.com\\\/sp\",\"potentialAction\":[{\"@type\":\"SearchAction\",\"target\":{\"@type\":\"EntryPoint\",\"urlTemplate\":\"https:\\\/\\\/arrow-energy.com\\\/sp\\\/?s={search_term_string}\"},\"query-input\":{\"@type\":\"PropertyValueSpecification\",\"valueRequired\":true,\"valueName\":\"search_term_string\"}}],\"inLanguage\":\"en-US\"},{\"@type\":\"Organization\",\"@id\":\"https:\\\/\\\/arrow-energy.com\\\/sp\\\/#organization\",\"name\":\"Arrow Energy Co., Ltd.\",\"alternateName\":\"Arrow Enrgy\",\"url\":\"https:\\\/\\\/arrow-energy.com\\\/sp\\\/\",\"logo\":{\"@type\":\"ImageObject\",\"inLanguage\":\"en-US\",\"@id\":\"https:\\\/\\\/arrow-energy.com\\\/sp\\\/#\\\/schema\\\/logo\\\/image\\\/\",\"url\":\"https:\\\/\\\/arrow-energy.com\\\/sp\\\/wp-content\\\/uploads\\\/2024\\\/07\\\/Arrow-Logo-3.png\",\"contentUrl\":\"https:\\\/\\\/arrow-energy.com\\\/sp\\\/wp-content\\\/uploads\\\/2024\\\/07\\\/Arrow-Logo-3.png\",\"width\":376,\"height\":170,\"caption\":\"Arrow Energy Co., Ltd.\"},\"image\":{\"@id\":\"https:\\\/\\\/arrow-energy.com\\\/sp\\\/#\\\/schema\\\/logo\\\/image\\\/\"},\"sameAs\":[\"https:\\\/\\\/www.facebook.com\\\/Arrowenergy.thailand\",\"https:\\\/\\\/www.instagram.com\\\/arrowenergy.thailand\\\/?hl=th\",\"https:\\\/\\\/www.linkedin.com\\\/company\\\/arrowenergy\\\/\",\"https:\\\/\\\/www.youtube.com\\\/channel\\\/UCV0ZxGWibSEttNCQawue0vw\"]}]}<\/script>\n<!-- \/ Yoast SEO Premium plugin. -->","yoast_head_json":{"title":"Soplador de holl\u00edn - Arrow Energy","robots":{"index":"index","follow":"follow","max-snippet":"max-snippet:-1","max-image-preview":"max-image-preview:large","max-video-preview":"max-video-preview:-1"},"canonical":"https:\/\/arrow-energy.com\/sp\/soot-blower\/","og_locale":"en_US","og_type":"article","og_title":"Soplador de holl\u00edn","og_description":"Soplador de holl\u00edn: Mejorando la eficiencia de la caldera a trav\u00e9s de la limpieza automatizada En Arrow Energy, proporcionamos Sopladores de Holl\u00edn a Vapor, una herramienta cr\u00edtica para mejorar el rendimiento de la caldera mediante la eliminaci\u00f3n eficiente de dep\u00f3sitos de holl\u00edn y cenizas de las superficies de intercambio de calor utilizando chorros de vapor &hellip; Continue reading Soplador de holl\u00edn","og_url":"https:\/\/arrow-energy.com\/sp\/soot-blower\/","og_site_name":"Arrow Energy","article_publisher":"https:\/\/www.facebook.com\/Arrowenergy.thailand","article_modified_time":"2025-09-11T10:28:32+00:00","og_image":[{"width":1920,"height":244,"url":"https:\/\/arrow-energy.com\/sp\/wp-content\/uploads\/2024\/07\/Title-Background.jpg","type":"image\/jpeg"}],"twitter_card":"summary_large_image","twitter_misc":{"Est. reading time":"4 minutes"},"schema":{"@context":"https:\/\/schema.org","@graph":[{"@type":"WebPage","@id":"https:\/\/arrow-energy.com\/sp\/soot-blower\/","url":"https:\/\/arrow-energy.com\/sp\/soot-blower\/","name":"Soplador de holl\u00edn - Arrow Energy","isPartOf":{"@id":"https:\/\/arrow-energy.com\/sp\/#website"},"primaryImageOfPage":{"@id":"https:\/\/arrow-energy.com\/sp\/soot-blower\/#primaryimage"},"image":{"@id":"https:\/\/arrow-energy.com\/sp\/soot-blower\/#primaryimage"},"thumbnailUrl":"https:\/\/arrow-energy.com\/sp\/wp-content\/uploads\/2024\/07\/Title-Background.jpg","datePublished":"2024-12-18T09:51:39+00:00","dateModified":"2025-09-11T10:28:32+00:00","breadcrumb":{"@id":"https:\/\/arrow-energy.com\/sp\/soot-blower\/#breadcrumb"},"inLanguage":"en-US","potentialAction":[{"@type":"ReadAction","target":["https:\/\/arrow-energy.com\/sp\/soot-blower\/"]}]},{"@type":"ImageObject","inLanguage":"en-US","@id":"https:\/\/arrow-energy.com\/sp\/soot-blower\/#primaryimage","url":"https:\/\/arrow-energy.com\/sp\/wp-content\/uploads\/2024\/07\/Title-Background.jpg","contentUrl":"https:\/\/arrow-energy.com\/sp\/wp-content\/uploads\/2024\/07\/Title-Background.jpg","width":1920,"height":244},{"@type":"BreadcrumbList","@id":"https:\/\/arrow-energy.com\/sp\/soot-blower\/#breadcrumb","itemListElement":[{"@type":"ListItem","position":1,"name":"Home","item":"https:\/\/arrow-energy.com\/sp\/"},{"@type":"ListItem","position":2,"name":"Soplador de holl\u00edn"}]},{"@type":"WebSite","@id":"https:\/\/arrow-energy.com\/sp\/#website","url":"https:\/\/arrow-energy.com\/sp\/","name":"https:\/\/arrow-energy.com\/sp","description":"&quot;Arrow Energy es un actor destacado en las renovaciones del sector energ\u00e9tico. Altamente competente en la ingenier\u00eda y construcci\u00f3n de equipos de control de la contaminaci\u00f3n.&quot;","publisher":{"@id":"https:\/\/arrow-energy.com\/sp\/#organization"},"alternateName":"https:\/\/arrow-energy.com\/sp","potentialAction":[{"@type":"SearchAction","target":{"@type":"EntryPoint","urlTemplate":"https:\/\/arrow-energy.com\/sp\/?s={search_term_string}"},"query-input":{"@type":"PropertyValueSpecification","valueRequired":true,"valueName":"search_term_string"}}],"inLanguage":"en-US"},{"@type":"Organization","@id":"https:\/\/arrow-energy.com\/sp\/#organization","name":"Arrow Energy Co., Ltd.","alternateName":"Arrow Enrgy","url":"https:\/\/arrow-energy.com\/sp\/","logo":{"@type":"ImageObject","inLanguage":"en-US","@id":"https:\/\/arrow-energy.com\/sp\/#\/schema\/logo\/image\/","url":"https:\/\/arrow-energy.com\/sp\/wp-content\/uploads\/2024\/07\/Arrow-Logo-3.png","contentUrl":"https:\/\/arrow-energy.com\/sp\/wp-content\/uploads\/2024\/07\/Arrow-Logo-3.png","width":376,"height":170,"caption":"Arrow Energy Co., Ltd."},"image":{"@id":"https:\/\/arrow-energy.com\/sp\/#\/schema\/logo\/image\/"},"sameAs":["https:\/\/www.facebook.com\/Arrowenergy.thailand","https:\/\/www.instagram.com\/arrowenergy.thailand\/?hl=th","https:\/\/www.linkedin.com\/company\/arrowenergy\/","https:\/\/www.youtube.com\/channel\/UCV0ZxGWibSEttNCQawue0vw"]}]}},"_links":{"self":[{"href":"https:\/\/arrow-energy.com\/sp\/wp-json\/wp\/v2\/pages\/10459","targetHints":{"allow":["GET"]}}],"collection":[{"href":"https:\/\/arrow-energy.com\/sp\/wp-json\/wp\/v2\/pages"}],"about":[{"href":"https:\/\/arrow-energy.com\/sp\/wp-json\/wp\/v2\/types\/page"}],"author":[{"embeddable":true,"href":"https:\/\/arrow-energy.com\/sp\/wp-json\/wp\/v2\/users\/1"}],"replies":[{"embeddable":true,"href":"https:\/\/arrow-energy.com\/sp\/wp-json\/wp\/v2\/comments?post=10459"}],"version-history":[{"count":26,"href":"https:\/\/arrow-energy.com\/sp\/wp-json\/wp\/v2\/pages\/10459\/revisions"}],"predecessor-version":[{"id":13793,"href":"https:\/\/arrow-energy.com\/sp\/wp-json\/wp\/v2\/pages\/10459\/revisions\/13793"}],"wp:featuredmedia":[{"embeddable":true,"href":"https:\/\/arrow-energy.com\/sp\/wp-json\/wp\/v2\/media\/4470"}],"wp:attachment":[{"href":"https:\/\/arrow-energy.com\/sp\/wp-json\/wp\/v2\/media?parent=10459"}],"curies":[{"name":"wp","href":"https:\/\/api.w.org\/{rel}","templated":true}]}}