{"id":10477,"date":"2024-12-18T10:03:04","date_gmt":"2024-12-18T10:03:04","guid":{"rendered":"https:\/\/sp.arrow-energy.com\/?page_id=10477"},"modified":"2025-09-12T09:44:14","modified_gmt":"2025-09-12T09:44:14","slug":"deaerator","status":"publish","type":"page","link":"https:\/\/arrow-energy.com\/sp\/deaerator\/","title":{"rendered":"Desgasificador"},"content":{"rendered":"\t\t<div data-elementor-type=\"wp-page\" data-elementor-id=\"10477\" class=\"elementor elementor-10477\" data-elementor-post-type=\"page\">\n\t\t\t\t<div class=\"elementor-element elementor-element-23937db e-flex e-con-boxed e-con e-parent\" data-id=\"23937db\" data-element_type=\"container\" data-e-type=\"container\">\n\t\t\t\t\t<div class=\"e-con-inner\">\n\t\t\t\t<div class=\"elementor-element elementor-element-802b343 elementor-widget elementor-widget-heading\" data-id=\"802b343\" data-element_type=\"widget\" data-e-type=\"widget\" data-widget_type=\"heading.default\">\n\t\t\t\t<div class=\"elementor-widget-container\">\n\t\t\t\t\t<h2 class=\"elementor-heading-title elementor-size-default\">Desgasificador: Asegurando una Gesti\u00f3n Eficiente del Agua de Alimentaci\u00f3n de la Calderas<\/h2>\t\t\t\t<\/div>\n\t\t\t\t<\/div>\n\t\t\t\t<div class=\"elementor-element elementor-element-d50c17a elementor-widget elementor-widget-text-editor\" data-id=\"d50c17a\" data-element_type=\"widget\" data-e-type=\"widget\" data-widget_type=\"text-editor.default\">\n\t\t\t\t<div class=\"elementor-widget-container\">\n\t\t\t\t\t\t\t\t\t<span style=\"font-weight: 400;\">En <\/span><b>Arrow Energy<\/b><span style=\"font-weight: 400;\">, proporcionamos <\/span><b>Desgasificadores<\/b><span style=\"font-weight: 400;\">, equipos esenciales para mantener la calidad del agua de alimentaci\u00f3n de la caldera mediante la eliminaci\u00f3n eficiente de gases disueltos como ox\u00edgeno y di\u00f3xido de carbono. Estos gases se eliminan mediante calentamiento con vapor, lo que reduce su solubilidad, asegurando una mayor eficiencia de la caldera, una vida \u00fatil prolongada del equipo y costos de mantenimiento minimizados.<\/span> \n<h5><b>Caracter\u00edsticas Clave de los Desgasificadores<\/b><\/h5>\n<ul>\n \t<li style=\"font-weight: 400;\" aria-level=\"1\"><b>Eliminaci\u00f3n Eficiente de Gases<\/b><span style=\"font-weight: 400;\">: Elimina ox\u00edgeno y di\u00f3xido de carbono para prevenir la corrosi\u00f3n.<\/span><\/li>\n \t<li style=\"font-weight: 400;\" aria-level=\"1\"><b>Mayor Eficiencia de la Calderas<\/b><span style=\"font-weight: 400;\">: Precalienta el agua de alimentaci\u00f3n, reduciendo el estr\u00e9s t\u00e9rmico en la caldera.<\/span><\/li>\n \t<li style=\"font-weight: 400;\" aria-level=\"1\"><b>Ahorro Energ\u00e9tico<\/b><span style=\"font-weight: 400;\">: Optimiza el uso del vapor para una operaci\u00f3n eficiente.<\/span><\/li>\n \t<li style=\"font-weight: 400;\" aria-level=\"1\"><b>Dise\u00f1o Duradero<\/b><span style=\"font-weight: 400;\">: Construido con materiales de alta calidad para soportar altas presiones y temperaturas.<\/span><\/li>\n \t<li style=\"font-weight: 400;\" aria-level=\"1\"><b>Configuraciones Personalizadas<\/b><span style=\"font-weight: 400;\">: Disponibles en dise\u00f1os de spray, bandeja y vac\u00edo para satisfacer necesidades espec\u00edficas.<\/span><\/li>\n<\/ul>\n<h5>Aplicaciones de los Desgasificadores<\/h5>\n<ul>\n \t<li style=\"font-weight: 400;\" aria-level=\"1\"><span style=\"font-weight: 400;\">Plantas de Energ\u00eda de Biomasa<\/span><\/li>\n \t<li style=\"font-weight: 400;\" aria-level=\"1\"><span style=\"font-weight: 400;\">F\u00e1bricas de Az\u00facar<\/span><\/li>\n \t<li style=\"font-weight: 400;\" aria-level=\"1\"><span style=\"font-weight: 400;\">Industria de Papel y Pulpa<\/span><\/li>\n \t<li style=\"font-weight: 400;\" aria-level=\"1\"><span style=\"font-weight: 400;\">Industrias del Cemento<\/span><\/li>\n \t<li style=\"font-weight: 400;\" aria-level=\"1\"><span style=\"font-weight: 400;\">Industrias del Palma<\/span><\/li>\n \t<li style=\"font-weight: 400;\" aria-level=\"1\"><span style=\"font-weight: 400;\">Plantas de Energ\u00eda de Carb\u00f3n<\/span><\/li>\n<\/ul>\n<center><strong>Su Socio de Confianza para Soluciones de Desgasificaci\u00f3n<\/strong><\/center><span style=\"font-weight: 400;\">En <\/span><b>Arrow Energy<\/b><span style=\"font-weight: 400;\">, proporcionamos desgasificadores de alta calidad dise\u00f1ados para asegurar una calidad \u00f3ptima del agua de alimentaci\u00f3n de la caldera y un rendimiento superior del sistema. Ya sea que necesite un dise\u00f1o est\u00e1ndar o una soluci\u00f3n completamente personalizada, nuestro equipo est\u00e1 aqu\u00ed para ofrecer sistemas de desgasificaci\u00f3n confiables, eficientes y rentables, adaptados a sus necesidades operativas espec\u00edficas.<\/span>\t\t\t\t\t\t\t\t<\/div>\n\t\t\t\t<\/div>\n\t\t\t\t<div class=\"elementor-element elementor-element-7befc16 elementor-arrows-position-inside elementor-pagination-position-outside elementor-widget elementor-widget-image-carousel\" data-id=\"7befc16\" data-element_type=\"widget\" data-e-type=\"widget\" data-settings=\"{&quot;slides_to_show&quot;:&quot;2&quot;,&quot;navigation&quot;:&quot;both&quot;,&quot;autoplay&quot;:&quot;yes&quot;,&quot;pause_on_hover&quot;:&quot;yes&quot;,&quot;pause_on_interaction&quot;:&quot;yes&quot;,&quot;autoplay_speed&quot;:5000,&quot;infinite&quot;:&quot;yes&quot;,&quot;speed&quot;:500}\" data-widget_type=\"image-carousel.default\">\n\t\t\t\t<div class=\"elementor-widget-container\">\n\t\t\t\t\t\t\t<div class=\"elementor-image-carousel-wrapper swiper\" role=\"region\" aria-roledescription=\"carousel\" aria-label=\"Image Carousel\" dir=\"ltr\">\n\t\t\t<div class=\"elementor-image-carousel swiper-wrapper\" aria-live=\"off\">\n\t\t\t\t\t\t\t\t<div class=\"swiper-slide\" role=\"group\" aria-roledescription=\"slide\" aria-label=\"1 of 3\"><figure class=\"swiper-slide-inner\"><img decoding=\"async\" class=\"swiper-slide-image\" src=\"https:\/\/arrow-energy.com\/sp\/wp-content\/uploads\/2025\/09\/ArrowEnergy_Deaerato-300x198.jpeg\" alt=\"ArrowEnergy_Deaerato\" \/><\/figure><\/div><div class=\"swiper-slide\" role=\"group\" aria-roledescription=\"slide\" aria-label=\"2 of 3\"><figure class=\"swiper-slide-inner\"><img decoding=\"async\" class=\"swiper-slide-image\" src=\"https:\/\/arrow-energy.com\/sp\/wp-content\/uploads\/2025\/09\/ArrowEnergy_Deaerator_-300x198.jpeg\" alt=\"ArrowEnergy_Deaerator_\" \/><\/figure><\/div><div class=\"swiper-slide\" role=\"group\" aria-roledescription=\"slide\" aria-label=\"3 of 3\"><figure class=\"swiper-slide-inner\"><img decoding=\"async\" class=\"swiper-slide-image\" src=\"https:\/\/arrow-energy.com\/sp\/wp-content\/uploads\/2025\/09\/Arrow-Energy_Deaerator-300x225.jpg\" alt=\"Arrow Energy_Deaerator\" \/><\/figure><\/div>\t\t\t<\/div>\n\t\t\t\t\t\t\t\t\t\t\t\t<div class=\"elementor-swiper-button elementor-swiper-button-prev\" role=\"button\" tabindex=\"0\">\n\t\t\t\t\t\t<svg aria-hidden=\"true\" class=\"e-font-icon-svg e-eicon-chevron-left\" viewBox=\"0 0 1000 1000\" xmlns=\"http:\/\/www.w3.org\/2000\/svg\"><path d=\"M646 125C629 125 613 133 604 142L308 442C296 454 292 471 292 487 292 504 296 521 308 533L604 854C617 867 629 875 646 875 663 875 679 871 692 858 704 846 713 829 713 812 713 796 708 779 692 767L438 487 692 225C700 217 708 204 708 187 708 171 704 154 692 142 675 129 663 125 646 125Z\"><\/path><\/svg>\t\t\t\t\t<\/div>\n\t\t\t\t\t<div class=\"elementor-swiper-button elementor-swiper-button-next\" role=\"button\" tabindex=\"0\">\n\t\t\t\t\t\t<svg aria-hidden=\"true\" class=\"e-font-icon-svg e-eicon-chevron-right\" viewBox=\"0 0 1000 1000\" xmlns=\"http:\/\/www.w3.org\/2000\/svg\"><path d=\"M696 533C708 521 713 504 713 487 713 471 708 454 696 446L400 146C388 133 375 125 354 125 338 125 325 129 313 142 300 154 292 171 292 187 292 204 296 221 308 233L563 492 304 771C292 783 288 800 288 817 288 833 296 850 308 863 321 871 338 875 354 875 371 875 388 867 400 854L696 533Z\"><\/path><\/svg>\t\t\t\t\t<\/div>\n\t\t\t\t\n\t\t\t\t\t\t\t\t\t<div class=\"swiper-pagination\"><\/div>\n\t\t\t\t\t\t\t\t\t<\/div>\n\t\t\t\t\t\t<\/div>\n\t\t\t\t<\/div>\n\t\t\t\t\t<\/div>\n\t\t\t\t<\/div>\n\t\t\t\t<\/div>\n\t\t","protected":false},"excerpt":{"rendered":"<p>Desgasificador: Asegurando una Gesti\u00f3n Eficiente del Agua de Alimentaci\u00f3n de la Calderas En Arrow Energy, proporcionamos Desgasificadores, equipos esenciales para mantener la calidad del agua de alimentaci\u00f3n de la caldera mediante la eliminaci\u00f3n eficiente de gases disueltos como ox\u00edgeno y di\u00f3xido de carbono. Estos gases se eliminan mediante calentamiento con vapor, lo que reduce su &hellip; <a href=\"https:\/\/arrow-energy.com\/sp\/deaerator\/\" class=\"more-link\">Continue reading <span class=\"screen-reader-text\">Desgasificador<\/span><\/a><\/p>\n","protected":false},"author":1,"featured_media":0,"parent":0,"menu_order":0,"comment_status":"closed","ping_status":"closed","template":"","meta":{"nf_dc_page":"","_monsterinsights_skip_tracking":false,"_monsterinsights_sitenote_active":false,"_monsterinsights_sitenote_note":"","_monsterinsights_sitenote_category":0,"footnotes":""},"class_list":["post-10477","page","type-page","status-publish","hentry"],"yoast_head":"<!-- This site is optimized with the Yoast SEO Premium plugin v25.6 (Yoast SEO v27.4) - https:\/\/yoast.com\/product\/yoast-seo-premium-wordpress\/ -->\n<title>Desgasificador - Arrow Energy<\/title>\n<meta name=\"robots\" content=\"index, follow, max-snippet:-1, max-image-preview:large, max-video-preview:-1\" \/>\n<link rel=\"canonical\" href=\"https:\/\/arrow-energy.com\/sp\/deaerator\/\" \/>\n<meta property=\"og:locale\" content=\"en_US\" \/>\n<meta property=\"og:type\" content=\"article\" \/>\n<meta property=\"og:title\" content=\"Desgasificador\" \/>\n<meta property=\"og:description\" content=\"Desgasificador: Asegurando una Gesti\u00f3n Eficiente del Agua de Alimentaci\u00f3n de la Calderas En Arrow Energy, proporcionamos Desgasificadores, equipos esenciales para mantener la calidad del agua de alimentaci\u00f3n de la caldera mediante la eliminaci\u00f3n eficiente de gases disueltos como ox\u00edgeno y di\u00f3xido de carbono. Estos gases se eliminan mediante calentamiento con vapor, lo que reduce su &hellip; Continue reading Desgasificador\" \/>\n<meta property=\"og:url\" content=\"https:\/\/arrow-energy.com\/sp\/deaerator\/\" \/>\n<meta property=\"og:site_name\" content=\"Arrow Energy\" \/>\n<meta property=\"article:publisher\" content=\"https:\/\/www.facebook.com\/Arrowenergy.thailand\" \/>\n<meta property=\"article:modified_time\" content=\"2025-09-12T09:44:14+00:00\" \/>\n<meta property=\"og:image\" content=\"https:\/\/arrow-energy.com\/sp\/wp-content\/uploads\/2025\/09\/ArrowEnergy_Deaerato-300x198.jpeg\" \/>\n<meta name=\"twitter:card\" content=\"summary_large_image\" \/>\n<meta name=\"twitter:label1\" content=\"Est. reading time\" \/>\n\t<meta name=\"twitter:data1\" content=\"3 minutes\" \/>\n<script type=\"application\/ld+json\" class=\"yoast-schema-graph\">{\"@context\":\"https:\\\/\\\/schema.org\",\"@graph\":[{\"@type\":\"WebPage\",\"@id\":\"https:\\\/\\\/arrow-energy.com\\\/sp\\\/deaerator\\\/\",\"url\":\"https:\\\/\\\/arrow-energy.com\\\/sp\\\/deaerator\\\/\",\"name\":\"Desgasificador - Arrow Energy\",\"isPartOf\":{\"@id\":\"https:\\\/\\\/arrow-energy.com\\\/sp\\\/#website\"},\"primaryImageOfPage\":{\"@id\":\"https:\\\/\\\/arrow-energy.com\\\/sp\\\/deaerator\\\/#primaryimage\"},\"image\":{\"@id\":\"https:\\\/\\\/arrow-energy.com\\\/sp\\\/deaerator\\\/#primaryimage\"},\"thumbnailUrl\":\"https:\\\/\\\/arrow-energy.com\\\/sp\\\/wp-content\\\/uploads\\\/2025\\\/09\\\/ArrowEnergy_Deaerato-300x198.jpeg\",\"datePublished\":\"2024-12-18T10:03:04+00:00\",\"dateModified\":\"2025-09-12T09:44:14+00:00\",\"breadcrumb\":{\"@id\":\"https:\\\/\\\/arrow-energy.com\\\/sp\\\/deaerator\\\/#breadcrumb\"},\"inLanguage\":\"en-US\",\"potentialAction\":[{\"@type\":\"ReadAction\",\"target\":[\"https:\\\/\\\/arrow-energy.com\\\/sp\\\/deaerator\\\/\"]}]},{\"@type\":\"ImageObject\",\"inLanguage\":\"en-US\",\"@id\":\"https:\\\/\\\/arrow-energy.com\\\/sp\\\/deaerator\\\/#primaryimage\",\"url\":\"https:\\\/\\\/arrow-energy.com\\\/sp\\\/wp-content\\\/uploads\\\/2025\\\/09\\\/ArrowEnergy_Deaerato-300x198.jpeg\",\"contentUrl\":\"https:\\\/\\\/arrow-energy.com\\\/sp\\\/wp-content\\\/uploads\\\/2025\\\/09\\\/ArrowEnergy_Deaerato-300x198.jpeg\"},{\"@type\":\"BreadcrumbList\",\"@id\":\"https:\\\/\\\/arrow-energy.com\\\/sp\\\/deaerator\\\/#breadcrumb\",\"itemListElement\":[{\"@type\":\"ListItem\",\"position\":1,\"name\":\"Home\",\"item\":\"https:\\\/\\\/arrow-energy.com\\\/sp\\\/\"},{\"@type\":\"ListItem\",\"position\":2,\"name\":\"Desgasificador\"}]},{\"@type\":\"WebSite\",\"@id\":\"https:\\\/\\\/arrow-energy.com\\\/sp\\\/#website\",\"url\":\"https:\\\/\\\/arrow-energy.com\\\/sp\\\/\",\"name\":\"https:\\\/\\\/arrow-energy.com\\\/sp\",\"description\":\"&quot;Arrow Energy es un actor destacado en las renovaciones del sector energ\u00e9tico. Altamente competente en la ingenier\u00eda y construcci\u00f3n de equipos de control de la contaminaci\u00f3n.&quot;\",\"publisher\":{\"@id\":\"https:\\\/\\\/arrow-energy.com\\\/sp\\\/#organization\"},\"alternateName\":\"https:\\\/\\\/arrow-energy.com\\\/sp\",\"potentialAction\":[{\"@type\":\"SearchAction\",\"target\":{\"@type\":\"EntryPoint\",\"urlTemplate\":\"https:\\\/\\\/arrow-energy.com\\\/sp\\\/?s={search_term_string}\"},\"query-input\":{\"@type\":\"PropertyValueSpecification\",\"valueRequired\":true,\"valueName\":\"search_term_string\"}}],\"inLanguage\":\"en-US\"},{\"@type\":\"Organization\",\"@id\":\"https:\\\/\\\/arrow-energy.com\\\/sp\\\/#organization\",\"name\":\"Arrow Energy Co., Ltd.\",\"alternateName\":\"Arrow Enrgy\",\"url\":\"https:\\\/\\\/arrow-energy.com\\\/sp\\\/\",\"logo\":{\"@type\":\"ImageObject\",\"inLanguage\":\"en-US\",\"@id\":\"https:\\\/\\\/arrow-energy.com\\\/sp\\\/#\\\/schema\\\/logo\\\/image\\\/\",\"url\":\"https:\\\/\\\/arrow-energy.com\\\/sp\\\/wp-content\\\/uploads\\\/2024\\\/07\\\/Arrow-Logo-3.png\",\"contentUrl\":\"https:\\\/\\\/arrow-energy.com\\\/sp\\\/wp-content\\\/uploads\\\/2024\\\/07\\\/Arrow-Logo-3.png\",\"width\":376,\"height\":170,\"caption\":\"Arrow Energy Co., Ltd.\"},\"image\":{\"@id\":\"https:\\\/\\\/arrow-energy.com\\\/sp\\\/#\\\/schema\\\/logo\\\/image\\\/\"},\"sameAs\":[\"https:\\\/\\\/www.facebook.com\\\/Arrowenergy.thailand\",\"https:\\\/\\\/www.instagram.com\\\/arrowenergy.thailand\\\/?hl=th\",\"https:\\\/\\\/www.linkedin.com\\\/company\\\/arrowenergy\\\/\",\"https:\\\/\\\/www.youtube.com\\\/channel\\\/UCV0ZxGWibSEttNCQawue0vw\"]}]}<\/script>\n<!-- \/ Yoast SEO Premium plugin. -->","yoast_head_json":{"title":"Desgasificador - Arrow Energy","robots":{"index":"index","follow":"follow","max-snippet":"max-snippet:-1","max-image-preview":"max-image-preview:large","max-video-preview":"max-video-preview:-1"},"canonical":"https:\/\/arrow-energy.com\/sp\/deaerator\/","og_locale":"en_US","og_type":"article","og_title":"Desgasificador","og_description":"Desgasificador: Asegurando una Gesti\u00f3n Eficiente del Agua de Alimentaci\u00f3n de la Calderas En Arrow Energy, proporcionamos Desgasificadores, equipos esenciales para mantener la calidad del agua de alimentaci\u00f3n de la caldera mediante la eliminaci\u00f3n eficiente de gases disueltos como ox\u00edgeno y di\u00f3xido de carbono. Estos gases se eliminan mediante calentamiento con vapor, lo que reduce su &hellip; Continue reading Desgasificador","og_url":"https:\/\/arrow-energy.com\/sp\/deaerator\/","og_site_name":"Arrow Energy","article_publisher":"https:\/\/www.facebook.com\/Arrowenergy.thailand","article_modified_time":"2025-09-12T09:44:14+00:00","og_image":[{"url":"https:\/\/arrow-energy.com\/sp\/wp-content\/uploads\/2025\/09\/ArrowEnergy_Deaerato-300x198.jpeg","type":"","width":"","height":""}],"twitter_card":"summary_large_image","twitter_misc":{"Est. reading time":"3 minutes"},"schema":{"@context":"https:\/\/schema.org","@graph":[{"@type":"WebPage","@id":"https:\/\/arrow-energy.com\/sp\/deaerator\/","url":"https:\/\/arrow-energy.com\/sp\/deaerator\/","name":"Desgasificador - Arrow Energy","isPartOf":{"@id":"https:\/\/arrow-energy.com\/sp\/#website"},"primaryImageOfPage":{"@id":"https:\/\/arrow-energy.com\/sp\/deaerator\/#primaryimage"},"image":{"@id":"https:\/\/arrow-energy.com\/sp\/deaerator\/#primaryimage"},"thumbnailUrl":"https:\/\/arrow-energy.com\/sp\/wp-content\/uploads\/2025\/09\/ArrowEnergy_Deaerato-300x198.jpeg","datePublished":"2024-12-18T10:03:04+00:00","dateModified":"2025-09-12T09:44:14+00:00","breadcrumb":{"@id":"https:\/\/arrow-energy.com\/sp\/deaerator\/#breadcrumb"},"inLanguage":"en-US","potentialAction":[{"@type":"ReadAction","target":["https:\/\/arrow-energy.com\/sp\/deaerator\/"]}]},{"@type":"ImageObject","inLanguage":"en-US","@id":"https:\/\/arrow-energy.com\/sp\/deaerator\/#primaryimage","url":"https:\/\/arrow-energy.com\/sp\/wp-content\/uploads\/2025\/09\/ArrowEnergy_Deaerato-300x198.jpeg","contentUrl":"https:\/\/arrow-energy.com\/sp\/wp-content\/uploads\/2025\/09\/ArrowEnergy_Deaerato-300x198.jpeg"},{"@type":"BreadcrumbList","@id":"https:\/\/arrow-energy.com\/sp\/deaerator\/#breadcrumb","itemListElement":[{"@type":"ListItem","position":1,"name":"Home","item":"https:\/\/arrow-energy.com\/sp\/"},{"@type":"ListItem","position":2,"name":"Desgasificador"}]},{"@type":"WebSite","@id":"https:\/\/arrow-energy.com\/sp\/#website","url":"https:\/\/arrow-energy.com\/sp\/","name":"https:\/\/arrow-energy.com\/sp","description":"&quot;Arrow Energy es un actor destacado en las renovaciones del sector energ\u00e9tico. Altamente competente en la ingenier\u00eda y construcci\u00f3n de equipos de control de la contaminaci\u00f3n.&quot;","publisher":{"@id":"https:\/\/arrow-energy.com\/sp\/#organization"},"alternateName":"https:\/\/arrow-energy.com\/sp","potentialAction":[{"@type":"SearchAction","target":{"@type":"EntryPoint","urlTemplate":"https:\/\/arrow-energy.com\/sp\/?s={search_term_string}"},"query-input":{"@type":"PropertyValueSpecification","valueRequired":true,"valueName":"search_term_string"}}],"inLanguage":"en-US"},{"@type":"Organization","@id":"https:\/\/arrow-energy.com\/sp\/#organization","name":"Arrow Energy Co., Ltd.","alternateName":"Arrow Enrgy","url":"https:\/\/arrow-energy.com\/sp\/","logo":{"@type":"ImageObject","inLanguage":"en-US","@id":"https:\/\/arrow-energy.com\/sp\/#\/schema\/logo\/image\/","url":"https:\/\/arrow-energy.com\/sp\/wp-content\/uploads\/2024\/07\/Arrow-Logo-3.png","contentUrl":"https:\/\/arrow-energy.com\/sp\/wp-content\/uploads\/2024\/07\/Arrow-Logo-3.png","width":376,"height":170,"caption":"Arrow Energy Co., Ltd."},"image":{"@id":"https:\/\/arrow-energy.com\/sp\/#\/schema\/logo\/image\/"},"sameAs":["https:\/\/www.facebook.com\/Arrowenergy.thailand","https:\/\/www.instagram.com\/arrowenergy.thailand\/?hl=th","https:\/\/www.linkedin.com\/company\/arrowenergy\/","https:\/\/www.youtube.com\/channel\/UCV0ZxGWibSEttNCQawue0vw"]}]}},"_links":{"self":[{"href":"https:\/\/arrow-energy.com\/sp\/wp-json\/wp\/v2\/pages\/10477","targetHints":{"allow":["GET"]}}],"collection":[{"href":"https:\/\/arrow-energy.com\/sp\/wp-json\/wp\/v2\/pages"}],"about":[{"href":"https:\/\/arrow-energy.com\/sp\/wp-json\/wp\/v2\/types\/page"}],"author":[{"embeddable":true,"href":"https:\/\/arrow-energy.com\/sp\/wp-json\/wp\/v2\/users\/1"}],"replies":[{"embeddable":true,"href":"https:\/\/arrow-energy.com\/sp\/wp-json\/wp\/v2\/comments?post=10477"}],"version-history":[{"count":23,"href":"https:\/\/arrow-energy.com\/sp\/wp-json\/wp\/v2\/pages\/10477\/revisions"}],"predecessor-version":[{"id":13893,"href":"https:\/\/arrow-energy.com\/sp\/wp-json\/wp\/v2\/pages\/10477\/revisions\/13893"}],"wp:attachment":[{"href":"https:\/\/arrow-energy.com\/sp\/wp-json\/wp\/v2\/media?parent=10477"}],"curies":[{"name":"wp","href":"https:\/\/api.w.org\/{rel}","templated":true}]}}