{"id":10622,"date":"2024-12-18T15:19:37","date_gmt":"2024-12-18T15:19:37","guid":{"rendered":"https:\/\/sp.arrow-energy.com\/?page_id=10622"},"modified":"2025-09-05T10:48:47","modified_gmt":"2025-09-05T10:48:47","slug":"hydraulic-drive-system","status":"publish","type":"page","link":"https:\/\/arrow-energy.com\/sp\/hydraulic-drive-system\/","title":{"rendered":"Sistema de accionamiento hidr\u00e1ulico"},"content":{"rendered":"\t\t<div data-elementor-type=\"wp-page\" data-elementor-id=\"10622\" class=\"elementor elementor-10622\" data-elementor-post-type=\"page\">\n\t\t\t\t<div class=\"elementor-element elementor-element-8db2ebe e-flex e-con-boxed e-con e-parent\" data-id=\"8db2ebe\" data-element_type=\"container\" data-e-type=\"container\">\n\t\t\t\t\t<div class=\"e-con-inner\">\n\t\t\t\t<div class=\"elementor-element elementor-element-becf2c2 elementor-widget elementor-widget-heading\" data-id=\"becf2c2\" data-element_type=\"widget\" data-e-type=\"widget\" data-widget_type=\"heading.default\">\n\t\t\t\t<div class=\"elementor-widget-container\">\n\t\t\t\t\t<h2 class=\"elementor-heading-title elementor-size-default\">Sistema de accionamiento hidr\u00e1ulico: impulsando la eficiencia de la parrilla m\u00f3vil<\/h2>\t\t\t\t<\/div>\n\t\t\t\t<\/div>\n\t\t\t\t<div class=\"elementor-element elementor-element-34b5e38 elementor-widget elementor-widget-text-editor\" data-id=\"34b5e38\" data-element_type=\"widget\" data-e-type=\"widget\" data-widget_type=\"text-editor.default\">\n\t\t\t\t<div class=\"elementor-widget-container\">\n\t\t\t\t\t\t\t\t\tEn <strong>Arrow Energy<\/strong>, ofrecemos avanzados <strong> sistemas de accionamiento hidr\u00e1ulico<\/strong> para garantizar el funcionamiento fluido y eficiente de los sistemas de parrilla m\u00f3vil en aplicaciones industriales. Estos sistemas utilizan fluido hidr\u00e1ulico impulsado por una bomba accionada por un motor el\u00e9ctrico para generar energ\u00eda de alta presi\u00f3n, que mueve los cilindros hidr\u00e1ulicos y acciona la parrilla con precisi\u00f3n. Dise\u00f1ados para ofrecer durabilidad y confiabilidad, nuestros sistemas de accionamiento hidr\u00e1ulico proporcionan un control de movimiento preciso, un rendimiento energ\u00e9tico eficiente y un mantenimiento reducido, lo que los hace ideales para mejorar la alimentaci\u00f3n de combustible y la eficiencia de combusti\u00f3n en entornos exigentes.  \n\n<h5><strong>Caracter\u00edsticas principales:<\/strong><\/h5>  \n<ul>  \n \t<li style=\"font-weight: 400;\" aria-level=\"1\"><b>Control de precisi\u00f3n<\/b><span style=\"font-weight: 400;\">: Movimiento fluido y exacto de la parrilla.<\/span><\/li>  \n \t<li style=\"font-weight: 400;\" aria-level=\"1\"><b>Alta confiabilidad<\/b><span style=\"font-weight: 400;\">: Dise\u00f1o robusto para operaci\u00f3n continua.<\/span><\/li>  \n \t<li style=\"font-weight: 400;\" aria-level=\"1\"><b>Transferencia eficiente de energ\u00eda<\/b><span style=\"font-weight: 400;\">: M\u00ednima p\u00e9rdida de energ\u00eda para un rendimiento rentable.<\/span><\/li>  \n \t<li style=\"font-weight: 400;\" aria-level=\"1\"><b>Construcci\u00f3n duradera<\/b><span style=\"font-weight: 400;\">: Dise\u00f1ado para resistir condiciones industriales extremas.<\/span><\/li>  \n<\/ul>  \n\nEl <strong>sistema de accionamiento hidr\u00e1ulico<\/strong> es una parte fundamental para garantizar el funcionamiento confiable y eficiente de los sistemas de parrilla m\u00f3vil. En <strong>Arrow Energy<\/strong>, combinamos tecnolog\u00eda de vanguardia con un dise\u00f1o robusto para ofrecer sistemas que sobresalen incluso en los entornos industriales m\u00e1s exigentes.\t\t\t\t\t\t\t\t<\/div>\n\t\t\t\t<\/div>\n\t\t\t\t<div class=\"elementor-element elementor-element-47bdfe3 elementor-widget elementor-widget-image-carousel\" data-id=\"47bdfe3\" data-element_type=\"widget\" data-e-type=\"widget\" data-settings=\"{&quot;slides_to_show&quot;:&quot;2&quot;,&quot;navigation&quot;:&quot;none&quot;,&quot;autoplay&quot;:&quot;yes&quot;,&quot;pause_on_hover&quot;:&quot;yes&quot;,&quot;pause_on_interaction&quot;:&quot;yes&quot;,&quot;autoplay_speed&quot;:5000,&quot;infinite&quot;:&quot;yes&quot;,&quot;speed&quot;:500}\" data-widget_type=\"image-carousel.default\">\n\t\t\t\t<div class=\"elementor-widget-container\">\n\t\t\t\t\t\t\t<div class=\"elementor-image-carousel-wrapper swiper\" role=\"region\" aria-roledescription=\"carousel\" aria-label=\"Image Carousel\" dir=\"ltr\">\n\t\t\t<div class=\"elementor-image-carousel swiper-wrapper\" aria-live=\"off\">\n\t\t\t\t\t\t\t\t<div class=\"swiper-slide\" role=\"group\" aria-roledescription=\"slide\" aria-label=\"1 of 2\"><figure class=\"swiper-slide-inner\"><img decoding=\"async\" class=\"swiper-slide-image\" src=\"https:\/\/arrow-energy.com\/sp\/wp-content\/uploads\/2025\/09\/ArrowEnergy_Hydraulic-Drive-Syste.jpeg\" alt=\"ArrowEnergy_Hydraulic-Drive-Syste\" \/><\/figure><\/div><div class=\"swiper-slide\" role=\"group\" aria-roledescription=\"slide\" aria-label=\"2 of 2\"><figure class=\"swiper-slide-inner\"><img decoding=\"async\" class=\"swiper-slide-image\" src=\"https:\/\/arrow-energy.com\/sp\/wp-content\/uploads\/2025\/09\/ArrowEnergy_Hydraulic-Drive-System_.jpeg\" alt=\"ArrowEnergy_Hydraulic-Drive-System_\" \/><\/figure><\/div>\t\t\t<\/div>\n\t\t\t\t\t\t\t\n\t\t\t\t\t\t\t\t\t<\/div>\n\t\t\t\t\t\t<\/div>\n\t\t\t\t<\/div>\n\t\t\t\t\t<\/div>\n\t\t\t\t<\/div>\n\t\t\t\t<\/div>\n\t\t","protected":false},"excerpt":{"rendered":"<p>Sistema de accionamiento hidr\u00e1ulico: impulsando la eficiencia de la parrilla m\u00f3vil En Arrow Energy, ofrecemos avanzados sistemas de accionamiento hidr\u00e1ulico para garantizar el funcionamiento fluido y eficiente de los sistemas de parrilla m\u00f3vil en aplicaciones industriales. Estos sistemas utilizan fluido hidr\u00e1ulico impulsado por una bomba accionada por un motor el\u00e9ctrico para generar energ\u00eda de alta &hellip; <a href=\"https:\/\/arrow-energy.com\/sp\/hydraulic-drive-system\/\" class=\"more-link\">Continue reading <span class=\"screen-reader-text\">Sistema de accionamiento hidr\u00e1ulico<\/span><\/a><\/p>\n","protected":false},"author":1,"featured_media":0,"parent":0,"menu_order":0,"comment_status":"closed","ping_status":"closed","template":"","meta":{"nf_dc_page":"","_monsterinsights_skip_tracking":false,"_monsterinsights_sitenote_active":false,"_monsterinsights_sitenote_note":"","_monsterinsights_sitenote_category":0,"footnotes":""},"class_list":["post-10622","page","type-page","status-publish","hentry"],"yoast_head":"<!-- This site is optimized with the Yoast SEO Premium plugin v25.6 (Yoast SEO v27.4) - https:\/\/yoast.com\/product\/yoast-seo-premium-wordpress\/ -->\n<title>Sistema de accionamiento hidr\u00e1ulico - Arrow Energy<\/title>\n<meta name=\"robots\" content=\"index, follow, max-snippet:-1, max-image-preview:large, max-video-preview:-1\" \/>\n<link rel=\"canonical\" href=\"https:\/\/arrow-energy.com\/sp\/hydraulic-drive-system\/\" \/>\n<meta property=\"og:locale\" content=\"en_US\" \/>\n<meta property=\"og:type\" content=\"article\" \/>\n<meta property=\"og:title\" content=\"Sistema de accionamiento hidr\u00e1ulico\" \/>\n<meta property=\"og:description\" content=\"Sistema de accionamiento hidr\u00e1ulico: impulsando la eficiencia de la parrilla m\u00f3vil En Arrow Energy, ofrecemos avanzados sistemas de accionamiento hidr\u00e1ulico para garantizar el funcionamiento fluido y eficiente de los sistemas de parrilla m\u00f3vil en aplicaciones industriales. Estos sistemas utilizan fluido hidr\u00e1ulico impulsado por una bomba accionada por un motor el\u00e9ctrico para generar energ\u00eda de alta &hellip; Continue reading Sistema de accionamiento hidr\u00e1ulico\" \/>\n<meta property=\"og:url\" content=\"https:\/\/arrow-energy.com\/sp\/hydraulic-drive-system\/\" \/>\n<meta property=\"og:site_name\" content=\"Arrow Energy\" \/>\n<meta property=\"article:publisher\" content=\"https:\/\/www.facebook.com\/Arrowenergy.thailand\" \/>\n<meta property=\"article:modified_time\" content=\"2025-09-05T10:48:47+00:00\" \/>\n<meta property=\"og:image\" content=\"https:\/\/arrow-energy.com\/sp\/wp-content\/uploads\/2025\/09\/ArrowEnergy_Hydraulic-Drive-Syste.jpeg\" \/>\n<meta name=\"twitter:card\" content=\"summary_large_image\" \/>\n<meta name=\"twitter:label1\" content=\"Est. reading time\" \/>\n\t<meta name=\"twitter:data1\" content=\"3 minutes\" \/>\n<script type=\"application\/ld+json\" class=\"yoast-schema-graph\">{\"@context\":\"https:\\\/\\\/schema.org\",\"@graph\":[{\"@type\":\"WebPage\",\"@id\":\"https:\\\/\\\/arrow-energy.com\\\/sp\\\/hydraulic-drive-system\\\/\",\"url\":\"https:\\\/\\\/arrow-energy.com\\\/sp\\\/hydraulic-drive-system\\\/\",\"name\":\"Sistema de accionamiento hidr\u00e1ulico - Arrow Energy\",\"isPartOf\":{\"@id\":\"https:\\\/\\\/arrow-energy.com\\\/sp\\\/#website\"},\"primaryImageOfPage\":{\"@id\":\"https:\\\/\\\/arrow-energy.com\\\/sp\\\/hydraulic-drive-system\\\/#primaryimage\"},\"image\":{\"@id\":\"https:\\\/\\\/arrow-energy.com\\\/sp\\\/hydraulic-drive-system\\\/#primaryimage\"},\"thumbnailUrl\":\"https:\\\/\\\/arrow-energy.com\\\/sp\\\/wp-content\\\/uploads\\\/2025\\\/09\\\/ArrowEnergy_Hydraulic-Drive-Syste.jpeg\",\"datePublished\":\"2024-12-18T15:19:37+00:00\",\"dateModified\":\"2025-09-05T10:48:47+00:00\",\"breadcrumb\":{\"@id\":\"https:\\\/\\\/arrow-energy.com\\\/sp\\\/hydraulic-drive-system\\\/#breadcrumb\"},\"inLanguage\":\"en-US\",\"potentialAction\":[{\"@type\":\"ReadAction\",\"target\":[\"https:\\\/\\\/arrow-energy.com\\\/sp\\\/hydraulic-drive-system\\\/\"]}]},{\"@type\":\"ImageObject\",\"inLanguage\":\"en-US\",\"@id\":\"https:\\\/\\\/arrow-energy.com\\\/sp\\\/hydraulic-drive-system\\\/#primaryimage\",\"url\":\"https:\\\/\\\/arrow-energy.com\\\/sp\\\/wp-content\\\/uploads\\\/2025\\\/09\\\/ArrowEnergy_Hydraulic-Drive-Syste.jpeg\",\"contentUrl\":\"https:\\\/\\\/arrow-energy.com\\\/sp\\\/wp-content\\\/uploads\\\/2025\\\/09\\\/ArrowEnergy_Hydraulic-Drive-Syste.jpeg\",\"width\":1500,\"height\":1001},{\"@type\":\"BreadcrumbList\",\"@id\":\"https:\\\/\\\/arrow-energy.com\\\/sp\\\/hydraulic-drive-system\\\/#breadcrumb\",\"itemListElement\":[{\"@type\":\"ListItem\",\"position\":1,\"name\":\"Home\",\"item\":\"https:\\\/\\\/arrow-energy.com\\\/sp\\\/\"},{\"@type\":\"ListItem\",\"position\":2,\"name\":\"Sistema de accionamiento hidr\u00e1ulico\"}]},{\"@type\":\"WebSite\",\"@id\":\"https:\\\/\\\/arrow-energy.com\\\/sp\\\/#website\",\"url\":\"https:\\\/\\\/arrow-energy.com\\\/sp\\\/\",\"name\":\"https:\\\/\\\/arrow-energy.com\\\/sp\",\"description\":\"&quot;Arrow Energy es un actor destacado en las renovaciones del sector energ\u00e9tico. Altamente competente en la ingenier\u00eda y construcci\u00f3n de equipos de control de la contaminaci\u00f3n.&quot;\",\"publisher\":{\"@id\":\"https:\\\/\\\/arrow-energy.com\\\/sp\\\/#organization\"},\"alternateName\":\"https:\\\/\\\/arrow-energy.com\\\/sp\",\"potentialAction\":[{\"@type\":\"SearchAction\",\"target\":{\"@type\":\"EntryPoint\",\"urlTemplate\":\"https:\\\/\\\/arrow-energy.com\\\/sp\\\/?s={search_term_string}\"},\"query-input\":{\"@type\":\"PropertyValueSpecification\",\"valueRequired\":true,\"valueName\":\"search_term_string\"}}],\"inLanguage\":\"en-US\"},{\"@type\":\"Organization\",\"@id\":\"https:\\\/\\\/arrow-energy.com\\\/sp\\\/#organization\",\"name\":\"Arrow Energy Co., Ltd.\",\"alternateName\":\"Arrow Enrgy\",\"url\":\"https:\\\/\\\/arrow-energy.com\\\/sp\\\/\",\"logo\":{\"@type\":\"ImageObject\",\"inLanguage\":\"en-US\",\"@id\":\"https:\\\/\\\/arrow-energy.com\\\/sp\\\/#\\\/schema\\\/logo\\\/image\\\/\",\"url\":\"https:\\\/\\\/arrow-energy.com\\\/sp\\\/wp-content\\\/uploads\\\/2024\\\/07\\\/Arrow-Logo-3.png\",\"contentUrl\":\"https:\\\/\\\/arrow-energy.com\\\/sp\\\/wp-content\\\/uploads\\\/2024\\\/07\\\/Arrow-Logo-3.png\",\"width\":376,\"height\":170,\"caption\":\"Arrow Energy Co., Ltd.\"},\"image\":{\"@id\":\"https:\\\/\\\/arrow-energy.com\\\/sp\\\/#\\\/schema\\\/logo\\\/image\\\/\"},\"sameAs\":[\"https:\\\/\\\/www.facebook.com\\\/Arrowenergy.thailand\",\"https:\\\/\\\/www.instagram.com\\\/arrowenergy.thailand\\\/?hl=th\",\"https:\\\/\\\/www.linkedin.com\\\/company\\\/arrowenergy\\\/\",\"https:\\\/\\\/www.youtube.com\\\/channel\\\/UCV0ZxGWibSEttNCQawue0vw\"]}]}<\/script>\n<!-- \/ Yoast SEO Premium plugin. -->","yoast_head_json":{"title":"Sistema de accionamiento hidr\u00e1ulico - Arrow Energy","robots":{"index":"index","follow":"follow","max-snippet":"max-snippet:-1","max-image-preview":"max-image-preview:large","max-video-preview":"max-video-preview:-1"},"canonical":"https:\/\/arrow-energy.com\/sp\/hydraulic-drive-system\/","og_locale":"en_US","og_type":"article","og_title":"Sistema de accionamiento hidr\u00e1ulico","og_description":"Sistema de accionamiento hidr\u00e1ulico: impulsando la eficiencia de la parrilla m\u00f3vil En Arrow Energy, ofrecemos avanzados sistemas de accionamiento hidr\u00e1ulico para garantizar el funcionamiento fluido y eficiente de los sistemas de parrilla m\u00f3vil en aplicaciones industriales. Estos sistemas utilizan fluido hidr\u00e1ulico impulsado por una bomba accionada por un motor el\u00e9ctrico para generar energ\u00eda de alta &hellip; Continue reading Sistema de accionamiento hidr\u00e1ulico","og_url":"https:\/\/arrow-energy.com\/sp\/hydraulic-drive-system\/","og_site_name":"Arrow Energy","article_publisher":"https:\/\/www.facebook.com\/Arrowenergy.thailand","article_modified_time":"2025-09-05T10:48:47+00:00","og_image":[{"url":"https:\/\/arrow-energy.com\/sp\/wp-content\/uploads\/2025\/09\/ArrowEnergy_Hydraulic-Drive-Syste.jpeg","type":"","width":"","height":""}],"twitter_card":"summary_large_image","twitter_misc":{"Est. reading time":"3 minutes"},"schema":{"@context":"https:\/\/schema.org","@graph":[{"@type":"WebPage","@id":"https:\/\/arrow-energy.com\/sp\/hydraulic-drive-system\/","url":"https:\/\/arrow-energy.com\/sp\/hydraulic-drive-system\/","name":"Sistema de accionamiento hidr\u00e1ulico - Arrow Energy","isPartOf":{"@id":"https:\/\/arrow-energy.com\/sp\/#website"},"primaryImageOfPage":{"@id":"https:\/\/arrow-energy.com\/sp\/hydraulic-drive-system\/#primaryimage"},"image":{"@id":"https:\/\/arrow-energy.com\/sp\/hydraulic-drive-system\/#primaryimage"},"thumbnailUrl":"https:\/\/arrow-energy.com\/sp\/wp-content\/uploads\/2025\/09\/ArrowEnergy_Hydraulic-Drive-Syste.jpeg","datePublished":"2024-12-18T15:19:37+00:00","dateModified":"2025-09-05T10:48:47+00:00","breadcrumb":{"@id":"https:\/\/arrow-energy.com\/sp\/hydraulic-drive-system\/#breadcrumb"},"inLanguage":"en-US","potentialAction":[{"@type":"ReadAction","target":["https:\/\/arrow-energy.com\/sp\/hydraulic-drive-system\/"]}]},{"@type":"ImageObject","inLanguage":"en-US","@id":"https:\/\/arrow-energy.com\/sp\/hydraulic-drive-system\/#primaryimage","url":"https:\/\/arrow-energy.com\/sp\/wp-content\/uploads\/2025\/09\/ArrowEnergy_Hydraulic-Drive-Syste.jpeg","contentUrl":"https:\/\/arrow-energy.com\/sp\/wp-content\/uploads\/2025\/09\/ArrowEnergy_Hydraulic-Drive-Syste.jpeg","width":1500,"height":1001},{"@type":"BreadcrumbList","@id":"https:\/\/arrow-energy.com\/sp\/hydraulic-drive-system\/#breadcrumb","itemListElement":[{"@type":"ListItem","position":1,"name":"Home","item":"https:\/\/arrow-energy.com\/sp\/"},{"@type":"ListItem","position":2,"name":"Sistema de accionamiento hidr\u00e1ulico"}]},{"@type":"WebSite","@id":"https:\/\/arrow-energy.com\/sp\/#website","url":"https:\/\/arrow-energy.com\/sp\/","name":"https:\/\/arrow-energy.com\/sp","description":"&quot;Arrow Energy es un actor destacado en las renovaciones del sector energ\u00e9tico. Altamente competente en la ingenier\u00eda y construcci\u00f3n de equipos de control de la contaminaci\u00f3n.&quot;","publisher":{"@id":"https:\/\/arrow-energy.com\/sp\/#organization"},"alternateName":"https:\/\/arrow-energy.com\/sp","potentialAction":[{"@type":"SearchAction","target":{"@type":"EntryPoint","urlTemplate":"https:\/\/arrow-energy.com\/sp\/?s={search_term_string}"},"query-input":{"@type":"PropertyValueSpecification","valueRequired":true,"valueName":"search_term_string"}}],"inLanguage":"en-US"},{"@type":"Organization","@id":"https:\/\/arrow-energy.com\/sp\/#organization","name":"Arrow Energy Co., Ltd.","alternateName":"Arrow Enrgy","url":"https:\/\/arrow-energy.com\/sp\/","logo":{"@type":"ImageObject","inLanguage":"en-US","@id":"https:\/\/arrow-energy.com\/sp\/#\/schema\/logo\/image\/","url":"https:\/\/arrow-energy.com\/sp\/wp-content\/uploads\/2024\/07\/Arrow-Logo-3.png","contentUrl":"https:\/\/arrow-energy.com\/sp\/wp-content\/uploads\/2024\/07\/Arrow-Logo-3.png","width":376,"height":170,"caption":"Arrow Energy Co., Ltd."},"image":{"@id":"https:\/\/arrow-energy.com\/sp\/#\/schema\/logo\/image\/"},"sameAs":["https:\/\/www.facebook.com\/Arrowenergy.thailand","https:\/\/www.instagram.com\/arrowenergy.thailand\/?hl=th","https:\/\/www.linkedin.com\/company\/arrowenergy\/","https:\/\/www.youtube.com\/channel\/UCV0ZxGWibSEttNCQawue0vw"]}]}},"_links":{"self":[{"href":"https:\/\/arrow-energy.com\/sp\/wp-json\/wp\/v2\/pages\/10622","targetHints":{"allow":["GET"]}}],"collection":[{"href":"https:\/\/arrow-energy.com\/sp\/wp-json\/wp\/v2\/pages"}],"about":[{"href":"https:\/\/arrow-energy.com\/sp\/wp-json\/wp\/v2\/types\/page"}],"author":[{"embeddable":true,"href":"https:\/\/arrow-energy.com\/sp\/wp-json\/wp\/v2\/users\/1"}],"replies":[{"embeddable":true,"href":"https:\/\/arrow-energy.com\/sp\/wp-json\/wp\/v2\/comments?post=10622"}],"version-history":[{"count":26,"href":"https:\/\/arrow-energy.com\/sp\/wp-json\/wp\/v2\/pages\/10622\/revisions"}],"predecessor-version":[{"id":13536,"href":"https:\/\/arrow-energy.com\/sp\/wp-json\/wp\/v2\/pages\/10622\/revisions\/13536"}],"wp:attachment":[{"href":"https:\/\/arrow-energy.com\/sp\/wp-json\/wp\/v2\/media?parent=10622"}],"curies":[{"name":"wp","href":"https:\/\/api.w.org\/{rel}","templated":true}]}}