{"id":10652,"date":"2024-12-18T16:07:37","date_gmt":"2024-12-18T16:07:37","guid":{"rendered":"https:\/\/sp.arrow-energy.com\/?page_id=10652"},"modified":"2025-09-05T11:43:26","modified_gmt":"2025-09-05T11:43:26","slug":"collection-electrode","status":"publish","type":"page","link":"https:\/\/arrow-energy.com\/sp\/collection-electrode\/","title":{"rendered":"Electrodo Colector"},"content":{"rendered":"\t\t<div data-elementor-type=\"wp-page\" data-elementor-id=\"10652\" class=\"elementor elementor-10652\" data-elementor-post-type=\"page\">\n\t\t\t\t<div class=\"elementor-element elementor-element-3c918f8 e-flex e-con-boxed e-con e-parent\" data-id=\"3c918f8\" data-element_type=\"container\" data-e-type=\"container\">\n\t\t\t\t\t<div class=\"e-con-inner\">\n\t\t<div class=\"elementor-element elementor-element-1f04499 e-con-full e-flex e-con e-child\" data-id=\"1f04499\" data-element_type=\"container\" data-e-type=\"container\" data-settings=\"{&quot;background_background&quot;:&quot;classic&quot;}\">\n\t\t\t\t<div class=\"elementor-element elementor-element-ea086db elementor-widget elementor-widget-sidebar\" data-id=\"ea086db\" data-element_type=\"widget\" data-e-type=\"widget\" data-widget_type=\"sidebar.default\">\n\t\t\t\t<div class=\"elementor-widget-container\">\n\t\t\t\t\t<aside id=\"nav_menu-32\" class=\"widget-odd widget-last widget-first widget-1 widget widget_nav_menu\"><div class=\"menu-spares-container\"><ul id=\"menu-spares\" class=\"menu\"><li id=\"menu-item-12399\" class=\"menu-item menu-item-type-post_type menu-item-object-page menu-item-12399 wp-menu-img wp-menu-img-before\"><a href=\"https:\/\/arrow-energy.com\/sp\/collection-electrode\/\">Electrodo Colector<\/a><\/li>\n<li id=\"menu-item-12400\" class=\"menu-item menu-item-type-post_type menu-item-object-page menu-item-12400 wp-menu-img wp-menu-img-before\"><a href=\"https:\/\/arrow-energy.com\/sp\/discharge-electrode\/\">Electrodo de descarga<\/a><\/li>\n<li id=\"menu-item-12401\" class=\"menu-item menu-item-type-post_type menu-item-object-page menu-item-12401 wp-menu-img wp-menu-img-before\"><a href=\"https:\/\/arrow-energy.com\/sp\/transformer-rectifier-tr-set\/\">Conjunto Transformador-Rectificador (TR)<\/a><\/li>\n<li id=\"menu-item-12402\" class=\"menu-item menu-item-type-post_type menu-item-object-page menu-item-12402 wp-menu-img wp-menu-img-before\"><a href=\"https:\/\/arrow-energy.com\/sp\/esp-controller\/\">Controlador ESP<\/a><\/li>\n<li id=\"menu-item-12403\" class=\"menu-item menu-item-type-post_type menu-item-object-page menu-item-12403 wp-menu-img wp-menu-img-before\"><a href=\"https:\/\/arrow-energy.com\/sp\/rapper-system\/\">Sistema de Rapper<\/a><\/li>\n<li id=\"menu-item-12404\" class=\"menu-item menu-item-type-post_type menu-item-object-page menu-item-12404 wp-menu-img wp-menu-img-before\"><a href=\"https:\/\/arrow-energy.com\/sp\/spare-parts-support\/\">Repuestos de caldera<\/a><\/li>\n<li id=\"menu-item-12405\" class=\"menu-item menu-item-type-post_type menu-item-object-page menu-item-12405 wp-menu-img wp-menu-img-before\"><a href=\"https:\/\/arrow-energy.com\/sp\/auxiliary-accessories\/\">Auxiliares y Accesorios<\/a><\/li>\n<li id=\"menu-item-12406\" class=\"menu-item menu-item-type-post_type menu-item-object-page menu-item-12406 wp-menu-img wp-menu-img-before\"><a href=\"https:\/\/arrow-energy.com\/sp\/instruments\/\">Instrumentos<\/a><\/li>\n<\/ul><\/div><\/aside>\t\t\t\t<\/div>\n\t\t\t\t<\/div>\n\t\t\t\t<\/div>\n\t\t<div class=\"elementor-element elementor-element-9716e56 e-con-full e-flex e-con e-child\" data-id=\"9716e56\" data-element_type=\"container\" data-e-type=\"container\">\n\t\t\t\t<div class=\"elementor-element elementor-element-ede14fa elementor-widget elementor-widget-heading\" data-id=\"ede14fa\" data-element_type=\"widget\" data-e-type=\"widget\" data-widget_type=\"heading.default\">\n\t\t\t\t<div class=\"elementor-widget-container\">\n\t\t\t\t\t<h2 class=\"elementor-heading-title elementor-size-default\"><p><strong>Electrodo Colector: Componentes Esenciales de la Eficiencia del ESP<\/strong><span style=\"color: var( --e-global-color-e4c10da );font-family: var( --e-global-typography-primary-font-family ), Sans-serif;font-weight: var( --e-global-typography-primary-font-weight );text-align: var(--text-align)\"><\/span><\/p><\/h2>\t\t\t\t<\/div>\n\t\t\t\t<\/div>\n\t\t\t\t<div class=\"elementor-element elementor-element-6e923b6 elementor-widget elementor-widget-text-editor\" data-id=\"6e923b6\" data-element_type=\"widget\" data-e-type=\"widget\" data-widget_type=\"text-editor.default\">\n\t\t\t\t<div class=\"elementor-widget-container\">\n\t\t\t\t\t\t\t\t\t<div class=\"flex max-w-full flex-col flex-grow\"><div class=\"min-h-8 text-message flex w-full flex-col items-end gap-2 whitespace-normal break-words text-start [.text-message+&amp;]:mt-5\" dir=\"auto\" data-message-author-role=\"assistant\" data-message-id=\"93256e98-1302-4abe-8b25-5f81a09fe25d\" data-message-model-slug=\"gpt-4o-mini\"><div class=\"flex w-full flex-col gap-1 empty:hidden first:pt-[3px]\"><div class=\"markdown prose w-full break-words dark:prose-invert light\"><p>Las <strong>placas colectoras<\/strong>, tambi\u00e9n conocidas como <strong>electrodos colectores<\/strong>, son componentes clave en los <strong>precipitadores electrost\u00e1ticos (ESP)<\/strong>, dise\u00f1ados para garantizar una captura eficiente de part\u00edculas. Estas hojas met\u00e1licas conductoras se colocan estrat\u00e9gicamente en paralelo a los electrodos de descarga, donde atraen y retienen part\u00edculas ionizadas de los flujos de gases industriales mediante fuerzas electrost\u00e1ticas. Las placas se limpian peri\u00f3dicamente mediante sistemas de golpeteo, asegurando que el polvo desalojado caiga en los tolvas para su eliminaci\u00f3n, manteniendo as\u00ed la eficiencia ininterrumpida del ESP.<\/p><\/div><\/div><\/div><\/div><div class=\"mb-2 flex gap-3 empty:hidden -ml-2\"><div class=\"items-center justify-start rounded-xl p-1 flex\"><div class=\"flex items-center\"><p><strong>Caracter\u00edsticas Clave de las Placas Colectoras de Arrow Energy:<\/strong><\/p><\/div><\/div><\/div><ul><li style=\"font-weight: 400;\" aria-level=\"1\"><div class=\"flex max-w-full flex-col flex-grow\"><div class=\"min-h-8 text-message flex w-full flex-col items-end gap-2 whitespace-normal break-words text-start [.text-message+&amp;]:mt-5\" dir=\"auto\" data-message-author-role=\"assistant\" data-message-id=\"63766aa2-8514-4789-93df-87eefb6c64a4\" data-message-model-slug=\"gpt-4o-mini\"><div class=\"flex w-full flex-col gap-1 empty:hidden first:pt-[3px]\"><div class=\"markdown prose w-full break-words dark:prose-invert light\"><p><strong>Materiales de Alta Calidad<\/strong>: Fabricadas con acero al carbono, acero inoxidable o acero aleado con recubrimientos preventivos de \u00f3xido para una mayor durabilidade.<\/p><\/div><\/div><\/div><\/div><div class=\"mb-2 flex gap-3 empty:hidden -ml-2\"><div class=\"items-center justify-start rounded-xl p-1 flex\">\u00a0<\/div><\/div><\/li><li style=\"font-weight: 400;\" aria-level=\"1\"><div class=\"flex max-w-full flex-col flex-grow\"><div class=\"min-h-8 text-message flex w-full flex-col items-end gap-2 whitespace-normal break-words text-start [.text-message+&amp;]:mt-5\" dir=\"auto\" data-message-author-role=\"assistant\" data-message-id=\"48f89f1b-c22e-43f9-9541-7f6c1132c01c\" data-message-model-slug=\"gpt-4o-mini\"><div class=\"flex w-full flex-col gap-1 empty:hidden first:pt-[3px]\"><div class=\"markdown prose w-full break-words dark:prose-invert light\"><p><strong>Espesor Optimizado<\/strong>: Disponibles en varios espesores para adaptarse a los requisitos del dise\u00f1o.<\/p><\/div><\/div><\/div><\/div><div class=\"mb-2 flex gap-3 empty:hidden -ml-2\"><div class=\"items-center justify-start rounded-xl p-1 flex\">\u00a0<\/div><\/div><\/li><li style=\"font-weight: 400;\" aria-level=\"1\"><div class=\"flex max-w-full flex-col flex-grow\"><div class=\"min-h-8 text-message flex w-full flex-col items-end gap-2 whitespace-normal break-words text-start [.text-message+&amp;]:mt-5\" dir=\"auto\" data-message-author-role=\"assistant\" data-message-id=\"f94e8a11-8138-4729-a805-03fb532c198b\" data-message-model-slug=\"gpt-4o-mini\"><div class=\"flex w-full flex-col gap-1 empty:hidden first:pt-[3px]\"><div class=\"markdown prose w-full break-words dark:prose-invert light\"><p><strong>Resistencia a la Corrosi\u00f3n<\/strong>: Los recubrimientos y las opciones de material aseguran una larga vida \u00fatil en condiciones extremas de gases de escape.<\/p><\/div><\/div><\/div><\/div><div class=\"mb-2 flex gap-3 empty:hidden -ml-2\"><div class=\"items-center justify-start rounded-xl p-1 flex\">\u00a0<\/div><\/div><\/li><li style=\"font-weight: 400;\" aria-level=\"1\"><div class=\"flex max-w-full flex-col flex-grow\"><div class=\"min-h-8 text-message flex w-full flex-col items-end gap-2 whitespace-normal break-words text-start [.text-message+&amp;]:mt-5\" dir=\"auto\" data-message-author-role=\"assistant\" data-message-id=\"624692ed-c109-47c1-bac3-3774d2895f6a\" data-message-model-slug=\"gpt-4o-mini\"><div class=\"flex w-full flex-col gap-1 empty:hidden first:pt-[3px]\"><div class=\"markdown prose w-full break-words dark:prose-invert light\"><p><strong>Refuerzos Estructurales<\/strong>: Integrados para prevenir deformaciones y mantener la eficiencia bajo cargas pesadas.<\/p><\/div><\/div><\/div><\/div><div class=\"mb-2 flex gap-3 empty:hidden -ml-2\"><div class=\"items-center justify-start rounded-xl p-1 flex\">\u00a0<\/div><\/div><\/li><li style=\"font-weight: 400;\" aria-level=\"1\"><div class=\"flex max-w-full flex-col flex-grow\"><div class=\"min-h-8 text-message flex w-full flex-col items-end gap-2 whitespace-normal break-words text-start [.text-message+&amp;]:mt-5\" dir=\"auto\" data-message-author-role=\"assistant\" data-message-id=\"9cdec8e0-f06c-4a5f-86bd-79e5d8013847\" data-message-model-slug=\"gpt-4o-mini\"><div class=\"flex w-full flex-col gap-1 empty:hidden first:pt-[3px]\"><div class=\"markdown prose w-full break-words dark:prose-invert light\"><p><strong>Retenci\u00f3n Eficiente de Part\u00edculas<\/strong>: Dise\u00f1adas para una captura m\u00e1xima de part\u00edculas y una reducci\u00f3n de las p\u00e9rdidas por reincorporaci\u00f3n.<\/p><\/div><\/div><\/div><\/div><div class=\"mb-2 flex gap-3 empty:hidden -ml-2\"><div class=\"items-center justify-start rounded-xl p-1 flex\">\u00a0<\/div><\/div><\/li><\/ul><div class=\"flex max-w-full flex-col flex-grow\"><div class=\"min-h-8 text-message flex w-full flex-col items-end gap-2 whitespace-normal break-words text-start [.text-message+&amp;]:mt-5\" dir=\"auto\" data-message-author-role=\"assistant\" data-message-id=\"8602666d-8b89-4c82-b25c-0083762681ec\" data-message-model-slug=\"o3-mini\"><div class=\"flex w-full flex-col gap-1 empty:hidden first:pt-[3px]\"><div class=\"markdown prose w-full break-words dark:prose-invert light\"><p>Las placas colectoras de <strong>Arrow<\/strong> <strong>Energy<\/strong> ofrecen un rendimiento confiable y garantizan que su ESP opere a m\u00e1xima eficiencia, cumpliendo con estrictos est\u00e1ndares ambientales.<\/p><\/div><\/div><\/div><\/div><div class=\"mb-2 flex gap-3 empty:hidden -ml-2\"><div class=\"items-center justify-start rounded-xl p-1 flex\"><div class=\"flex items-center justify-center rounded-lg text-token-text-secondary\">\u00a0<\/div><\/div><\/div>\t\t\t\t\t\t\t\t<\/div>\n\t\t\t\t<\/div>\n\t\t<div class=\"elementor-element elementor-element-f87526c e-con-full e-flex e-con e-child\" data-id=\"f87526c\" data-element_type=\"container\" data-e-type=\"container\">\n\t\t\t\t<div class=\"elementor-element elementor-element-641dbc5 elementor-widget elementor-widget-image\" data-id=\"641dbc5\" data-element_type=\"widget\" data-e-type=\"widget\" data-widget_type=\"image.default\">\n\t\t\t\t<div class=\"elementor-widget-container\">\n\t\t\t\t\t\t\t\t\t\t\t\t\t\t\t<img fetchpriority=\"high\" decoding=\"async\" width=\"847\" height=\"635\" src=\"https:\/\/arrow-energy.com\/sp\/wp-content\/uploads\/2025\/09\/ArrowEnergy_Collecting-Plat-1024x768.jpeg\" class=\"attachment-large size-large wp-image-13594\" alt=\"\" srcset=\"https:\/\/arrow-energy.com\/sp\/wp-content\/uploads\/2025\/09\/ArrowEnergy_Collecting-Plat-1024x768.jpeg 1024w, https:\/\/arrow-energy.com\/sp\/wp-content\/uploads\/2025\/09\/ArrowEnergy_Collecting-Plat-300x225.jpeg 300w, https:\/\/arrow-energy.com\/sp\/wp-content\/uploads\/2025\/09\/ArrowEnergy_Collecting-Plat-768x576.jpeg 768w, https:\/\/arrow-energy.com\/sp\/wp-content\/uploads\/2025\/09\/ArrowEnergy_Collecting-Plat.jpeg 1280w\" sizes=\"(max-width: 847px) 100vw, 847px\" data-id=\"13594\" \/>\t\t\t\t\t\t\t\t\t\t\t\t\t\t\t<\/div>\n\t\t\t\t<\/div>\n\t\t\t\t<div class=\"elementor-element elementor-element-931b11e elementor-widget elementor-widget-image\" data-id=\"931b11e\" data-element_type=\"widget\" data-e-type=\"widget\" data-widget_type=\"image.default\">\n\t\t\t\t<div class=\"elementor-widget-container\">\n\t\t\t\t\t\t\t\t\t\t\t\t\t\t\t<img decoding=\"async\" width=\"847\" height=\"635\" src=\"https:\/\/arrow-energy.com\/sp\/wp-content\/uploads\/2025\/09\/ArrowEnergy_Collecting-Plate-1-1024x768.jpeg\" class=\"attachment-large size-large wp-image-13595\" alt=\"\" srcset=\"https:\/\/arrow-energy.com\/sp\/wp-content\/uploads\/2025\/09\/ArrowEnergy_Collecting-Plate-1-1024x768.jpeg 1024w, https:\/\/arrow-energy.com\/sp\/wp-content\/uploads\/2025\/09\/ArrowEnergy_Collecting-Plate-1-300x225.jpeg 300w, https:\/\/arrow-energy.com\/sp\/wp-content\/uploads\/2025\/09\/ArrowEnergy_Collecting-Plate-1-768x576.jpeg 768w, https:\/\/arrow-energy.com\/sp\/wp-content\/uploads\/2025\/09\/ArrowEnergy_Collecting-Plate-1.jpeg 1280w\" sizes=\"(max-width: 847px) 100vw, 847px\" data-id=\"13595\" \/>\t\t\t\t\t\t\t\t\t\t\t\t\t\t\t<\/div>\n\t\t\t\t<\/div>\n\t\t\t\t<div class=\"elementor-element elementor-element-c21ddfe elementor-widget elementor-widget-image\" data-id=\"c21ddfe\" data-element_type=\"widget\" data-e-type=\"widget\" data-widget_type=\"image.default\">\n\t\t\t\t<div class=\"elementor-widget-container\">\n\t\t\t\t\t\t\t\t\t\t\t\t\t\t\t<img decoding=\"async\" width=\"847\" height=\"635\" src=\"https:\/\/arrow-energy.com\/sp\/wp-content\/uploads\/2025\/09\/ArrowEnergy_Collecting-Plate-1024x768.jpeg\" class=\"attachment-large size-large wp-image-13596\" alt=\"\" srcset=\"https:\/\/arrow-energy.com\/sp\/wp-content\/uploads\/2025\/09\/ArrowEnergy_Collecting-Plate-1024x768.jpeg 1024w, https:\/\/arrow-energy.com\/sp\/wp-content\/uploads\/2025\/09\/ArrowEnergy_Collecting-Plate-300x225.jpeg 300w, https:\/\/arrow-energy.com\/sp\/wp-content\/uploads\/2025\/09\/ArrowEnergy_Collecting-Plate-768x576.jpeg 768w, https:\/\/arrow-energy.com\/sp\/wp-content\/uploads\/2025\/09\/ArrowEnergy_Collecting-Plate.jpeg 1280w\" sizes=\"(max-width: 847px) 100vw, 847px\" data-id=\"13596\" \/>\t\t\t\t\t\t\t\t\t\t\t\t\t\t\t<\/div>\n\t\t\t\t<\/div>\n\t\t\t\t<\/div>\n\t\t\t\t<\/div>\n\t\t\t\t\t<\/div>\n\t\t\t\t<\/div>\n\t\t\t\t<\/div>\n\t\t","protected":false},"excerpt":{"rendered":"<p>Electrodo Colector: Componentes Esenciales de la Eficiencia del ESP Las placas colectoras, tambi\u00e9n conocidas como electrodos colectores, son componentes clave en los precipitadores electrost\u00e1ticos (ESP), dise\u00f1ados para garantizar una captura eficiente de part\u00edculas. Estas hojas met\u00e1licas conductoras se colocan estrat\u00e9gicamente en paralelo a los electrodos de descarga, donde atraen y retienen part\u00edculas ionizadas de los &hellip; <a href=\"https:\/\/arrow-energy.com\/sp\/collection-electrode\/\" class=\"more-link\">Continue reading <span class=\"screen-reader-text\">Electrodo Colector<\/span><\/a><\/p>\n","protected":false},"author":1,"featured_media":0,"parent":0,"menu_order":0,"comment_status":"closed","ping_status":"closed","template":"","meta":{"nf_dc_page":"","_monsterinsights_skip_tracking":false,"_monsterinsights_sitenote_active":false,"_monsterinsights_sitenote_note":"","_monsterinsights_sitenote_category":0,"footnotes":""},"class_list":["post-10652","page","type-page","status-publish","hentry"],"yoast_head":"<!-- This site is optimized with the Yoast SEO Premium plugin v25.6 (Yoast SEO v27.4) - https:\/\/yoast.com\/product\/yoast-seo-premium-wordpress\/ -->\n<title>Electrodo Colector - Arrow Energy<\/title>\n<meta name=\"robots\" content=\"index, follow, max-snippet:-1, max-image-preview:large, max-video-preview:-1\" \/>\n<link rel=\"canonical\" href=\"https:\/\/arrow-energy.com\/sp\/collection-electrode\/\" \/>\n<meta property=\"og:locale\" content=\"en_US\" \/>\n<meta property=\"og:type\" content=\"article\" \/>\n<meta property=\"og:title\" content=\"Electrodo Colector\" \/>\n<meta property=\"og:description\" content=\"Electrodo Colector: Componentes Esenciales de la Eficiencia del ESP Las placas colectoras, tambi\u00e9n conocidas como electrodos colectores, son componentes clave en los precipitadores electrost\u00e1ticos (ESP), dise\u00f1ados para garantizar una captura eficiente de part\u00edculas. Estas hojas met\u00e1licas conductoras se colocan estrat\u00e9gicamente en paralelo a los electrodos de descarga, donde atraen y retienen part\u00edculas ionizadas de los &hellip; Continue reading Electrodo Colector\" \/>\n<meta property=\"og:url\" content=\"https:\/\/arrow-energy.com\/sp\/collection-electrode\/\" \/>\n<meta property=\"og:site_name\" content=\"Arrow Energy\" \/>\n<meta property=\"article:publisher\" content=\"https:\/\/www.facebook.com\/Arrowenergy.thailand\" \/>\n<meta property=\"article:modified_time\" content=\"2025-09-05T11:43:26+00:00\" \/>\n<meta property=\"og:image\" content=\"https:\/\/arrow-energy.com\/sp\/wp-content\/uploads\/2025\/09\/ArrowEnergy_Collecting-Plat-1024x768.jpeg\" \/>\n<meta name=\"twitter:card\" content=\"summary_large_image\" \/>\n<meta name=\"twitter:label1\" content=\"Est. reading time\" \/>\n\t<meta name=\"twitter:data1\" content=\"2 minutes\" \/>\n<script type=\"application\/ld+json\" class=\"yoast-schema-graph\">{\"@context\":\"https:\\\/\\\/schema.org\",\"@graph\":[{\"@type\":\"WebPage\",\"@id\":\"https:\\\/\\\/arrow-energy.com\\\/sp\\\/collection-electrode\\\/\",\"url\":\"https:\\\/\\\/arrow-energy.com\\\/sp\\\/collection-electrode\\\/\",\"name\":\"Electrodo Colector - Arrow Energy\",\"isPartOf\":{\"@id\":\"https:\\\/\\\/arrow-energy.com\\\/sp\\\/#website\"},\"primaryImageOfPage\":{\"@id\":\"https:\\\/\\\/arrow-energy.com\\\/sp\\\/collection-electrode\\\/#primaryimage\"},\"image\":{\"@id\":\"https:\\\/\\\/arrow-energy.com\\\/sp\\\/collection-electrode\\\/#primaryimage\"},\"thumbnailUrl\":\"https:\\\/\\\/arrow-energy.com\\\/sp\\\/wp-content\\\/uploads\\\/2025\\\/09\\\/ArrowEnergy_Collecting-Plat-1024x768.jpeg\",\"datePublished\":\"2024-12-18T16:07:37+00:00\",\"dateModified\":\"2025-09-05T11:43:26+00:00\",\"breadcrumb\":{\"@id\":\"https:\\\/\\\/arrow-energy.com\\\/sp\\\/collection-electrode\\\/#breadcrumb\"},\"inLanguage\":\"en-US\",\"potentialAction\":[{\"@type\":\"ReadAction\",\"target\":[\"https:\\\/\\\/arrow-energy.com\\\/sp\\\/collection-electrode\\\/\"]}]},{\"@type\":\"ImageObject\",\"inLanguage\":\"en-US\",\"@id\":\"https:\\\/\\\/arrow-energy.com\\\/sp\\\/collection-electrode\\\/#primaryimage\",\"url\":\"https:\\\/\\\/arrow-energy.com\\\/sp\\\/wp-content\\\/uploads\\\/2025\\\/09\\\/ArrowEnergy_Collecting-Plat-1024x768.jpeg\",\"contentUrl\":\"https:\\\/\\\/arrow-energy.com\\\/sp\\\/wp-content\\\/uploads\\\/2025\\\/09\\\/ArrowEnergy_Collecting-Plat-1024x768.jpeg\"},{\"@type\":\"BreadcrumbList\",\"@id\":\"https:\\\/\\\/arrow-energy.com\\\/sp\\\/collection-electrode\\\/#breadcrumb\",\"itemListElement\":[{\"@type\":\"ListItem\",\"position\":1,\"name\":\"Home\",\"item\":\"https:\\\/\\\/arrow-energy.com\\\/sp\\\/\"},{\"@type\":\"ListItem\",\"position\":2,\"name\":\"Electrodo Colector\"}]},{\"@type\":\"WebSite\",\"@id\":\"https:\\\/\\\/arrow-energy.com\\\/sp\\\/#website\",\"url\":\"https:\\\/\\\/arrow-energy.com\\\/sp\\\/\",\"name\":\"https:\\\/\\\/arrow-energy.com\\\/sp\",\"description\":\"&quot;Arrow Energy es un actor destacado en las renovaciones del sector energ\u00e9tico. Altamente competente en la ingenier\u00eda y construcci\u00f3n de equipos de control de la contaminaci\u00f3n.&quot;\",\"publisher\":{\"@id\":\"https:\\\/\\\/arrow-energy.com\\\/sp\\\/#organization\"},\"alternateName\":\"https:\\\/\\\/arrow-energy.com\\\/sp\",\"potentialAction\":[{\"@type\":\"SearchAction\",\"target\":{\"@type\":\"EntryPoint\",\"urlTemplate\":\"https:\\\/\\\/arrow-energy.com\\\/sp\\\/?s={search_term_string}\"},\"query-input\":{\"@type\":\"PropertyValueSpecification\",\"valueRequired\":true,\"valueName\":\"search_term_string\"}}],\"inLanguage\":\"en-US\"},{\"@type\":\"Organization\",\"@id\":\"https:\\\/\\\/arrow-energy.com\\\/sp\\\/#organization\",\"name\":\"Arrow Energy Co., Ltd.\",\"alternateName\":\"Arrow Enrgy\",\"url\":\"https:\\\/\\\/arrow-energy.com\\\/sp\\\/\",\"logo\":{\"@type\":\"ImageObject\",\"inLanguage\":\"en-US\",\"@id\":\"https:\\\/\\\/arrow-energy.com\\\/sp\\\/#\\\/schema\\\/logo\\\/image\\\/\",\"url\":\"https:\\\/\\\/arrow-energy.com\\\/sp\\\/wp-content\\\/uploads\\\/2024\\\/07\\\/Arrow-Logo-3.png\",\"contentUrl\":\"https:\\\/\\\/arrow-energy.com\\\/sp\\\/wp-content\\\/uploads\\\/2024\\\/07\\\/Arrow-Logo-3.png\",\"width\":376,\"height\":170,\"caption\":\"Arrow Energy Co., Ltd.\"},\"image\":{\"@id\":\"https:\\\/\\\/arrow-energy.com\\\/sp\\\/#\\\/schema\\\/logo\\\/image\\\/\"},\"sameAs\":[\"https:\\\/\\\/www.facebook.com\\\/Arrowenergy.thailand\",\"https:\\\/\\\/www.instagram.com\\\/arrowenergy.thailand\\\/?hl=th\",\"https:\\\/\\\/www.linkedin.com\\\/company\\\/arrowenergy\\\/\",\"https:\\\/\\\/www.youtube.com\\\/channel\\\/UCV0ZxGWibSEttNCQawue0vw\"]}]}<\/script>\n<!-- \/ Yoast SEO Premium plugin. -->","yoast_head_json":{"title":"Electrodo Colector - Arrow Energy","robots":{"index":"index","follow":"follow","max-snippet":"max-snippet:-1","max-image-preview":"max-image-preview:large","max-video-preview":"max-video-preview:-1"},"canonical":"https:\/\/arrow-energy.com\/sp\/collection-electrode\/","og_locale":"en_US","og_type":"article","og_title":"Electrodo Colector","og_description":"Electrodo Colector: Componentes Esenciales de la Eficiencia del ESP Las placas colectoras, tambi\u00e9n conocidas como electrodos colectores, son componentes clave en los precipitadores electrost\u00e1ticos (ESP), dise\u00f1ados para garantizar una captura eficiente de part\u00edculas. Estas hojas met\u00e1licas conductoras se colocan estrat\u00e9gicamente en paralelo a los electrodos de descarga, donde atraen y retienen part\u00edculas ionizadas de los &hellip; Continue reading Electrodo Colector","og_url":"https:\/\/arrow-energy.com\/sp\/collection-electrode\/","og_site_name":"Arrow Energy","article_publisher":"https:\/\/www.facebook.com\/Arrowenergy.thailand","article_modified_time":"2025-09-05T11:43:26+00:00","og_image":[{"url":"https:\/\/arrow-energy.com\/sp\/wp-content\/uploads\/2025\/09\/ArrowEnergy_Collecting-Plat-1024x768.jpeg","type":"","width":"","height":""}],"twitter_card":"summary_large_image","twitter_misc":{"Est. reading time":"2 minutes"},"schema":{"@context":"https:\/\/schema.org","@graph":[{"@type":"WebPage","@id":"https:\/\/arrow-energy.com\/sp\/collection-electrode\/","url":"https:\/\/arrow-energy.com\/sp\/collection-electrode\/","name":"Electrodo Colector - Arrow Energy","isPartOf":{"@id":"https:\/\/arrow-energy.com\/sp\/#website"},"primaryImageOfPage":{"@id":"https:\/\/arrow-energy.com\/sp\/collection-electrode\/#primaryimage"},"image":{"@id":"https:\/\/arrow-energy.com\/sp\/collection-electrode\/#primaryimage"},"thumbnailUrl":"https:\/\/arrow-energy.com\/sp\/wp-content\/uploads\/2025\/09\/ArrowEnergy_Collecting-Plat-1024x768.jpeg","datePublished":"2024-12-18T16:07:37+00:00","dateModified":"2025-09-05T11:43:26+00:00","breadcrumb":{"@id":"https:\/\/arrow-energy.com\/sp\/collection-electrode\/#breadcrumb"},"inLanguage":"en-US","potentialAction":[{"@type":"ReadAction","target":["https:\/\/arrow-energy.com\/sp\/collection-electrode\/"]}]},{"@type":"ImageObject","inLanguage":"en-US","@id":"https:\/\/arrow-energy.com\/sp\/collection-electrode\/#primaryimage","url":"https:\/\/arrow-energy.com\/sp\/wp-content\/uploads\/2025\/09\/ArrowEnergy_Collecting-Plat-1024x768.jpeg","contentUrl":"https:\/\/arrow-energy.com\/sp\/wp-content\/uploads\/2025\/09\/ArrowEnergy_Collecting-Plat-1024x768.jpeg"},{"@type":"BreadcrumbList","@id":"https:\/\/arrow-energy.com\/sp\/collection-electrode\/#breadcrumb","itemListElement":[{"@type":"ListItem","position":1,"name":"Home","item":"https:\/\/arrow-energy.com\/sp\/"},{"@type":"ListItem","position":2,"name":"Electrodo Colector"}]},{"@type":"WebSite","@id":"https:\/\/arrow-energy.com\/sp\/#website","url":"https:\/\/arrow-energy.com\/sp\/","name":"https:\/\/arrow-energy.com\/sp","description":"&quot;Arrow Energy es un actor destacado en las renovaciones del sector energ\u00e9tico. Altamente competente en la ingenier\u00eda y construcci\u00f3n de equipos de control de la contaminaci\u00f3n.&quot;","publisher":{"@id":"https:\/\/arrow-energy.com\/sp\/#organization"},"alternateName":"https:\/\/arrow-energy.com\/sp","potentialAction":[{"@type":"SearchAction","target":{"@type":"EntryPoint","urlTemplate":"https:\/\/arrow-energy.com\/sp\/?s={search_term_string}"},"query-input":{"@type":"PropertyValueSpecification","valueRequired":true,"valueName":"search_term_string"}}],"inLanguage":"en-US"},{"@type":"Organization","@id":"https:\/\/arrow-energy.com\/sp\/#organization","name":"Arrow Energy Co., Ltd.","alternateName":"Arrow Enrgy","url":"https:\/\/arrow-energy.com\/sp\/","logo":{"@type":"ImageObject","inLanguage":"en-US","@id":"https:\/\/arrow-energy.com\/sp\/#\/schema\/logo\/image\/","url":"https:\/\/arrow-energy.com\/sp\/wp-content\/uploads\/2024\/07\/Arrow-Logo-3.png","contentUrl":"https:\/\/arrow-energy.com\/sp\/wp-content\/uploads\/2024\/07\/Arrow-Logo-3.png","width":376,"height":170,"caption":"Arrow Energy Co., Ltd."},"image":{"@id":"https:\/\/arrow-energy.com\/sp\/#\/schema\/logo\/image\/"},"sameAs":["https:\/\/www.facebook.com\/Arrowenergy.thailand","https:\/\/www.instagram.com\/arrowenergy.thailand\/?hl=th","https:\/\/www.linkedin.com\/company\/arrowenergy\/","https:\/\/www.youtube.com\/channel\/UCV0ZxGWibSEttNCQawue0vw"]}]}},"_links":{"self":[{"href":"https:\/\/arrow-energy.com\/sp\/wp-json\/wp\/v2\/pages\/10652","targetHints":{"allow":["GET"]}}],"collection":[{"href":"https:\/\/arrow-energy.com\/sp\/wp-json\/wp\/v2\/pages"}],"about":[{"href":"https:\/\/arrow-energy.com\/sp\/wp-json\/wp\/v2\/types\/page"}],"author":[{"embeddable":true,"href":"https:\/\/arrow-energy.com\/sp\/wp-json\/wp\/v2\/users\/1"}],"replies":[{"embeddable":true,"href":"https:\/\/arrow-energy.com\/sp\/wp-json\/wp\/v2\/comments?post=10652"}],"version-history":[{"count":70,"href":"https:\/\/arrow-energy.com\/sp\/wp-json\/wp\/v2\/pages\/10652\/revisions"}],"predecessor-version":[{"id":13599,"href":"https:\/\/arrow-energy.com\/sp\/wp-json\/wp\/v2\/pages\/10652\/revisions\/13599"}],"wp:attachment":[{"href":"https:\/\/arrow-energy.com\/sp\/wp-json\/wp\/v2\/media?parent=10652"}],"curies":[{"name":"wp","href":"https:\/\/api.w.org\/{rel}","templated":true}]}}