{"id":10662,"date":"2024-12-18T16:23:02","date_gmt":"2024-12-18T16:23:02","guid":{"rendered":"https:\/\/sp.arrow-energy.com\/?page_id=10662"},"modified":"2025-02-04T11:58:00","modified_gmt":"2025-02-04T11:58:00","slug":"discharge-electrode","status":"publish","type":"page","link":"https:\/\/arrow-energy.com\/sp\/discharge-electrode\/","title":{"rendered":"Electrodo de descarga"},"content":{"rendered":"\t\t<div data-elementor-type=\"wp-page\" data-elementor-id=\"10662\" class=\"elementor elementor-10662\" data-elementor-post-type=\"page\">\n\t\t\t\t<div class=\"elementor-element elementor-element-6801dec e-flex e-con-boxed e-con e-parent\" data-id=\"6801dec\" data-element_type=\"container\" data-e-type=\"container\">\n\t\t\t\t\t<div class=\"e-con-inner\">\n\t\t<div class=\"elementor-element elementor-element-5a14368 e-con-full e-flex e-con e-child\" data-id=\"5a14368\" data-element_type=\"container\" data-e-type=\"container\" data-settings=\"{&quot;background_background&quot;:&quot;classic&quot;}\">\n\t\t\t\t<div class=\"elementor-element elementor-element-9972969 elementor-widget elementor-widget-sidebar\" data-id=\"9972969\" data-element_type=\"widget\" data-e-type=\"widget\" data-widget_type=\"sidebar.default\">\n\t\t\t\t<div class=\"elementor-widget-container\">\n\t\t\t\t\t<aside id=\"nav_menu-32\" class=\"widget-odd widget-last widget-first widget-1 widget widget_nav_menu\"><div class=\"menu-spares-container\"><ul id=\"menu-spares\" class=\"menu\"><li id=\"menu-item-12399\" class=\"menu-item menu-item-type-post_type menu-item-object-page menu-item-12399 wp-menu-img wp-menu-img-before\"><a href=\"https:\/\/arrow-energy.com\/sp\/collection-electrode\/\">Electrodo Colector<\/a><\/li>\n<li id=\"menu-item-12400\" class=\"menu-item menu-item-type-post_type menu-item-object-page menu-item-12400 wp-menu-img wp-menu-img-before\"><a href=\"https:\/\/arrow-energy.com\/sp\/discharge-electrode\/\">Electrodo de descarga<\/a><\/li>\n<li id=\"menu-item-12401\" class=\"menu-item menu-item-type-post_type menu-item-object-page menu-item-12401 wp-menu-img wp-menu-img-before\"><a href=\"https:\/\/arrow-energy.com\/sp\/transformer-rectifier-tr-set\/\">Conjunto Transformador-Rectificador (TR)<\/a><\/li>\n<li id=\"menu-item-12402\" class=\"menu-item menu-item-type-post_type menu-item-object-page menu-item-12402 wp-menu-img wp-menu-img-before\"><a href=\"https:\/\/arrow-energy.com\/sp\/esp-controller\/\">Controlador ESP<\/a><\/li>\n<li id=\"menu-item-12403\" class=\"menu-item menu-item-type-post_type menu-item-object-page menu-item-12403 wp-menu-img wp-menu-img-before\"><a href=\"https:\/\/arrow-energy.com\/sp\/rapper-system\/\">Sistema de Rapper<\/a><\/li>\n<li id=\"menu-item-12404\" class=\"menu-item menu-item-type-post_type menu-item-object-page menu-item-12404 wp-menu-img wp-menu-img-before\"><a href=\"https:\/\/arrow-energy.com\/sp\/spare-parts-support\/\">Repuestos de caldera<\/a><\/li>\n<li id=\"menu-item-12405\" class=\"menu-item menu-item-type-post_type menu-item-object-page menu-item-12405 wp-menu-img wp-menu-img-before\"><a href=\"https:\/\/arrow-energy.com\/sp\/auxiliary-accessories\/\">Auxiliares y Accesorios<\/a><\/li>\n<li id=\"menu-item-12406\" class=\"menu-item menu-item-type-post_type menu-item-object-page menu-item-12406 wp-menu-img wp-menu-img-before\"><a href=\"https:\/\/arrow-energy.com\/sp\/instruments\/\">Instrumentos<\/a><\/li>\n<\/ul><\/div><\/aside>\t\t\t\t<\/div>\n\t\t\t\t<\/div>\n\t\t\t\t<\/div>\n\t\t<div class=\"elementor-element elementor-element-9cadfd5 e-con-full e-flex e-con e-child\" data-id=\"9cadfd5\" data-element_type=\"container\" data-e-type=\"container\">\n\t\t\t\t<div class=\"elementor-element elementor-element-d54ccba elementor-widget elementor-widget-heading\" data-id=\"d54ccba\" data-element_type=\"widget\" data-e-type=\"widget\" data-widget_type=\"heading.default\">\n\t\t\t\t<div class=\"elementor-widget-container\">\n\t\t\t\t\t<h2 class=\"elementor-heading-title elementor-size-default\">Electrodo de Descarga: El Coraz\u00f3n del Rendimiento del ESP.\n<\/h2>\t\t\t\t<\/div>\n\t\t\t\t<\/div>\n\t\t\t\t<div class=\"elementor-element elementor-element-ea98e11 elementor-widget elementor-widget-text-editor\" data-id=\"ea98e11\" data-element_type=\"widget\" data-e-type=\"widget\" data-widget_type=\"text-editor.default\">\n\t\t\t\t<div class=\"elementor-widget-container\">\n\t\t\t\t\t\t\t\t\t\nEn Arrow Energy, el electrodo de descarga es un componente cr\u00edtico en los precipitadores electrost\u00e1ticos (ESP), dise\u00f1ado para generar el campo el\u00e9ctrico necesario para la ionizaci\u00f3n de part\u00edculas. Conectado a una fuente de alimentaci\u00f3n de alto voltaje, t\u00edpicamente un conjunto de transformador-rectificador (TR), el electrodo de descarga opera a voltajes que van de 30,000 a 100,000 voltios. Este alto voltaje genera una descarga corona, que carga las part\u00edculas en el flujo de gas, lo que permite su captura eficiente por placas de colecci\u00f3n de carga opuesta.\n\n<h5><strong>Caracter\u00edsticas clave de los electrodos de descarga de Arrow Energy:<\/strong><\/h5> <ul> <li style=\"font-weight: 400;\" aria-level=\"1\"><b>Materiales resistentes a la corrosi\u00f3n:<\/b><span style=\"font-weight: 400;\"> Dise\u00f1ados para durabilidad en entornos industriales severos.<\/span><\/li> <li style=\"font-weight: 400;\" aria-level=\"1\"><b>Dise\u00f1o de precisi\u00f3n:<\/b><span style=\"font-weight: 400;\"> Cables finos, varillas o electrodos con p\u00faas para generar una descarga corona eficaz.<\/span><\/li> <li style=\"font-weight: 400;\" aria-level=\"1\"><b>Alta eficiencia:<\/b><span style=\"font-weight: 400;\"> Optimizado para crear un campo el\u00e9ctrico uniforme para una m\u00e1xima ionizaci\u00f3n de part\u00edculas.<\/span><\/li> <li style=\"font-weight: 400;\" aria-level=\"1\"><b>Requisitos de mantenimiento bajos:<\/b><span style=\"font-weight: 400;\"> Dise\u00f1ado para minimizar la acumulaci\u00f3n de polvo y reducir los problemas de alineaci\u00f3n.<\/span><\/li> <li style=\"font-weight: 400;\" aria-level=\"1\"><b>Configuraciones personalizadas:<\/b><span style=\"font-weight: 400;\"> Adaptado para coincidir con dise\u00f1os espec\u00edficos de ESP y condiciones operativas.<\/span><\/li> <\/ul> Los electrodos de descarga de Arrow Energy garantizan un rendimiento y fiabilidad superiores, apoyando la eficiencia \u00f3ptima del ESP y el cumplimiento de los est\u00e1ndares de calidad del aire.\t\t\t\t\t\t\t\t<\/div>\n\t\t\t\t<\/div>\n\t\t\t\t<div class=\"elementor-element elementor-element-e15a84d elementor-widget elementor-widget-image\" data-id=\"e15a84d\" data-element_type=\"widget\" data-e-type=\"widget\" data-widget_type=\"image.default\">\n\t\t\t\t<div class=\"elementor-widget-container\">\n\t\t\t\t\t\t\t\t\t\t\t\t\t\t\t<img fetchpriority=\"high\" decoding=\"async\" width=\"847\" height=\"293\" src=\"https:\/\/arrow-energy.com\/sp\/wp-content\/uploads\/2024\/12\/Discharge-Electrode-1024x354.png\" class=\"attachment-large size-large wp-image-11071\" alt=\"\" srcset=\"https:\/\/arrow-energy.com\/sp\/wp-content\/uploads\/2024\/12\/Discharge-Electrode-1024x354.png 1024w, https:\/\/arrow-energy.com\/sp\/wp-content\/uploads\/2024\/12\/Discharge-Electrode-300x104.png 300w, https:\/\/arrow-energy.com\/sp\/wp-content\/uploads\/2024\/12\/Discharge-Electrode-768x266.png 768w, https:\/\/arrow-energy.com\/sp\/wp-content\/uploads\/2024\/12\/Discharge-Electrode.png 1436w\" sizes=\"(max-width: 847px) 100vw, 847px\" data-id=\"11071\" \/>\t\t\t\t\t\t\t\t\t\t\t\t\t\t\t<\/div>\n\t\t\t\t<\/div>\n\t\t\t\t<\/div>\n\t\t\t\t\t<\/div>\n\t\t\t\t<\/div>\n\t\t\t\t<\/div>\n\t\t","protected":false},"excerpt":{"rendered":"<p>Electrodo de Descarga: El Coraz\u00f3n del Rendimiento del ESP. En Arrow Energy, el electrodo de descarga es un componente cr\u00edtico en los precipitadores electrost\u00e1ticos (ESP), dise\u00f1ado para generar el campo el\u00e9ctrico necesario para la ionizaci\u00f3n de part\u00edculas. Conectado a una fuente de alimentaci\u00f3n de alto voltaje, t\u00edpicamente un conjunto de transformador-rectificador (TR), el electrodo de &hellip; <a href=\"https:\/\/arrow-energy.com\/sp\/discharge-electrode\/\" class=\"more-link\">Continue reading <span class=\"screen-reader-text\">Electrodo de descarga<\/span><\/a><\/p>\n","protected":false},"author":1,"featured_media":0,"parent":0,"menu_order":0,"comment_status":"closed","ping_status":"closed","template":"","meta":{"nf_dc_page":"","_monsterinsights_skip_tracking":false,"_monsterinsights_sitenote_active":false,"_monsterinsights_sitenote_note":"","_monsterinsights_sitenote_category":0,"footnotes":""},"class_list":["post-10662","page","type-page","status-publish","hentry"],"yoast_head":"<!-- This site is optimized with the Yoast SEO Premium plugin v25.6 (Yoast SEO v27.4) - https:\/\/yoast.com\/product\/yoast-seo-premium-wordpress\/ -->\n<title>Electrodo de descarga - Arrow Energy<\/title>\n<meta name=\"robots\" content=\"index, follow, max-snippet:-1, max-image-preview:large, max-video-preview:-1\" \/>\n<link rel=\"canonical\" href=\"https:\/\/arrow-energy.com\/sp\/discharge-electrode\/\" \/>\n<meta property=\"og:locale\" content=\"en_US\" \/>\n<meta property=\"og:type\" content=\"article\" \/>\n<meta property=\"og:title\" content=\"Electrodo de descarga\" \/>\n<meta property=\"og:description\" content=\"Electrodo de Descarga: El Coraz\u00f3n del Rendimiento del ESP. En Arrow Energy, el electrodo de descarga es un componente cr\u00edtico en los precipitadores electrost\u00e1ticos (ESP), dise\u00f1ado para generar el campo el\u00e9ctrico necesario para la ionizaci\u00f3n de part\u00edculas. Conectado a una fuente de alimentaci\u00f3n de alto voltaje, t\u00edpicamente un conjunto de transformador-rectificador (TR), el electrodo de &hellip; Continue reading Electrodo de descarga\" \/>\n<meta property=\"og:url\" content=\"https:\/\/arrow-energy.com\/sp\/discharge-electrode\/\" \/>\n<meta property=\"og:site_name\" content=\"Arrow Energy\" \/>\n<meta property=\"article:publisher\" content=\"https:\/\/www.facebook.com\/Arrowenergy.thailand\" \/>\n<meta property=\"article:modified_time\" content=\"2025-02-04T11:58:00+00:00\" \/>\n<meta property=\"og:image\" content=\"https:\/\/sp.arrow-energy.com\/wp-content\/uploads\/2024\/12\/Discharge-Electrode-1024x354.png\" \/>\n<meta name=\"twitter:card\" content=\"summary_large_image\" \/>\n<meta name=\"twitter:label1\" content=\"Est. reading time\" \/>\n\t<meta name=\"twitter:data1\" content=\"2 minutes\" \/>\n<script type=\"application\/ld+json\" class=\"yoast-schema-graph\">{\"@context\":\"https:\\\/\\\/schema.org\",\"@graph\":[{\"@type\":\"WebPage\",\"@id\":\"https:\\\/\\\/arrow-energy.com\\\/sp\\\/discharge-electrode\\\/\",\"url\":\"https:\\\/\\\/arrow-energy.com\\\/sp\\\/discharge-electrode\\\/\",\"name\":\"Electrodo de descarga - Arrow Energy\",\"isPartOf\":{\"@id\":\"https:\\\/\\\/arrow-energy.com\\\/sp\\\/#website\"},\"primaryImageOfPage\":{\"@id\":\"https:\\\/\\\/arrow-energy.com\\\/sp\\\/discharge-electrode\\\/#primaryimage\"},\"image\":{\"@id\":\"https:\\\/\\\/arrow-energy.com\\\/sp\\\/discharge-electrode\\\/#primaryimage\"},\"thumbnailUrl\":\"https:\\\/\\\/sp.arrow-energy.com\\\/wp-content\\\/uploads\\\/2024\\\/12\\\/Discharge-Electrode-1024x354.png\",\"datePublished\":\"2024-12-18T16:23:02+00:00\",\"dateModified\":\"2025-02-04T11:58:00+00:00\",\"breadcrumb\":{\"@id\":\"https:\\\/\\\/arrow-energy.com\\\/sp\\\/discharge-electrode\\\/#breadcrumb\"},\"inLanguage\":\"en-US\",\"potentialAction\":[{\"@type\":\"ReadAction\",\"target\":[\"https:\\\/\\\/arrow-energy.com\\\/sp\\\/discharge-electrode\\\/\"]}]},{\"@type\":\"ImageObject\",\"inLanguage\":\"en-US\",\"@id\":\"https:\\\/\\\/arrow-energy.com\\\/sp\\\/discharge-electrode\\\/#primaryimage\",\"url\":\"https:\\\/\\\/sp.arrow-energy.com\\\/wp-content\\\/uploads\\\/2024\\\/12\\\/Discharge-Electrode-1024x354.png\",\"contentUrl\":\"https:\\\/\\\/sp.arrow-energy.com\\\/wp-content\\\/uploads\\\/2024\\\/12\\\/Discharge-Electrode-1024x354.png\"},{\"@type\":\"BreadcrumbList\",\"@id\":\"https:\\\/\\\/arrow-energy.com\\\/sp\\\/discharge-electrode\\\/#breadcrumb\",\"itemListElement\":[{\"@type\":\"ListItem\",\"position\":1,\"name\":\"Home\",\"item\":\"https:\\\/\\\/arrow-energy.com\\\/sp\\\/\"},{\"@type\":\"ListItem\",\"position\":2,\"name\":\"Electrodo de descarga\"}]},{\"@type\":\"WebSite\",\"@id\":\"https:\\\/\\\/arrow-energy.com\\\/sp\\\/#website\",\"url\":\"https:\\\/\\\/arrow-energy.com\\\/sp\\\/\",\"name\":\"https:\\\/\\\/arrow-energy.com\\\/sp\",\"description\":\"&quot;Arrow Energy es un actor destacado en las renovaciones del sector energ\u00e9tico. Altamente competente en la ingenier\u00eda y construcci\u00f3n de equipos de control de la contaminaci\u00f3n.&quot;\",\"publisher\":{\"@id\":\"https:\\\/\\\/arrow-energy.com\\\/sp\\\/#organization\"},\"alternateName\":\"https:\\\/\\\/arrow-energy.com\\\/sp\",\"potentialAction\":[{\"@type\":\"SearchAction\",\"target\":{\"@type\":\"EntryPoint\",\"urlTemplate\":\"https:\\\/\\\/arrow-energy.com\\\/sp\\\/?s={search_term_string}\"},\"query-input\":{\"@type\":\"PropertyValueSpecification\",\"valueRequired\":true,\"valueName\":\"search_term_string\"}}],\"inLanguage\":\"en-US\"},{\"@type\":\"Organization\",\"@id\":\"https:\\\/\\\/arrow-energy.com\\\/sp\\\/#organization\",\"name\":\"Arrow Energy Co., Ltd.\",\"alternateName\":\"Arrow Enrgy\",\"url\":\"https:\\\/\\\/arrow-energy.com\\\/sp\\\/\",\"logo\":{\"@type\":\"ImageObject\",\"inLanguage\":\"en-US\",\"@id\":\"https:\\\/\\\/arrow-energy.com\\\/sp\\\/#\\\/schema\\\/logo\\\/image\\\/\",\"url\":\"https:\\\/\\\/arrow-energy.com\\\/sp\\\/wp-content\\\/uploads\\\/2024\\\/07\\\/Arrow-Logo-3.png\",\"contentUrl\":\"https:\\\/\\\/arrow-energy.com\\\/sp\\\/wp-content\\\/uploads\\\/2024\\\/07\\\/Arrow-Logo-3.png\",\"width\":376,\"height\":170,\"caption\":\"Arrow Energy Co., Ltd.\"},\"image\":{\"@id\":\"https:\\\/\\\/arrow-energy.com\\\/sp\\\/#\\\/schema\\\/logo\\\/image\\\/\"},\"sameAs\":[\"https:\\\/\\\/www.facebook.com\\\/Arrowenergy.thailand\",\"https:\\\/\\\/www.instagram.com\\\/arrowenergy.thailand\\\/?hl=th\",\"https:\\\/\\\/www.linkedin.com\\\/company\\\/arrowenergy\\\/\",\"https:\\\/\\\/www.youtube.com\\\/channel\\\/UCV0ZxGWibSEttNCQawue0vw\"]}]}<\/script>\n<!-- \/ Yoast SEO Premium plugin. -->","yoast_head_json":{"title":"Electrodo de descarga - Arrow Energy","robots":{"index":"index","follow":"follow","max-snippet":"max-snippet:-1","max-image-preview":"max-image-preview:large","max-video-preview":"max-video-preview:-1"},"canonical":"https:\/\/arrow-energy.com\/sp\/discharge-electrode\/","og_locale":"en_US","og_type":"article","og_title":"Electrodo de descarga","og_description":"Electrodo de Descarga: El Coraz\u00f3n del Rendimiento del ESP. En Arrow Energy, el electrodo de descarga es un componente cr\u00edtico en los precipitadores electrost\u00e1ticos (ESP), dise\u00f1ado para generar el campo el\u00e9ctrico necesario para la ionizaci\u00f3n de part\u00edculas. Conectado a una fuente de alimentaci\u00f3n de alto voltaje, t\u00edpicamente un conjunto de transformador-rectificador (TR), el electrodo de &hellip; Continue reading Electrodo de descarga","og_url":"https:\/\/arrow-energy.com\/sp\/discharge-electrode\/","og_site_name":"Arrow Energy","article_publisher":"https:\/\/www.facebook.com\/Arrowenergy.thailand","article_modified_time":"2025-02-04T11:58:00+00:00","og_image":[{"url":"https:\/\/sp.arrow-energy.com\/wp-content\/uploads\/2024\/12\/Discharge-Electrode-1024x354.png","type":"","width":"","height":""}],"twitter_card":"summary_large_image","twitter_misc":{"Est. reading time":"2 minutes"},"schema":{"@context":"https:\/\/schema.org","@graph":[{"@type":"WebPage","@id":"https:\/\/arrow-energy.com\/sp\/discharge-electrode\/","url":"https:\/\/arrow-energy.com\/sp\/discharge-electrode\/","name":"Electrodo de descarga - Arrow Energy","isPartOf":{"@id":"https:\/\/arrow-energy.com\/sp\/#website"},"primaryImageOfPage":{"@id":"https:\/\/arrow-energy.com\/sp\/discharge-electrode\/#primaryimage"},"image":{"@id":"https:\/\/arrow-energy.com\/sp\/discharge-electrode\/#primaryimage"},"thumbnailUrl":"https:\/\/sp.arrow-energy.com\/wp-content\/uploads\/2024\/12\/Discharge-Electrode-1024x354.png","datePublished":"2024-12-18T16:23:02+00:00","dateModified":"2025-02-04T11:58:00+00:00","breadcrumb":{"@id":"https:\/\/arrow-energy.com\/sp\/discharge-electrode\/#breadcrumb"},"inLanguage":"en-US","potentialAction":[{"@type":"ReadAction","target":["https:\/\/arrow-energy.com\/sp\/discharge-electrode\/"]}]},{"@type":"ImageObject","inLanguage":"en-US","@id":"https:\/\/arrow-energy.com\/sp\/discharge-electrode\/#primaryimage","url":"https:\/\/sp.arrow-energy.com\/wp-content\/uploads\/2024\/12\/Discharge-Electrode-1024x354.png","contentUrl":"https:\/\/sp.arrow-energy.com\/wp-content\/uploads\/2024\/12\/Discharge-Electrode-1024x354.png"},{"@type":"BreadcrumbList","@id":"https:\/\/arrow-energy.com\/sp\/discharge-electrode\/#breadcrumb","itemListElement":[{"@type":"ListItem","position":1,"name":"Home","item":"https:\/\/arrow-energy.com\/sp\/"},{"@type":"ListItem","position":2,"name":"Electrodo de descarga"}]},{"@type":"WebSite","@id":"https:\/\/arrow-energy.com\/sp\/#website","url":"https:\/\/arrow-energy.com\/sp\/","name":"https:\/\/arrow-energy.com\/sp","description":"&quot;Arrow Energy es un actor destacado en las renovaciones del sector energ\u00e9tico. Altamente competente en la ingenier\u00eda y construcci\u00f3n de equipos de control de la contaminaci\u00f3n.&quot;","publisher":{"@id":"https:\/\/arrow-energy.com\/sp\/#organization"},"alternateName":"https:\/\/arrow-energy.com\/sp","potentialAction":[{"@type":"SearchAction","target":{"@type":"EntryPoint","urlTemplate":"https:\/\/arrow-energy.com\/sp\/?s={search_term_string}"},"query-input":{"@type":"PropertyValueSpecification","valueRequired":true,"valueName":"search_term_string"}}],"inLanguage":"en-US"},{"@type":"Organization","@id":"https:\/\/arrow-energy.com\/sp\/#organization","name":"Arrow Energy Co., Ltd.","alternateName":"Arrow Enrgy","url":"https:\/\/arrow-energy.com\/sp\/","logo":{"@type":"ImageObject","inLanguage":"en-US","@id":"https:\/\/arrow-energy.com\/sp\/#\/schema\/logo\/image\/","url":"https:\/\/arrow-energy.com\/sp\/wp-content\/uploads\/2024\/07\/Arrow-Logo-3.png","contentUrl":"https:\/\/arrow-energy.com\/sp\/wp-content\/uploads\/2024\/07\/Arrow-Logo-3.png","width":376,"height":170,"caption":"Arrow Energy Co., Ltd."},"image":{"@id":"https:\/\/arrow-energy.com\/sp\/#\/schema\/logo\/image\/"},"sameAs":["https:\/\/www.facebook.com\/Arrowenergy.thailand","https:\/\/www.instagram.com\/arrowenergy.thailand\/?hl=th","https:\/\/www.linkedin.com\/company\/arrowenergy\/","https:\/\/www.youtube.com\/channel\/UCV0ZxGWibSEttNCQawue0vw"]}]}},"_links":{"self":[{"href":"https:\/\/arrow-energy.com\/sp\/wp-json\/wp\/v2\/pages\/10662","targetHints":{"allow":["GET"]}}],"collection":[{"href":"https:\/\/arrow-energy.com\/sp\/wp-json\/wp\/v2\/pages"}],"about":[{"href":"https:\/\/arrow-energy.com\/sp\/wp-json\/wp\/v2\/types\/page"}],"author":[{"embeddable":true,"href":"https:\/\/arrow-energy.com\/sp\/wp-json\/wp\/v2\/users\/1"}],"replies":[{"embeddable":true,"href":"https:\/\/arrow-energy.com\/sp\/wp-json\/wp\/v2\/comments?post=10662"}],"version-history":[{"count":20,"href":"https:\/\/arrow-energy.com\/sp\/wp-json\/wp\/v2\/pages\/10662\/revisions"}],"predecessor-version":[{"id":13018,"href":"https:\/\/arrow-energy.com\/sp\/wp-json\/wp\/v2\/pages\/10662\/revisions\/13018"}],"wp:attachment":[{"href":"https:\/\/arrow-energy.com\/sp\/wp-json\/wp\/v2\/media?parent=10662"}],"curies":[{"name":"wp","href":"https:\/\/api.w.org\/{rel}","templated":true}]}}