{"id":10673,"date":"2024-12-18T16:31:36","date_gmt":"2024-12-18T16:31:36","guid":{"rendered":"https:\/\/sp.arrow-energy.com\/?page_id=10673"},"modified":"2025-09-05T11:46:08","modified_gmt":"2025-09-05T11:46:08","slug":"transformer-rectifier-tr-set","status":"publish","type":"page","link":"https:\/\/arrow-energy.com\/sp\/transformer-rectifier-tr-set\/","title":{"rendered":"Conjunto Transformador-Rectificador (TR)"},"content":{"rendered":"\t\t<div data-elementor-type=\"wp-page\" data-elementor-id=\"10673\" class=\"elementor elementor-10673\" data-elementor-post-type=\"page\">\n\t\t\t\t<div class=\"elementor-element elementor-element-71ccc64 e-flex e-con-boxed e-con e-parent\" data-id=\"71ccc64\" data-element_type=\"container\" data-e-type=\"container\">\n\t\t\t\t\t<div class=\"e-con-inner\">\n\t\t<div class=\"elementor-element elementor-element-7f113b1 e-con-full e-flex e-con e-child\" data-id=\"7f113b1\" data-element_type=\"container\" data-e-type=\"container\" data-settings=\"{&quot;background_background&quot;:&quot;classic&quot;}\">\n\t\t\t\t<div class=\"elementor-element elementor-element-e7b3a89 elementor-widget elementor-widget-sidebar\" data-id=\"e7b3a89\" data-element_type=\"widget\" data-e-type=\"widget\" data-widget_type=\"sidebar.default\">\n\t\t\t\t<div class=\"elementor-widget-container\">\n\t\t\t\t\t<aside id=\"nav_menu-32\" class=\"widget-odd widget-last widget-first widget-1 widget widget_nav_menu\"><div class=\"menu-spares-container\"><ul id=\"menu-spares\" class=\"menu\"><li id=\"menu-item-12399\" class=\"menu-item menu-item-type-post_type menu-item-object-page menu-item-12399 wp-menu-img wp-menu-img-before\"><a href=\"https:\/\/arrow-energy.com\/sp\/collection-electrode\/\">Electrodo Colector<\/a><\/li>\n<li id=\"menu-item-12400\" class=\"menu-item menu-item-type-post_type menu-item-object-page menu-item-12400 wp-menu-img wp-menu-img-before\"><a href=\"https:\/\/arrow-energy.com\/sp\/discharge-electrode\/\">Electrodo de descarga<\/a><\/li>\n<li id=\"menu-item-12401\" class=\"menu-item menu-item-type-post_type menu-item-object-page menu-item-12401 wp-menu-img wp-menu-img-before\"><a href=\"https:\/\/arrow-energy.com\/sp\/transformer-rectifier-tr-set\/\">Conjunto Transformador-Rectificador (TR)<\/a><\/li>\n<li id=\"menu-item-12402\" class=\"menu-item menu-item-type-post_type menu-item-object-page menu-item-12402 wp-menu-img wp-menu-img-before\"><a href=\"https:\/\/arrow-energy.com\/sp\/esp-controller\/\">Controlador ESP<\/a><\/li>\n<li id=\"menu-item-12403\" class=\"menu-item menu-item-type-post_type menu-item-object-page menu-item-12403 wp-menu-img wp-menu-img-before\"><a href=\"https:\/\/arrow-energy.com\/sp\/rapper-system\/\">Sistema de Rapper<\/a><\/li>\n<li id=\"menu-item-12404\" class=\"menu-item menu-item-type-post_type menu-item-object-page menu-item-12404 wp-menu-img wp-menu-img-before\"><a href=\"https:\/\/arrow-energy.com\/sp\/spare-parts-support\/\">Repuestos de caldera<\/a><\/li>\n<li id=\"menu-item-12405\" class=\"menu-item menu-item-type-post_type menu-item-object-page menu-item-12405 wp-menu-img wp-menu-img-before\"><a href=\"https:\/\/arrow-energy.com\/sp\/auxiliary-accessories\/\">Auxiliares y Accesorios<\/a><\/li>\n<li id=\"menu-item-12406\" class=\"menu-item menu-item-type-post_type menu-item-object-page menu-item-12406 wp-menu-img wp-menu-img-before\"><a href=\"https:\/\/arrow-energy.com\/sp\/instruments\/\">Instrumentos<\/a><\/li>\n<\/ul><\/div><\/aside>\t\t\t\t<\/div>\n\t\t\t\t<\/div>\n\t\t\t\t<\/div>\n\t\t<div class=\"elementor-element elementor-element-8d0cff0 e-con-full e-flex e-con e-child\" data-id=\"8d0cff0\" data-element_type=\"container\" data-e-type=\"container\">\n\t\t\t\t<div class=\"elementor-element elementor-element-133addb elementor-widget elementor-widget-heading\" data-id=\"133addb\" data-element_type=\"widget\" data-e-type=\"widget\" data-widget_type=\"heading.default\">\n\t\t\t\t<div class=\"elementor-widget-container\">\n\t\t\t\t\t<h2 class=\"elementor-heading-title elementor-size-default\">Conjunto Transformador-Rectificador (TR): Potenciando la eficiencia de los ESP\n\n\n\n\n\n\n\n<\/h2>\t\t\t\t<\/div>\n\t\t\t\t<\/div>\n\t\t\t\t<div class=\"elementor-element elementor-element-53121df elementor-widget elementor-widget-text-editor\" data-id=\"53121df\" data-element_type=\"widget\" data-e-type=\"widget\" data-widget_type=\"text-editor.default\">\n\t\t\t\t<div class=\"elementor-widget-container\">\n\t\t\t\t\t\t\t\t\t<p>En Arrow Energy, el conjunto Transformador-Rectificador (TR) es la columna vertebral de un precipitador electrost\u00e1tico (ESP), proporcionando la corriente continua (CC) de alto voltaje necesaria para una eficiente recolecci\u00f3n de part\u00edculas. El conjunto TR convierte la corriente alterna (CA) de la fuente de energ\u00eda en electricidad de CC de alto voltaje, necesaria para crear el campo el\u00e9ctrico entre los electrodos de descarga y las placas de colecci\u00f3n. Esto asegura una ionizaci\u00f3n \u00f3ptima de las part\u00edculas en el flujo de gas, lo que permite un control de la contaminaci\u00f3n efectivo.<\/p><h5><strong>Caracter\u00edsticas clave de los conjuntos TR de Arrow Energy:<\/strong><\/h5><ul><li style=\"font-weight: 400;\" aria-level=\"1\"><b>Salida de alto voltaje:<\/b><span style=\"font-weight: 400;\"> Entrega de 30,000 a 100,000 voltios para un rendimiento \u00f3ptimo del ESP.<\/span><\/li><li style=\"font-weight: 400;\" aria-level=\"1\"><b>Conversi\u00f3n eficiente de energ\u00eda:<\/b><span style=\"font-weight: 400;\"> Convierte la CA a CC con m\u00ednima p\u00e9rdida de energ\u00eda.<\/span><\/li><li style=\"font-weight: 400;\" aria-level=\"1\"><b>Controles avanzados:<\/b><span style=\"font-weight: 400;\"> Equipado con regulaci\u00f3n de voltaje inteligente para un rendimiento consistente bajo diversas condiciones de carga.<\/span><\/li><li style=\"font-weight: 400;\" aria-level=\"1\"><b>Construcci\u00f3n duradera:<\/b><span style=\"font-weight: 400;\"> Dise\u00f1ado para resistir entornos industriales severos y garantizar fiabilidad a largo plazo.<\/span><\/li><li style=\"font-weight: 400;\" aria-level=\"1\"><b>Dise\u00f1os personalizables:<\/b><span style=\"font-weight: 400;\"> Configuraciones adaptadas para ajustarse a aplicaciones y requisitos espec\u00edficos de ESP.<\/span><\/li><\/ul><p>Los conjuntos **Transformador-Rectificador (TR)** de **Arrow Energy** est\u00e1n dise\u00f1ados para ofrecer eficiencia, fiabilidad y precisi\u00f3n, asegurando que su ESP funcione al m\u00e1ximo rendimiento para cumplir con los estrictos est\u00e1ndares ambientales.<\/p>\t\t\t\t\t\t\t\t<\/div>\n\t\t\t\t<\/div>\n\t\t\t\t<div class=\"elementor-element elementor-element-b17684c elementor-arrows-position-inside elementor-pagination-position-outside elementor-widget elementor-widget-image-carousel\" data-id=\"b17684c\" data-element_type=\"widget\" data-e-type=\"widget\" data-settings=\"{&quot;slides_to_show&quot;:&quot;1&quot;,&quot;navigation&quot;:&quot;both&quot;,&quot;autoplay&quot;:&quot;yes&quot;,&quot;pause_on_hover&quot;:&quot;yes&quot;,&quot;pause_on_interaction&quot;:&quot;yes&quot;,&quot;autoplay_speed&quot;:5000,&quot;infinite&quot;:&quot;yes&quot;,&quot;effect&quot;:&quot;slide&quot;,&quot;speed&quot;:500}\" data-widget_type=\"image-carousel.default\">\n\t\t\t\t<div class=\"elementor-widget-container\">\n\t\t\t\t\t\t\t<div class=\"elementor-image-carousel-wrapper swiper\" role=\"region\" aria-roledescription=\"carousel\" aria-label=\"Image Carousel\" dir=\"ltr\">\n\t\t\t<div class=\"elementor-image-carousel swiper-wrapper\" aria-live=\"off\">\n\t\t\t\t\t\t\t\t<div class=\"swiper-slide\" role=\"group\" aria-roledescription=\"slide\" aria-label=\"1 of 1\"><figure class=\"swiper-slide-inner\"><img decoding=\"async\" class=\"swiper-slide-image\" src=\"https:\/\/arrow-energy.com\/sp\/wp-content\/uploads\/elementor\/thumbs\/ArrowEnergy_Transformer-Rec-rbb3kysazki93qlfs2spva6i9osuwfzhzpbvzta5k0.jpeg\" alt=\"ArrowEnergy_Transformer-Rec\" \/><\/figure><\/div>\t\t\t<\/div>\n\t\t\t\t\t<\/div>\n\t\t\t\t\t\t<\/div>\n\t\t\t\t<\/div>\n\t\t\t\t<\/div>\n\t\t\t\t\t<\/div>\n\t\t\t\t<\/div>\n\t\t\t\t<\/div>\n\t\t","protected":false},"excerpt":{"rendered":"<p>Conjunto Transformador-Rectificador (TR): Potenciando la eficiencia de los ESP En Arrow Energy, el conjunto Transformador-Rectificador (TR) es la columna vertebral de un precipitador electrost\u00e1tico (ESP), proporcionando la corriente continua (CC) de alto voltaje necesaria para una eficiente recolecci\u00f3n de part\u00edculas. El conjunto TR convierte la corriente alterna (CA) de la fuente de energ\u00eda en electricidad &hellip; <a href=\"https:\/\/arrow-energy.com\/sp\/transformer-rectifier-tr-set\/\" class=\"more-link\">Continue reading <span class=\"screen-reader-text\">Conjunto Transformador-Rectificador (TR)<\/span><\/a><\/p>\n","protected":false},"author":1,"featured_media":0,"parent":0,"menu_order":0,"comment_status":"closed","ping_status":"closed","template":"","meta":{"nf_dc_page":"","_monsterinsights_skip_tracking":false,"_monsterinsights_sitenote_active":false,"_monsterinsights_sitenote_note":"","_monsterinsights_sitenote_category":0,"footnotes":""},"class_list":["post-10673","page","type-page","status-publish","hentry"],"yoast_head":"<!-- This site is optimized with the Yoast SEO Premium plugin v25.6 (Yoast SEO v27.4) - https:\/\/yoast.com\/product\/yoast-seo-premium-wordpress\/ -->\n<title>Conjunto Transformador-Rectificador (TR) - Arrow Energy<\/title>\n<meta name=\"robots\" content=\"index, follow, max-snippet:-1, max-image-preview:large, max-video-preview:-1\" \/>\n<link rel=\"canonical\" href=\"https:\/\/arrow-energy.com\/sp\/transformer-rectifier-tr-set\/\" \/>\n<meta property=\"og:locale\" content=\"en_US\" \/>\n<meta property=\"og:type\" content=\"article\" \/>\n<meta property=\"og:title\" content=\"Conjunto Transformador-Rectificador (TR)\" \/>\n<meta property=\"og:description\" content=\"Conjunto Transformador-Rectificador (TR): Potenciando la eficiencia de los ESP En Arrow Energy, el conjunto Transformador-Rectificador (TR) es la columna vertebral de un precipitador electrost\u00e1tico (ESP), proporcionando la corriente continua (CC) de alto voltaje necesaria para una eficiente recolecci\u00f3n de part\u00edculas. El conjunto TR convierte la corriente alterna (CA) de la fuente de energ\u00eda en electricidad &hellip; Continue reading Conjunto Transformador-Rectificador (TR)\" \/>\n<meta property=\"og:url\" content=\"https:\/\/arrow-energy.com\/sp\/transformer-rectifier-tr-set\/\" \/>\n<meta property=\"og:site_name\" content=\"Arrow Energy\" \/>\n<meta property=\"article:publisher\" content=\"https:\/\/www.facebook.com\/Arrowenergy.thailand\" \/>\n<meta property=\"article:modified_time\" content=\"2025-09-05T11:46:08+00:00\" \/>\n<meta property=\"og:image\" content=\"https:\/\/arrow-energy.com\/sp\/wp-content\/uploads\/elementor\/thumbs\/ArrowEnergy_Transformer-Rec-rbb3kysazki93qlfs2spva6i9osuwfzhzpbvzta5k0.jpeg\" \/>\n<meta name=\"twitter:card\" content=\"summary_large_image\" \/>\n<meta name=\"twitter:label1\" content=\"Est. reading time\" \/>\n\t<meta name=\"twitter:data1\" content=\"2 minutes\" \/>\n<script type=\"application\/ld+json\" class=\"yoast-schema-graph\">{\"@context\":\"https:\\\/\\\/schema.org\",\"@graph\":[{\"@type\":\"WebPage\",\"@id\":\"https:\\\/\\\/arrow-energy.com\\\/sp\\\/transformer-rectifier-tr-set\\\/\",\"url\":\"https:\\\/\\\/arrow-energy.com\\\/sp\\\/transformer-rectifier-tr-set\\\/\",\"name\":\"Conjunto Transformador-Rectificador (TR) - Arrow Energy\",\"isPartOf\":{\"@id\":\"https:\\\/\\\/arrow-energy.com\\\/sp\\\/#website\"},\"primaryImageOfPage\":{\"@id\":\"https:\\\/\\\/arrow-energy.com\\\/sp\\\/transformer-rectifier-tr-set\\\/#primaryimage\"},\"image\":{\"@id\":\"https:\\\/\\\/arrow-energy.com\\\/sp\\\/transformer-rectifier-tr-set\\\/#primaryimage\"},\"thumbnailUrl\":\"https:\\\/\\\/arrow-energy.com\\\/sp\\\/wp-content\\\/uploads\\\/elementor\\\/thumbs\\\/ArrowEnergy_Transformer-Rec-rbb3kysazki93qlfs2spva6i9osuwfzhzpbvzta5k0.jpeg\",\"datePublished\":\"2024-12-18T16:31:36+00:00\",\"dateModified\":\"2025-09-05T11:46:08+00:00\",\"breadcrumb\":{\"@id\":\"https:\\\/\\\/arrow-energy.com\\\/sp\\\/transformer-rectifier-tr-set\\\/#breadcrumb\"},\"inLanguage\":\"en-US\",\"potentialAction\":[{\"@type\":\"ReadAction\",\"target\":[\"https:\\\/\\\/arrow-energy.com\\\/sp\\\/transformer-rectifier-tr-set\\\/\"]}]},{\"@type\":\"ImageObject\",\"inLanguage\":\"en-US\",\"@id\":\"https:\\\/\\\/arrow-energy.com\\\/sp\\\/transformer-rectifier-tr-set\\\/#primaryimage\",\"url\":\"https:\\\/\\\/arrow-energy.com\\\/sp\\\/wp-content\\\/uploads\\\/elementor\\\/thumbs\\\/ArrowEnergy_Transformer-Rec-rbb3kysazki93qlfs2spva6i9osuwfzhzpbvzta5k0.jpeg\",\"contentUrl\":\"https:\\\/\\\/arrow-energy.com\\\/sp\\\/wp-content\\\/uploads\\\/elementor\\\/thumbs\\\/ArrowEnergy_Transformer-Rec-rbb3kysazki93qlfs2spva6i9osuwfzhzpbvzta5k0.jpeg\"},{\"@type\":\"BreadcrumbList\",\"@id\":\"https:\\\/\\\/arrow-energy.com\\\/sp\\\/transformer-rectifier-tr-set\\\/#breadcrumb\",\"itemListElement\":[{\"@type\":\"ListItem\",\"position\":1,\"name\":\"Home\",\"item\":\"https:\\\/\\\/arrow-energy.com\\\/sp\\\/\"},{\"@type\":\"ListItem\",\"position\":2,\"name\":\"Conjunto Transformador-Rectificador (TR)\"}]},{\"@type\":\"WebSite\",\"@id\":\"https:\\\/\\\/arrow-energy.com\\\/sp\\\/#website\",\"url\":\"https:\\\/\\\/arrow-energy.com\\\/sp\\\/\",\"name\":\"https:\\\/\\\/arrow-energy.com\\\/sp\",\"description\":\"&quot;Arrow Energy es un actor destacado en las renovaciones del sector energ\u00e9tico. Altamente competente en la ingenier\u00eda y construcci\u00f3n de equipos de control de la contaminaci\u00f3n.&quot;\",\"publisher\":{\"@id\":\"https:\\\/\\\/arrow-energy.com\\\/sp\\\/#organization\"},\"alternateName\":\"https:\\\/\\\/arrow-energy.com\\\/sp\",\"potentialAction\":[{\"@type\":\"SearchAction\",\"target\":{\"@type\":\"EntryPoint\",\"urlTemplate\":\"https:\\\/\\\/arrow-energy.com\\\/sp\\\/?s={search_term_string}\"},\"query-input\":{\"@type\":\"PropertyValueSpecification\",\"valueRequired\":true,\"valueName\":\"search_term_string\"}}],\"inLanguage\":\"en-US\"},{\"@type\":\"Organization\",\"@id\":\"https:\\\/\\\/arrow-energy.com\\\/sp\\\/#organization\",\"name\":\"Arrow Energy Co., Ltd.\",\"alternateName\":\"Arrow Enrgy\",\"url\":\"https:\\\/\\\/arrow-energy.com\\\/sp\\\/\",\"logo\":{\"@type\":\"ImageObject\",\"inLanguage\":\"en-US\",\"@id\":\"https:\\\/\\\/arrow-energy.com\\\/sp\\\/#\\\/schema\\\/logo\\\/image\\\/\",\"url\":\"https:\\\/\\\/arrow-energy.com\\\/sp\\\/wp-content\\\/uploads\\\/2024\\\/07\\\/Arrow-Logo-3.png\",\"contentUrl\":\"https:\\\/\\\/arrow-energy.com\\\/sp\\\/wp-content\\\/uploads\\\/2024\\\/07\\\/Arrow-Logo-3.png\",\"width\":376,\"height\":170,\"caption\":\"Arrow Energy Co., Ltd.\"},\"image\":{\"@id\":\"https:\\\/\\\/arrow-energy.com\\\/sp\\\/#\\\/schema\\\/logo\\\/image\\\/\"},\"sameAs\":[\"https:\\\/\\\/www.facebook.com\\\/Arrowenergy.thailand\",\"https:\\\/\\\/www.instagram.com\\\/arrowenergy.thailand\\\/?hl=th\",\"https:\\\/\\\/www.linkedin.com\\\/company\\\/arrowenergy\\\/\",\"https:\\\/\\\/www.youtube.com\\\/channel\\\/UCV0ZxGWibSEttNCQawue0vw\"]}]}<\/script>\n<!-- \/ Yoast SEO Premium plugin. -->","yoast_head_json":{"title":"Conjunto Transformador-Rectificador (TR) - Arrow Energy","robots":{"index":"index","follow":"follow","max-snippet":"max-snippet:-1","max-image-preview":"max-image-preview:large","max-video-preview":"max-video-preview:-1"},"canonical":"https:\/\/arrow-energy.com\/sp\/transformer-rectifier-tr-set\/","og_locale":"en_US","og_type":"article","og_title":"Conjunto Transformador-Rectificador (TR)","og_description":"Conjunto Transformador-Rectificador (TR): Potenciando la eficiencia de los ESP En Arrow Energy, el conjunto Transformador-Rectificador (TR) es la columna vertebral de un precipitador electrost\u00e1tico (ESP), proporcionando la corriente continua (CC) de alto voltaje necesaria para una eficiente recolecci\u00f3n de part\u00edculas. El conjunto TR convierte la corriente alterna (CA) de la fuente de energ\u00eda en electricidad &hellip; Continue reading Conjunto Transformador-Rectificador (TR)","og_url":"https:\/\/arrow-energy.com\/sp\/transformer-rectifier-tr-set\/","og_site_name":"Arrow Energy","article_publisher":"https:\/\/www.facebook.com\/Arrowenergy.thailand","article_modified_time":"2025-09-05T11:46:08+00:00","og_image":[{"url":"https:\/\/arrow-energy.com\/sp\/wp-content\/uploads\/elementor\/thumbs\/ArrowEnergy_Transformer-Rec-rbb3kysazki93qlfs2spva6i9osuwfzhzpbvzta5k0.jpeg","type":"","width":"","height":""}],"twitter_card":"summary_large_image","twitter_misc":{"Est. reading time":"2 minutes"},"schema":{"@context":"https:\/\/schema.org","@graph":[{"@type":"WebPage","@id":"https:\/\/arrow-energy.com\/sp\/transformer-rectifier-tr-set\/","url":"https:\/\/arrow-energy.com\/sp\/transformer-rectifier-tr-set\/","name":"Conjunto Transformador-Rectificador (TR) - Arrow Energy","isPartOf":{"@id":"https:\/\/arrow-energy.com\/sp\/#website"},"primaryImageOfPage":{"@id":"https:\/\/arrow-energy.com\/sp\/transformer-rectifier-tr-set\/#primaryimage"},"image":{"@id":"https:\/\/arrow-energy.com\/sp\/transformer-rectifier-tr-set\/#primaryimage"},"thumbnailUrl":"https:\/\/arrow-energy.com\/sp\/wp-content\/uploads\/elementor\/thumbs\/ArrowEnergy_Transformer-Rec-rbb3kysazki93qlfs2spva6i9osuwfzhzpbvzta5k0.jpeg","datePublished":"2024-12-18T16:31:36+00:00","dateModified":"2025-09-05T11:46:08+00:00","breadcrumb":{"@id":"https:\/\/arrow-energy.com\/sp\/transformer-rectifier-tr-set\/#breadcrumb"},"inLanguage":"en-US","potentialAction":[{"@type":"ReadAction","target":["https:\/\/arrow-energy.com\/sp\/transformer-rectifier-tr-set\/"]}]},{"@type":"ImageObject","inLanguage":"en-US","@id":"https:\/\/arrow-energy.com\/sp\/transformer-rectifier-tr-set\/#primaryimage","url":"https:\/\/arrow-energy.com\/sp\/wp-content\/uploads\/elementor\/thumbs\/ArrowEnergy_Transformer-Rec-rbb3kysazki93qlfs2spva6i9osuwfzhzpbvzta5k0.jpeg","contentUrl":"https:\/\/arrow-energy.com\/sp\/wp-content\/uploads\/elementor\/thumbs\/ArrowEnergy_Transformer-Rec-rbb3kysazki93qlfs2spva6i9osuwfzhzpbvzta5k0.jpeg"},{"@type":"BreadcrumbList","@id":"https:\/\/arrow-energy.com\/sp\/transformer-rectifier-tr-set\/#breadcrumb","itemListElement":[{"@type":"ListItem","position":1,"name":"Home","item":"https:\/\/arrow-energy.com\/sp\/"},{"@type":"ListItem","position":2,"name":"Conjunto Transformador-Rectificador (TR)"}]},{"@type":"WebSite","@id":"https:\/\/arrow-energy.com\/sp\/#website","url":"https:\/\/arrow-energy.com\/sp\/","name":"https:\/\/arrow-energy.com\/sp","description":"&quot;Arrow Energy es un actor destacado en las renovaciones del sector energ\u00e9tico. Altamente competente en la ingenier\u00eda y construcci\u00f3n de equipos de control de la contaminaci\u00f3n.&quot;","publisher":{"@id":"https:\/\/arrow-energy.com\/sp\/#organization"},"alternateName":"https:\/\/arrow-energy.com\/sp","potentialAction":[{"@type":"SearchAction","target":{"@type":"EntryPoint","urlTemplate":"https:\/\/arrow-energy.com\/sp\/?s={search_term_string}"},"query-input":{"@type":"PropertyValueSpecification","valueRequired":true,"valueName":"search_term_string"}}],"inLanguage":"en-US"},{"@type":"Organization","@id":"https:\/\/arrow-energy.com\/sp\/#organization","name":"Arrow Energy Co., Ltd.","alternateName":"Arrow Enrgy","url":"https:\/\/arrow-energy.com\/sp\/","logo":{"@type":"ImageObject","inLanguage":"en-US","@id":"https:\/\/arrow-energy.com\/sp\/#\/schema\/logo\/image\/","url":"https:\/\/arrow-energy.com\/sp\/wp-content\/uploads\/2024\/07\/Arrow-Logo-3.png","contentUrl":"https:\/\/arrow-energy.com\/sp\/wp-content\/uploads\/2024\/07\/Arrow-Logo-3.png","width":376,"height":170,"caption":"Arrow Energy Co., Ltd."},"image":{"@id":"https:\/\/arrow-energy.com\/sp\/#\/schema\/logo\/image\/"},"sameAs":["https:\/\/www.facebook.com\/Arrowenergy.thailand","https:\/\/www.instagram.com\/arrowenergy.thailand\/?hl=th","https:\/\/www.linkedin.com\/company\/arrowenergy\/","https:\/\/www.youtube.com\/channel\/UCV0ZxGWibSEttNCQawue0vw"]}]}},"_links":{"self":[{"href":"https:\/\/arrow-energy.com\/sp\/wp-json\/wp\/v2\/pages\/10673","targetHints":{"allow":["GET"]}}],"collection":[{"href":"https:\/\/arrow-energy.com\/sp\/wp-json\/wp\/v2\/pages"}],"about":[{"href":"https:\/\/arrow-energy.com\/sp\/wp-json\/wp\/v2\/types\/page"}],"author":[{"embeddable":true,"href":"https:\/\/arrow-energy.com\/sp\/wp-json\/wp\/v2\/users\/1"}],"replies":[{"embeddable":true,"href":"https:\/\/arrow-energy.com\/sp\/wp-json\/wp\/v2\/comments?post=10673"}],"version-history":[{"count":29,"href":"https:\/\/arrow-energy.com\/sp\/wp-json\/wp\/v2\/pages\/10673\/revisions"}],"predecessor-version":[{"id":13603,"href":"https:\/\/arrow-energy.com\/sp\/wp-json\/wp\/v2\/pages\/10673\/revisions\/13603"}],"wp:attachment":[{"href":"https:\/\/arrow-energy.com\/sp\/wp-json\/wp\/v2\/media?parent=10673"}],"curies":[{"name":"wp","href":"https:\/\/api.w.org\/{rel}","templated":true}]}}