{"id":10690,"date":"2024-12-18T16:38:43","date_gmt":"2024-12-18T16:38:43","guid":{"rendered":"https:\/\/sp.arrow-energy.com\/?page_id=10690"},"modified":"2025-09-05T11:52:19","modified_gmt":"2025-09-05T11:52:19","slug":"esp-controller","status":"publish","type":"page","link":"https:\/\/arrow-energy.com\/sp\/esp-controller\/","title":{"rendered":"Controlador ESP"},"content":{"rendered":"\t\t<div data-elementor-type=\"wp-page\" data-elementor-id=\"10690\" class=\"elementor elementor-10690\" data-elementor-post-type=\"page\">\n\t\t\t\t<div class=\"elementor-element elementor-element-5a3ffa0 e-flex e-con-boxed e-con e-parent\" data-id=\"5a3ffa0\" data-element_type=\"container\" data-e-type=\"container\">\n\t\t\t\t\t<div class=\"e-con-inner\">\n\t\t<div class=\"elementor-element elementor-element-d61f73c e-con-full e-flex e-con e-child\" data-id=\"d61f73c\" data-element_type=\"container\" data-e-type=\"container\" data-settings=\"{&quot;background_background&quot;:&quot;classic&quot;}\">\n\t\t\t\t<div class=\"elementor-element elementor-element-a3071e0 elementor-widget elementor-widget-sidebar\" data-id=\"a3071e0\" data-element_type=\"widget\" data-e-type=\"widget\" data-widget_type=\"sidebar.default\">\n\t\t\t\t<div class=\"elementor-widget-container\">\n\t\t\t\t\t<aside id=\"nav_menu-32\" class=\"widget-odd widget-last widget-first widget-1 widget widget_nav_menu\"><div class=\"menu-spares-container\"><ul id=\"menu-spares\" class=\"menu\"><li id=\"menu-item-12399\" class=\"menu-item menu-item-type-post_type menu-item-object-page menu-item-12399 wp-menu-img wp-menu-img-before\"><a href=\"https:\/\/arrow-energy.com\/sp\/collection-electrode\/\">Electrodo Colector<\/a><\/li>\n<li id=\"menu-item-12400\" class=\"menu-item menu-item-type-post_type menu-item-object-page menu-item-12400 wp-menu-img wp-menu-img-before\"><a href=\"https:\/\/arrow-energy.com\/sp\/discharge-electrode\/\">Electrodo de descarga<\/a><\/li>\n<li id=\"menu-item-12401\" class=\"menu-item menu-item-type-post_type menu-item-object-page menu-item-12401 wp-menu-img wp-menu-img-before\"><a href=\"https:\/\/arrow-energy.com\/sp\/transformer-rectifier-tr-set\/\">Conjunto Transformador-Rectificador (TR)<\/a><\/li>\n<li id=\"menu-item-12402\" class=\"menu-item menu-item-type-post_type menu-item-object-page menu-item-12402 wp-menu-img wp-menu-img-before\"><a href=\"https:\/\/arrow-energy.com\/sp\/esp-controller\/\">Controlador ESP<\/a><\/li>\n<li id=\"menu-item-12403\" class=\"menu-item menu-item-type-post_type menu-item-object-page menu-item-12403 wp-menu-img wp-menu-img-before\"><a href=\"https:\/\/arrow-energy.com\/sp\/rapper-system\/\">Sistema de Rapper<\/a><\/li>\n<li id=\"menu-item-12404\" class=\"menu-item menu-item-type-post_type menu-item-object-page menu-item-12404 wp-menu-img wp-menu-img-before\"><a href=\"https:\/\/arrow-energy.com\/sp\/spare-parts-support\/\">Repuestos de caldera<\/a><\/li>\n<li id=\"menu-item-12405\" class=\"menu-item menu-item-type-post_type menu-item-object-page menu-item-12405 wp-menu-img wp-menu-img-before\"><a href=\"https:\/\/arrow-energy.com\/sp\/auxiliary-accessories\/\">Auxiliares y Accesorios<\/a><\/li>\n<li id=\"menu-item-12406\" class=\"menu-item menu-item-type-post_type menu-item-object-page menu-item-12406 wp-menu-img wp-menu-img-before\"><a href=\"https:\/\/arrow-energy.com\/sp\/instruments\/\">Instrumentos<\/a><\/li>\n<\/ul><\/div><\/aside>\t\t\t\t<\/div>\n\t\t\t\t<\/div>\n\t\t\t\t<\/div>\n\t\t<div class=\"elementor-element elementor-element-347bc81 e-con-full e-flex e-con e-child\" data-id=\"347bc81\" data-element_type=\"container\" data-e-type=\"container\">\n\t\t\t\t<div class=\"elementor-element elementor-element-f847286 elementor-widget elementor-widget-heading\" data-id=\"f847286\" data-element_type=\"widget\" data-e-type=\"widget\" data-widget_type=\"heading.default\">\n\t\t\t\t<div class=\"elementor-widget-container\">\n\t\t\t\t\t<h2 class=\"elementor-heading-title elementor-size-default\">Controlador ESP: Control de precisi\u00f3n para un rendimiento \u00f3ptimo del ESP\n\n\n\n\n\n\n\n<\/h2>\t\t\t\t<\/div>\n\t\t\t\t<\/div>\n\t\t\t\t<div class=\"elementor-element elementor-element-85514ae elementor-widget elementor-widget-text-editor\" data-id=\"85514ae\" data-element_type=\"widget\" data-e-type=\"widget\" data-widget_type=\"text-editor.default\">\n\t\t\t\t<div class=\"elementor-widget-container\">\n\t\t\t\t\t\t\t\t\tEn Arrow Energy, el Controlador ESP funciona como el cerebro de un precipitador electrost\u00e1tico (ESP), asegurando una regulaci\u00f3n precisa de la energ\u00eda y los par\u00e1metros operativos para una m\u00e1xima eficiencia. El controlador gestiona el suministro de energ\u00eda de alto voltaje a los electrodos de descarga, monitoreando y ajustando continuamente el voltaje y la corriente para mantener la recolecci\u00f3n \u00f3ptima de part\u00edculas. Este sistema inteligente asegura que el ESP se adapte a diversas condiciones operativas, mejorando el control de la contaminaci\u00f3n y la fiabilidad del sistema.\n\n<h5><strong>Caracter\u00edsticas clave de los controladores ESP de Arrow Energy:<\/strong><\/h5> <ul> <li style=\"font-weight: 400;\" aria-level=\"1\"><b>Monitoreo avanzado:<\/b><span style=\"font-weight: 400;\"> Seguimiento en tiempo real del voltaje, corriente y tasas de chispa para un rendimiento consistente.<\/span><\/li> <li style=\"font-weight: 400;\" aria-level=\"1\"><b>Regulaci\u00f3n autom\u00e1tica de voltaje:<\/b><span style=\"font-weight: 400;\"> Asegura la fuerza \u00f3ptima del campo el\u00e9ctrico para una recolecci\u00f3n eficiente de part\u00edculas.<\/span><\/li> <li style=\"font-weight: 400;\" aria-level=\"1\"><b>Detecci\u00f3n de fallos:<\/b><span style=\"font-weight: 400;\"> Diagn\u00f3sticos incorporados para identificar y alertar a los operadores sobre posibles problemas.<\/span><\/li> <li style=\"font-weight: 400;\" aria-level=\"1\"><b>Eficiencia energ\u00e9tica:<\/b><span style=\"font-weight: 400;\"> Minimiza el consumo de energ\u00eda mientras mantiene un alto rendimiento del ESP.<\/span><\/li> <li style=\"font-weight: 400;\" aria-level=\"1\"><b>Interfaz f\u00e1cil de usar:<\/b><span style=\"font-weight: 400;\"> Controles y pantallas intuitivas para un f\u00e1cil manejo y monitoreo.<\/span><\/li> <\/ul> Los **controladores ESP** de **Arrow Energy** est\u00e1n dise\u00f1ados para ofrecer una precisi\u00f3n, adaptabilidad y eficiencia inigualables, asegurando el cumplimiento de las **normas ambientales** mientras **reducen los costos operativos**.\n\n\n\n\n\n\n\t\t\t\t\t\t\t\t<\/div>\n\t\t\t\t<\/div>\n\t\t\t\t<div class=\"elementor-element elementor-element-28854a8 elementor-arrows-position-inside elementor-pagination-position-outside elementor-widget elementor-widget-image-carousel\" data-id=\"28854a8\" data-element_type=\"widget\" data-e-type=\"widget\" data-settings=\"{&quot;slides_to_show&quot;:&quot;3&quot;,&quot;navigation&quot;:&quot;both&quot;,&quot;autoplay&quot;:&quot;yes&quot;,&quot;pause_on_hover&quot;:&quot;yes&quot;,&quot;pause_on_interaction&quot;:&quot;yes&quot;,&quot;autoplay_speed&quot;:5000,&quot;infinite&quot;:&quot;yes&quot;,&quot;speed&quot;:500}\" data-widget_type=\"image-carousel.default\">\n\t\t\t\t<div class=\"elementor-widget-container\">\n\t\t\t\t\t\t\t<div class=\"elementor-image-carousel-wrapper swiper\" role=\"region\" aria-roledescription=\"carousel\" aria-label=\"Image Carousel\" dir=\"ltr\">\n\t\t\t<div class=\"elementor-image-carousel swiper-wrapper\" aria-live=\"off\">\n\t\t\t\t\t\t\t\t<div class=\"swiper-slide\" role=\"group\" aria-roledescription=\"slide\" aria-label=\"1 of 6\"><figure class=\"swiper-slide-inner\"><img decoding=\"async\" class=\"swiper-slide-image\" src=\"https:\/\/arrow-energy.com\/sp\/wp-content\/uploads\/2025\/09\/ArrowEnergy_ESP-Controller-1-260x300.jpeg\" alt=\"ArrowEnergy_ESP-Controller (1)\" \/><\/figure><\/div><div class=\"swiper-slide\" role=\"group\" aria-roledescription=\"slide\" aria-label=\"2 of 6\"><figure class=\"swiper-slide-inner\"><img decoding=\"async\" class=\"swiper-slide-image\" src=\"https:\/\/arrow-energy.com\/sp\/wp-content\/uploads\/2025\/09\/ArrowEnergy_ESP-Controller-261x300.jpeg\" alt=\"ArrowEnergy_ESP-Controller\" \/><\/figure><\/div><div class=\"swiper-slide\" role=\"group\" aria-roledescription=\"slide\" aria-label=\"3 of 6\"><figure class=\"swiper-slide-inner\"><img decoding=\"async\" class=\"swiper-slide-image\" src=\"https:\/\/arrow-energy.com\/sp\/wp-content\/uploads\/2025\/09\/ArrowEnergy_ESP-Controller-5-261x300.jpeg\" alt=\"ArrowEnergy_ESP-Controller (5)\" \/><\/figure><\/div><div class=\"swiper-slide\" role=\"group\" aria-roledescription=\"slide\" aria-label=\"4 of 6\"><figure class=\"swiper-slide-inner\"><img decoding=\"async\" class=\"swiper-slide-image\" src=\"https:\/\/arrow-energy.com\/sp\/wp-content\/uploads\/2025\/09\/ArrowEnergy_ESP-Controller-4-261x300.jpeg\" alt=\"ArrowEnergy_ESP-Controller (4)\" \/><\/figure><\/div><div class=\"swiper-slide\" role=\"group\" aria-roledescription=\"slide\" aria-label=\"5 of 6\"><figure class=\"swiper-slide-inner\"><img decoding=\"async\" class=\"swiper-slide-image\" src=\"https:\/\/arrow-energy.com\/sp\/wp-content\/uploads\/2025\/09\/ArrowEnergy_ESP-Controller-2-261x300.jpeg\" alt=\"ArrowEnergy_ESP-Controller (2)\" \/><\/figure><\/div><div class=\"swiper-slide\" role=\"group\" aria-roledescription=\"slide\" aria-label=\"6 of 6\"><figure class=\"swiper-slide-inner\"><img decoding=\"async\" class=\"swiper-slide-image\" src=\"https:\/\/arrow-energy.com\/sp\/wp-content\/uploads\/2025\/09\/ArrowEnergy_ESP-Controller-3-261x300.jpeg\" alt=\"ArrowEnergy_ESP-Controller (3)\" \/><\/figure><\/div>\t\t\t<\/div>\n\t\t\t\t\t\t\t\t\t\t\t\t<div class=\"elementor-swiper-button elementor-swiper-button-prev\" role=\"button\" tabindex=\"0\">\n\t\t\t\t\t\t<svg aria-hidden=\"true\" class=\"e-font-icon-svg e-eicon-chevron-left\" viewBox=\"0 0 1000 1000\" xmlns=\"http:\/\/www.w3.org\/2000\/svg\"><path d=\"M646 125C629 125 613 133 604 142L308 442C296 454 292 471 292 487 292 504 296 521 308 533L604 854C617 867 629 875 646 875 663 875 679 871 692 858 704 846 713 829 713 812 713 796 708 779 692 767L438 487 692 225C700 217 708 204 708 187 708 171 704 154 692 142 675 129 663 125 646 125Z\"><\/path><\/svg>\t\t\t\t\t<\/div>\n\t\t\t\t\t<div class=\"elementor-swiper-button elementor-swiper-button-next\" role=\"button\" tabindex=\"0\">\n\t\t\t\t\t\t<svg aria-hidden=\"true\" class=\"e-font-icon-svg e-eicon-chevron-right\" viewBox=\"0 0 1000 1000\" xmlns=\"http:\/\/www.w3.org\/2000\/svg\"><path d=\"M696 533C708 521 713 504 713 487 713 471 708 454 696 446L400 146C388 133 375 125 354 125 338 125 325 129 313 142 300 154 292 171 292 187 292 204 296 221 308 233L563 492 304 771C292 783 288 800 288 817 288 833 296 850 308 863 321 871 338 875 354 875 371 875 388 867 400 854L696 533Z\"><\/path><\/svg>\t\t\t\t\t<\/div>\n\t\t\t\t\n\t\t\t\t\t\t\t\t\t<div class=\"swiper-pagination\"><\/div>\n\t\t\t\t\t\t\t\t\t<\/div>\n\t\t\t\t\t\t<\/div>\n\t\t\t\t<\/div>\n\t\t\t\t<\/div>\n\t\t\t\t\t<\/div>\n\t\t\t\t<\/div>\n\t\t\t\t<\/div>\n\t\t","protected":false},"excerpt":{"rendered":"<p>Controlador ESP: Control de precisi\u00f3n para un rendimiento \u00f3ptimo del ESP En Arrow Energy, el Controlador ESP funciona como el cerebro de un precipitador electrost\u00e1tico (ESP), asegurando una regulaci\u00f3n precisa de la energ\u00eda y los par\u00e1metros operativos para una m\u00e1xima eficiencia. El controlador gestiona el suministro de energ\u00eda de alto voltaje a los electrodos de &hellip; <a href=\"https:\/\/arrow-energy.com\/sp\/esp-controller\/\" class=\"more-link\">Continue reading <span class=\"screen-reader-text\">Controlador ESP<\/span><\/a><\/p>\n","protected":false},"author":1,"featured_media":0,"parent":0,"menu_order":0,"comment_status":"closed","ping_status":"closed","template":"","meta":{"nf_dc_page":"","_monsterinsights_skip_tracking":false,"_monsterinsights_sitenote_active":false,"_monsterinsights_sitenote_note":"","_monsterinsights_sitenote_category":0,"footnotes":""},"class_list":["post-10690","page","type-page","status-publish","hentry"],"yoast_head":"<!-- This site is optimized with the Yoast SEO Premium plugin v25.6 (Yoast SEO v27.4) - https:\/\/yoast.com\/product\/yoast-seo-premium-wordpress\/ -->\n<title>Controlador ESP - Arrow Energy<\/title>\n<meta name=\"robots\" content=\"index, follow, max-snippet:-1, max-image-preview:large, max-video-preview:-1\" \/>\n<link rel=\"canonical\" href=\"https:\/\/arrow-energy.com\/sp\/esp-controller\/\" \/>\n<meta property=\"og:locale\" content=\"en_US\" \/>\n<meta property=\"og:type\" content=\"article\" \/>\n<meta property=\"og:title\" content=\"Controlador ESP\" \/>\n<meta property=\"og:description\" content=\"Controlador ESP: Control de precisi\u00f3n para un rendimiento \u00f3ptimo del ESP En Arrow Energy, el Controlador ESP funciona como el cerebro de un precipitador electrost\u00e1tico (ESP), asegurando una regulaci\u00f3n precisa de la energ\u00eda y los par\u00e1metros operativos para una m\u00e1xima eficiencia. El controlador gestiona el suministro de energ\u00eda de alto voltaje a los electrodos de &hellip; Continue reading Controlador ESP\" \/>\n<meta property=\"og:url\" content=\"https:\/\/arrow-energy.com\/sp\/esp-controller\/\" \/>\n<meta property=\"og:site_name\" content=\"Arrow Energy\" \/>\n<meta property=\"article:publisher\" content=\"https:\/\/www.facebook.com\/Arrowenergy.thailand\" \/>\n<meta property=\"article:modified_time\" content=\"2025-09-05T11:52:19+00:00\" \/>\n<meta property=\"og:image\" content=\"https:\/\/arrow-energy.com\/sp\/wp-content\/uploads\/2025\/09\/ArrowEnergy_ESP-Controller-1-260x300.jpeg\" \/>\n<meta name=\"twitter:card\" content=\"summary_large_image\" \/>\n<meta name=\"twitter:label1\" content=\"Est. reading time\" \/>\n\t<meta name=\"twitter:data1\" content=\"4 minutes\" \/>\n<script type=\"application\/ld+json\" class=\"yoast-schema-graph\">{\"@context\":\"https:\\\/\\\/schema.org\",\"@graph\":[{\"@type\":\"WebPage\",\"@id\":\"https:\\\/\\\/arrow-energy.com\\\/sp\\\/esp-controller\\\/\",\"url\":\"https:\\\/\\\/arrow-energy.com\\\/sp\\\/esp-controller\\\/\",\"name\":\"Controlador ESP - Arrow Energy\",\"isPartOf\":{\"@id\":\"https:\\\/\\\/arrow-energy.com\\\/sp\\\/#website\"},\"primaryImageOfPage\":{\"@id\":\"https:\\\/\\\/arrow-energy.com\\\/sp\\\/esp-controller\\\/#primaryimage\"},\"image\":{\"@id\":\"https:\\\/\\\/arrow-energy.com\\\/sp\\\/esp-controller\\\/#primaryimage\"},\"thumbnailUrl\":\"https:\\\/\\\/arrow-energy.com\\\/sp\\\/wp-content\\\/uploads\\\/2025\\\/09\\\/ArrowEnergy_ESP-Controller-1-260x300.jpeg\",\"datePublished\":\"2024-12-18T16:38:43+00:00\",\"dateModified\":\"2025-09-05T11:52:19+00:00\",\"breadcrumb\":{\"@id\":\"https:\\\/\\\/arrow-energy.com\\\/sp\\\/esp-controller\\\/#breadcrumb\"},\"inLanguage\":\"en-US\",\"potentialAction\":[{\"@type\":\"ReadAction\",\"target\":[\"https:\\\/\\\/arrow-energy.com\\\/sp\\\/esp-controller\\\/\"]}]},{\"@type\":\"ImageObject\",\"inLanguage\":\"en-US\",\"@id\":\"https:\\\/\\\/arrow-energy.com\\\/sp\\\/esp-controller\\\/#primaryimage\",\"url\":\"https:\\\/\\\/arrow-energy.com\\\/sp\\\/wp-content\\\/uploads\\\/2025\\\/09\\\/ArrowEnergy_ESP-Controller-1-260x300.jpeg\",\"contentUrl\":\"https:\\\/\\\/arrow-energy.com\\\/sp\\\/wp-content\\\/uploads\\\/2025\\\/09\\\/ArrowEnergy_ESP-Controller-1-260x300.jpeg\"},{\"@type\":\"BreadcrumbList\",\"@id\":\"https:\\\/\\\/arrow-energy.com\\\/sp\\\/esp-controller\\\/#breadcrumb\",\"itemListElement\":[{\"@type\":\"ListItem\",\"position\":1,\"name\":\"Home\",\"item\":\"https:\\\/\\\/arrow-energy.com\\\/sp\\\/\"},{\"@type\":\"ListItem\",\"position\":2,\"name\":\"Controlador ESP\"}]},{\"@type\":\"WebSite\",\"@id\":\"https:\\\/\\\/arrow-energy.com\\\/sp\\\/#website\",\"url\":\"https:\\\/\\\/arrow-energy.com\\\/sp\\\/\",\"name\":\"https:\\\/\\\/arrow-energy.com\\\/sp\",\"description\":\"&quot;Arrow Energy es un actor destacado en las renovaciones del sector energ\u00e9tico. Altamente competente en la ingenier\u00eda y construcci\u00f3n de equipos de control de la contaminaci\u00f3n.&quot;\",\"publisher\":{\"@id\":\"https:\\\/\\\/arrow-energy.com\\\/sp\\\/#organization\"},\"alternateName\":\"https:\\\/\\\/arrow-energy.com\\\/sp\",\"potentialAction\":[{\"@type\":\"SearchAction\",\"target\":{\"@type\":\"EntryPoint\",\"urlTemplate\":\"https:\\\/\\\/arrow-energy.com\\\/sp\\\/?s={search_term_string}\"},\"query-input\":{\"@type\":\"PropertyValueSpecification\",\"valueRequired\":true,\"valueName\":\"search_term_string\"}}],\"inLanguage\":\"en-US\"},{\"@type\":\"Organization\",\"@id\":\"https:\\\/\\\/arrow-energy.com\\\/sp\\\/#organization\",\"name\":\"Arrow Energy Co., Ltd.\",\"alternateName\":\"Arrow Enrgy\",\"url\":\"https:\\\/\\\/arrow-energy.com\\\/sp\\\/\",\"logo\":{\"@type\":\"ImageObject\",\"inLanguage\":\"en-US\",\"@id\":\"https:\\\/\\\/arrow-energy.com\\\/sp\\\/#\\\/schema\\\/logo\\\/image\\\/\",\"url\":\"https:\\\/\\\/arrow-energy.com\\\/sp\\\/wp-content\\\/uploads\\\/2024\\\/07\\\/Arrow-Logo-3.png\",\"contentUrl\":\"https:\\\/\\\/arrow-energy.com\\\/sp\\\/wp-content\\\/uploads\\\/2024\\\/07\\\/Arrow-Logo-3.png\",\"width\":376,\"height\":170,\"caption\":\"Arrow Energy Co., Ltd.\"},\"image\":{\"@id\":\"https:\\\/\\\/arrow-energy.com\\\/sp\\\/#\\\/schema\\\/logo\\\/image\\\/\"},\"sameAs\":[\"https:\\\/\\\/www.facebook.com\\\/Arrowenergy.thailand\",\"https:\\\/\\\/www.instagram.com\\\/arrowenergy.thailand\\\/?hl=th\",\"https:\\\/\\\/www.linkedin.com\\\/company\\\/arrowenergy\\\/\",\"https:\\\/\\\/www.youtube.com\\\/channel\\\/UCV0ZxGWibSEttNCQawue0vw\"]}]}<\/script>\n<!-- \/ Yoast SEO Premium plugin. -->","yoast_head_json":{"title":"Controlador ESP - Arrow Energy","robots":{"index":"index","follow":"follow","max-snippet":"max-snippet:-1","max-image-preview":"max-image-preview:large","max-video-preview":"max-video-preview:-1"},"canonical":"https:\/\/arrow-energy.com\/sp\/esp-controller\/","og_locale":"en_US","og_type":"article","og_title":"Controlador ESP","og_description":"Controlador ESP: Control de precisi\u00f3n para un rendimiento \u00f3ptimo del ESP En Arrow Energy, el Controlador ESP funciona como el cerebro de un precipitador electrost\u00e1tico (ESP), asegurando una regulaci\u00f3n precisa de la energ\u00eda y los par\u00e1metros operativos para una m\u00e1xima eficiencia. El controlador gestiona el suministro de energ\u00eda de alto voltaje a los electrodos de &hellip; Continue reading Controlador ESP","og_url":"https:\/\/arrow-energy.com\/sp\/esp-controller\/","og_site_name":"Arrow Energy","article_publisher":"https:\/\/www.facebook.com\/Arrowenergy.thailand","article_modified_time":"2025-09-05T11:52:19+00:00","og_image":[{"url":"https:\/\/arrow-energy.com\/sp\/wp-content\/uploads\/2025\/09\/ArrowEnergy_ESP-Controller-1-260x300.jpeg","type":"","width":"","height":""}],"twitter_card":"summary_large_image","twitter_misc":{"Est. reading time":"4 minutes"},"schema":{"@context":"https:\/\/schema.org","@graph":[{"@type":"WebPage","@id":"https:\/\/arrow-energy.com\/sp\/esp-controller\/","url":"https:\/\/arrow-energy.com\/sp\/esp-controller\/","name":"Controlador ESP - Arrow Energy","isPartOf":{"@id":"https:\/\/arrow-energy.com\/sp\/#website"},"primaryImageOfPage":{"@id":"https:\/\/arrow-energy.com\/sp\/esp-controller\/#primaryimage"},"image":{"@id":"https:\/\/arrow-energy.com\/sp\/esp-controller\/#primaryimage"},"thumbnailUrl":"https:\/\/arrow-energy.com\/sp\/wp-content\/uploads\/2025\/09\/ArrowEnergy_ESP-Controller-1-260x300.jpeg","datePublished":"2024-12-18T16:38:43+00:00","dateModified":"2025-09-05T11:52:19+00:00","breadcrumb":{"@id":"https:\/\/arrow-energy.com\/sp\/esp-controller\/#breadcrumb"},"inLanguage":"en-US","potentialAction":[{"@type":"ReadAction","target":["https:\/\/arrow-energy.com\/sp\/esp-controller\/"]}]},{"@type":"ImageObject","inLanguage":"en-US","@id":"https:\/\/arrow-energy.com\/sp\/esp-controller\/#primaryimage","url":"https:\/\/arrow-energy.com\/sp\/wp-content\/uploads\/2025\/09\/ArrowEnergy_ESP-Controller-1-260x300.jpeg","contentUrl":"https:\/\/arrow-energy.com\/sp\/wp-content\/uploads\/2025\/09\/ArrowEnergy_ESP-Controller-1-260x300.jpeg"},{"@type":"BreadcrumbList","@id":"https:\/\/arrow-energy.com\/sp\/esp-controller\/#breadcrumb","itemListElement":[{"@type":"ListItem","position":1,"name":"Home","item":"https:\/\/arrow-energy.com\/sp\/"},{"@type":"ListItem","position":2,"name":"Controlador ESP"}]},{"@type":"WebSite","@id":"https:\/\/arrow-energy.com\/sp\/#website","url":"https:\/\/arrow-energy.com\/sp\/","name":"https:\/\/arrow-energy.com\/sp","description":"&quot;Arrow Energy es un actor destacado en las renovaciones del sector energ\u00e9tico. Altamente competente en la ingenier\u00eda y construcci\u00f3n de equipos de control de la contaminaci\u00f3n.&quot;","publisher":{"@id":"https:\/\/arrow-energy.com\/sp\/#organization"},"alternateName":"https:\/\/arrow-energy.com\/sp","potentialAction":[{"@type":"SearchAction","target":{"@type":"EntryPoint","urlTemplate":"https:\/\/arrow-energy.com\/sp\/?s={search_term_string}"},"query-input":{"@type":"PropertyValueSpecification","valueRequired":true,"valueName":"search_term_string"}}],"inLanguage":"en-US"},{"@type":"Organization","@id":"https:\/\/arrow-energy.com\/sp\/#organization","name":"Arrow Energy Co., Ltd.","alternateName":"Arrow Enrgy","url":"https:\/\/arrow-energy.com\/sp\/","logo":{"@type":"ImageObject","inLanguage":"en-US","@id":"https:\/\/arrow-energy.com\/sp\/#\/schema\/logo\/image\/","url":"https:\/\/arrow-energy.com\/sp\/wp-content\/uploads\/2024\/07\/Arrow-Logo-3.png","contentUrl":"https:\/\/arrow-energy.com\/sp\/wp-content\/uploads\/2024\/07\/Arrow-Logo-3.png","width":376,"height":170,"caption":"Arrow Energy Co., Ltd."},"image":{"@id":"https:\/\/arrow-energy.com\/sp\/#\/schema\/logo\/image\/"},"sameAs":["https:\/\/www.facebook.com\/Arrowenergy.thailand","https:\/\/www.instagram.com\/arrowenergy.thailand\/?hl=th","https:\/\/www.linkedin.com\/company\/arrowenergy\/","https:\/\/www.youtube.com\/channel\/UCV0ZxGWibSEttNCQawue0vw"]}]}},"_links":{"self":[{"href":"https:\/\/arrow-energy.com\/sp\/wp-json\/wp\/v2\/pages\/10690","targetHints":{"allow":["GET"]}}],"collection":[{"href":"https:\/\/arrow-energy.com\/sp\/wp-json\/wp\/v2\/pages"}],"about":[{"href":"https:\/\/arrow-energy.com\/sp\/wp-json\/wp\/v2\/types\/page"}],"author":[{"embeddable":true,"href":"https:\/\/arrow-energy.com\/sp\/wp-json\/wp\/v2\/users\/1"}],"replies":[{"embeddable":true,"href":"https:\/\/arrow-energy.com\/sp\/wp-json\/wp\/v2\/comments?post=10690"}],"version-history":[{"count":29,"href":"https:\/\/arrow-energy.com\/sp\/wp-json\/wp\/v2\/pages\/10690\/revisions"}],"predecessor-version":[{"id":13612,"href":"https:\/\/arrow-energy.com\/sp\/wp-json\/wp\/v2\/pages\/10690\/revisions\/13612"}],"wp:attachment":[{"href":"https:\/\/arrow-energy.com\/sp\/wp-json\/wp\/v2\/media?parent=10690"}],"curies":[{"name":"wp","href":"https:\/\/api.w.org\/{rel}","templated":true}]}}