{"id":10709,"date":"2024-12-19T06:12:15","date_gmt":"2024-12-19T06:12:15","guid":{"rendered":"https:\/\/sp.arrow-energy.com\/?page_id=10709"},"modified":"2025-02-04T11:58:15","modified_gmt":"2025-02-04T11:58:15","slug":"spare-parts-support","status":"publish","type":"page","link":"https:\/\/arrow-energy.com\/sp\/spare-parts-support\/","title":{"rendered":"Repuestos de caldera"},"content":{"rendered":"\t\t<div data-elementor-type=\"wp-page\" data-elementor-id=\"10709\" class=\"elementor elementor-10709\" data-elementor-post-type=\"page\">\n\t\t\t\t<div class=\"elementor-element elementor-element-a0676e3 e-flex e-con-boxed e-con e-parent\" data-id=\"a0676e3\" data-element_type=\"container\" data-e-type=\"container\">\n\t\t\t\t\t<div class=\"e-con-inner\">\n\t\t<div class=\"elementor-element elementor-element-1ebac57 e-con-full e-flex e-con e-child\" data-id=\"1ebac57\" data-element_type=\"container\" data-e-type=\"container\" data-settings=\"{&quot;background_background&quot;:&quot;classic&quot;}\">\n\t\t\t\t<div class=\"elementor-element elementor-element-3745de7 elementor-widget elementor-widget-sidebar\" data-id=\"3745de7\" data-element_type=\"widget\" data-e-type=\"widget\" data-widget_type=\"sidebar.default\">\n\t\t\t\t<div class=\"elementor-widget-container\">\n\t\t\t\t\t<aside id=\"nav_menu-32\" class=\"widget-odd widget-last widget-first widget-1 widget widget_nav_menu\"><div class=\"menu-spares-container\"><ul id=\"menu-spares\" class=\"menu\"><li id=\"menu-item-12399\" class=\"menu-item menu-item-type-post_type menu-item-object-page menu-item-12399 wp-menu-img wp-menu-img-before\"><a href=\"https:\/\/arrow-energy.com\/sp\/collection-electrode\/\">Electrodo Colector<\/a><\/li>\n<li id=\"menu-item-12400\" class=\"menu-item menu-item-type-post_type menu-item-object-page menu-item-12400 wp-menu-img wp-menu-img-before\"><a href=\"https:\/\/arrow-energy.com\/sp\/discharge-electrode\/\">Electrodo de descarga<\/a><\/li>\n<li id=\"menu-item-12401\" class=\"menu-item menu-item-type-post_type menu-item-object-page menu-item-12401 wp-menu-img wp-menu-img-before\"><a href=\"https:\/\/arrow-energy.com\/sp\/transformer-rectifier-tr-set\/\">Conjunto Transformador-Rectificador (TR)<\/a><\/li>\n<li id=\"menu-item-12402\" class=\"menu-item menu-item-type-post_type menu-item-object-page menu-item-12402 wp-menu-img wp-menu-img-before\"><a href=\"https:\/\/arrow-energy.com\/sp\/esp-controller\/\">Controlador ESP<\/a><\/li>\n<li id=\"menu-item-12403\" class=\"menu-item menu-item-type-post_type menu-item-object-page menu-item-12403 wp-menu-img wp-menu-img-before\"><a href=\"https:\/\/arrow-energy.com\/sp\/rapper-system\/\">Sistema de Rapper<\/a><\/li>\n<li id=\"menu-item-12404\" class=\"menu-item menu-item-type-post_type menu-item-object-page menu-item-12404 wp-menu-img wp-menu-img-before\"><a href=\"https:\/\/arrow-energy.com\/sp\/spare-parts-support\/\">Repuestos de caldera<\/a><\/li>\n<li id=\"menu-item-12405\" class=\"menu-item menu-item-type-post_type menu-item-object-page menu-item-12405 wp-menu-img wp-menu-img-before\"><a href=\"https:\/\/arrow-energy.com\/sp\/auxiliary-accessories\/\">Auxiliares y Accesorios<\/a><\/li>\n<li id=\"menu-item-12406\" class=\"menu-item menu-item-type-post_type menu-item-object-page menu-item-12406 wp-menu-img wp-menu-img-before\"><a href=\"https:\/\/arrow-energy.com\/sp\/instruments\/\">Instrumentos<\/a><\/li>\n<\/ul><\/div><\/aside>\t\t\t\t<\/div>\n\t\t\t\t<\/div>\n\t\t\t\t<\/div>\n\t\t<div class=\"elementor-element elementor-element-4e07c5e e-con-full e-flex e-con e-child\" data-id=\"4e07c5e\" data-element_type=\"container\" data-e-type=\"container\">\n\t\t\t\t<div class=\"elementor-element elementor-element-c091ed2 elementor-widget elementor-widget-heading\" data-id=\"c091ed2\" data-element_type=\"widget\" data-e-type=\"widget\" data-widget_type=\"heading.default\">\n\t\t\t\t<div class=\"elementor-widget-container\">\n\t\t\t\t\t<h2 class=\"elementor-heading-title elementor-size-default\">Repuestos para Calderas: Asegurando la eficiencia y fiabilidad de las calderas\n\n\n<\/h2>\t\t\t\t<\/div>\n\t\t\t\t<\/div>\n\t\t\t\t<div class=\"elementor-element elementor-element-a4cccaa elementor-widget elementor-widget-text-editor\" data-id=\"a4cccaa\" data-element_type=\"widget\" data-e-type=\"widget\" data-widget_type=\"text-editor.default\">\n\t\t\t\t<div class=\"elementor-widget-container\">\n\t\t\t\t\t\t\t\t\t<h5><strong>Nuestra experiencia en tecnolog\u00eda de rejillas<\/strong><\/h5> <strong>Repuestos para Rejillas Empujadoras \/ Rejillas de Agujeros de Pasador \/ Rejillas Vibrantes \/ Rejillas Transportadoras<\/strong>\n<span style=\"font-weight: 400;\">Ofrecemos una amplia gama de repuestos de alta calidad para mantener sus rejillas funcionando de manera \u00f3ptima:<\/span>\n\n<ul> <li style=\"font-weight: 400;\" aria-level=\"1\"><b>Fundiciones para Rejillas<\/b> <ul> <li style=\"font-weight: 400;\" aria-level=\"2\"><span style=\"font-weight: 400;\">Fundiciones de CI de alta durabilidad disponibles con or\u00edgenes japoneses e indios.<\/span><\/li> <\/ul> <\/li> <li style=\"font-weight: 400;\" aria-level=\"1\"><b>Barra para Rejillas<\/b> <ul> <li style=\"font-weight: 400;\" aria-level=\"2\"><span style=\"font-weight: 400;\">Barras de rail de precisi\u00f3n dise\u00f1adas para apoyar y mejorar la funcionalidad de las rejillas.<\/span><\/li> <\/ul> <\/li> <li style=\"font-weight: 400;\" aria-level=\"1\"><b>Eslabones de Cadena<\/b> <ul> <li style=\"font-weight: 400;\" aria-level=\"2\"><span style=\"font-weight: 400;\">Componentes vitales para el avance de las rejillas transportadoras, asegurando un funcionamiento suave y eficiente.<\/span><\/li> <\/ul> <\/li> <li style=\"font-weight: 400;\" aria-level=\"1\"><b>Pi\u00f1ones de Cadena<\/b> <ul> <li style=\"font-weight: 400;\" aria-level=\"2\"><span style=\"font-weight: 400;\">Pi\u00f1ones robustos para enganchar y accionar de manera segura el mecanismo de la cadena.<\/span><\/li> <\/ul> <\/li> <li style=\"font-weight: 400;\" aria-level=\"1\"><b>Ejes<\/b> <ul> <li style=\"font-weight: 400;\" aria-level=\"2\"><span style=\"font-weight: 400;\">Puntos pivote clave para el movimiento de las rejillas transportadoras, dise\u00f1ados para un rendimiento duradero.<\/span><\/li> <\/ul> <\/li> <\/ul> <h5><strong>Caracter\u00edsticas clave:<\/strong><\/h5> <ul> <li style=\"font-weight: 400;\" aria-level=\"1\"><b>Alcance global:<\/b><span style=\"font-weight: 400;\"> Cadena de suministro robusta que asegura una entrega r\u00e1pida en todo el mundo.<\/span><\/li> <li style=\"font-weight: 400;\" aria-level=\"1\"><b>Alta durabilidad:<\/b><span style=\"font-weight: 400;\"> Materiales de primera calidad como fundiciones de CI y componentes de precisi\u00f3n.<\/span><\/li> <li style=\"font-weight: 400;\" aria-level=\"1\"><b>Gesti\u00f3n proactiva de inventarios:<\/b><span style=\"font-weight: 400;\"> Asistencia en el mantenimiento de repuestos cr\u00edticos para operaciones ininterrumpidas.<\/span><\/li> <li style=\"font-weight: 400;\" aria-level=\"1\"><b>Garant\u00eda de material:<\/b><span style=\"font-weight: 400;\"> Garant\u00eda integral de 12 meses para fiabilidad y tranquilidad.<\/span><\/li> <\/ul> <b>\u201cPerm\u00edtanos asociarnos con usted en el mantenimiento de la eficiencia y fiabilidad de sus calderas. Conf\u00ede en nosotros para entregar excelencia cuando m\u00e1s lo necesite.\u201d<\/b>\n\n\n\n\n\n\n\t\t\t\t\t\t\t\t<\/div>\n\t\t\t\t<\/div>\n\t\t\t\t<\/div>\n\t\t\t\t\t<\/div>\n\t\t\t\t<\/div>\n\t\t\t\t<\/div>\n\t\t","protected":false},"excerpt":{"rendered":"<p>Repuestos para Calderas: Asegurando la eficiencia y fiabilidad de las calderas Nuestra experiencia en tecnolog\u00eda de rejillas Repuestos para Rejillas Empujadoras \/ Rejillas de Agujeros de Pasador \/ Rejillas Vibrantes \/ Rejillas Transportadoras Ofrecemos una amplia gama de repuestos de alta calidad para mantener sus rejillas funcionando de manera \u00f3ptima: Fundiciones para Rejillas Fundiciones de &hellip; <a href=\"https:\/\/arrow-energy.com\/sp\/spare-parts-support\/\" class=\"more-link\">Continue reading <span class=\"screen-reader-text\">Repuestos de caldera<\/span><\/a><\/p>\n","protected":false},"author":1,"featured_media":0,"parent":0,"menu_order":0,"comment_status":"closed","ping_status":"closed","template":"","meta":{"nf_dc_page":"","_monsterinsights_skip_tracking":false,"_monsterinsights_sitenote_active":false,"_monsterinsights_sitenote_note":"","_monsterinsights_sitenote_category":0,"footnotes":""},"class_list":["post-10709","page","type-page","status-publish","hentry"],"yoast_head":"<!-- This site is optimized with the Yoast SEO Premium plugin v25.6 (Yoast SEO v27.4) - https:\/\/yoast.com\/product\/yoast-seo-premium-wordpress\/ -->\n<title>Repuestos de caldera - Arrow Energy<\/title>\n<meta name=\"robots\" content=\"index, follow, max-snippet:-1, max-image-preview:large, max-video-preview:-1\" \/>\n<link rel=\"canonical\" href=\"https:\/\/arrow-energy.com\/sp\/spare-parts-support\/\" \/>\n<meta property=\"og:locale\" content=\"en_US\" \/>\n<meta property=\"og:type\" content=\"article\" \/>\n<meta property=\"og:title\" content=\"Repuestos de caldera\" \/>\n<meta property=\"og:description\" content=\"Repuestos para Calderas: Asegurando la eficiencia y fiabilidad de las calderas Nuestra experiencia en tecnolog\u00eda de rejillas Repuestos para Rejillas Empujadoras \/ Rejillas de Agujeros de Pasador \/ Rejillas Vibrantes \/ Rejillas Transportadoras Ofrecemos una amplia gama de repuestos de alta calidad para mantener sus rejillas funcionando de manera \u00f3ptima: Fundiciones para Rejillas Fundiciones de &hellip; Continue reading Repuestos de caldera\" \/>\n<meta property=\"og:url\" content=\"https:\/\/arrow-energy.com\/sp\/spare-parts-support\/\" \/>\n<meta property=\"og:site_name\" content=\"Arrow Energy\" \/>\n<meta property=\"article:publisher\" content=\"https:\/\/www.facebook.com\/Arrowenergy.thailand\" \/>\n<meta property=\"article:modified_time\" content=\"2025-02-04T11:58:15+00:00\" \/>\n<meta property=\"og:image\" content=\"https:\/\/arrow-energy.com\/sp\/wp-content\/uploads\/2024\/07\/Arrow-Logo-3.png\" \/>\n\t<meta property=\"og:image:width\" content=\"376\" \/>\n\t<meta property=\"og:image:height\" content=\"170\" \/>\n\t<meta property=\"og:image:type\" content=\"image\/png\" \/>\n<meta name=\"twitter:card\" content=\"summary_large_image\" \/>\n<meta name=\"twitter:label1\" content=\"Est. reading time\" \/>\n\t<meta name=\"twitter:data1\" content=\"2 minutes\" \/>\n<script type=\"application\/ld+json\" class=\"yoast-schema-graph\">{\"@context\":\"https:\\\/\\\/schema.org\",\"@graph\":[{\"@type\":\"WebPage\",\"@id\":\"https:\\\/\\\/arrow-energy.com\\\/sp\\\/spare-parts-support\\\/\",\"url\":\"https:\\\/\\\/arrow-energy.com\\\/sp\\\/spare-parts-support\\\/\",\"name\":\"Repuestos de caldera - Arrow Energy\",\"isPartOf\":{\"@id\":\"https:\\\/\\\/arrow-energy.com\\\/sp\\\/#website\"},\"datePublished\":\"2024-12-19T06:12:15+00:00\",\"dateModified\":\"2025-02-04T11:58:15+00:00\",\"breadcrumb\":{\"@id\":\"https:\\\/\\\/arrow-energy.com\\\/sp\\\/spare-parts-support\\\/#breadcrumb\"},\"inLanguage\":\"en-US\",\"potentialAction\":[{\"@type\":\"ReadAction\",\"target\":[\"https:\\\/\\\/arrow-energy.com\\\/sp\\\/spare-parts-support\\\/\"]}]},{\"@type\":\"BreadcrumbList\",\"@id\":\"https:\\\/\\\/arrow-energy.com\\\/sp\\\/spare-parts-support\\\/#breadcrumb\",\"itemListElement\":[{\"@type\":\"ListItem\",\"position\":1,\"name\":\"Home\",\"item\":\"https:\\\/\\\/arrow-energy.com\\\/sp\\\/\"},{\"@type\":\"ListItem\",\"position\":2,\"name\":\"Repuestos de caldera\"}]},{\"@type\":\"WebSite\",\"@id\":\"https:\\\/\\\/arrow-energy.com\\\/sp\\\/#website\",\"url\":\"https:\\\/\\\/arrow-energy.com\\\/sp\\\/\",\"name\":\"https:\\\/\\\/arrow-energy.com\\\/sp\",\"description\":\"&quot;Arrow Energy es un actor destacado en las renovaciones del sector energ\u00e9tico. Altamente competente en la ingenier\u00eda y construcci\u00f3n de equipos de control de la contaminaci\u00f3n.&quot;\",\"publisher\":{\"@id\":\"https:\\\/\\\/arrow-energy.com\\\/sp\\\/#organization\"},\"alternateName\":\"https:\\\/\\\/arrow-energy.com\\\/sp\",\"potentialAction\":[{\"@type\":\"SearchAction\",\"target\":{\"@type\":\"EntryPoint\",\"urlTemplate\":\"https:\\\/\\\/arrow-energy.com\\\/sp\\\/?s={search_term_string}\"},\"query-input\":{\"@type\":\"PropertyValueSpecification\",\"valueRequired\":true,\"valueName\":\"search_term_string\"}}],\"inLanguage\":\"en-US\"},{\"@type\":\"Organization\",\"@id\":\"https:\\\/\\\/arrow-energy.com\\\/sp\\\/#organization\",\"name\":\"Arrow Energy Co., Ltd.\",\"alternateName\":\"Arrow Enrgy\",\"url\":\"https:\\\/\\\/arrow-energy.com\\\/sp\\\/\",\"logo\":{\"@type\":\"ImageObject\",\"inLanguage\":\"en-US\",\"@id\":\"https:\\\/\\\/arrow-energy.com\\\/sp\\\/#\\\/schema\\\/logo\\\/image\\\/\",\"url\":\"https:\\\/\\\/arrow-energy.com\\\/sp\\\/wp-content\\\/uploads\\\/2024\\\/07\\\/Arrow-Logo-3.png\",\"contentUrl\":\"https:\\\/\\\/arrow-energy.com\\\/sp\\\/wp-content\\\/uploads\\\/2024\\\/07\\\/Arrow-Logo-3.png\",\"width\":376,\"height\":170,\"caption\":\"Arrow Energy Co., Ltd.\"},\"image\":{\"@id\":\"https:\\\/\\\/arrow-energy.com\\\/sp\\\/#\\\/schema\\\/logo\\\/image\\\/\"},\"sameAs\":[\"https:\\\/\\\/www.facebook.com\\\/Arrowenergy.thailand\",\"https:\\\/\\\/www.instagram.com\\\/arrowenergy.thailand\\\/?hl=th\",\"https:\\\/\\\/www.linkedin.com\\\/company\\\/arrowenergy\\\/\",\"https:\\\/\\\/www.youtube.com\\\/channel\\\/UCV0ZxGWibSEttNCQawue0vw\"]}]}<\/script>\n<!-- \/ Yoast SEO Premium plugin. -->","yoast_head_json":{"title":"Repuestos de caldera - Arrow Energy","robots":{"index":"index","follow":"follow","max-snippet":"max-snippet:-1","max-image-preview":"max-image-preview:large","max-video-preview":"max-video-preview:-1"},"canonical":"https:\/\/arrow-energy.com\/sp\/spare-parts-support\/","og_locale":"en_US","og_type":"article","og_title":"Repuestos de caldera","og_description":"Repuestos para Calderas: Asegurando la eficiencia y fiabilidad de las calderas Nuestra experiencia en tecnolog\u00eda de rejillas Repuestos para Rejillas Empujadoras \/ Rejillas de Agujeros de Pasador \/ Rejillas Vibrantes \/ Rejillas Transportadoras Ofrecemos una amplia gama de repuestos de alta calidad para mantener sus rejillas funcionando de manera \u00f3ptima: Fundiciones para Rejillas Fundiciones de &hellip; Continue reading Repuestos de caldera","og_url":"https:\/\/arrow-energy.com\/sp\/spare-parts-support\/","og_site_name":"Arrow Energy","article_publisher":"https:\/\/www.facebook.com\/Arrowenergy.thailand","article_modified_time":"2025-02-04T11:58:15+00:00","og_image":[{"width":376,"height":170,"url":"https:\/\/arrow-energy.com\/sp\/wp-content\/uploads\/2024\/07\/Arrow-Logo-3.png","type":"image\/png"}],"twitter_card":"summary_large_image","twitter_misc":{"Est. reading time":"2 minutes"},"schema":{"@context":"https:\/\/schema.org","@graph":[{"@type":"WebPage","@id":"https:\/\/arrow-energy.com\/sp\/spare-parts-support\/","url":"https:\/\/arrow-energy.com\/sp\/spare-parts-support\/","name":"Repuestos de caldera - Arrow Energy","isPartOf":{"@id":"https:\/\/arrow-energy.com\/sp\/#website"},"datePublished":"2024-12-19T06:12:15+00:00","dateModified":"2025-02-04T11:58:15+00:00","breadcrumb":{"@id":"https:\/\/arrow-energy.com\/sp\/spare-parts-support\/#breadcrumb"},"inLanguage":"en-US","potentialAction":[{"@type":"ReadAction","target":["https:\/\/arrow-energy.com\/sp\/spare-parts-support\/"]}]},{"@type":"BreadcrumbList","@id":"https:\/\/arrow-energy.com\/sp\/spare-parts-support\/#breadcrumb","itemListElement":[{"@type":"ListItem","position":1,"name":"Home","item":"https:\/\/arrow-energy.com\/sp\/"},{"@type":"ListItem","position":2,"name":"Repuestos de caldera"}]},{"@type":"WebSite","@id":"https:\/\/arrow-energy.com\/sp\/#website","url":"https:\/\/arrow-energy.com\/sp\/","name":"https:\/\/arrow-energy.com\/sp","description":"&quot;Arrow Energy es un actor destacado en las renovaciones del sector energ\u00e9tico. Altamente competente en la ingenier\u00eda y construcci\u00f3n de equipos de control de la contaminaci\u00f3n.&quot;","publisher":{"@id":"https:\/\/arrow-energy.com\/sp\/#organization"},"alternateName":"https:\/\/arrow-energy.com\/sp","potentialAction":[{"@type":"SearchAction","target":{"@type":"EntryPoint","urlTemplate":"https:\/\/arrow-energy.com\/sp\/?s={search_term_string}"},"query-input":{"@type":"PropertyValueSpecification","valueRequired":true,"valueName":"search_term_string"}}],"inLanguage":"en-US"},{"@type":"Organization","@id":"https:\/\/arrow-energy.com\/sp\/#organization","name":"Arrow Energy Co., Ltd.","alternateName":"Arrow Enrgy","url":"https:\/\/arrow-energy.com\/sp\/","logo":{"@type":"ImageObject","inLanguage":"en-US","@id":"https:\/\/arrow-energy.com\/sp\/#\/schema\/logo\/image\/","url":"https:\/\/arrow-energy.com\/sp\/wp-content\/uploads\/2024\/07\/Arrow-Logo-3.png","contentUrl":"https:\/\/arrow-energy.com\/sp\/wp-content\/uploads\/2024\/07\/Arrow-Logo-3.png","width":376,"height":170,"caption":"Arrow Energy Co., Ltd."},"image":{"@id":"https:\/\/arrow-energy.com\/sp\/#\/schema\/logo\/image\/"},"sameAs":["https:\/\/www.facebook.com\/Arrowenergy.thailand","https:\/\/www.instagram.com\/arrowenergy.thailand\/?hl=th","https:\/\/www.linkedin.com\/company\/arrowenergy\/","https:\/\/www.youtube.com\/channel\/UCV0ZxGWibSEttNCQawue0vw"]}]}},"_links":{"self":[{"href":"https:\/\/arrow-energy.com\/sp\/wp-json\/wp\/v2\/pages\/10709","targetHints":{"allow":["GET"]}}],"collection":[{"href":"https:\/\/arrow-energy.com\/sp\/wp-json\/wp\/v2\/pages"}],"about":[{"href":"https:\/\/arrow-energy.com\/sp\/wp-json\/wp\/v2\/types\/page"}],"author":[{"embeddable":true,"href":"https:\/\/arrow-energy.com\/sp\/wp-json\/wp\/v2\/users\/1"}],"replies":[{"embeddable":true,"href":"https:\/\/arrow-energy.com\/sp\/wp-json\/wp\/v2\/comments?post=10709"}],"version-history":[{"count":23,"href":"https:\/\/arrow-energy.com\/sp\/wp-json\/wp\/v2\/pages\/10709\/revisions"}],"predecessor-version":[{"id":13027,"href":"https:\/\/arrow-energy.com\/sp\/wp-json\/wp\/v2\/pages\/10709\/revisions\/13027"}],"wp:attachment":[{"href":"https:\/\/arrow-energy.com\/sp\/wp-json\/wp\/v2\/media?parent=10709"}],"curies":[{"name":"wp","href":"https:\/\/api.w.org\/{rel}","templated":true}]}}