{"id":10885,"date":"2024-12-19T11:54:17","date_gmt":"2024-12-19T11:54:17","guid":{"rendered":"https:\/\/sp.arrow-energy.com\/?page_id=10885"},"modified":"2025-09-05T11:17:13","modified_gmt":"2025-09-05T11:17:13","slug":"boiler-retrofits","status":"publish","type":"page","link":"https:\/\/arrow-energy.com\/sp\/boiler-retrofits\/","title":{"rendered":"Reacondicionamiento de calderas"},"content":{"rendered":"\t\t<div data-elementor-type=\"wp-page\" data-elementor-id=\"10885\" class=\"elementor elementor-10885\" data-elementor-post-type=\"page\">\n\t\t\t\t<div class=\"elementor-element elementor-element-e665f27 e-flex e-con-boxed e-con e-parent\" data-id=\"e665f27\" data-element_type=\"container\" data-e-type=\"container\">\n\t\t\t\t\t<div class=\"e-con-inner\">\n\t\t<div class=\"elementor-element elementor-element-dbf1e1c e-con-full e-flex e-con e-child\" data-id=\"dbf1e1c\" data-element_type=\"container\" data-e-type=\"container\" data-settings=\"{&quot;background_background&quot;:&quot;classic&quot;}\">\n\t\t\t\t<div class=\"elementor-element elementor-element-e1110f3 elementor-widget elementor-widget-sidebar\" data-id=\"e1110f3\" data-element_type=\"widget\" data-e-type=\"widget\" data-widget_type=\"sidebar.default\">\n\t\t\t\t<div class=\"elementor-widget-container\">\n\t\t\t\t\t<aside id=\"nav_menu-33\" class=\"widget-odd widget-last widget-first widget-1 widget widget_nav_menu\"><div class=\"menu-service-container\"><ul id=\"menu-service\" class=\"menu\"><li id=\"menu-item-12396\" class=\"menu-item menu-item-type-post_type menu-item-object-page menu-item-has-children menu-item-12396 wp-menu-img wp-menu-img-before\"><a href=\"https:\/\/arrow-energy.com\/sp\/site-services\/\">Servicios<\/a>\n<ul class=\"sub-menu\">\n\t<li id=\"menu-item-11934\" class=\"menu-item menu-item-type-post_type menu-item-object-page menu-item-11934 wp-menu-img wp-menu-img-before\"><a href=\"https:\/\/arrow-energy.com\/sp\/esp-modification\/\">Modificaci\u00f3n ESP<\/a><\/li>\n\t<li id=\"menu-item-11935\" class=\"menu-item menu-item-type-post_type menu-item-object-page menu-item-11935 wp-menu-img wp-menu-img-before\"><a href=\"https:\/\/arrow-energy.com\/sp\/site-services\/pollution-control-system-upgrade\/\">Actualizaci\u00f3n del Sistema de Control de Contaminaci\u00f3n<\/a><\/li>\n\t<li id=\"menu-item-11936\" class=\"menu-item menu-item-type-post_type menu-item-object-page menu-item-11936 wp-menu-img wp-menu-img-before\"><a href=\"https:\/\/arrow-energy.com\/sp\/boiler-retrofits\/\">Reacondicionamiento de calderas<\/a><\/li>\n\t<li id=\"menu-item-11937\" class=\"menu-item menu-item-type-post_type menu-item-object-page menu-item-11937 wp-menu-img wp-menu-img-before\"><a href=\"https:\/\/arrow-energy.com\/sp\/commissioning-troubleshooting\/\">Puesta en Marcha y Soluci\u00f3n de Problemas<\/a><\/li>\n\t<li id=\"menu-item-11938\" class=\"menu-item menu-item-type-post_type menu-item-object-page menu-item-11938 wp-menu-img wp-menu-img-before\"><a href=\"https:\/\/arrow-energy.com\/sp\/turnkey-projects\/\">Proyectos Llave en Mano<\/a><\/li>\n<\/ul>\n<\/li>\n<\/ul><\/div><\/aside>\t\t\t\t<\/div>\n\t\t\t\t<\/div>\n\t\t\t\t<\/div>\n\t\t<div class=\"elementor-element elementor-element-944c8b5 e-con-full e-flex e-con e-child\" data-id=\"944c8b5\" data-element_type=\"container\" data-e-type=\"container\">\n\t\t\t\t<div class=\"elementor-element elementor-element-d7fa5ff elementor-widget elementor-widget-video\" data-id=\"d7fa5ff\" data-element_type=\"widget\" data-e-type=\"widget\" data-settings=\"{&quot;youtube_url&quot;:&quot;https:\\\/\\\/youtu.be\\\/JLE4osdy3OI?si=RdAQPzKnhxLw676Z&quot;,&quot;autoplay&quot;:&quot;yes&quot;,&quot;play_on_mobile&quot;:&quot;yes&quot;,&quot;mute&quot;:&quot;yes&quot;,&quot;loop&quot;:&quot;yes&quot;,&quot;video_type&quot;:&quot;youtube&quot;,&quot;controls&quot;:&quot;yes&quot;}\" data-widget_type=\"video.default\">\n\t\t\t\t<div class=\"elementor-widget-container\">\n\t\t\t\t\t\t\t<div class=\"elementor-wrapper elementor-open-inline\">\n\t\t\t<div class=\"elementor-video\"><\/div>\t\t<\/div>\n\t\t\t\t\t\t<\/div>\n\t\t\t\t<\/div>\n\t\t\t\t<div class=\"elementor-element elementor-element-1559f20 elementor-widget elementor-widget-heading\" data-id=\"1559f20\" data-element_type=\"widget\" data-e-type=\"widget\" data-widget_type=\"heading.default\">\n\t\t\t\t<div class=\"elementor-widget-container\">\n\t\t\t\t\t<h2 class=\"elementor-heading-title elementor-size-default\">\"Reacondicionamiento de Calderas: Modernizaci\u00f3n de Eficiencia y Capacidad\"<\/h2>\t\t\t\t<\/div>\n\t\t\t\t<\/div>\n\t\t\t\t<div class=\"elementor-element elementor-element-ba87d69 elementor-widget elementor-widget-text-editor\" data-id=\"ba87d69\" data-element_type=\"widget\" data-e-type=\"widget\" data-widget_type=\"text-editor.default\">\n\t\t\t\t<div class=\"elementor-widget-container\">\n\t\t\t\t\t\t\t\t\tSoluciones de modernizaci\u00f3n de calderas son esenciales para mejorar la eficiencia, aumentar la capacidad y garantizar el cumplimiento de normativas modernas. Nuestras innovadoras estrategias transforman calderas existentes en sistemas de alto rendimiento y respetuosos con el medio ambiente.\n\n<h5><b>Caracter\u00edsticas y Especialidades que Nos Diferencian<\/b><\/h5> <ul> <li style=\"list-style-type: none;\"> <ul> <li style=\"font-weight: 400;\" aria-level=\"1\"><b>Soluciones de Modernizaci\u00f3n Personalizadas:<\/b><span style=\"font-weight: 400;\"> Modificaciones a medida para satisfacer los requisitos espec\u00edficos y objetivos operativos de su caldera.<\/span><\/li> <li style=\"font-weight: 400;\" aria-level=\"1\"><b>Mayor Eficiencia:<\/b><span style=\"font-weight: 400;\"> Optimiza el uso de energ\u00eda y reduce el consumo de combustible para operaciones rentables.<\/span><\/li> <\/ul> <\/li> <\/ul> <ul> <li style=\"font-weight: 400;\" aria-level=\"1\"><b>Aumento de Capacidad:<\/b><span style=\"font-weight: 400;\"> Mejoras dise\u00f1adas para manejar mayores cargas y adaptarse a las cambiantes demandas.<\/span><\/li> <li style=\"font-weight: 400;\" aria-level=\"1\"><b>Cumplimiento Ambiental:<\/b><span style=\"font-weight: 400;\"> Reduce emisiones y se ajusta a estrictas normativas regulatorias.<\/span><\/li> <li style=\"font-weight: 400;\" aria-level=\"1\"><b>Fiabilidad a Largo Plazo:<\/b><span style=\"font-weight: 400;\"> Incorpora componentes duraderos y tecnolog\u00eda avanzada para una vida \u00fatil prolongada de la caldera.<\/span><\/li> <\/ul>\nModernice sus sistemas de calderas con nuestras soluciones de modernizaci\u00f3n, ofreciendo eficiencia, fiabilidad y cumplimiento para un futuro sostenible.\t\t\t\t\t\t\t\t<\/div>\n\t\t\t\t<\/div>\n\t\t\t\t<div class=\"elementor-element elementor-element-79899b1 elementor-arrows-position-inside elementor-pagination-position-outside elementor-widget elementor-widget-image-carousel\" data-id=\"79899b1\" data-element_type=\"widget\" data-e-type=\"widget\" data-settings=\"{&quot;slides_to_show&quot;:&quot;2&quot;,&quot;navigation&quot;:&quot;both&quot;,&quot;autoplay&quot;:&quot;yes&quot;,&quot;pause_on_hover&quot;:&quot;yes&quot;,&quot;pause_on_interaction&quot;:&quot;yes&quot;,&quot;autoplay_speed&quot;:5000,&quot;infinite&quot;:&quot;yes&quot;,&quot;speed&quot;:500}\" data-widget_type=\"image-carousel.default\">\n\t\t\t\t<div class=\"elementor-widget-container\">\n\t\t\t\t\t\t\t<div class=\"elementor-image-carousel-wrapper swiper\" role=\"region\" aria-roledescription=\"carousel\" aria-label=\"Image Carousel\" dir=\"ltr\">\n\t\t\t<div class=\"elementor-image-carousel swiper-wrapper\" aria-live=\"off\">\n\t\t\t\t\t\t\t\t<div class=\"swiper-slide\" role=\"group\" aria-roledescription=\"slide\" aria-label=\"1 of 5\"><figure class=\"swiper-slide-inner\"><img decoding=\"async\" class=\"swiper-slide-image\" src=\"https:\/\/arrow-energy.com\/sp\/wp-content\/uploads\/2025\/09\/ArrowEnergy_Boiler-Retrofits-1.jpeg\" alt=\"ArrowEnergy_Boiler-Retrofits (1)\" \/><\/figure><\/div><div class=\"swiper-slide\" role=\"group\" aria-roledescription=\"slide\" aria-label=\"2 of 5\"><figure class=\"swiper-slide-inner\"><img decoding=\"async\" class=\"swiper-slide-image\" src=\"https:\/\/arrow-energy.com\/sp\/wp-content\/uploads\/2025\/09\/ArrowEnergy_Boiler-Retrofit.jpeg\" alt=\"ArrowEnergy_Boiler-Retrofit\" \/><\/figure><\/div><div class=\"swiper-slide\" role=\"group\" aria-roledescription=\"slide\" aria-label=\"3 of 5\"><figure class=\"swiper-slide-inner\"><img decoding=\"async\" class=\"swiper-slide-image\" src=\"https:\/\/arrow-energy.com\/sp\/wp-content\/uploads\/2025\/09\/ArrowEnergy_Boiler-Retrofits-3.jpeg\" alt=\"ArrowEnergy_Boiler-Retrofits (3)\" \/><\/figure><\/div><div class=\"swiper-slide\" role=\"group\" aria-roledescription=\"slide\" aria-label=\"4 of 5\"><figure class=\"swiper-slide-inner\"><img decoding=\"async\" class=\"swiper-slide-image\" src=\"https:\/\/arrow-energy.com\/sp\/wp-content\/uploads\/2025\/09\/ArrowEnergy_Boiler-Retrofits-2.jpeg\" alt=\"ArrowEnergy_Boiler-Retrofits (2)\" \/><\/figure><\/div><div class=\"swiper-slide\" role=\"group\" aria-roledescription=\"slide\" aria-label=\"5 of 5\"><figure class=\"swiper-slide-inner\"><img decoding=\"async\" class=\"swiper-slide-image\" src=\"https:\/\/arrow-energy.com\/sp\/wp-content\/uploads\/2025\/09\/ArrowEnergy_Boiler-Retrofits.jpeg\" alt=\"ArrowEnergy_Boiler-Retrofits\" \/><\/figure><\/div>\t\t\t<\/div>\n\t\t\t\t\t\t\t\t\t\t\t\t<div class=\"elementor-swiper-button elementor-swiper-button-prev\" role=\"button\" tabindex=\"0\">\n\t\t\t\t\t\t<svg aria-hidden=\"true\" class=\"e-font-icon-svg e-eicon-chevron-left\" viewBox=\"0 0 1000 1000\" xmlns=\"http:\/\/www.w3.org\/2000\/svg\"><path d=\"M646 125C629 125 613 133 604 142L308 442C296 454 292 471 292 487 292 504 296 521 308 533L604 854C617 867 629 875 646 875 663 875 679 871 692 858 704 846 713 829 713 812 713 796 708 779 692 767L438 487 692 225C700 217 708 204 708 187 708 171 704 154 692 142 675 129 663 125 646 125Z\"><\/path><\/svg>\t\t\t\t\t<\/div>\n\t\t\t\t\t<div class=\"elementor-swiper-button elementor-swiper-button-next\" role=\"button\" tabindex=\"0\">\n\t\t\t\t\t\t<svg aria-hidden=\"true\" class=\"e-font-icon-svg e-eicon-chevron-right\" viewBox=\"0 0 1000 1000\" xmlns=\"http:\/\/www.w3.org\/2000\/svg\"><path d=\"M696 533C708 521 713 504 713 487 713 471 708 454 696 446L400 146C388 133 375 125 354 125 338 125 325 129 313 142 300 154 292 171 292 187 292 204 296 221 308 233L563 492 304 771C292 783 288 800 288 817 288 833 296 850 308 863 321 871 338 875 354 875 371 875 388 867 400 854L696 533Z\"><\/path><\/svg>\t\t\t\t\t<\/div>\n\t\t\t\t\n\t\t\t\t\t\t\t\t\t<div class=\"swiper-pagination\"><\/div>\n\t\t\t\t\t\t\t\t\t<\/div>\n\t\t\t\t\t\t<\/div>\n\t\t\t\t<\/div>\n\t\t\t\t<\/div>\n\t\t\t\t\t<\/div>\n\t\t\t\t<\/div>\n\t\t\t\t<\/div>\n\t\t","protected":false},"excerpt":{"rendered":"<p>&#8220;Reacondicionamiento de Calderas: Modernizaci\u00f3n de Eficiencia y Capacidad&#8221; Soluciones de modernizaci\u00f3n de calderas son esenciales para mejorar la eficiencia, aumentar la capacidad y garantizar el cumplimiento de normativas modernas. Nuestras innovadoras estrategias transforman calderas existentes en sistemas de alto rendimiento y respetuosos con el medio ambiente. Caracter\u00edsticas y Especialidades que Nos Diferencian Soluciones de Modernizaci\u00f3n &hellip; <a href=\"https:\/\/arrow-energy.com\/sp\/boiler-retrofits\/\" class=\"more-link\">Continue reading <span class=\"screen-reader-text\">Reacondicionamiento de calderas<\/span><\/a><\/p>\n","protected":false},"author":1,"featured_media":0,"parent":0,"menu_order":0,"comment_status":"closed","ping_status":"closed","template":"elementor_header_footer","meta":{"nf_dc_page":"","_monsterinsights_skip_tracking":false,"_monsterinsights_sitenote_active":false,"_monsterinsights_sitenote_note":"","_monsterinsights_sitenote_category":0,"footnotes":""},"class_list":["post-10885","page","type-page","status-publish","hentry"],"yoast_head":"<!-- This site is optimized with the Yoast SEO Premium plugin v25.6 (Yoast SEO v27.4) - https:\/\/yoast.com\/product\/yoast-seo-premium-wordpress\/ -->\n<title>Reacondicionamiento de calderas - Arrow Energy<\/title>\n<meta name=\"robots\" content=\"index, follow, max-snippet:-1, max-image-preview:large, max-video-preview:-1\" \/>\n<link rel=\"canonical\" href=\"https:\/\/arrow-energy.com\/sp\/boiler-retrofits\/\" \/>\n<meta property=\"og:locale\" content=\"en_US\" \/>\n<meta property=\"og:type\" content=\"article\" \/>\n<meta property=\"og:title\" content=\"Reacondicionamiento de calderas\" \/>\n<meta property=\"og:description\" content=\"&#8220;Reacondicionamiento de Calderas: Modernizaci\u00f3n de Eficiencia y Capacidad&#8221; Soluciones de modernizaci\u00f3n de calderas son esenciales para mejorar la eficiencia, aumentar la capacidad y garantizar el cumplimiento de normativas modernas. Nuestras innovadoras estrategias transforman calderas existentes en sistemas de alto rendimiento y respetuosos con el medio ambiente. Caracter\u00edsticas y Especialidades que Nos Diferencian Soluciones de Modernizaci\u00f3n &hellip; Continue reading Reacondicionamiento de calderas\" \/>\n<meta property=\"og:url\" content=\"https:\/\/arrow-energy.com\/sp\/boiler-retrofits\/\" \/>\n<meta property=\"og:site_name\" content=\"Arrow Energy\" \/>\n<meta property=\"article:publisher\" content=\"https:\/\/www.facebook.com\/Arrowenergy.thailand\" \/>\n<meta property=\"article:modified_time\" content=\"2025-09-05T11:17:13+00:00\" \/>\n<meta property=\"og:image\" content=\"https:\/\/arrow-energy.com\/sp\/wp-content\/uploads\/2025\/09\/ArrowEnergy_Boiler-Retrofits-1.jpeg\" \/>\n<meta name=\"twitter:card\" content=\"summary_large_image\" \/>\n<meta name=\"twitter:label1\" content=\"Est. reading time\" \/>\n\t<meta name=\"twitter:data1\" content=\"3 minutes\" \/>\n<script type=\"application\/ld+json\" class=\"yoast-schema-graph\">{\"@context\":\"https:\\\/\\\/schema.org\",\"@graph\":[{\"@type\":\"WebPage\",\"@id\":\"https:\\\/\\\/arrow-energy.com\\\/sp\\\/boiler-retrofits\\\/\",\"url\":\"https:\\\/\\\/arrow-energy.com\\\/sp\\\/boiler-retrofits\\\/\",\"name\":\"Reacondicionamiento de calderas - Arrow Energy\",\"isPartOf\":{\"@id\":\"https:\\\/\\\/arrow-energy.com\\\/sp\\\/#website\"},\"primaryImageOfPage\":{\"@id\":\"https:\\\/\\\/arrow-energy.com\\\/sp\\\/boiler-retrofits\\\/#primaryimage\"},\"image\":{\"@id\":\"https:\\\/\\\/arrow-energy.com\\\/sp\\\/boiler-retrofits\\\/#primaryimage\"},\"thumbnailUrl\":\"https:\\\/\\\/arrow-energy.com\\\/sp\\\/wp-content\\\/uploads\\\/2025\\\/09\\\/ArrowEnergy_Boiler-Retrofits-1.jpeg\",\"datePublished\":\"2024-12-19T11:54:17+00:00\",\"dateModified\":\"2025-09-05T11:17:13+00:00\",\"breadcrumb\":{\"@id\":\"https:\\\/\\\/arrow-energy.com\\\/sp\\\/boiler-retrofits\\\/#breadcrumb\"},\"inLanguage\":\"en-US\",\"potentialAction\":[{\"@type\":\"ReadAction\",\"target\":[\"https:\\\/\\\/arrow-energy.com\\\/sp\\\/boiler-retrofits\\\/\"]}]},{\"@type\":\"ImageObject\",\"inLanguage\":\"en-US\",\"@id\":\"https:\\\/\\\/arrow-energy.com\\\/sp\\\/boiler-retrofits\\\/#primaryimage\",\"url\":\"https:\\\/\\\/arrow-energy.com\\\/sp\\\/wp-content\\\/uploads\\\/2025\\\/09\\\/ArrowEnergy_Boiler-Retrofits-1.jpeg\",\"contentUrl\":\"https:\\\/\\\/arrow-energy.com\\\/sp\\\/wp-content\\\/uploads\\\/2025\\\/09\\\/ArrowEnergy_Boiler-Retrofits-1.jpeg\",\"width\":1500,\"height\":1001},{\"@type\":\"BreadcrumbList\",\"@id\":\"https:\\\/\\\/arrow-energy.com\\\/sp\\\/boiler-retrofits\\\/#breadcrumb\",\"itemListElement\":[{\"@type\":\"ListItem\",\"position\":1,\"name\":\"Home\",\"item\":\"https:\\\/\\\/arrow-energy.com\\\/sp\\\/\"},{\"@type\":\"ListItem\",\"position\":2,\"name\":\"Reacondicionamiento de calderas\"}]},{\"@type\":\"WebSite\",\"@id\":\"https:\\\/\\\/arrow-energy.com\\\/sp\\\/#website\",\"url\":\"https:\\\/\\\/arrow-energy.com\\\/sp\\\/\",\"name\":\"https:\\\/\\\/arrow-energy.com\\\/sp\",\"description\":\"&quot;Arrow Energy es un actor destacado en las renovaciones del sector energ\u00e9tico. Altamente competente en la ingenier\u00eda y construcci\u00f3n de equipos de control de la contaminaci\u00f3n.&quot;\",\"publisher\":{\"@id\":\"https:\\\/\\\/arrow-energy.com\\\/sp\\\/#organization\"},\"alternateName\":\"https:\\\/\\\/arrow-energy.com\\\/sp\",\"potentialAction\":[{\"@type\":\"SearchAction\",\"target\":{\"@type\":\"EntryPoint\",\"urlTemplate\":\"https:\\\/\\\/arrow-energy.com\\\/sp\\\/?s={search_term_string}\"},\"query-input\":{\"@type\":\"PropertyValueSpecification\",\"valueRequired\":true,\"valueName\":\"search_term_string\"}}],\"inLanguage\":\"en-US\"},{\"@type\":\"Organization\",\"@id\":\"https:\\\/\\\/arrow-energy.com\\\/sp\\\/#organization\",\"name\":\"Arrow Energy Co., Ltd.\",\"alternateName\":\"Arrow Enrgy\",\"url\":\"https:\\\/\\\/arrow-energy.com\\\/sp\\\/\",\"logo\":{\"@type\":\"ImageObject\",\"inLanguage\":\"en-US\",\"@id\":\"https:\\\/\\\/arrow-energy.com\\\/sp\\\/#\\\/schema\\\/logo\\\/image\\\/\",\"url\":\"https:\\\/\\\/arrow-energy.com\\\/sp\\\/wp-content\\\/uploads\\\/2024\\\/07\\\/Arrow-Logo-3.png\",\"contentUrl\":\"https:\\\/\\\/arrow-energy.com\\\/sp\\\/wp-content\\\/uploads\\\/2024\\\/07\\\/Arrow-Logo-3.png\",\"width\":376,\"height\":170,\"caption\":\"Arrow Energy Co., Ltd.\"},\"image\":{\"@id\":\"https:\\\/\\\/arrow-energy.com\\\/sp\\\/#\\\/schema\\\/logo\\\/image\\\/\"},\"sameAs\":[\"https:\\\/\\\/www.facebook.com\\\/Arrowenergy.thailand\",\"https:\\\/\\\/www.instagram.com\\\/arrowenergy.thailand\\\/?hl=th\",\"https:\\\/\\\/www.linkedin.com\\\/company\\\/arrowenergy\\\/\",\"https:\\\/\\\/www.youtube.com\\\/channel\\\/UCV0ZxGWibSEttNCQawue0vw\"]}]}<\/script>\n<!-- \/ Yoast SEO Premium plugin. -->","yoast_head_json":{"title":"Reacondicionamiento de calderas - Arrow Energy","robots":{"index":"index","follow":"follow","max-snippet":"max-snippet:-1","max-image-preview":"max-image-preview:large","max-video-preview":"max-video-preview:-1"},"canonical":"https:\/\/arrow-energy.com\/sp\/boiler-retrofits\/","og_locale":"en_US","og_type":"article","og_title":"Reacondicionamiento de calderas","og_description":"&#8220;Reacondicionamiento de Calderas: Modernizaci\u00f3n de Eficiencia y Capacidad&#8221; Soluciones de modernizaci\u00f3n de calderas son esenciales para mejorar la eficiencia, aumentar la capacidad y garantizar el cumplimiento de normativas modernas. Nuestras innovadoras estrategias transforman calderas existentes en sistemas de alto rendimiento y respetuosos con el medio ambiente. Caracter\u00edsticas y Especialidades que Nos Diferencian Soluciones de Modernizaci\u00f3n &hellip; Continue reading Reacondicionamiento de calderas","og_url":"https:\/\/arrow-energy.com\/sp\/boiler-retrofits\/","og_site_name":"Arrow Energy","article_publisher":"https:\/\/www.facebook.com\/Arrowenergy.thailand","article_modified_time":"2025-09-05T11:17:13+00:00","og_image":[{"url":"https:\/\/arrow-energy.com\/sp\/wp-content\/uploads\/2025\/09\/ArrowEnergy_Boiler-Retrofits-1.jpeg","type":"","width":"","height":""}],"twitter_card":"summary_large_image","twitter_misc":{"Est. reading time":"3 minutes"},"schema":{"@context":"https:\/\/schema.org","@graph":[{"@type":"WebPage","@id":"https:\/\/arrow-energy.com\/sp\/boiler-retrofits\/","url":"https:\/\/arrow-energy.com\/sp\/boiler-retrofits\/","name":"Reacondicionamiento de calderas - Arrow Energy","isPartOf":{"@id":"https:\/\/arrow-energy.com\/sp\/#website"},"primaryImageOfPage":{"@id":"https:\/\/arrow-energy.com\/sp\/boiler-retrofits\/#primaryimage"},"image":{"@id":"https:\/\/arrow-energy.com\/sp\/boiler-retrofits\/#primaryimage"},"thumbnailUrl":"https:\/\/arrow-energy.com\/sp\/wp-content\/uploads\/2025\/09\/ArrowEnergy_Boiler-Retrofits-1.jpeg","datePublished":"2024-12-19T11:54:17+00:00","dateModified":"2025-09-05T11:17:13+00:00","breadcrumb":{"@id":"https:\/\/arrow-energy.com\/sp\/boiler-retrofits\/#breadcrumb"},"inLanguage":"en-US","potentialAction":[{"@type":"ReadAction","target":["https:\/\/arrow-energy.com\/sp\/boiler-retrofits\/"]}]},{"@type":"ImageObject","inLanguage":"en-US","@id":"https:\/\/arrow-energy.com\/sp\/boiler-retrofits\/#primaryimage","url":"https:\/\/arrow-energy.com\/sp\/wp-content\/uploads\/2025\/09\/ArrowEnergy_Boiler-Retrofits-1.jpeg","contentUrl":"https:\/\/arrow-energy.com\/sp\/wp-content\/uploads\/2025\/09\/ArrowEnergy_Boiler-Retrofits-1.jpeg","width":1500,"height":1001},{"@type":"BreadcrumbList","@id":"https:\/\/arrow-energy.com\/sp\/boiler-retrofits\/#breadcrumb","itemListElement":[{"@type":"ListItem","position":1,"name":"Home","item":"https:\/\/arrow-energy.com\/sp\/"},{"@type":"ListItem","position":2,"name":"Reacondicionamiento de calderas"}]},{"@type":"WebSite","@id":"https:\/\/arrow-energy.com\/sp\/#website","url":"https:\/\/arrow-energy.com\/sp\/","name":"https:\/\/arrow-energy.com\/sp","description":"&quot;Arrow Energy es un actor destacado en las renovaciones del sector energ\u00e9tico. Altamente competente en la ingenier\u00eda y construcci\u00f3n de equipos de control de la contaminaci\u00f3n.&quot;","publisher":{"@id":"https:\/\/arrow-energy.com\/sp\/#organization"},"alternateName":"https:\/\/arrow-energy.com\/sp","potentialAction":[{"@type":"SearchAction","target":{"@type":"EntryPoint","urlTemplate":"https:\/\/arrow-energy.com\/sp\/?s={search_term_string}"},"query-input":{"@type":"PropertyValueSpecification","valueRequired":true,"valueName":"search_term_string"}}],"inLanguage":"en-US"},{"@type":"Organization","@id":"https:\/\/arrow-energy.com\/sp\/#organization","name":"Arrow Energy Co., Ltd.","alternateName":"Arrow Enrgy","url":"https:\/\/arrow-energy.com\/sp\/","logo":{"@type":"ImageObject","inLanguage":"en-US","@id":"https:\/\/arrow-energy.com\/sp\/#\/schema\/logo\/image\/","url":"https:\/\/arrow-energy.com\/sp\/wp-content\/uploads\/2024\/07\/Arrow-Logo-3.png","contentUrl":"https:\/\/arrow-energy.com\/sp\/wp-content\/uploads\/2024\/07\/Arrow-Logo-3.png","width":376,"height":170,"caption":"Arrow Energy Co., Ltd."},"image":{"@id":"https:\/\/arrow-energy.com\/sp\/#\/schema\/logo\/image\/"},"sameAs":["https:\/\/www.facebook.com\/Arrowenergy.thailand","https:\/\/www.instagram.com\/arrowenergy.thailand\/?hl=th","https:\/\/www.linkedin.com\/company\/arrowenergy\/","https:\/\/www.youtube.com\/channel\/UCV0ZxGWibSEttNCQawue0vw"]}]}},"_links":{"self":[{"href":"https:\/\/arrow-energy.com\/sp\/wp-json\/wp\/v2\/pages\/10885","targetHints":{"allow":["GET"]}}],"collection":[{"href":"https:\/\/arrow-energy.com\/sp\/wp-json\/wp\/v2\/pages"}],"about":[{"href":"https:\/\/arrow-energy.com\/sp\/wp-json\/wp\/v2\/types\/page"}],"author":[{"embeddable":true,"href":"https:\/\/arrow-energy.com\/sp\/wp-json\/wp\/v2\/users\/1"}],"replies":[{"embeddable":true,"href":"https:\/\/arrow-energy.com\/sp\/wp-json\/wp\/v2\/comments?post=10885"}],"version-history":[{"count":48,"href":"https:\/\/arrow-energy.com\/sp\/wp-json\/wp\/v2\/pages\/10885\/revisions"}],"predecessor-version":[{"id":13567,"href":"https:\/\/arrow-energy.com\/sp\/wp-json\/wp\/v2\/pages\/10885\/revisions\/13567"}],"wp:attachment":[{"href":"https:\/\/arrow-energy.com\/sp\/wp-json\/wp\/v2\/media?parent=10885"}],"curies":[{"name":"wp","href":"https:\/\/api.w.org\/{rel}","templated":true}]}}