{"id":10893,"date":"2024-12-19T11:56:52","date_gmt":"2024-12-19T11:56:52","guid":{"rendered":"https:\/\/sp.arrow-energy.com\/?page_id=10893"},"modified":"2025-09-05T11:27:37","modified_gmt":"2025-09-05T11:27:37","slug":"commissioning-troubleshooting","status":"publish","type":"page","link":"https:\/\/arrow-energy.com\/sp\/commissioning-troubleshooting\/","title":{"rendered":"Puesta en Marcha y Soluci\u00f3n de Problemas"},"content":{"rendered":"\t\t<div data-elementor-type=\"wp-page\" data-elementor-id=\"10893\" class=\"elementor elementor-10893\" data-elementor-post-type=\"page\">\n\t\t\t\t<div class=\"elementor-element elementor-element-faaf833 e-flex e-con-boxed e-con e-parent\" data-id=\"faaf833\" data-element_type=\"container\" data-e-type=\"container\">\n\t\t\t\t\t<div class=\"e-con-inner\">\n\t\t<div class=\"elementor-element elementor-element-5812a4a e-con-full e-flex e-con e-child\" data-id=\"5812a4a\" data-element_type=\"container\" data-e-type=\"container\" data-settings=\"{&quot;background_background&quot;:&quot;classic&quot;}\">\n\t\t\t\t<div class=\"elementor-element elementor-element-b86120d elementor-widget elementor-widget-sidebar\" data-id=\"b86120d\" data-element_type=\"widget\" data-e-type=\"widget\" data-widget_type=\"sidebar.default\">\n\t\t\t\t<div class=\"elementor-widget-container\">\n\t\t\t\t\t<aside id=\"nav_menu-33\" class=\"widget-odd widget-last widget-first widget-1 widget widget_nav_menu\"><div class=\"menu-service-container\"><ul id=\"menu-service\" class=\"menu\"><li id=\"menu-item-12396\" class=\"menu-item menu-item-type-post_type menu-item-object-page menu-item-has-children menu-item-12396 wp-menu-img wp-menu-img-before\"><a href=\"https:\/\/arrow-energy.com\/sp\/site-services\/\">Servicios<\/a>\n<ul class=\"sub-menu\">\n\t<li id=\"menu-item-11934\" class=\"menu-item menu-item-type-post_type menu-item-object-page menu-item-11934 wp-menu-img wp-menu-img-before\"><a href=\"https:\/\/arrow-energy.com\/sp\/esp-modification\/\">Modificaci\u00f3n ESP<\/a><\/li>\n\t<li id=\"menu-item-11935\" class=\"menu-item menu-item-type-post_type menu-item-object-page menu-item-11935 wp-menu-img wp-menu-img-before\"><a href=\"https:\/\/arrow-energy.com\/sp\/site-services\/pollution-control-system-upgrade\/\">Actualizaci\u00f3n del Sistema de Control de Contaminaci\u00f3n<\/a><\/li>\n\t<li id=\"menu-item-11936\" class=\"menu-item menu-item-type-post_type menu-item-object-page menu-item-11936 wp-menu-img wp-menu-img-before\"><a href=\"https:\/\/arrow-energy.com\/sp\/boiler-retrofits\/\">Reacondicionamiento de calderas<\/a><\/li>\n\t<li id=\"menu-item-11937\" class=\"menu-item menu-item-type-post_type menu-item-object-page menu-item-11937 wp-menu-img wp-menu-img-before\"><a href=\"https:\/\/arrow-energy.com\/sp\/commissioning-troubleshooting\/\">Puesta en Marcha y Soluci\u00f3n de Problemas<\/a><\/li>\n\t<li id=\"menu-item-11938\" class=\"menu-item menu-item-type-post_type menu-item-object-page menu-item-11938 wp-menu-img wp-menu-img-before\"><a href=\"https:\/\/arrow-energy.com\/sp\/turnkey-projects\/\">Proyectos Llave en Mano<\/a><\/li>\n<\/ul>\n<\/li>\n<\/ul><\/div><\/aside>\t\t\t\t<\/div>\n\t\t\t\t<\/div>\n\t\t\t\t<\/div>\n\t\t<div class=\"elementor-element elementor-element-21d2e90 e-con-full e-flex e-con e-child\" data-id=\"21d2e90\" data-element_type=\"container\" data-e-type=\"container\">\n\t\t\t\t<div class=\"elementor-element elementor-element-0d54c74 elementor-widget elementor-widget-heading\" data-id=\"0d54c74\" data-element_type=\"widget\" data-e-type=\"widget\" data-widget_type=\"heading.default\">\n\t\t\t\t<div class=\"elementor-widget-container\">\n\t\t\t\t\t<h2 class=\"elementor-heading-title elementor-size-default\">Puesta en Marcha y Soluci\u00f3n de Problemas: Garantizando Operaciones Sin Interrupciones<\/h2>\t\t\t\t<\/div>\n\t\t\t\t<\/div>\n\t\t\t\t<div class=\"elementor-element elementor-element-7c35a4d elementor-widget elementor-widget-text-editor\" data-id=\"7c35a4d\" data-element_type=\"widget\" data-e-type=\"widget\" data-widget_type=\"text-editor.default\">\n\t\t\t\t<div class=\"elementor-widget-container\">\n\t\t\t\t\t\t\t\t\t<span style=\"font-weight: 400;\">Nuestros <\/span><b>servicios de puesta en marcha y soluci\u00f3n de problemas<\/b><span style=\"font-weight: 400;\"> est\u00e1n dise\u00f1ados para garantizar inicios sin contratiempos, <\/span><b>optimizar el rendimiento<\/b><span style=\"font-weight: 400;\"> y resolver desaf\u00edos operativos. Con conocimientos expertos y una ejecuci\u00f3n precisa, ayudamos a sus sistemas a alcanzar <\/span><b>m\u00e1xima eficiencia<\/b><span style=\"font-weight: 400;\"> desde el primer d\u00eda.<\/span>  \n\n<h5><b>Caracter\u00edsticas y Especialidades que Nos Diferencian<\/b><\/h5>  \n<ul>  \n \t<li style=\"font-weight: 400;\" aria-level=\"1\"><b>Puesta en Marcha Experta:<\/b><span style=\"font-weight: 400;\"> Garantiza un inicio del sistema sin fallos con una meticulosa atenci\u00f3n al detalle.<\/span><\/li>  \n \t<li style=\"font-weight: 400;\" aria-level=\"1\"><b>Soluci\u00f3n Precisa de Problemas:<\/b><span style=\"font-weight: 400;\"> Identificaci\u00f3n y resoluci\u00f3n r\u00e1pida de problemas operativos para minimizar el tiempo de inactividad.<\/span><\/li>  \n \t<li style=\"font-weight: 400;\" aria-level=\"1\"><b>Optimizaci\u00f3n del Rendimiento:<\/b><span style=\"font-weight: 400;\"> Mejora la funcionalidad del sistema para una eficiencia operativa m\u00e1xima.<\/span><\/li>  \n \t<li style=\"font-weight: 400;\" aria-level=\"1\"><b>Soporte Integral:<\/b><span style=\"font-weight: 400;\"> Brinda asistencia en sitio y monitoreo remoto para una fiabilidad continua.<\/span><\/li>  \n \t<li style=\"font-weight: 400;\" aria-level=\"1\"><b>Soluciones Personalizadas:<\/b><span style=\"font-weight: 400;\"> Estrategias a medida para abordar desaf\u00edos y requisitos espec\u00edficos del sistema.<\/span><\/li>  \n<\/ul>  \n\n<b>Conf\u00ede en nuestra experiencia para poner en marcha y mantener sus operaciones sin interrupciones, garantizando el rendimiento y la fiabilidad en los que puede confiar.<\/b>\t\t\t\t\t\t\t\t<\/div>\n\t\t\t\t<\/div>\n\t\t\t\t<div class=\"elementor-element elementor-element-7d5ff9f elementor-arrows-position-inside elementor-pagination-position-outside elementor-widget elementor-widget-image-carousel\" data-id=\"7d5ff9f\" data-element_type=\"widget\" data-e-type=\"widget\" data-settings=\"{&quot;slides_to_show&quot;:&quot;2&quot;,&quot;slides_to_scroll&quot;:&quot;1&quot;,&quot;navigation&quot;:&quot;both&quot;,&quot;autoplay&quot;:&quot;yes&quot;,&quot;pause_on_hover&quot;:&quot;yes&quot;,&quot;pause_on_interaction&quot;:&quot;yes&quot;,&quot;autoplay_speed&quot;:5000,&quot;infinite&quot;:&quot;yes&quot;,&quot;speed&quot;:500}\" data-widget_type=\"image-carousel.default\">\n\t\t\t\t<div class=\"elementor-widget-container\">\n\t\t\t\t\t\t\t<div class=\"elementor-image-carousel-wrapper swiper\" role=\"region\" aria-roledescription=\"carousel\" aria-label=\"Image Carousel\" dir=\"ltr\">\n\t\t\t<div class=\"elementor-image-carousel swiper-wrapper\" aria-live=\"off\">\n\t\t\t\t\t\t\t\t<div class=\"swiper-slide\" role=\"group\" aria-roledescription=\"slide\" aria-label=\"1 of 8\"><figure class=\"swiper-slide-inner\"><img decoding=\"async\" class=\"swiper-slide-image\" src=\"https:\/\/arrow-energy.com\/sp\/wp-content\/uploads\/2025\/09\/ArrowEnergy_Commissioning-Troubleshootin.jpeg\" alt=\"ArrowEnergy_Commissioning-Troubleshootin\" \/><\/figure><\/div><div class=\"swiper-slide\" role=\"group\" aria-roledescription=\"slide\" aria-label=\"2 of 8\"><figure class=\"swiper-slide-inner\"><img decoding=\"async\" class=\"swiper-slide-image\" src=\"https:\/\/arrow-energy.com\/sp\/wp-content\/uploads\/2025\/09\/ArrowEnergy_Commissioning-Troubleshooting-2.jpeg\" alt=\"ArrowEnergy_Commissioning-Troubleshooting (2)\" \/><\/figure><\/div><div class=\"swiper-slide\" role=\"group\" aria-roledescription=\"slide\" aria-label=\"3 of 8\"><figure class=\"swiper-slide-inner\"><img decoding=\"async\" class=\"swiper-slide-image\" src=\"https:\/\/arrow-energy.com\/sp\/wp-content\/uploads\/2025\/09\/ArrowEnergy_Commissioning-Troubleshooting.jpeg\" alt=\"ArrowEnergy_Commissioning-Troubleshooting\" \/><\/figure><\/div><div class=\"swiper-slide\" role=\"group\" aria-roledescription=\"slide\" aria-label=\"4 of 8\"><figure class=\"swiper-slide-inner\"><img decoding=\"async\" class=\"swiper-slide-image\" src=\"https:\/\/arrow-energy.com\/sp\/wp-content\/uploads\/2025\/09\/ArrowEnergy_Commissioning-Troubleshooting-1.jpeg\" alt=\"ArrowEnergy_Commissioning-Troubleshooting (1)\" \/><\/figure><\/div><div class=\"swiper-slide\" role=\"group\" aria-roledescription=\"slide\" aria-label=\"5 of 8\"><figure class=\"swiper-slide-inner\"><img decoding=\"async\" class=\"swiper-slide-image\" src=\"https:\/\/arrow-energy.com\/sp\/wp-content\/uploads\/2025\/09\/ArrowEnergy_Commissioning-Troubleshooting-3.jpeg\" alt=\"ArrowEnergy_Commissioning-Troubleshooting (3)\" \/><\/figure><\/div><div class=\"swiper-slide\" role=\"group\" aria-roledescription=\"slide\" aria-label=\"6 of 8\"><figure class=\"swiper-slide-inner\"><img decoding=\"async\" class=\"swiper-slide-image\" src=\"https:\/\/arrow-energy.com\/sp\/wp-content\/uploads\/2025\/09\/ArrowEnergy_Commissioning-Troubleshooting-5.jpeg\" alt=\"ArrowEnergy_Commissioning-Troubleshooting (5)\" \/><\/figure><\/div><div class=\"swiper-slide\" role=\"group\" aria-roledescription=\"slide\" aria-label=\"7 of 8\"><figure class=\"swiper-slide-inner\"><img decoding=\"async\" class=\"swiper-slide-image\" src=\"https:\/\/arrow-energy.com\/sp\/wp-content\/uploads\/2025\/09\/ArrowEnergy_Commissioning-Troubleshooting-4.jpeg\" alt=\"ArrowEnergy_Commissioning-Troubleshooting (4)\" \/><\/figure><\/div><div class=\"swiper-slide\" role=\"group\" aria-roledescription=\"slide\" aria-label=\"8 of 8\"><figure class=\"swiper-slide-inner\"><img decoding=\"async\" class=\"swiper-slide-image\" src=\"https:\/\/arrow-energy.com\/sp\/wp-content\/uploads\/2025\/09\/ArrowEnergy_Commissioning-Troubleshooting-6.jpeg\" alt=\"ArrowEnergy_Commissioning-Troubleshooting (6)\" \/><\/figure><\/div>\t\t\t<\/div>\n\t\t\t\t\t\t\t\t\t\t\t\t<div class=\"elementor-swiper-button elementor-swiper-button-prev\" role=\"button\" tabindex=\"0\">\n\t\t\t\t\t\t<svg aria-hidden=\"true\" class=\"e-font-icon-svg e-eicon-chevron-left\" viewBox=\"0 0 1000 1000\" xmlns=\"http:\/\/www.w3.org\/2000\/svg\"><path d=\"M646 125C629 125 613 133 604 142L308 442C296 454 292 471 292 487 292 504 296 521 308 533L604 854C617 867 629 875 646 875 663 875 679 871 692 858 704 846 713 829 713 812 713 796 708 779 692 767L438 487 692 225C700 217 708 204 708 187 708 171 704 154 692 142 675 129 663 125 646 125Z\"><\/path><\/svg>\t\t\t\t\t<\/div>\n\t\t\t\t\t<div class=\"elementor-swiper-button elementor-swiper-button-next\" role=\"button\" tabindex=\"0\">\n\t\t\t\t\t\t<svg aria-hidden=\"true\" class=\"e-font-icon-svg e-eicon-chevron-right\" viewBox=\"0 0 1000 1000\" xmlns=\"http:\/\/www.w3.org\/2000\/svg\"><path d=\"M696 533C708 521 713 504 713 487 713 471 708 454 696 446L400 146C388 133 375 125 354 125 338 125 325 129 313 142 300 154 292 171 292 187 292 204 296 221 308 233L563 492 304 771C292 783 288 800 288 817 288 833 296 850 308 863 321 871 338 875 354 875 371 875 388 867 400 854L696 533Z\"><\/path><\/svg>\t\t\t\t\t<\/div>\n\t\t\t\t\n\t\t\t\t\t\t\t\t\t<div class=\"swiper-pagination\"><\/div>\n\t\t\t\t\t\t\t\t\t<\/div>\n\t\t\t\t\t\t<\/div>\n\t\t\t\t<\/div>\n\t\t\t\t<\/div>\n\t\t\t\t\t<\/div>\n\t\t\t\t<\/div>\n\t\t\t\t<\/div>\n\t\t","protected":false},"excerpt":{"rendered":"<p>Puesta en Marcha y Soluci\u00f3n de Problemas: Garantizando Operaciones Sin Interrupciones Nuestros servicios de puesta en marcha y soluci\u00f3n de problemas est\u00e1n dise\u00f1ados para garantizar inicios sin contratiempos, optimizar el rendimiento y resolver desaf\u00edos operativos. Con conocimientos expertos y una ejecuci\u00f3n precisa, ayudamos a sus sistemas a alcanzar m\u00e1xima eficiencia desde el primer d\u00eda. Caracter\u00edsticas &hellip; <a href=\"https:\/\/arrow-energy.com\/sp\/commissioning-troubleshooting\/\" class=\"more-link\">Continue reading <span class=\"screen-reader-text\">Puesta en Marcha y Soluci\u00f3n de Problemas<\/span><\/a><\/p>\n","protected":false},"author":1,"featured_media":0,"parent":0,"menu_order":0,"comment_status":"closed","ping_status":"closed","template":"elementor_header_footer","meta":{"nf_dc_page":"","_monsterinsights_skip_tracking":false,"_monsterinsights_sitenote_active":false,"_monsterinsights_sitenote_note":"","_monsterinsights_sitenote_category":0,"footnotes":""},"class_list":["post-10893","page","type-page","status-publish","hentry"],"yoast_head":"<!-- This site is optimized with the Yoast SEO Premium plugin v25.6 (Yoast SEO v27.4) - https:\/\/yoast.com\/product\/yoast-seo-premium-wordpress\/ -->\n<title>Puesta en Marcha y Soluci\u00f3n de Problemas - Arrow Energy<\/title>\n<meta name=\"robots\" content=\"index, follow, max-snippet:-1, max-image-preview:large, max-video-preview:-1\" \/>\n<link rel=\"canonical\" href=\"https:\/\/arrow-energy.com\/sp\/commissioning-troubleshooting\/\" \/>\n<meta property=\"og:locale\" content=\"en_US\" \/>\n<meta property=\"og:type\" content=\"article\" \/>\n<meta property=\"og:title\" content=\"Puesta en Marcha y Soluci\u00f3n de Problemas\" \/>\n<meta property=\"og:description\" content=\"Puesta en Marcha y Soluci\u00f3n de Problemas: Garantizando Operaciones Sin Interrupciones Nuestros servicios de puesta en marcha y soluci\u00f3n de problemas est\u00e1n dise\u00f1ados para garantizar inicios sin contratiempos, optimizar el rendimiento y resolver desaf\u00edos operativos. Con conocimientos expertos y una ejecuci\u00f3n precisa, ayudamos a sus sistemas a alcanzar m\u00e1xima eficiencia desde el primer d\u00eda. Caracter\u00edsticas &hellip; Continue reading Puesta en Marcha y Soluci\u00f3n de Problemas\" \/>\n<meta property=\"og:url\" content=\"https:\/\/arrow-energy.com\/sp\/commissioning-troubleshooting\/\" \/>\n<meta property=\"og:site_name\" content=\"Arrow Energy\" \/>\n<meta property=\"article:publisher\" content=\"https:\/\/www.facebook.com\/Arrowenergy.thailand\" \/>\n<meta property=\"article:modified_time\" content=\"2025-09-05T11:27:37+00:00\" \/>\n<meta property=\"og:image\" content=\"https:\/\/arrow-energy.com\/sp\/wp-content\/uploads\/2025\/09\/ArrowEnergy_Commissioning-Troubleshootin.jpeg\" \/>\n<meta name=\"twitter:card\" content=\"summary_large_image\" \/>\n<meta name=\"twitter:label1\" content=\"Est. reading time\" \/>\n\t<meta name=\"twitter:data1\" content=\"4 minutes\" \/>\n<script type=\"application\/ld+json\" class=\"yoast-schema-graph\">{\"@context\":\"https:\\\/\\\/schema.org\",\"@graph\":[{\"@type\":\"WebPage\",\"@id\":\"https:\\\/\\\/arrow-energy.com\\\/sp\\\/commissioning-troubleshooting\\\/\",\"url\":\"https:\\\/\\\/arrow-energy.com\\\/sp\\\/commissioning-troubleshooting\\\/\",\"name\":\"Puesta en Marcha y Soluci\u00f3n de Problemas - Arrow Energy\",\"isPartOf\":{\"@id\":\"https:\\\/\\\/arrow-energy.com\\\/sp\\\/#website\"},\"primaryImageOfPage\":{\"@id\":\"https:\\\/\\\/arrow-energy.com\\\/sp\\\/commissioning-troubleshooting\\\/#primaryimage\"},\"image\":{\"@id\":\"https:\\\/\\\/arrow-energy.com\\\/sp\\\/commissioning-troubleshooting\\\/#primaryimage\"},\"thumbnailUrl\":\"https:\\\/\\\/arrow-energy.com\\\/sp\\\/wp-content\\\/uploads\\\/2025\\\/09\\\/ArrowEnergy_Commissioning-Troubleshootin.jpeg\",\"datePublished\":\"2024-12-19T11:56:52+00:00\",\"dateModified\":\"2025-09-05T11:27:37+00:00\",\"breadcrumb\":{\"@id\":\"https:\\\/\\\/arrow-energy.com\\\/sp\\\/commissioning-troubleshooting\\\/#breadcrumb\"},\"inLanguage\":\"en-US\",\"potentialAction\":[{\"@type\":\"ReadAction\",\"target\":[\"https:\\\/\\\/arrow-energy.com\\\/sp\\\/commissioning-troubleshooting\\\/\"]}]},{\"@type\":\"ImageObject\",\"inLanguage\":\"en-US\",\"@id\":\"https:\\\/\\\/arrow-energy.com\\\/sp\\\/commissioning-troubleshooting\\\/#primaryimage\",\"url\":\"https:\\\/\\\/arrow-energy.com\\\/sp\\\/wp-content\\\/uploads\\\/2025\\\/09\\\/ArrowEnergy_Commissioning-Troubleshootin.jpeg\",\"contentUrl\":\"https:\\\/\\\/arrow-energy.com\\\/sp\\\/wp-content\\\/uploads\\\/2025\\\/09\\\/ArrowEnergy_Commissioning-Troubleshootin.jpeg\",\"width\":1450,\"height\":967},{\"@type\":\"BreadcrumbList\",\"@id\":\"https:\\\/\\\/arrow-energy.com\\\/sp\\\/commissioning-troubleshooting\\\/#breadcrumb\",\"itemListElement\":[{\"@type\":\"ListItem\",\"position\":1,\"name\":\"Home\",\"item\":\"https:\\\/\\\/arrow-energy.com\\\/sp\\\/\"},{\"@type\":\"ListItem\",\"position\":2,\"name\":\"Puesta en Marcha y Soluci\u00f3n de Problemas\"}]},{\"@type\":\"WebSite\",\"@id\":\"https:\\\/\\\/arrow-energy.com\\\/sp\\\/#website\",\"url\":\"https:\\\/\\\/arrow-energy.com\\\/sp\\\/\",\"name\":\"https:\\\/\\\/arrow-energy.com\\\/sp\",\"description\":\"&quot;Arrow Energy es un actor destacado en las renovaciones del sector energ\u00e9tico. Altamente competente en la ingenier\u00eda y construcci\u00f3n de equipos de control de la contaminaci\u00f3n.&quot;\",\"publisher\":{\"@id\":\"https:\\\/\\\/arrow-energy.com\\\/sp\\\/#organization\"},\"alternateName\":\"https:\\\/\\\/arrow-energy.com\\\/sp\",\"potentialAction\":[{\"@type\":\"SearchAction\",\"target\":{\"@type\":\"EntryPoint\",\"urlTemplate\":\"https:\\\/\\\/arrow-energy.com\\\/sp\\\/?s={search_term_string}\"},\"query-input\":{\"@type\":\"PropertyValueSpecification\",\"valueRequired\":true,\"valueName\":\"search_term_string\"}}],\"inLanguage\":\"en-US\"},{\"@type\":\"Organization\",\"@id\":\"https:\\\/\\\/arrow-energy.com\\\/sp\\\/#organization\",\"name\":\"Arrow Energy Co., Ltd.\",\"alternateName\":\"Arrow Enrgy\",\"url\":\"https:\\\/\\\/arrow-energy.com\\\/sp\\\/\",\"logo\":{\"@type\":\"ImageObject\",\"inLanguage\":\"en-US\",\"@id\":\"https:\\\/\\\/arrow-energy.com\\\/sp\\\/#\\\/schema\\\/logo\\\/image\\\/\",\"url\":\"https:\\\/\\\/arrow-energy.com\\\/sp\\\/wp-content\\\/uploads\\\/2024\\\/07\\\/Arrow-Logo-3.png\",\"contentUrl\":\"https:\\\/\\\/arrow-energy.com\\\/sp\\\/wp-content\\\/uploads\\\/2024\\\/07\\\/Arrow-Logo-3.png\",\"width\":376,\"height\":170,\"caption\":\"Arrow Energy Co., Ltd.\"},\"image\":{\"@id\":\"https:\\\/\\\/arrow-energy.com\\\/sp\\\/#\\\/schema\\\/logo\\\/image\\\/\"},\"sameAs\":[\"https:\\\/\\\/www.facebook.com\\\/Arrowenergy.thailand\",\"https:\\\/\\\/www.instagram.com\\\/arrowenergy.thailand\\\/?hl=th\",\"https:\\\/\\\/www.linkedin.com\\\/company\\\/arrowenergy\\\/\",\"https:\\\/\\\/www.youtube.com\\\/channel\\\/UCV0ZxGWibSEttNCQawue0vw\"]}]}<\/script>\n<!-- \/ Yoast SEO Premium plugin. -->","yoast_head_json":{"title":"Puesta en Marcha y Soluci\u00f3n de Problemas - Arrow Energy","robots":{"index":"index","follow":"follow","max-snippet":"max-snippet:-1","max-image-preview":"max-image-preview:large","max-video-preview":"max-video-preview:-1"},"canonical":"https:\/\/arrow-energy.com\/sp\/commissioning-troubleshooting\/","og_locale":"en_US","og_type":"article","og_title":"Puesta en Marcha y Soluci\u00f3n de Problemas","og_description":"Puesta en Marcha y Soluci\u00f3n de Problemas: Garantizando Operaciones Sin Interrupciones Nuestros servicios de puesta en marcha y soluci\u00f3n de problemas est\u00e1n dise\u00f1ados para garantizar inicios sin contratiempos, optimizar el rendimiento y resolver desaf\u00edos operativos. Con conocimientos expertos y una ejecuci\u00f3n precisa, ayudamos a sus sistemas a alcanzar m\u00e1xima eficiencia desde el primer d\u00eda. Caracter\u00edsticas &hellip; Continue reading Puesta en Marcha y Soluci\u00f3n de Problemas","og_url":"https:\/\/arrow-energy.com\/sp\/commissioning-troubleshooting\/","og_site_name":"Arrow Energy","article_publisher":"https:\/\/www.facebook.com\/Arrowenergy.thailand","article_modified_time":"2025-09-05T11:27:37+00:00","og_image":[{"url":"https:\/\/arrow-energy.com\/sp\/wp-content\/uploads\/2025\/09\/ArrowEnergy_Commissioning-Troubleshootin.jpeg","type":"","width":"","height":""}],"twitter_card":"summary_large_image","twitter_misc":{"Est. reading time":"4 minutes"},"schema":{"@context":"https:\/\/schema.org","@graph":[{"@type":"WebPage","@id":"https:\/\/arrow-energy.com\/sp\/commissioning-troubleshooting\/","url":"https:\/\/arrow-energy.com\/sp\/commissioning-troubleshooting\/","name":"Puesta en Marcha y Soluci\u00f3n de Problemas - Arrow Energy","isPartOf":{"@id":"https:\/\/arrow-energy.com\/sp\/#website"},"primaryImageOfPage":{"@id":"https:\/\/arrow-energy.com\/sp\/commissioning-troubleshooting\/#primaryimage"},"image":{"@id":"https:\/\/arrow-energy.com\/sp\/commissioning-troubleshooting\/#primaryimage"},"thumbnailUrl":"https:\/\/arrow-energy.com\/sp\/wp-content\/uploads\/2025\/09\/ArrowEnergy_Commissioning-Troubleshootin.jpeg","datePublished":"2024-12-19T11:56:52+00:00","dateModified":"2025-09-05T11:27:37+00:00","breadcrumb":{"@id":"https:\/\/arrow-energy.com\/sp\/commissioning-troubleshooting\/#breadcrumb"},"inLanguage":"en-US","potentialAction":[{"@type":"ReadAction","target":["https:\/\/arrow-energy.com\/sp\/commissioning-troubleshooting\/"]}]},{"@type":"ImageObject","inLanguage":"en-US","@id":"https:\/\/arrow-energy.com\/sp\/commissioning-troubleshooting\/#primaryimage","url":"https:\/\/arrow-energy.com\/sp\/wp-content\/uploads\/2025\/09\/ArrowEnergy_Commissioning-Troubleshootin.jpeg","contentUrl":"https:\/\/arrow-energy.com\/sp\/wp-content\/uploads\/2025\/09\/ArrowEnergy_Commissioning-Troubleshootin.jpeg","width":1450,"height":967},{"@type":"BreadcrumbList","@id":"https:\/\/arrow-energy.com\/sp\/commissioning-troubleshooting\/#breadcrumb","itemListElement":[{"@type":"ListItem","position":1,"name":"Home","item":"https:\/\/arrow-energy.com\/sp\/"},{"@type":"ListItem","position":2,"name":"Puesta en Marcha y Soluci\u00f3n de Problemas"}]},{"@type":"WebSite","@id":"https:\/\/arrow-energy.com\/sp\/#website","url":"https:\/\/arrow-energy.com\/sp\/","name":"https:\/\/arrow-energy.com\/sp","description":"&quot;Arrow Energy es un actor destacado en las renovaciones del sector energ\u00e9tico. Altamente competente en la ingenier\u00eda y construcci\u00f3n de equipos de control de la contaminaci\u00f3n.&quot;","publisher":{"@id":"https:\/\/arrow-energy.com\/sp\/#organization"},"alternateName":"https:\/\/arrow-energy.com\/sp","potentialAction":[{"@type":"SearchAction","target":{"@type":"EntryPoint","urlTemplate":"https:\/\/arrow-energy.com\/sp\/?s={search_term_string}"},"query-input":{"@type":"PropertyValueSpecification","valueRequired":true,"valueName":"search_term_string"}}],"inLanguage":"en-US"},{"@type":"Organization","@id":"https:\/\/arrow-energy.com\/sp\/#organization","name":"Arrow Energy Co., Ltd.","alternateName":"Arrow Enrgy","url":"https:\/\/arrow-energy.com\/sp\/","logo":{"@type":"ImageObject","inLanguage":"en-US","@id":"https:\/\/arrow-energy.com\/sp\/#\/schema\/logo\/image\/","url":"https:\/\/arrow-energy.com\/sp\/wp-content\/uploads\/2024\/07\/Arrow-Logo-3.png","contentUrl":"https:\/\/arrow-energy.com\/sp\/wp-content\/uploads\/2024\/07\/Arrow-Logo-3.png","width":376,"height":170,"caption":"Arrow Energy Co., Ltd."},"image":{"@id":"https:\/\/arrow-energy.com\/sp\/#\/schema\/logo\/image\/"},"sameAs":["https:\/\/www.facebook.com\/Arrowenergy.thailand","https:\/\/www.instagram.com\/arrowenergy.thailand\/?hl=th","https:\/\/www.linkedin.com\/company\/arrowenergy\/","https:\/\/www.youtube.com\/channel\/UCV0ZxGWibSEttNCQawue0vw"]}]}},"_links":{"self":[{"href":"https:\/\/arrow-energy.com\/sp\/wp-json\/wp\/v2\/pages\/10893","targetHints":{"allow":["GET"]}}],"collection":[{"href":"https:\/\/arrow-energy.com\/sp\/wp-json\/wp\/v2\/pages"}],"about":[{"href":"https:\/\/arrow-energy.com\/sp\/wp-json\/wp\/v2\/types\/page"}],"author":[{"embeddable":true,"href":"https:\/\/arrow-energy.com\/sp\/wp-json\/wp\/v2\/users\/1"}],"replies":[{"embeddable":true,"href":"https:\/\/arrow-energy.com\/sp\/wp-json\/wp\/v2\/comments?post=10893"}],"version-history":[{"count":46,"href":"https:\/\/arrow-energy.com\/sp\/wp-json\/wp\/v2\/pages\/10893\/revisions"}],"predecessor-version":[{"id":13581,"href":"https:\/\/arrow-energy.com\/sp\/wp-json\/wp\/v2\/pages\/10893\/revisions\/13581"}],"wp:attachment":[{"href":"https:\/\/arrow-energy.com\/sp\/wp-json\/wp\/v2\/media?parent=10893"}],"curies":[{"name":"wp","href":"https:\/\/api.w.org\/{rel}","templated":true}]}}