{"id":10901,"date":"2024-12-19T11:59:10","date_gmt":"2024-12-19T11:59:10","guid":{"rendered":"https:\/\/sp.arrow-energy.com\/?page_id=10901"},"modified":"2025-09-05T11:35:43","modified_gmt":"2025-09-05T11:35:43","slug":"turnkey-projects","status":"publish","type":"page","link":"https:\/\/arrow-energy.com\/sp\/turnkey-projects\/","title":{"rendered":"Proyectos Llave en Mano"},"content":{"rendered":"\t\t<div data-elementor-type=\"wp-page\" data-elementor-id=\"10901\" class=\"elementor elementor-10901\" data-elementor-post-type=\"page\">\n\t\t\t\t<div class=\"elementor-element elementor-element-ba8fe30 e-flex e-con-boxed e-con e-parent\" data-id=\"ba8fe30\" data-element_type=\"container\" data-e-type=\"container\">\n\t\t\t\t\t<div class=\"e-con-inner\">\n\t\t<div class=\"elementor-element elementor-element-0272ade e-con-full e-flex e-con e-child\" data-id=\"0272ade\" data-element_type=\"container\" data-e-type=\"container\" data-settings=\"{&quot;background_background&quot;:&quot;classic&quot;}\">\n\t\t\t\t<div class=\"elementor-element elementor-element-e169747 elementor-widget__width-initial elementor-widget elementor-widget-sidebar\" data-id=\"e169747\" data-element_type=\"widget\" data-e-type=\"widget\" data-widget_type=\"sidebar.default\">\n\t\t\t\t<div class=\"elementor-widget-container\">\n\t\t\t\t\t<aside id=\"nav_menu-33\" class=\"widget-odd widget-last widget-first widget-1 widget widget_nav_menu\"><div class=\"menu-service-container\"><ul id=\"menu-service\" class=\"menu\"><li id=\"menu-item-12396\" class=\"menu-item menu-item-type-post_type menu-item-object-page menu-item-has-children menu-item-12396 wp-menu-img wp-menu-img-before\"><a href=\"https:\/\/arrow-energy.com\/sp\/site-services\/\">Servicios<\/a>\n<ul class=\"sub-menu\">\n\t<li id=\"menu-item-11934\" class=\"menu-item menu-item-type-post_type menu-item-object-page menu-item-11934 wp-menu-img wp-menu-img-before\"><a href=\"https:\/\/arrow-energy.com\/sp\/esp-modification\/\">Modificaci\u00f3n ESP<\/a><\/li>\n\t<li id=\"menu-item-11935\" class=\"menu-item menu-item-type-post_type menu-item-object-page menu-item-11935 wp-menu-img wp-menu-img-before\"><a href=\"https:\/\/arrow-energy.com\/sp\/site-services\/pollution-control-system-upgrade\/\">Actualizaci\u00f3n del Sistema de Control de Contaminaci\u00f3n<\/a><\/li>\n\t<li id=\"menu-item-11936\" class=\"menu-item menu-item-type-post_type menu-item-object-page menu-item-11936 wp-menu-img wp-menu-img-before\"><a href=\"https:\/\/arrow-energy.com\/sp\/boiler-retrofits\/\">Reacondicionamiento de calderas<\/a><\/li>\n\t<li id=\"menu-item-11937\" class=\"menu-item menu-item-type-post_type menu-item-object-page menu-item-11937 wp-menu-img wp-menu-img-before\"><a href=\"https:\/\/arrow-energy.com\/sp\/commissioning-troubleshooting\/\">Puesta en Marcha y Soluci\u00f3n de Problemas<\/a><\/li>\n\t<li id=\"menu-item-11938\" class=\"menu-item menu-item-type-post_type menu-item-object-page menu-item-11938 wp-menu-img wp-menu-img-before\"><a href=\"https:\/\/arrow-energy.com\/sp\/turnkey-projects\/\">Proyectos Llave en Mano<\/a><\/li>\n<\/ul>\n<\/li>\n<\/ul><\/div><\/aside>\t\t\t\t<\/div>\n\t\t\t\t<\/div>\n\t\t\t\t<\/div>\n\t\t<div class=\"elementor-element elementor-element-272ca13 e-con-full e-flex e-con e-child\" data-id=\"272ca13\" data-element_type=\"container\" data-e-type=\"container\">\n\t\t\t\t<div class=\"elementor-element elementor-element-402b38e elementor-widget elementor-widget-heading\" data-id=\"402b38e\" data-element_type=\"widget\" data-e-type=\"widget\" data-widget_type=\"heading.default\">\n\t\t\t\t<div class=\"elementor-widget-container\">\n\t\t\t\t\t<h2 class=\"elementor-heading-title elementor-size-default\">Proyectos Llave en Mano: Excelencia de Principio a Fin<\/h2>\t\t\t\t<\/div>\n\t\t\t\t<\/div>\n\t\t\t\t<div class=\"elementor-element elementor-element-04d01f4 elementor-widget elementor-widget-text-editor\" data-id=\"04d01f4\" data-element_type=\"widget\" data-e-type=\"widget\" data-widget_type=\"text-editor.default\">\n\t\t\t\t<div class=\"elementor-widget-container\">\n\t\t\t\t\t\t\t\t\t<span style=\"font-weight: 400;\">Nuestras <\/span><b>soluciones de proyectos llave en mano<\/b><span style=\"font-weight: 400;\"> brindan un recorrido sin interrupciones desde la conceptualizaci\u00f3n hasta la ejecuci\u00f3n, garantizando <\/span><b>precisi\u00f3n<\/b><span style=\"font-weight: 400;\">, <\/span><b>experiencia<\/b><span style=\"font-weight: 400;\"> y <\/span><b>entrega puntual<\/b><span style=\"font-weight: 400;\">. Nos encargamos de cada detalle, para que usted pueda centrarse en lograr sus objetivos empresariales.<\/span>  \n\n<h5><b>Caracter\u00edsticas y Especialidades que Nos Diferencian<\/b><\/h5>  \n<ul>  \n \t<li style=\"font-weight: 400;\" aria-level=\"1\"><b>Gesti\u00f3n Integral de Proyectos:<\/b><span style=\"font-weight: 400;\"> Desde el dise\u00f1o hasta la puesta en marcha, supervisamos cada fase con una precisi\u00f3n meticulosa.<\/span><\/li>  \n \t<li style=\"font-weight: 400;\" aria-level=\"1\"><b>Soluciones Personalizadas:<\/b><span style=\"font-weight: 400;\"> Proyectos dise\u00f1ados a medida para satisfacer necesidades operativas y de la industria espec\u00edficas.<\/span><\/li>  \n \t<li style=\"font-weight: 400;\" aria-level=\"1\"><b>Ejecuci\u00f3n Puntual:<\/b><span style=\"font-weight: 400;\"> Entrega proyectos dentro de los plazos acordados sin comprometer la calidad.<\/span><\/li>  \n \t<li style=\"font-weight: 400;\" aria-level=\"1\"><b>Equipo Experto:<\/b><span style=\"font-weight: 400;\"> Dirigido por profesionales con amplia experiencia en diversas industrias.<\/span><\/li>  \n \t<li style=\"font-weight: 400;\" aria-level=\"1\"><b>Integraci\u00f3n de Sostenibilidad:<\/b><span style=\"font-weight: 400;\"> Incorpora pr\u00e1cticas energ\u00e9ticamente eficientes y ambientalmente conscientes en cada proyecto.<\/span><\/li>  \n<\/ul>  \n\n<b>As\u00f3ciese con nosotros para soluciones llave en mano que entreguen resultados excepcionales, de manera fluida y eficiente.<\/b>  \t\t\t\t\t\t\t\t<\/div>\n\t\t\t\t<\/div>\n\t\t\t\t<div class=\"elementor-element elementor-element-187b1c9 elementor-arrows-position-inside elementor-pagination-position-outside elementor-widget elementor-widget-image-carousel\" data-id=\"187b1c9\" data-element_type=\"widget\" data-e-type=\"widget\" data-settings=\"{&quot;slides_to_show&quot;:&quot;2&quot;,&quot;slides_to_scroll&quot;:&quot;1&quot;,&quot;navigation&quot;:&quot;both&quot;,&quot;autoplay&quot;:&quot;yes&quot;,&quot;pause_on_hover&quot;:&quot;yes&quot;,&quot;pause_on_interaction&quot;:&quot;yes&quot;,&quot;autoplay_speed&quot;:5000,&quot;infinite&quot;:&quot;yes&quot;,&quot;speed&quot;:500}\" data-widget_type=\"image-carousel.default\">\n\t\t\t\t<div class=\"elementor-widget-container\">\n\t\t\t\t\t\t\t<div class=\"elementor-image-carousel-wrapper swiper\" role=\"region\" aria-roledescription=\"carousel\" aria-label=\"Image Carousel\" dir=\"ltr\">\n\t\t\t<div class=\"elementor-image-carousel swiper-wrapper\" aria-live=\"off\">\n\t\t\t\t\t\t\t\t<div class=\"swiper-slide\" role=\"group\" aria-roledescription=\"slide\" aria-label=\"1 of 9\"><figure class=\"swiper-slide-inner\"><img decoding=\"async\" class=\"swiper-slide-image\" src=\"https:\/\/arrow-energy.com\/sp\/wp-content\/uploads\/2025\/09\/ArrowEnergy_Turnkey-Projects-7.jpeg\" alt=\"ArrowEnergy_Turnkey-Projects (7)\" \/><\/figure><\/div><div class=\"swiper-slide\" role=\"group\" aria-roledescription=\"slide\" aria-label=\"2 of 9\"><figure class=\"swiper-slide-inner\"><img decoding=\"async\" class=\"swiper-slide-image\" src=\"https:\/\/arrow-energy.com\/sp\/wp-content\/uploads\/2025\/09\/ArrowEnergy_Turnkey-Projects-1.jpeg\" alt=\"ArrowEnergy_Turnkey-Projects (1)\" \/><\/figure><\/div><div class=\"swiper-slide\" role=\"group\" aria-roledescription=\"slide\" aria-label=\"3 of 9\"><figure class=\"swiper-slide-inner\"><img decoding=\"async\" class=\"swiper-slide-image\" src=\"https:\/\/arrow-energy.com\/sp\/wp-content\/uploads\/2025\/09\/ArrowEnergy_Turnkey-Projects-2.jpeg\" alt=\"ArrowEnergy_Turnkey-Projects (2)\" \/><\/figure><\/div><div class=\"swiper-slide\" role=\"group\" aria-roledescription=\"slide\" aria-label=\"4 of 9\"><figure class=\"swiper-slide-inner\"><img decoding=\"async\" class=\"swiper-slide-image\" src=\"https:\/\/arrow-energy.com\/sp\/wp-content\/uploads\/2025\/09\/ArrowEnergy_Turnkey-Projects-3.jpeg\" alt=\"ArrowEnergy_Turnkey-Projects (3)\" \/><\/figure><\/div><div class=\"swiper-slide\" role=\"group\" aria-roledescription=\"slide\" aria-label=\"5 of 9\"><figure class=\"swiper-slide-inner\"><img decoding=\"async\" class=\"swiper-slide-image\" src=\"https:\/\/arrow-energy.com\/sp\/wp-content\/uploads\/2025\/09\/ArrowEnergy_Turnkey-Projects-4.jpeg\" alt=\"ArrowEnergy_Turnkey-Projects (4)\" \/><\/figure><\/div><div class=\"swiper-slide\" role=\"group\" aria-roledescription=\"slide\" aria-label=\"6 of 9\"><figure class=\"swiper-slide-inner\"><img decoding=\"async\" class=\"swiper-slide-image\" src=\"https:\/\/arrow-energy.com\/sp\/wp-content\/uploads\/2025\/09\/ArrowEnergy_Turnkey-Projects-5.jpeg\" alt=\"ArrowEnergy_Turnkey-Projects (5)\" \/><\/figure><\/div><div class=\"swiper-slide\" role=\"group\" aria-roledescription=\"slide\" aria-label=\"7 of 9\"><figure class=\"swiper-slide-inner\"><img decoding=\"async\" class=\"swiper-slide-image\" src=\"https:\/\/arrow-energy.com\/sp\/wp-content\/uploads\/2025\/09\/ArrowEnergy_Turnkey-Projects-6.jpeg\" alt=\"ArrowEnergy_Turnkey-Projects (6)\" \/><\/figure><\/div><div class=\"swiper-slide\" role=\"group\" aria-roledescription=\"slide\" aria-label=\"8 of 9\"><figure class=\"swiper-slide-inner\"><img decoding=\"async\" class=\"swiper-slide-image\" src=\"https:\/\/arrow-energy.com\/sp\/wp-content\/uploads\/2025\/09\/ArrowEnergy_Turnkey-Projects.jpeg\" alt=\"ArrowEnergy_Turnkey-Projects\" \/><\/figure><\/div><div class=\"swiper-slide\" role=\"group\" aria-roledescription=\"slide\" aria-label=\"9 of 9\"><figure class=\"swiper-slide-inner\"><img decoding=\"async\" class=\"swiper-slide-image\" src=\"https:\/\/arrow-energy.com\/sp\/wp-content\/uploads\/2025\/09\/ArrowEnergy_Turnkey-Projects7-e173682611127.jpeg\" alt=\"ArrowEnergy_Turnkey-Projects7-e173682611127\" \/><\/figure><\/div>\t\t\t<\/div>\n\t\t\t\t\t\t\t\t\t\t\t\t<div class=\"elementor-swiper-button elementor-swiper-button-prev\" role=\"button\" tabindex=\"0\">\n\t\t\t\t\t\t<svg aria-hidden=\"true\" class=\"e-font-icon-svg e-eicon-chevron-left\" viewBox=\"0 0 1000 1000\" xmlns=\"http:\/\/www.w3.org\/2000\/svg\"><path d=\"M646 125C629 125 613 133 604 142L308 442C296 454 292 471 292 487 292 504 296 521 308 533L604 854C617 867 629 875 646 875 663 875 679 871 692 858 704 846 713 829 713 812 713 796 708 779 692 767L438 487 692 225C700 217 708 204 708 187 708 171 704 154 692 142 675 129 663 125 646 125Z\"><\/path><\/svg>\t\t\t\t\t<\/div>\n\t\t\t\t\t<div class=\"elementor-swiper-button elementor-swiper-button-next\" role=\"button\" tabindex=\"0\">\n\t\t\t\t\t\t<svg aria-hidden=\"true\" class=\"e-font-icon-svg e-eicon-chevron-right\" viewBox=\"0 0 1000 1000\" xmlns=\"http:\/\/www.w3.org\/2000\/svg\"><path d=\"M696 533C708 521 713 504 713 487 713 471 708 454 696 446L400 146C388 133 375 125 354 125 338 125 325 129 313 142 300 154 292 171 292 187 292 204 296 221 308 233L563 492 304 771C292 783 288 800 288 817 288 833 296 850 308 863 321 871 338 875 354 875 371 875 388 867 400 854L696 533Z\"><\/path><\/svg>\t\t\t\t\t<\/div>\n\t\t\t\t\n\t\t\t\t\t\t\t\t\t<div class=\"swiper-pagination\"><\/div>\n\t\t\t\t\t\t\t\t\t<\/div>\n\t\t\t\t\t\t<\/div>\n\t\t\t\t<\/div>\n\t\t\t\t<\/div>\n\t\t\t\t\t<\/div>\n\t\t\t\t<\/div>\n\t\t\t\t<\/div>\n\t\t","protected":false},"excerpt":{"rendered":"<p>Proyectos Llave en Mano: Excelencia de Principio a Fin Nuestras soluciones de proyectos llave en mano brindan un recorrido sin interrupciones desde la conceptualizaci\u00f3n hasta la ejecuci\u00f3n, garantizando precisi\u00f3n, experiencia y entrega puntual. Nos encargamos de cada detalle, para que usted pueda centrarse en lograr sus objetivos empresariales. Caracter\u00edsticas y Especialidades que Nos Diferencian Gesti\u00f3n &hellip; <a href=\"https:\/\/arrow-energy.com\/sp\/turnkey-projects\/\" class=\"more-link\">Continue reading <span class=\"screen-reader-text\">Proyectos Llave en Mano<\/span><\/a><\/p>\n","protected":false},"author":1,"featured_media":0,"parent":0,"menu_order":0,"comment_status":"closed","ping_status":"closed","template":"elementor_header_footer","meta":{"nf_dc_page":"","_monsterinsights_skip_tracking":false,"_monsterinsights_sitenote_active":false,"_monsterinsights_sitenote_note":"","_monsterinsights_sitenote_category":0,"footnotes":""},"class_list":["post-10901","page","type-page","status-publish","hentry"],"yoast_head":"<!-- This site is optimized with the Yoast SEO Premium plugin v25.6 (Yoast SEO v27.4) - https:\/\/yoast.com\/product\/yoast-seo-premium-wordpress\/ -->\n<title>Proyectos Llave en Mano - Arrow Energy<\/title>\n<meta name=\"robots\" content=\"index, follow, max-snippet:-1, max-image-preview:large, max-video-preview:-1\" \/>\n<link rel=\"canonical\" href=\"https:\/\/arrow-energy.com\/sp\/turnkey-projects\/\" \/>\n<meta property=\"og:locale\" content=\"en_US\" \/>\n<meta property=\"og:type\" content=\"article\" \/>\n<meta property=\"og:title\" content=\"Proyectos Llave en Mano\" \/>\n<meta property=\"og:description\" content=\"Proyectos Llave en Mano: Excelencia de Principio a Fin Nuestras soluciones de proyectos llave en mano brindan un recorrido sin interrupciones desde la conceptualizaci\u00f3n hasta la ejecuci\u00f3n, garantizando precisi\u00f3n, experiencia y entrega puntual. Nos encargamos de cada detalle, para que usted pueda centrarse en lograr sus objetivos empresariales. Caracter\u00edsticas y Especialidades que Nos Diferencian Gesti\u00f3n &hellip; Continue reading Proyectos Llave en Mano\" \/>\n<meta property=\"og:url\" content=\"https:\/\/arrow-energy.com\/sp\/turnkey-projects\/\" \/>\n<meta property=\"og:site_name\" content=\"Arrow Energy\" \/>\n<meta property=\"article:publisher\" content=\"https:\/\/www.facebook.com\/Arrowenergy.thailand\" \/>\n<meta property=\"article:modified_time\" content=\"2025-09-05T11:35:43+00:00\" \/>\n<meta property=\"og:image\" content=\"https:\/\/arrow-energy.com\/sp\/wp-content\/uploads\/2025\/09\/ArrowEnergy_Turnkey-Projects-7.jpeg\" \/>\n<meta name=\"twitter:card\" content=\"summary_large_image\" \/>\n<meta name=\"twitter:label1\" content=\"Est. reading time\" \/>\n\t<meta name=\"twitter:data1\" content=\"4 minutes\" \/>\n<script type=\"application\/ld+json\" class=\"yoast-schema-graph\">{\"@context\":\"https:\\\/\\\/schema.org\",\"@graph\":[{\"@type\":\"WebPage\",\"@id\":\"https:\\\/\\\/arrow-energy.com\\\/sp\\\/turnkey-projects\\\/\",\"url\":\"https:\\\/\\\/arrow-energy.com\\\/sp\\\/turnkey-projects\\\/\",\"name\":\"Proyectos Llave en Mano - Arrow Energy\",\"isPartOf\":{\"@id\":\"https:\\\/\\\/arrow-energy.com\\\/sp\\\/#website\"},\"primaryImageOfPage\":{\"@id\":\"https:\\\/\\\/arrow-energy.com\\\/sp\\\/turnkey-projects\\\/#primaryimage\"},\"image\":{\"@id\":\"https:\\\/\\\/arrow-energy.com\\\/sp\\\/turnkey-projects\\\/#primaryimage\"},\"thumbnailUrl\":\"https:\\\/\\\/arrow-energy.com\\\/sp\\\/wp-content\\\/uploads\\\/2025\\\/09\\\/ArrowEnergy_Turnkey-Projects-7.jpeg\",\"datePublished\":\"2024-12-19T11:59:10+00:00\",\"dateModified\":\"2025-09-05T11:35:43+00:00\",\"breadcrumb\":{\"@id\":\"https:\\\/\\\/arrow-energy.com\\\/sp\\\/turnkey-projects\\\/#breadcrumb\"},\"inLanguage\":\"en-US\",\"potentialAction\":[{\"@type\":\"ReadAction\",\"target\":[\"https:\\\/\\\/arrow-energy.com\\\/sp\\\/turnkey-projects\\\/\"]}]},{\"@type\":\"ImageObject\",\"inLanguage\":\"en-US\",\"@id\":\"https:\\\/\\\/arrow-energy.com\\\/sp\\\/turnkey-projects\\\/#primaryimage\",\"url\":\"https:\\\/\\\/arrow-energy.com\\\/sp\\\/wp-content\\\/uploads\\\/2025\\\/09\\\/ArrowEnergy_Turnkey-Projects-7.jpeg\",\"contentUrl\":\"https:\\\/\\\/arrow-energy.com\\\/sp\\\/wp-content\\\/uploads\\\/2025\\\/09\\\/ArrowEnergy_Turnkey-Projects-7.jpeg\",\"width\":1000,\"height\":661},{\"@type\":\"BreadcrumbList\",\"@id\":\"https:\\\/\\\/arrow-energy.com\\\/sp\\\/turnkey-projects\\\/#breadcrumb\",\"itemListElement\":[{\"@type\":\"ListItem\",\"position\":1,\"name\":\"Home\",\"item\":\"https:\\\/\\\/arrow-energy.com\\\/sp\\\/\"},{\"@type\":\"ListItem\",\"position\":2,\"name\":\"Proyectos Llave en Mano\"}]},{\"@type\":\"WebSite\",\"@id\":\"https:\\\/\\\/arrow-energy.com\\\/sp\\\/#website\",\"url\":\"https:\\\/\\\/arrow-energy.com\\\/sp\\\/\",\"name\":\"https:\\\/\\\/arrow-energy.com\\\/sp\",\"description\":\"&quot;Arrow Energy es un actor destacado en las renovaciones del sector energ\u00e9tico. Altamente competente en la ingenier\u00eda y construcci\u00f3n de equipos de control de la contaminaci\u00f3n.&quot;\",\"publisher\":{\"@id\":\"https:\\\/\\\/arrow-energy.com\\\/sp\\\/#organization\"},\"alternateName\":\"https:\\\/\\\/arrow-energy.com\\\/sp\",\"potentialAction\":[{\"@type\":\"SearchAction\",\"target\":{\"@type\":\"EntryPoint\",\"urlTemplate\":\"https:\\\/\\\/arrow-energy.com\\\/sp\\\/?s={search_term_string}\"},\"query-input\":{\"@type\":\"PropertyValueSpecification\",\"valueRequired\":true,\"valueName\":\"search_term_string\"}}],\"inLanguage\":\"en-US\"},{\"@type\":\"Organization\",\"@id\":\"https:\\\/\\\/arrow-energy.com\\\/sp\\\/#organization\",\"name\":\"Arrow Energy Co., Ltd.\",\"alternateName\":\"Arrow Enrgy\",\"url\":\"https:\\\/\\\/arrow-energy.com\\\/sp\\\/\",\"logo\":{\"@type\":\"ImageObject\",\"inLanguage\":\"en-US\",\"@id\":\"https:\\\/\\\/arrow-energy.com\\\/sp\\\/#\\\/schema\\\/logo\\\/image\\\/\",\"url\":\"https:\\\/\\\/arrow-energy.com\\\/sp\\\/wp-content\\\/uploads\\\/2024\\\/07\\\/Arrow-Logo-3.png\",\"contentUrl\":\"https:\\\/\\\/arrow-energy.com\\\/sp\\\/wp-content\\\/uploads\\\/2024\\\/07\\\/Arrow-Logo-3.png\",\"width\":376,\"height\":170,\"caption\":\"Arrow Energy Co., Ltd.\"},\"image\":{\"@id\":\"https:\\\/\\\/arrow-energy.com\\\/sp\\\/#\\\/schema\\\/logo\\\/image\\\/\"},\"sameAs\":[\"https:\\\/\\\/www.facebook.com\\\/Arrowenergy.thailand\",\"https:\\\/\\\/www.instagram.com\\\/arrowenergy.thailand\\\/?hl=th\",\"https:\\\/\\\/www.linkedin.com\\\/company\\\/arrowenergy\\\/\",\"https:\\\/\\\/www.youtube.com\\\/channel\\\/UCV0ZxGWibSEttNCQawue0vw\"]}]}<\/script>\n<!-- \/ Yoast SEO Premium plugin. -->","yoast_head_json":{"title":"Proyectos Llave en Mano - Arrow Energy","robots":{"index":"index","follow":"follow","max-snippet":"max-snippet:-1","max-image-preview":"max-image-preview:large","max-video-preview":"max-video-preview:-1"},"canonical":"https:\/\/arrow-energy.com\/sp\/turnkey-projects\/","og_locale":"en_US","og_type":"article","og_title":"Proyectos Llave en Mano","og_description":"Proyectos Llave en Mano: Excelencia de Principio a Fin Nuestras soluciones de proyectos llave en mano brindan un recorrido sin interrupciones desde la conceptualizaci\u00f3n hasta la ejecuci\u00f3n, garantizando precisi\u00f3n, experiencia y entrega puntual. Nos encargamos de cada detalle, para que usted pueda centrarse en lograr sus objetivos empresariales. Caracter\u00edsticas y Especialidades que Nos Diferencian Gesti\u00f3n &hellip; Continue reading Proyectos Llave en Mano","og_url":"https:\/\/arrow-energy.com\/sp\/turnkey-projects\/","og_site_name":"Arrow Energy","article_publisher":"https:\/\/www.facebook.com\/Arrowenergy.thailand","article_modified_time":"2025-09-05T11:35:43+00:00","og_image":[{"url":"https:\/\/arrow-energy.com\/sp\/wp-content\/uploads\/2025\/09\/ArrowEnergy_Turnkey-Projects-7.jpeg","type":"","width":"","height":""}],"twitter_card":"summary_large_image","twitter_misc":{"Est. reading time":"4 minutes"},"schema":{"@context":"https:\/\/schema.org","@graph":[{"@type":"WebPage","@id":"https:\/\/arrow-energy.com\/sp\/turnkey-projects\/","url":"https:\/\/arrow-energy.com\/sp\/turnkey-projects\/","name":"Proyectos Llave en Mano - Arrow Energy","isPartOf":{"@id":"https:\/\/arrow-energy.com\/sp\/#website"},"primaryImageOfPage":{"@id":"https:\/\/arrow-energy.com\/sp\/turnkey-projects\/#primaryimage"},"image":{"@id":"https:\/\/arrow-energy.com\/sp\/turnkey-projects\/#primaryimage"},"thumbnailUrl":"https:\/\/arrow-energy.com\/sp\/wp-content\/uploads\/2025\/09\/ArrowEnergy_Turnkey-Projects-7.jpeg","datePublished":"2024-12-19T11:59:10+00:00","dateModified":"2025-09-05T11:35:43+00:00","breadcrumb":{"@id":"https:\/\/arrow-energy.com\/sp\/turnkey-projects\/#breadcrumb"},"inLanguage":"en-US","potentialAction":[{"@type":"ReadAction","target":["https:\/\/arrow-energy.com\/sp\/turnkey-projects\/"]}]},{"@type":"ImageObject","inLanguage":"en-US","@id":"https:\/\/arrow-energy.com\/sp\/turnkey-projects\/#primaryimage","url":"https:\/\/arrow-energy.com\/sp\/wp-content\/uploads\/2025\/09\/ArrowEnergy_Turnkey-Projects-7.jpeg","contentUrl":"https:\/\/arrow-energy.com\/sp\/wp-content\/uploads\/2025\/09\/ArrowEnergy_Turnkey-Projects-7.jpeg","width":1000,"height":661},{"@type":"BreadcrumbList","@id":"https:\/\/arrow-energy.com\/sp\/turnkey-projects\/#breadcrumb","itemListElement":[{"@type":"ListItem","position":1,"name":"Home","item":"https:\/\/arrow-energy.com\/sp\/"},{"@type":"ListItem","position":2,"name":"Proyectos Llave en Mano"}]},{"@type":"WebSite","@id":"https:\/\/arrow-energy.com\/sp\/#website","url":"https:\/\/arrow-energy.com\/sp\/","name":"https:\/\/arrow-energy.com\/sp","description":"&quot;Arrow Energy es un actor destacado en las renovaciones del sector energ\u00e9tico. Altamente competente en la ingenier\u00eda y construcci\u00f3n de equipos de control de la contaminaci\u00f3n.&quot;","publisher":{"@id":"https:\/\/arrow-energy.com\/sp\/#organization"},"alternateName":"https:\/\/arrow-energy.com\/sp","potentialAction":[{"@type":"SearchAction","target":{"@type":"EntryPoint","urlTemplate":"https:\/\/arrow-energy.com\/sp\/?s={search_term_string}"},"query-input":{"@type":"PropertyValueSpecification","valueRequired":true,"valueName":"search_term_string"}}],"inLanguage":"en-US"},{"@type":"Organization","@id":"https:\/\/arrow-energy.com\/sp\/#organization","name":"Arrow Energy Co., Ltd.","alternateName":"Arrow Enrgy","url":"https:\/\/arrow-energy.com\/sp\/","logo":{"@type":"ImageObject","inLanguage":"en-US","@id":"https:\/\/arrow-energy.com\/sp\/#\/schema\/logo\/image\/","url":"https:\/\/arrow-energy.com\/sp\/wp-content\/uploads\/2024\/07\/Arrow-Logo-3.png","contentUrl":"https:\/\/arrow-energy.com\/sp\/wp-content\/uploads\/2024\/07\/Arrow-Logo-3.png","width":376,"height":170,"caption":"Arrow Energy Co., Ltd."},"image":{"@id":"https:\/\/arrow-energy.com\/sp\/#\/schema\/logo\/image\/"},"sameAs":["https:\/\/www.facebook.com\/Arrowenergy.thailand","https:\/\/www.instagram.com\/arrowenergy.thailand\/?hl=th","https:\/\/www.linkedin.com\/company\/arrowenergy\/","https:\/\/www.youtube.com\/channel\/UCV0ZxGWibSEttNCQawue0vw"]}]}},"_links":{"self":[{"href":"https:\/\/arrow-energy.com\/sp\/wp-json\/wp\/v2\/pages\/10901","targetHints":{"allow":["GET"]}}],"collection":[{"href":"https:\/\/arrow-energy.com\/sp\/wp-json\/wp\/v2\/pages"}],"about":[{"href":"https:\/\/arrow-energy.com\/sp\/wp-json\/wp\/v2\/types\/page"}],"author":[{"embeddable":true,"href":"https:\/\/arrow-energy.com\/sp\/wp-json\/wp\/v2\/users\/1"}],"replies":[{"embeddable":true,"href":"https:\/\/arrow-energy.com\/sp\/wp-json\/wp\/v2\/comments?post=10901"}],"version-history":[{"count":64,"href":"https:\/\/arrow-energy.com\/sp\/wp-json\/wp\/v2\/pages\/10901\/revisions"}],"predecessor-version":[{"id":13593,"href":"https:\/\/arrow-energy.com\/sp\/wp-json\/wp\/v2\/pages\/10901\/revisions\/13593"}],"wp:attachment":[{"href":"https:\/\/arrow-energy.com\/sp\/wp-json\/wp\/v2\/media?parent=10901"}],"curies":[{"name":"wp","href":"https:\/\/api.w.org\/{rel}","templated":true}]}}