{"id":11979,"date":"2025-01-15T06:46:08","date_gmt":"2025-01-15T06:46:08","guid":{"rendered":"https:\/\/sp.arrow-energy.com\/?page_id=11979"},"modified":"2025-02-04T13:00:40","modified_gmt":"2025-02-04T13:00:40","slug":"rapper-coil","status":"publish","type":"page","link":"https:\/\/arrow-energy.com\/sp\/rapper-coil\/","title":{"rendered":"Bobina de Rapper"},"content":{"rendered":"\t\t<div data-elementor-type=\"wp-page\" data-elementor-id=\"11979\" class=\"elementor elementor-11979\" data-elementor-post-type=\"page\">\n\t\t\t\t<div class=\"elementor-element elementor-element-d162a58 e-flex e-con-boxed e-con e-parent\" data-id=\"d162a58\" data-element_type=\"container\" data-e-type=\"container\">\n\t\t\t\t\t<div class=\"e-con-inner\">\n\t\t\t\t<div class=\"elementor-element elementor-element-15f4cfc elementor-widget elementor-widget-heading\" data-id=\"15f4cfc\" data-element_type=\"widget\" data-e-type=\"widget\" data-widget_type=\"heading.default\">\n\t\t\t\t<div class=\"elementor-widget-container\">\n\t\t\t\t\t<h2 class=\"elementor-heading-title elementor-size-default\">Bobina de Rapper: El N\u00facleo de los Sistemas de Golpeo MIGI\n\n\n\n\n\n\n\n<\/h2>\t\t\t\t<\/div>\n\t\t\t\t<\/div>\n\t\t\t\t<div class=\"elementor-element elementor-element-93147fb elementor-widget elementor-widget-text-editor\" data-id=\"93147fb\" data-element_type=\"widget\" data-e-type=\"widget\" data-widget_type=\"text-editor.default\">\n\t\t\t\t<div class=\"elementor-widget-container\">\n\t\t\t\t\t\t\t\t\tLa bobina de Rapper en un sistema MIGI genera impulsos electromagn\u00e9ticos para levantar el \u00e9mbolo, creando impactos controlados que desprenden el polvo de las placas de recolecci\u00f3n y los electrodos. Al aumentar el n\u00famero de bobinas de Rapper, el sistema logra una mayor fuerza de impulso, permitiendo vibraciones de mayor frecuencia y una eficiencia mejorada en la eliminaci\u00f3n del polvo.\n\nCaracter\u00edsticas y Especialidades de las Bobinas de Rapper\n<ul> <li style=\"font-weight: 400;\" aria-level=\"1\"><b>Generaci\u00f3n de Fuerza Electromagn\u00e9tica:<\/b> Produce campos magn\u00e9ticos precisos para levantar y soltar el \u00e9mbolo, garantizando una acci\u00f3n de golpeo efectiva.<\/li> <li style=\"font-weight: 400;\" aria-level=\"1\"><b>Fuerza de Impulso Ajustable:<\/b> Un mayor n\u00famero de bobinas genera impulsos m\u00e1s fuertes, permitiendo mayores alturas de impacto y mejor cobertura de limpieza.<\/li> <li style=\"font-weight: 400;\" aria-level=\"1\"><b>Dise\u00f1o Personalizable:<\/b> Configurable seg\u00fan el tipo de polvo, su densidad y las dimensiones del ESP para optimizar la limpieza.<\/li> <li style=\"font-weight: 400;\" aria-level=\"1\"><b>Alta Eficiencia de Limpieza:<\/b> La transmisi\u00f3n mejorada de vibraciones garantiza la eliminaci\u00f3n completa de dep\u00f3sitos de polvo dif\u00edciles.<\/li> <li style=\"font-weight: 400;\" aria-level=\"1\"><b>Construcci\u00f3n Duradera:<\/b> Dise\u00f1ada para resistir impactos repetitivos de alta frecuencia en entornos industriales exigentes.<\/li> <li style=\"font-weight: 400;\" aria-level=\"1\"><b>Eficiencia Energ\u00e9tica:<\/b> El dise\u00f1o optimizado de la bobina reduce el consumo de energ\u00eda mientras mantiene ciclos de limpieza efectivos.<\/li> <\/ul>\t\t\t\t\t\t\t\t<\/div>\n\t\t\t\t<\/div>\n\t\t\t\t\t<\/div>\n\t\t\t\t<\/div>\n\t\t\t\t<\/div>\n\t\t","protected":false},"excerpt":{"rendered":"<p>Bobina de Rapper: El N\u00facleo de los Sistemas de Golpeo MIGI La bobina de Rapper en un sistema MIGI genera impulsos electromagn\u00e9ticos para levantar el \u00e9mbolo, creando impactos controlados que desprenden el polvo de las placas de recolecci\u00f3n y los electrodos. Al aumentar el n\u00famero de bobinas de Rapper, el sistema logra una mayor fuerza &hellip; <a href=\"https:\/\/arrow-energy.com\/sp\/rapper-coil\/\" class=\"more-link\">Continue reading <span class=\"screen-reader-text\">Bobina de Rapper<\/span><\/a><\/p>\n","protected":false},"author":1,"featured_media":0,"parent":0,"menu_order":0,"comment_status":"closed","ping_status":"closed","template":"","meta":{"nf_dc_page":"","_monsterinsights_skip_tracking":false,"_monsterinsights_sitenote_active":false,"_monsterinsights_sitenote_note":"","_monsterinsights_sitenote_category":0,"footnotes":""},"class_list":["post-11979","page","type-page","status-publish","hentry"],"yoast_head":"<!-- This site is optimized with the Yoast SEO Premium plugin v25.6 (Yoast SEO v27.4) - https:\/\/yoast.com\/product\/yoast-seo-premium-wordpress\/ -->\n<title>Bobina de Rapper - Arrow Energy<\/title>\n<meta name=\"robots\" content=\"index, follow, max-snippet:-1, max-image-preview:large, max-video-preview:-1\" \/>\n<link rel=\"canonical\" href=\"https:\/\/arrow-energy.com\/sp\/rapper-coil\/\" \/>\n<meta property=\"og:locale\" content=\"en_US\" \/>\n<meta property=\"og:type\" content=\"article\" \/>\n<meta property=\"og:title\" content=\"Bobina de Rapper\" \/>\n<meta property=\"og:description\" content=\"Bobina de Rapper: El N\u00facleo de los Sistemas de Golpeo MIGI La bobina de Rapper en un sistema MIGI genera impulsos electromagn\u00e9ticos para levantar el \u00e9mbolo, creando impactos controlados que desprenden el polvo de las placas de recolecci\u00f3n y los electrodos. Al aumentar el n\u00famero de bobinas de Rapper, el sistema logra una mayor fuerza &hellip; Continue reading Bobina de Rapper\" \/>\n<meta property=\"og:url\" content=\"https:\/\/arrow-energy.com\/sp\/rapper-coil\/\" \/>\n<meta property=\"og:site_name\" content=\"Arrow Energy\" \/>\n<meta property=\"article:publisher\" content=\"https:\/\/www.facebook.com\/Arrowenergy.thailand\" \/>\n<meta property=\"article:modified_time\" content=\"2025-02-04T13:00:40+00:00\" \/>\n<meta property=\"og:image\" content=\"https:\/\/arrow-energy.com\/sp\/wp-content\/uploads\/2024\/07\/Arrow-Logo-3.png\" \/>\n\t<meta property=\"og:image:width\" content=\"376\" \/>\n\t<meta property=\"og:image:height\" content=\"170\" \/>\n\t<meta property=\"og:image:type\" content=\"image\/png\" \/>\n<meta name=\"twitter:card\" content=\"summary_large_image\" \/>\n<meta name=\"twitter:label1\" content=\"Est. reading time\" \/>\n\t<meta name=\"twitter:data1\" content=\"1 minute\" \/>\n<script type=\"application\/ld+json\" class=\"yoast-schema-graph\">{\"@context\":\"https:\\\/\\\/schema.org\",\"@graph\":[{\"@type\":\"WebPage\",\"@id\":\"https:\\\/\\\/arrow-energy.com\\\/sp\\\/rapper-coil\\\/\",\"url\":\"https:\\\/\\\/arrow-energy.com\\\/sp\\\/rapper-coil\\\/\",\"name\":\"Bobina de Rapper - Arrow Energy\",\"isPartOf\":{\"@id\":\"https:\\\/\\\/arrow-energy.com\\\/sp\\\/#website\"},\"datePublished\":\"2025-01-15T06:46:08+00:00\",\"dateModified\":\"2025-02-04T13:00:40+00:00\",\"breadcrumb\":{\"@id\":\"https:\\\/\\\/arrow-energy.com\\\/sp\\\/rapper-coil\\\/#breadcrumb\"},\"inLanguage\":\"en-US\",\"potentialAction\":[{\"@type\":\"ReadAction\",\"target\":[\"https:\\\/\\\/arrow-energy.com\\\/sp\\\/rapper-coil\\\/\"]}]},{\"@type\":\"BreadcrumbList\",\"@id\":\"https:\\\/\\\/arrow-energy.com\\\/sp\\\/rapper-coil\\\/#breadcrumb\",\"itemListElement\":[{\"@type\":\"ListItem\",\"position\":1,\"name\":\"Home\",\"item\":\"https:\\\/\\\/arrow-energy.com\\\/sp\\\/\"},{\"@type\":\"ListItem\",\"position\":2,\"name\":\"Bobina de Rapper\"}]},{\"@type\":\"WebSite\",\"@id\":\"https:\\\/\\\/arrow-energy.com\\\/sp\\\/#website\",\"url\":\"https:\\\/\\\/arrow-energy.com\\\/sp\\\/\",\"name\":\"https:\\\/\\\/arrow-energy.com\\\/sp\",\"description\":\"&quot;Arrow Energy es un actor destacado en las renovaciones del sector energ\u00e9tico. Altamente competente en la ingenier\u00eda y construcci\u00f3n de equipos de control de la contaminaci\u00f3n.&quot;\",\"publisher\":{\"@id\":\"https:\\\/\\\/arrow-energy.com\\\/sp\\\/#organization\"},\"alternateName\":\"https:\\\/\\\/arrow-energy.com\\\/sp\",\"potentialAction\":[{\"@type\":\"SearchAction\",\"target\":{\"@type\":\"EntryPoint\",\"urlTemplate\":\"https:\\\/\\\/arrow-energy.com\\\/sp\\\/?s={search_term_string}\"},\"query-input\":{\"@type\":\"PropertyValueSpecification\",\"valueRequired\":true,\"valueName\":\"search_term_string\"}}],\"inLanguage\":\"en-US\"},{\"@type\":\"Organization\",\"@id\":\"https:\\\/\\\/arrow-energy.com\\\/sp\\\/#organization\",\"name\":\"Arrow Energy Co., Ltd.\",\"alternateName\":\"Arrow Enrgy\",\"url\":\"https:\\\/\\\/arrow-energy.com\\\/sp\\\/\",\"logo\":{\"@type\":\"ImageObject\",\"inLanguage\":\"en-US\",\"@id\":\"https:\\\/\\\/arrow-energy.com\\\/sp\\\/#\\\/schema\\\/logo\\\/image\\\/\",\"url\":\"https:\\\/\\\/arrow-energy.com\\\/sp\\\/wp-content\\\/uploads\\\/2024\\\/07\\\/Arrow-Logo-3.png\",\"contentUrl\":\"https:\\\/\\\/arrow-energy.com\\\/sp\\\/wp-content\\\/uploads\\\/2024\\\/07\\\/Arrow-Logo-3.png\",\"width\":376,\"height\":170,\"caption\":\"Arrow Energy Co., Ltd.\"},\"image\":{\"@id\":\"https:\\\/\\\/arrow-energy.com\\\/sp\\\/#\\\/schema\\\/logo\\\/image\\\/\"},\"sameAs\":[\"https:\\\/\\\/www.facebook.com\\\/Arrowenergy.thailand\",\"https:\\\/\\\/www.instagram.com\\\/arrowenergy.thailand\\\/?hl=th\",\"https:\\\/\\\/www.linkedin.com\\\/company\\\/arrowenergy\\\/\",\"https:\\\/\\\/www.youtube.com\\\/channel\\\/UCV0ZxGWibSEttNCQawue0vw\"]}]}<\/script>\n<!-- \/ Yoast SEO Premium plugin. -->","yoast_head_json":{"title":"Bobina de Rapper - Arrow Energy","robots":{"index":"index","follow":"follow","max-snippet":"max-snippet:-1","max-image-preview":"max-image-preview:large","max-video-preview":"max-video-preview:-1"},"canonical":"https:\/\/arrow-energy.com\/sp\/rapper-coil\/","og_locale":"en_US","og_type":"article","og_title":"Bobina de Rapper","og_description":"Bobina de Rapper: El N\u00facleo de los Sistemas de Golpeo MIGI La bobina de Rapper en un sistema MIGI genera impulsos electromagn\u00e9ticos para levantar el \u00e9mbolo, creando impactos controlados que desprenden el polvo de las placas de recolecci\u00f3n y los electrodos. Al aumentar el n\u00famero de bobinas de Rapper, el sistema logra una mayor fuerza &hellip; Continue reading Bobina de Rapper","og_url":"https:\/\/arrow-energy.com\/sp\/rapper-coil\/","og_site_name":"Arrow Energy","article_publisher":"https:\/\/www.facebook.com\/Arrowenergy.thailand","article_modified_time":"2025-02-04T13:00:40+00:00","og_image":[{"width":376,"height":170,"url":"https:\/\/arrow-energy.com\/sp\/wp-content\/uploads\/2024\/07\/Arrow-Logo-3.png","type":"image\/png"}],"twitter_card":"summary_large_image","twitter_misc":{"Est. reading time":"1 minute"},"schema":{"@context":"https:\/\/schema.org","@graph":[{"@type":"WebPage","@id":"https:\/\/arrow-energy.com\/sp\/rapper-coil\/","url":"https:\/\/arrow-energy.com\/sp\/rapper-coil\/","name":"Bobina de Rapper - Arrow Energy","isPartOf":{"@id":"https:\/\/arrow-energy.com\/sp\/#website"},"datePublished":"2025-01-15T06:46:08+00:00","dateModified":"2025-02-04T13:00:40+00:00","breadcrumb":{"@id":"https:\/\/arrow-energy.com\/sp\/rapper-coil\/#breadcrumb"},"inLanguage":"en-US","potentialAction":[{"@type":"ReadAction","target":["https:\/\/arrow-energy.com\/sp\/rapper-coil\/"]}]},{"@type":"BreadcrumbList","@id":"https:\/\/arrow-energy.com\/sp\/rapper-coil\/#breadcrumb","itemListElement":[{"@type":"ListItem","position":1,"name":"Home","item":"https:\/\/arrow-energy.com\/sp\/"},{"@type":"ListItem","position":2,"name":"Bobina de Rapper"}]},{"@type":"WebSite","@id":"https:\/\/arrow-energy.com\/sp\/#website","url":"https:\/\/arrow-energy.com\/sp\/","name":"https:\/\/arrow-energy.com\/sp","description":"&quot;Arrow Energy es un actor destacado en las renovaciones del sector energ\u00e9tico. Altamente competente en la ingenier\u00eda y construcci\u00f3n de equipos de control de la contaminaci\u00f3n.&quot;","publisher":{"@id":"https:\/\/arrow-energy.com\/sp\/#organization"},"alternateName":"https:\/\/arrow-energy.com\/sp","potentialAction":[{"@type":"SearchAction","target":{"@type":"EntryPoint","urlTemplate":"https:\/\/arrow-energy.com\/sp\/?s={search_term_string}"},"query-input":{"@type":"PropertyValueSpecification","valueRequired":true,"valueName":"search_term_string"}}],"inLanguage":"en-US"},{"@type":"Organization","@id":"https:\/\/arrow-energy.com\/sp\/#organization","name":"Arrow Energy Co., Ltd.","alternateName":"Arrow Enrgy","url":"https:\/\/arrow-energy.com\/sp\/","logo":{"@type":"ImageObject","inLanguage":"en-US","@id":"https:\/\/arrow-energy.com\/sp\/#\/schema\/logo\/image\/","url":"https:\/\/arrow-energy.com\/sp\/wp-content\/uploads\/2024\/07\/Arrow-Logo-3.png","contentUrl":"https:\/\/arrow-energy.com\/sp\/wp-content\/uploads\/2024\/07\/Arrow-Logo-3.png","width":376,"height":170,"caption":"Arrow Energy Co., Ltd."},"image":{"@id":"https:\/\/arrow-energy.com\/sp\/#\/schema\/logo\/image\/"},"sameAs":["https:\/\/www.facebook.com\/Arrowenergy.thailand","https:\/\/www.instagram.com\/arrowenergy.thailand\/?hl=th","https:\/\/www.linkedin.com\/company\/arrowenergy\/","https:\/\/www.youtube.com\/channel\/UCV0ZxGWibSEttNCQawue0vw"]}]}},"_links":{"self":[{"href":"https:\/\/arrow-energy.com\/sp\/wp-json\/wp\/v2\/pages\/11979","targetHints":{"allow":["GET"]}}],"collection":[{"href":"https:\/\/arrow-energy.com\/sp\/wp-json\/wp\/v2\/pages"}],"about":[{"href":"https:\/\/arrow-energy.com\/sp\/wp-json\/wp\/v2\/types\/page"}],"author":[{"embeddable":true,"href":"https:\/\/arrow-energy.com\/sp\/wp-json\/wp\/v2\/users\/1"}],"replies":[{"embeddable":true,"href":"https:\/\/arrow-energy.com\/sp\/wp-json\/wp\/v2\/comments?post=11979"}],"version-history":[{"count":10,"href":"https:\/\/arrow-energy.com\/sp\/wp-json\/wp\/v2\/pages\/11979\/revisions"}],"predecessor-version":[{"id":13080,"href":"https:\/\/arrow-energy.com\/sp\/wp-json\/wp\/v2\/pages\/11979\/revisions\/13080"}],"wp:attachment":[{"href":"https:\/\/arrow-energy.com\/sp\/wp-json\/wp\/v2\/media?parent=11979"}],"curies":[{"name":"wp","href":"https:\/\/api.w.org\/{rel}","templated":true}]}}