{"id":12007,"date":"2025-01-15T07:20:02","date_gmt":"2025-01-15T07:20:02","guid":{"rendered":"https:\/\/sp.arrow-energy.com\/?page_id=12007"},"modified":"2025-02-05T08:21:16","modified_gmt":"2025-02-05T08:21:16","slug":"insulators-and-conductors","status":"publish","type":"page","link":"https:\/\/arrow-energy.com\/sp\/insulators-and-conductors\/","title":{"rendered":"Aislantes y Conductores"},"content":{"rendered":"\t\t<div data-elementor-type=\"wp-page\" data-elementor-id=\"12007\" class=\"elementor elementor-12007\" data-elementor-post-type=\"page\">\n\t\t\t\t<div class=\"elementor-element elementor-element-839588e e-flex e-con-boxed e-con e-parent\" data-id=\"839588e\" data-element_type=\"container\" data-e-type=\"container\">\n\t\t\t\t\t<div class=\"e-con-inner\">\n\t\t\t\t<div class=\"elementor-element elementor-element-14f00cb elementor-widget elementor-widget-heading\" data-id=\"14f00cb\" data-element_type=\"widget\" data-e-type=\"widget\" data-widget_type=\"heading.default\">\n\t\t\t\t<div class=\"elementor-widget-container\">\n\t\t\t\t\t<h2 class=\"elementor-heading-title elementor-size-default\">Aislantes y Conductores: Garantizando la Longevidad<\/h2>\t\t\t\t<\/div>\n\t\t\t\t<\/div>\n\t\t\t\t<div class=\"elementor-element elementor-element-cda8515 elementor-widget elementor-widget-text-editor\" data-id=\"cda8515\" data-element_type=\"widget\" data-e-type=\"widget\" data-widget_type=\"text-editor.default\">\n\t\t\t\t<div class=\"elementor-widget-container\">\n\t\t\t\t\t\t\t\t\t<h5><b>Aislantes<\/b><\/h5> <ul> <li style=\"font-weight: 400;\" aria-level=\"1\"><b>Materiales Diel\u00e9ctricos de Alto Rendimiento<\/b><span style=\"font-weight: 400;\">: Vidrio, cer\u00e1mica y pol\u00edmeros con una resistencia excepcional a altas temperaturas y corrosi\u00f3n.<\/span><\/li> <li style=\"font-weight: 400;\" aria-level=\"1\"><b>Prop\u00f3sito<\/b><span style=\"font-weight: 400;\">: Proporciona aislamiento el\u00e9ctrico, evitando el arqueo y garantizando un funcionamiento seguro.<\/span><\/li> <\/ul> <h5><b>Conductores<\/b><\/h5> <ul> <li style=\"font-weight: 400;\" aria-level=\"1\"><b>Metales de Baja Resistencia<\/b><span style=\"font-weight: 400;\">: Cobre y aluminio para un flujo de corriente \u00f3ptimo.<\/span><\/li> <li style=\"font-weight: 400;\" aria-level=\"1\"><b>Funci\u00f3n<\/b><span style=\"font-weight: 400;\">: Permite una carga eficiente de part\u00edculas y garantiza la fiabilidad del sistema.<\/span><\/li> <\/ul>\t\t\t\t\t\t\t\t<\/div>\n\t\t\t\t<\/div>\n\t\t\t\t\t<\/div>\n\t\t\t\t<\/div>\n\t\t\t\t<\/div>\n\t\t","protected":false},"excerpt":{"rendered":"<p>Aislantes y Conductores: Garantizando la Longevidad Aislantes Materiales Diel\u00e9ctricos de Alto Rendimiento: Vidrio, cer\u00e1mica y pol\u00edmeros con una resistencia excepcional a altas temperaturas y corrosi\u00f3n. Prop\u00f3sito: Proporciona aislamiento el\u00e9ctrico, evitando el arqueo y garantizando un funcionamiento seguro. Conductores Metales de Baja Resistencia: Cobre y aluminio para un flujo de corriente \u00f3ptimo. Funci\u00f3n: Permite una carga &hellip; <a href=\"https:\/\/arrow-energy.com\/sp\/insulators-and-conductors\/\" class=\"more-link\">Continue reading <span class=\"screen-reader-text\">Aislantes y Conductores<\/span><\/a><\/p>\n","protected":false},"author":1,"featured_media":0,"parent":0,"menu_order":0,"comment_status":"closed","ping_status":"closed","template":"","meta":{"nf_dc_page":"","_monsterinsights_skip_tracking":false,"_monsterinsights_sitenote_active":false,"_monsterinsights_sitenote_note":"","_monsterinsights_sitenote_category":0,"footnotes":""},"class_list":["post-12007","page","type-page","status-publish","hentry"],"yoast_head":"<!-- This site is optimized with the Yoast SEO Premium plugin v25.6 (Yoast SEO v27.4) - https:\/\/yoast.com\/product\/yoast-seo-premium-wordpress\/ -->\n<title>Aislantes y Conductores - Arrow Energy<\/title>\n<meta name=\"robots\" content=\"index, follow, max-snippet:-1, max-image-preview:large, max-video-preview:-1\" \/>\n<link rel=\"canonical\" href=\"https:\/\/arrow-energy.com\/sp\/insulators-and-conductors\/\" \/>\n<meta property=\"og:locale\" content=\"en_US\" \/>\n<meta property=\"og:type\" content=\"article\" \/>\n<meta property=\"og:title\" content=\"Aislantes y Conductores\" \/>\n<meta property=\"og:description\" content=\"Aislantes y Conductores: Garantizando la Longevidad Aislantes Materiales Diel\u00e9ctricos de Alto Rendimiento: Vidrio, cer\u00e1mica y pol\u00edmeros con una resistencia excepcional a altas temperaturas y corrosi\u00f3n. Prop\u00f3sito: Proporciona aislamiento el\u00e9ctrico, evitando el arqueo y garantizando un funcionamiento seguro. Conductores Metales de Baja Resistencia: Cobre y aluminio para un flujo de corriente \u00f3ptimo. Funci\u00f3n: Permite una carga &hellip; Continue reading Aislantes y Conductores\" \/>\n<meta property=\"og:url\" content=\"https:\/\/arrow-energy.com\/sp\/insulators-and-conductors\/\" \/>\n<meta property=\"og:site_name\" content=\"Arrow Energy\" \/>\n<meta property=\"article:publisher\" content=\"https:\/\/www.facebook.com\/Arrowenergy.thailand\" \/>\n<meta property=\"article:modified_time\" content=\"2025-02-05T08:21:16+00:00\" \/>\n<meta property=\"og:image\" content=\"https:\/\/arrow-energy.com\/sp\/wp-content\/uploads\/2024\/07\/Arrow-Logo-3.png\" \/>\n\t<meta property=\"og:image:width\" content=\"376\" \/>\n\t<meta property=\"og:image:height\" content=\"170\" \/>\n\t<meta property=\"og:image:type\" content=\"image\/png\" \/>\n<meta name=\"twitter:card\" content=\"summary_large_image\" \/>\n<meta name=\"twitter:label1\" content=\"Est. reading time\" \/>\n\t<meta name=\"twitter:data1\" content=\"1 minute\" \/>\n<script type=\"application\/ld+json\" class=\"yoast-schema-graph\">{\"@context\":\"https:\\\/\\\/schema.org\",\"@graph\":[{\"@type\":\"WebPage\",\"@id\":\"https:\\\/\\\/arrow-energy.com\\\/sp\\\/insulators-and-conductors\\\/\",\"url\":\"https:\\\/\\\/arrow-energy.com\\\/sp\\\/insulators-and-conductors\\\/\",\"name\":\"Aislantes y Conductores - Arrow Energy\",\"isPartOf\":{\"@id\":\"https:\\\/\\\/arrow-energy.com\\\/sp\\\/#website\"},\"datePublished\":\"2025-01-15T07:20:02+00:00\",\"dateModified\":\"2025-02-05T08:21:16+00:00\",\"breadcrumb\":{\"@id\":\"https:\\\/\\\/arrow-energy.com\\\/sp\\\/insulators-and-conductors\\\/#breadcrumb\"},\"inLanguage\":\"en-US\",\"potentialAction\":[{\"@type\":\"ReadAction\",\"target\":[\"https:\\\/\\\/arrow-energy.com\\\/sp\\\/insulators-and-conductors\\\/\"]}]},{\"@type\":\"BreadcrumbList\",\"@id\":\"https:\\\/\\\/arrow-energy.com\\\/sp\\\/insulators-and-conductors\\\/#breadcrumb\",\"itemListElement\":[{\"@type\":\"ListItem\",\"position\":1,\"name\":\"Home\",\"item\":\"https:\\\/\\\/arrow-energy.com\\\/sp\\\/\"},{\"@type\":\"ListItem\",\"position\":2,\"name\":\"Aislantes y Conductores\"}]},{\"@type\":\"WebSite\",\"@id\":\"https:\\\/\\\/arrow-energy.com\\\/sp\\\/#website\",\"url\":\"https:\\\/\\\/arrow-energy.com\\\/sp\\\/\",\"name\":\"https:\\\/\\\/arrow-energy.com\\\/sp\",\"description\":\"&quot;Arrow Energy es un actor destacado en las renovaciones del sector energ\u00e9tico. Altamente competente en la ingenier\u00eda y construcci\u00f3n de equipos de control de la contaminaci\u00f3n.&quot;\",\"publisher\":{\"@id\":\"https:\\\/\\\/arrow-energy.com\\\/sp\\\/#organization\"},\"alternateName\":\"https:\\\/\\\/arrow-energy.com\\\/sp\",\"potentialAction\":[{\"@type\":\"SearchAction\",\"target\":{\"@type\":\"EntryPoint\",\"urlTemplate\":\"https:\\\/\\\/arrow-energy.com\\\/sp\\\/?s={search_term_string}\"},\"query-input\":{\"@type\":\"PropertyValueSpecification\",\"valueRequired\":true,\"valueName\":\"search_term_string\"}}],\"inLanguage\":\"en-US\"},{\"@type\":\"Organization\",\"@id\":\"https:\\\/\\\/arrow-energy.com\\\/sp\\\/#organization\",\"name\":\"Arrow Energy Co., Ltd.\",\"alternateName\":\"Arrow Enrgy\",\"url\":\"https:\\\/\\\/arrow-energy.com\\\/sp\\\/\",\"logo\":{\"@type\":\"ImageObject\",\"inLanguage\":\"en-US\",\"@id\":\"https:\\\/\\\/arrow-energy.com\\\/sp\\\/#\\\/schema\\\/logo\\\/image\\\/\",\"url\":\"https:\\\/\\\/arrow-energy.com\\\/sp\\\/wp-content\\\/uploads\\\/2024\\\/07\\\/Arrow-Logo-3.png\",\"contentUrl\":\"https:\\\/\\\/arrow-energy.com\\\/sp\\\/wp-content\\\/uploads\\\/2024\\\/07\\\/Arrow-Logo-3.png\",\"width\":376,\"height\":170,\"caption\":\"Arrow Energy Co., Ltd.\"},\"image\":{\"@id\":\"https:\\\/\\\/arrow-energy.com\\\/sp\\\/#\\\/schema\\\/logo\\\/image\\\/\"},\"sameAs\":[\"https:\\\/\\\/www.facebook.com\\\/Arrowenergy.thailand\",\"https:\\\/\\\/www.instagram.com\\\/arrowenergy.thailand\\\/?hl=th\",\"https:\\\/\\\/www.linkedin.com\\\/company\\\/arrowenergy\\\/\",\"https:\\\/\\\/www.youtube.com\\\/channel\\\/UCV0ZxGWibSEttNCQawue0vw\"]}]}<\/script>\n<!-- \/ Yoast SEO Premium plugin. -->","yoast_head_json":{"title":"Aislantes y Conductores - Arrow Energy","robots":{"index":"index","follow":"follow","max-snippet":"max-snippet:-1","max-image-preview":"max-image-preview:large","max-video-preview":"max-video-preview:-1"},"canonical":"https:\/\/arrow-energy.com\/sp\/insulators-and-conductors\/","og_locale":"en_US","og_type":"article","og_title":"Aislantes y Conductores","og_description":"Aislantes y Conductores: Garantizando la Longevidad Aislantes Materiales Diel\u00e9ctricos de Alto Rendimiento: Vidrio, cer\u00e1mica y pol\u00edmeros con una resistencia excepcional a altas temperaturas y corrosi\u00f3n. Prop\u00f3sito: Proporciona aislamiento el\u00e9ctrico, evitando el arqueo y garantizando un funcionamiento seguro. Conductores Metales de Baja Resistencia: Cobre y aluminio para un flujo de corriente \u00f3ptimo. Funci\u00f3n: Permite una carga &hellip; Continue reading Aislantes y Conductores","og_url":"https:\/\/arrow-energy.com\/sp\/insulators-and-conductors\/","og_site_name":"Arrow Energy","article_publisher":"https:\/\/www.facebook.com\/Arrowenergy.thailand","article_modified_time":"2025-02-05T08:21:16+00:00","og_image":[{"width":376,"height":170,"url":"https:\/\/arrow-energy.com\/sp\/wp-content\/uploads\/2024\/07\/Arrow-Logo-3.png","type":"image\/png"}],"twitter_card":"summary_large_image","twitter_misc":{"Est. reading time":"1 minute"},"schema":{"@context":"https:\/\/schema.org","@graph":[{"@type":"WebPage","@id":"https:\/\/arrow-energy.com\/sp\/insulators-and-conductors\/","url":"https:\/\/arrow-energy.com\/sp\/insulators-and-conductors\/","name":"Aislantes y Conductores - Arrow Energy","isPartOf":{"@id":"https:\/\/arrow-energy.com\/sp\/#website"},"datePublished":"2025-01-15T07:20:02+00:00","dateModified":"2025-02-05T08:21:16+00:00","breadcrumb":{"@id":"https:\/\/arrow-energy.com\/sp\/insulators-and-conductors\/#breadcrumb"},"inLanguage":"en-US","potentialAction":[{"@type":"ReadAction","target":["https:\/\/arrow-energy.com\/sp\/insulators-and-conductors\/"]}]},{"@type":"BreadcrumbList","@id":"https:\/\/arrow-energy.com\/sp\/insulators-and-conductors\/#breadcrumb","itemListElement":[{"@type":"ListItem","position":1,"name":"Home","item":"https:\/\/arrow-energy.com\/sp\/"},{"@type":"ListItem","position":2,"name":"Aislantes y Conductores"}]},{"@type":"WebSite","@id":"https:\/\/arrow-energy.com\/sp\/#website","url":"https:\/\/arrow-energy.com\/sp\/","name":"https:\/\/arrow-energy.com\/sp","description":"&quot;Arrow Energy es un actor destacado en las renovaciones del sector energ\u00e9tico. Altamente competente en la ingenier\u00eda y construcci\u00f3n de equipos de control de la contaminaci\u00f3n.&quot;","publisher":{"@id":"https:\/\/arrow-energy.com\/sp\/#organization"},"alternateName":"https:\/\/arrow-energy.com\/sp","potentialAction":[{"@type":"SearchAction","target":{"@type":"EntryPoint","urlTemplate":"https:\/\/arrow-energy.com\/sp\/?s={search_term_string}"},"query-input":{"@type":"PropertyValueSpecification","valueRequired":true,"valueName":"search_term_string"}}],"inLanguage":"en-US"},{"@type":"Organization","@id":"https:\/\/arrow-energy.com\/sp\/#organization","name":"Arrow Energy Co., Ltd.","alternateName":"Arrow Enrgy","url":"https:\/\/arrow-energy.com\/sp\/","logo":{"@type":"ImageObject","inLanguage":"en-US","@id":"https:\/\/arrow-energy.com\/sp\/#\/schema\/logo\/image\/","url":"https:\/\/arrow-energy.com\/sp\/wp-content\/uploads\/2024\/07\/Arrow-Logo-3.png","contentUrl":"https:\/\/arrow-energy.com\/sp\/wp-content\/uploads\/2024\/07\/Arrow-Logo-3.png","width":376,"height":170,"caption":"Arrow Energy Co., Ltd."},"image":{"@id":"https:\/\/arrow-energy.com\/sp\/#\/schema\/logo\/image\/"},"sameAs":["https:\/\/www.facebook.com\/Arrowenergy.thailand","https:\/\/www.instagram.com\/arrowenergy.thailand\/?hl=th","https:\/\/www.linkedin.com\/company\/arrowenergy\/","https:\/\/www.youtube.com\/channel\/UCV0ZxGWibSEttNCQawue0vw"]}]}},"_links":{"self":[{"href":"https:\/\/arrow-energy.com\/sp\/wp-json\/wp\/v2\/pages\/12007","targetHints":{"allow":["GET"]}}],"collection":[{"href":"https:\/\/arrow-energy.com\/sp\/wp-json\/wp\/v2\/pages"}],"about":[{"href":"https:\/\/arrow-energy.com\/sp\/wp-json\/wp\/v2\/types\/page"}],"author":[{"embeddable":true,"href":"https:\/\/arrow-energy.com\/sp\/wp-json\/wp\/v2\/users\/1"}],"replies":[{"embeddable":true,"href":"https:\/\/arrow-energy.com\/sp\/wp-json\/wp\/v2\/comments?post=12007"}],"version-history":[{"count":12,"href":"https:\/\/arrow-energy.com\/sp\/wp-json\/wp\/v2\/pages\/12007\/revisions"}],"predecessor-version":[{"id":13125,"href":"https:\/\/arrow-energy.com\/sp\/wp-json\/wp\/v2\/pages\/12007\/revisions\/13125"}],"wp:attachment":[{"href":"https:\/\/arrow-energy.com\/sp\/wp-json\/wp\/v2\/media?parent=12007"}],"curies":[{"name":"wp","href":"https:\/\/api.w.org\/{rel}","templated":true}]}}