{"id":12018,"date":"2025-01-15T07:25:04","date_gmt":"2025-01-15T07:25:04","guid":{"rendered":"https:\/\/sp.arrow-energy.com\/?page_id=12018"},"modified":"2025-02-05T07:33:09","modified_gmt":"2025-02-05T07:33:09","slug":"insulators-and-conductors-technical-corner","status":"publish","type":"page","link":"https:\/\/arrow-energy.com\/sp\/insulators-and-conductors-technical-corner\/","title":{"rendered":"Electro cicl\u00f3n"},"content":{"rendered":"\t\t<div data-elementor-type=\"wp-page\" data-elementor-id=\"12018\" class=\"elementor elementor-12018\" data-elementor-post-type=\"page\">\n\t\t\t\t<div class=\"elementor-element elementor-element-839588e e-flex e-con-boxed e-con e-parent\" data-id=\"839588e\" data-element_type=\"container\" data-e-type=\"container\">\n\t\t\t\t\t<div class=\"e-con-inner\">\n\t\t\t\t<div class=\"elementor-element elementor-element-14f00cb elementor-widget elementor-widget-heading\" data-id=\"14f00cb\" data-element_type=\"widget\" data-e-type=\"widget\" data-widget_type=\"heading.default\">\n\t\t\t\t<div class=\"elementor-widget-container\">\n\t\t\t\t\t<h2 class=\"elementor-heading-title elementor-size-default\">Electro cicl\u00f3n<\/h2>\t\t\t\t<\/div>\n\t\t\t\t<\/div>\n\t\t\t\t<div class=\"elementor-element elementor-element-cda8515 elementor-widget elementor-widget-text-editor\" data-id=\"cda8515\" data-element_type=\"widget\" data-e-type=\"widget\" data-widget_type=\"text-editor.default\">\n\t\t\t\t<div class=\"elementor-widget-container\">\n\t\t\t\t\t\t\t\t\t<p>Una innovaci\u00f3n revolucionaria en la tecnolog\u00eda de separaci\u00f3n de polvo y part\u00edculas. Dise\u00f1ado para satisfacer la creciente demanda de operaciones industriales m\u00e1s limpias, el <strong>Electro cicl\u00f3n<\/strong> combina la <strong>fuerza centr\u00edfuga de los ciclones<\/strong> con la <strong>tecnolog\u00eda de carga electrost\u00e1tica<\/strong> de los precipitadores para lograr un rendimiento sin precedentes en la recolecci\u00f3n de polvo.<\/p><h3><strong>Qu\u00e9 es un Electro cicl\u00f3n?<\/strong><\/h3><p>El <strong>Electro cicl\u00f3n<\/strong> es un dispositivo h\u00edbrido de control de la contaminaci\u00f3n del aire que mejora la tecnolog\u00eda cicl\u00f3nica tradicional al incorporar <strong>fuerzas electrost\u00e1ticas<\/strong>. Mientras que los ciclones convencionales dependen \u00fanicamente de la fuerza centr\u00edfuga para separar part\u00edculas de las corrientes de gas, el Electro cicl\u00f3n a\u00f1ade una capa de <strong>atracci\u00f3n electrost\u00e1tica<\/strong> para capturar incluso part\u00edculas m\u00e1s finas. Este enfoque de doble acci\u00f3n mejora significativamente la eficiencia de recolecci\u00f3n, lo que lo hace ideal para industrias que requieren un estricto control del polvo.<\/p><h3><strong>C\u00f3mo funciona el Electro cicl\u00f3n<\/strong><\/h3><ol><li><p><strong>Carga de part\u00edculas:<\/strong><\/p><ul><li>El gas con part\u00edculas de polvo entra al sistema, donde se cargan utilizando un electrodo de alto voltaje.<\/li><li>La carga electrost\u00e1tica mejora la capacidad del cicl\u00f3n para capturar part\u00edculas finas.<\/li><\/ul><\/li><li><p><strong>Acci\u00f3n centr\u00edfuga:<\/strong><\/p><ul><li>El movimiento giratorio dentro de la c\u00e1mara del cicl\u00f3n fuerza a las part\u00edculas m\u00e1s grandes hacia las paredes, donde se depositan y se recolectan.<\/li><\/ul><\/li><li><p><strong>Recolecci\u00f3n electrost\u00e1tica:<\/strong><\/p><ul><li>Las part\u00edculas finas cargadas, que normalmente escapar\u00edan en los ciclones convencionales, son atra\u00eddas hacia superficies de colecci\u00f3n con carga opuesta, asegurando una eliminaci\u00f3n eficiente del polvo.<\/li><\/ul><\/li><li><p><strong>Descarga de aire limpio:<\/strong><\/p><ul><li>El gas purificado se libera cumpliendo o superando los est\u00e1ndares ambientales.<\/li><\/ul><\/li><\/ol><h3><strong>Caracter\u00edsticas principales<\/strong><\/h3><ol><li><strong>Eficiencia mejorada:<\/strong> Combina separaci\u00f3n centr\u00edfuga y electrost\u00e1tica para lograr tasas de eliminaci\u00f3n de part\u00edculas de hasta <strong>99.9%<\/strong>, incluyendo part\u00edculas ultrafinas.<\/li><li><strong>Dise\u00f1o vers\u00e1til:<\/strong> Adecuado para una amplia gama de aplicaciones industriales, desde <strong>plantas de energ\u00eda<\/strong> hasta <strong>fabricaci\u00f3n qu\u00edmica<\/strong> y <strong>producci\u00f3n de cemento<\/strong>.<\/li><li><strong>Bajo consumo de energ\u00eda:<\/strong> Usa menos energ\u00eda en comparaci\u00f3n con los precipitadores electrost\u00e1ticos independientes, ofreciendo un rendimiento similar o superior.<\/li><li><strong>Tama\u00f1o compacto:<\/strong> Dise\u00f1o eficiente en espacio que se integra f\u00e1cilmente en operaciones existentes.<\/li><li><strong>Construcci\u00f3n duradera:<\/strong> Fabricado con materiales resistentes a la corrosi\u00f3n para soportar altas temperaturas y entornos industriales exigentes.<\/li><li><strong>Mantenimiento reducido:<\/strong> El dise\u00f1o avanzado minimiza las piezas m\u00f3viles y reduce el tiempo de inactividad por limpieza y mantenimiento.<\/li><\/ol>\t\t\t\t\t\t\t\t<\/div>\n\t\t\t\t<\/div>\n\t\t\t\t\t<\/div>\n\t\t\t\t<\/div>\n\t\t<section class=\"elementor-element elementor-element-a96e6a1 e-grid e-con-boxed e-con e-parent\" data-id=\"a96e6a1\" data-element_type=\"container\" data-e-type=\"container\">\n\t\t\t\t\t<div class=\"e-con-inner\">\n\t\t\t\t\t<\/div>\n\t\t\t\t<\/section>\n\t\t\t\t<\/div>\n\t\t","protected":false},"excerpt":{"rendered":"<p>Electro cicl\u00f3n Una innovaci\u00f3n revolucionaria en la tecnolog\u00eda de separaci\u00f3n de polvo y part\u00edculas. Dise\u00f1ado para satisfacer la creciente demanda de operaciones industriales m\u00e1s limpias, el Electro cicl\u00f3n combina la fuerza centr\u00edfuga de los ciclones con la tecnolog\u00eda de carga electrost\u00e1tica de los precipitadores para lograr un rendimiento sin precedentes en la recolecci\u00f3n de polvo. &hellip; <a href=\"https:\/\/arrow-energy.com\/sp\/insulators-and-conductors-technical-corner\/\" class=\"more-link\">Continue reading <span class=\"screen-reader-text\">Electro cicl\u00f3n<\/span><\/a><\/p>\n","protected":false},"author":1,"featured_media":0,"parent":0,"menu_order":0,"comment_status":"closed","ping_status":"closed","template":"","meta":{"nf_dc_page":"","_monsterinsights_skip_tracking":false,"_monsterinsights_sitenote_active":false,"_monsterinsights_sitenote_note":"","_monsterinsights_sitenote_category":0,"footnotes":""},"class_list":["post-12018","page","type-page","status-publish","hentry"],"yoast_head":"<!-- This site is optimized with the Yoast SEO Premium plugin v25.6 (Yoast SEO v27.4) - https:\/\/yoast.com\/product\/yoast-seo-premium-wordpress\/ -->\n<title>Electro cicl\u00f3n - Arrow Energy<\/title>\n<meta name=\"robots\" content=\"index, follow, max-snippet:-1, max-image-preview:large, max-video-preview:-1\" \/>\n<link rel=\"canonical\" href=\"https:\/\/arrow-energy.com\/sp\/insulators-and-conductors-technical-corner\/\" \/>\n<meta property=\"og:locale\" content=\"en_US\" \/>\n<meta property=\"og:type\" content=\"article\" \/>\n<meta property=\"og:title\" content=\"Electro cicl\u00f3n\" \/>\n<meta property=\"og:description\" content=\"Electro cicl\u00f3n Una innovaci\u00f3n revolucionaria en la tecnolog\u00eda de separaci\u00f3n de polvo y part\u00edculas. Dise\u00f1ado para satisfacer la creciente demanda de operaciones industriales m\u00e1s limpias, el Electro cicl\u00f3n combina la fuerza centr\u00edfuga de los ciclones con la tecnolog\u00eda de carga electrost\u00e1tica de los precipitadores para lograr un rendimiento sin precedentes en la recolecci\u00f3n de polvo. &hellip; Continue reading Electro cicl\u00f3n\" \/>\n<meta property=\"og:url\" content=\"https:\/\/arrow-energy.com\/sp\/insulators-and-conductors-technical-corner\/\" \/>\n<meta property=\"og:site_name\" content=\"Arrow Energy\" \/>\n<meta property=\"article:publisher\" content=\"https:\/\/www.facebook.com\/Arrowenergy.thailand\" \/>\n<meta property=\"article:modified_time\" content=\"2025-02-05T07:33:09+00:00\" \/>\n<meta property=\"og:image\" content=\"https:\/\/arrow-energy.com\/sp\/wp-content\/uploads\/2024\/07\/Arrow-Logo-3.png\" \/>\n\t<meta property=\"og:image:width\" content=\"376\" \/>\n\t<meta property=\"og:image:height\" content=\"170\" \/>\n\t<meta property=\"og:image:type\" content=\"image\/png\" \/>\n<meta name=\"twitter:card\" content=\"summary_large_image\" \/>\n<meta name=\"twitter:label1\" content=\"Est. reading time\" \/>\n\t<meta name=\"twitter:data1\" content=\"2 minutes\" \/>\n<script type=\"application\/ld+json\" class=\"yoast-schema-graph\">{\"@context\":\"https:\\\/\\\/schema.org\",\"@graph\":[{\"@type\":\"WebPage\",\"@id\":\"https:\\\/\\\/arrow-energy.com\\\/sp\\\/insulators-and-conductors-technical-corner\\\/\",\"url\":\"https:\\\/\\\/arrow-energy.com\\\/sp\\\/insulators-and-conductors-technical-corner\\\/\",\"name\":\"Electro cicl\u00f3n - Arrow Energy\",\"isPartOf\":{\"@id\":\"https:\\\/\\\/arrow-energy.com\\\/sp\\\/#website\"},\"datePublished\":\"2025-01-15T07:25:04+00:00\",\"dateModified\":\"2025-02-05T07:33:09+00:00\",\"breadcrumb\":{\"@id\":\"https:\\\/\\\/arrow-energy.com\\\/sp\\\/insulators-and-conductors-technical-corner\\\/#breadcrumb\"},\"inLanguage\":\"en-US\",\"potentialAction\":[{\"@type\":\"ReadAction\",\"target\":[\"https:\\\/\\\/arrow-energy.com\\\/sp\\\/insulators-and-conductors-technical-corner\\\/\"]}]},{\"@type\":\"BreadcrumbList\",\"@id\":\"https:\\\/\\\/arrow-energy.com\\\/sp\\\/insulators-and-conductors-technical-corner\\\/#breadcrumb\",\"itemListElement\":[{\"@type\":\"ListItem\",\"position\":1,\"name\":\"Home\",\"item\":\"https:\\\/\\\/arrow-energy.com\\\/sp\\\/\"},{\"@type\":\"ListItem\",\"position\":2,\"name\":\"Electro cicl\u00f3n\"}]},{\"@type\":\"WebSite\",\"@id\":\"https:\\\/\\\/arrow-energy.com\\\/sp\\\/#website\",\"url\":\"https:\\\/\\\/arrow-energy.com\\\/sp\\\/\",\"name\":\"https:\\\/\\\/arrow-energy.com\\\/sp\",\"description\":\"&quot;Arrow Energy es un actor destacado en las renovaciones del sector energ\u00e9tico. Altamente competente en la ingenier\u00eda y construcci\u00f3n de equipos de control de la contaminaci\u00f3n.&quot;\",\"publisher\":{\"@id\":\"https:\\\/\\\/arrow-energy.com\\\/sp\\\/#organization\"},\"alternateName\":\"https:\\\/\\\/arrow-energy.com\\\/sp\",\"potentialAction\":[{\"@type\":\"SearchAction\",\"target\":{\"@type\":\"EntryPoint\",\"urlTemplate\":\"https:\\\/\\\/arrow-energy.com\\\/sp\\\/?s={search_term_string}\"},\"query-input\":{\"@type\":\"PropertyValueSpecification\",\"valueRequired\":true,\"valueName\":\"search_term_string\"}}],\"inLanguage\":\"en-US\"},{\"@type\":\"Organization\",\"@id\":\"https:\\\/\\\/arrow-energy.com\\\/sp\\\/#organization\",\"name\":\"Arrow Energy Co., Ltd.\",\"alternateName\":\"Arrow Enrgy\",\"url\":\"https:\\\/\\\/arrow-energy.com\\\/sp\\\/\",\"logo\":{\"@type\":\"ImageObject\",\"inLanguage\":\"en-US\",\"@id\":\"https:\\\/\\\/arrow-energy.com\\\/sp\\\/#\\\/schema\\\/logo\\\/image\\\/\",\"url\":\"https:\\\/\\\/arrow-energy.com\\\/sp\\\/wp-content\\\/uploads\\\/2024\\\/07\\\/Arrow-Logo-3.png\",\"contentUrl\":\"https:\\\/\\\/arrow-energy.com\\\/sp\\\/wp-content\\\/uploads\\\/2024\\\/07\\\/Arrow-Logo-3.png\",\"width\":376,\"height\":170,\"caption\":\"Arrow Energy Co., Ltd.\"},\"image\":{\"@id\":\"https:\\\/\\\/arrow-energy.com\\\/sp\\\/#\\\/schema\\\/logo\\\/image\\\/\"},\"sameAs\":[\"https:\\\/\\\/www.facebook.com\\\/Arrowenergy.thailand\",\"https:\\\/\\\/www.instagram.com\\\/arrowenergy.thailand\\\/?hl=th\",\"https:\\\/\\\/www.linkedin.com\\\/company\\\/arrowenergy\\\/\",\"https:\\\/\\\/www.youtube.com\\\/channel\\\/UCV0ZxGWibSEttNCQawue0vw\"]}]}<\/script>\n<!-- \/ Yoast SEO Premium plugin. -->","yoast_head_json":{"title":"Electro cicl\u00f3n - Arrow Energy","robots":{"index":"index","follow":"follow","max-snippet":"max-snippet:-1","max-image-preview":"max-image-preview:large","max-video-preview":"max-video-preview:-1"},"canonical":"https:\/\/arrow-energy.com\/sp\/insulators-and-conductors-technical-corner\/","og_locale":"en_US","og_type":"article","og_title":"Electro cicl\u00f3n","og_description":"Electro cicl\u00f3n Una innovaci\u00f3n revolucionaria en la tecnolog\u00eda de separaci\u00f3n de polvo y part\u00edculas. Dise\u00f1ado para satisfacer la creciente demanda de operaciones industriales m\u00e1s limpias, el Electro cicl\u00f3n combina la fuerza centr\u00edfuga de los ciclones con la tecnolog\u00eda de carga electrost\u00e1tica de los precipitadores para lograr un rendimiento sin precedentes en la recolecci\u00f3n de polvo. &hellip; Continue reading Electro cicl\u00f3n","og_url":"https:\/\/arrow-energy.com\/sp\/insulators-and-conductors-technical-corner\/","og_site_name":"Arrow Energy","article_publisher":"https:\/\/www.facebook.com\/Arrowenergy.thailand","article_modified_time":"2025-02-05T07:33:09+00:00","og_image":[{"width":376,"height":170,"url":"https:\/\/arrow-energy.com\/sp\/wp-content\/uploads\/2024\/07\/Arrow-Logo-3.png","type":"image\/png"}],"twitter_card":"summary_large_image","twitter_misc":{"Est. reading time":"2 minutes"},"schema":{"@context":"https:\/\/schema.org","@graph":[{"@type":"WebPage","@id":"https:\/\/arrow-energy.com\/sp\/insulators-and-conductors-technical-corner\/","url":"https:\/\/arrow-energy.com\/sp\/insulators-and-conductors-technical-corner\/","name":"Electro cicl\u00f3n - Arrow Energy","isPartOf":{"@id":"https:\/\/arrow-energy.com\/sp\/#website"},"datePublished":"2025-01-15T07:25:04+00:00","dateModified":"2025-02-05T07:33:09+00:00","breadcrumb":{"@id":"https:\/\/arrow-energy.com\/sp\/insulators-and-conductors-technical-corner\/#breadcrumb"},"inLanguage":"en-US","potentialAction":[{"@type":"ReadAction","target":["https:\/\/arrow-energy.com\/sp\/insulators-and-conductors-technical-corner\/"]}]},{"@type":"BreadcrumbList","@id":"https:\/\/arrow-energy.com\/sp\/insulators-and-conductors-technical-corner\/#breadcrumb","itemListElement":[{"@type":"ListItem","position":1,"name":"Home","item":"https:\/\/arrow-energy.com\/sp\/"},{"@type":"ListItem","position":2,"name":"Electro cicl\u00f3n"}]},{"@type":"WebSite","@id":"https:\/\/arrow-energy.com\/sp\/#website","url":"https:\/\/arrow-energy.com\/sp\/","name":"https:\/\/arrow-energy.com\/sp","description":"&quot;Arrow Energy es un actor destacado en las renovaciones del sector energ\u00e9tico. Altamente competente en la ingenier\u00eda y construcci\u00f3n de equipos de control de la contaminaci\u00f3n.&quot;","publisher":{"@id":"https:\/\/arrow-energy.com\/sp\/#organization"},"alternateName":"https:\/\/arrow-energy.com\/sp","potentialAction":[{"@type":"SearchAction","target":{"@type":"EntryPoint","urlTemplate":"https:\/\/arrow-energy.com\/sp\/?s={search_term_string}"},"query-input":{"@type":"PropertyValueSpecification","valueRequired":true,"valueName":"search_term_string"}}],"inLanguage":"en-US"},{"@type":"Organization","@id":"https:\/\/arrow-energy.com\/sp\/#organization","name":"Arrow Energy Co., Ltd.","alternateName":"Arrow Enrgy","url":"https:\/\/arrow-energy.com\/sp\/","logo":{"@type":"ImageObject","inLanguage":"en-US","@id":"https:\/\/arrow-energy.com\/sp\/#\/schema\/logo\/image\/","url":"https:\/\/arrow-energy.com\/sp\/wp-content\/uploads\/2024\/07\/Arrow-Logo-3.png","contentUrl":"https:\/\/arrow-energy.com\/sp\/wp-content\/uploads\/2024\/07\/Arrow-Logo-3.png","width":376,"height":170,"caption":"Arrow Energy Co., Ltd."},"image":{"@id":"https:\/\/arrow-energy.com\/sp\/#\/schema\/logo\/image\/"},"sameAs":["https:\/\/www.facebook.com\/Arrowenergy.thailand","https:\/\/www.instagram.com\/arrowenergy.thailand\/?hl=th","https:\/\/www.linkedin.com\/company\/arrowenergy\/","https:\/\/www.youtube.com\/channel\/UCV0ZxGWibSEttNCQawue0vw"]}]}},"_links":{"self":[{"href":"https:\/\/arrow-energy.com\/sp\/wp-json\/wp\/v2\/pages\/12018","targetHints":{"allow":["GET"]}}],"collection":[{"href":"https:\/\/arrow-energy.com\/sp\/wp-json\/wp\/v2\/pages"}],"about":[{"href":"https:\/\/arrow-energy.com\/sp\/wp-json\/wp\/v2\/types\/page"}],"author":[{"embeddable":true,"href":"https:\/\/arrow-energy.com\/sp\/wp-json\/wp\/v2\/users\/1"}],"replies":[{"embeddable":true,"href":"https:\/\/arrow-energy.com\/sp\/wp-json\/wp\/v2\/comments?post=12018"}],"version-history":[{"count":14,"href":"https:\/\/arrow-energy.com\/sp\/wp-json\/wp\/v2\/pages\/12018\/revisions"}],"predecessor-version":[{"id":13104,"href":"https:\/\/arrow-energy.com\/sp\/wp-json\/wp\/v2\/pages\/12018\/revisions\/13104"}],"wp:attachment":[{"href":"https:\/\/arrow-energy.com\/sp\/wp-json\/wp\/v2\/media?parent=12018"}],"curies":[{"name":"wp","href":"https:\/\/api.w.org\/{rel}","templated":true}]}}