{"id":12035,"date":"2025-01-15T07:47:46","date_gmt":"2025-01-15T07:47:46","guid":{"rendered":"https:\/\/sp.arrow-energy.com\/?page_id=12035"},"modified":"2025-09-16T05:17:47","modified_gmt":"2025-09-16T05:17:47","slug":"wet-scrubber","status":"publish","type":"page","link":"https:\/\/arrow-energy.com\/sp\/wet-scrubber\/","title":{"rendered":"Depurador H\u00famedo"},"content":{"rendered":"\t\t<div data-elementor-type=\"wp-page\" data-elementor-id=\"12035\" class=\"elementor elementor-12035\" data-elementor-post-type=\"page\">\n\t\t\t\t<div class=\"elementor-element elementor-element-ac8c458 e-flex e-con-boxed e-con e-parent\" data-id=\"ac8c458\" data-element_type=\"container\" data-e-type=\"container\">\n\t\t\t\t\t<div class=\"e-con-inner\">\n\t\t<div class=\"elementor-element elementor-element-d683155 e-con-full e-flex e-con e-child\" data-id=\"d683155\" data-element_type=\"container\" data-e-type=\"container\">\n\t\t\t\t<div class=\"elementor-element elementor-element-cfe42aa elementor-widget elementor-widget-image\" data-id=\"cfe42aa\" data-element_type=\"widget\" data-e-type=\"widget\" data-widget_type=\"image.default\">\n\t\t\t\t<div class=\"elementor-widget-container\">\n\t\t\t\t\t\t\t\t\t\t\t\t\t\t\t<img fetchpriority=\"high\" decoding=\"async\" width=\"317\" height=\"444\" src=\"https:\/\/arrow-energy.com\/sp\/wp-content\/uploads\/2024\/07\/WetScrubber-Content1.png\" class=\"attachment-full size-full wp-image-5620\" alt=\"\" srcset=\"https:\/\/arrow-energy.com\/sp\/wp-content\/uploads\/2024\/07\/WetScrubber-Content1.png 317w, https:\/\/arrow-energy.com\/sp\/wp-content\/uploads\/2024\/07\/WetScrubber-Content1-214x300.png 214w\" sizes=\"(max-width: 317px) 100vw, 317px\" data-id=\"5620\" \/>\t\t\t\t\t\t\t\t\t\t\t\t\t\t\t<\/div>\n\t\t\t\t<\/div>\n\t\t\t\t<\/div>\n\t\t<div class=\"elementor-element elementor-element-db54934 e-con-full e-flex e-con e-child\" data-id=\"db54934\" data-element_type=\"container\" data-e-type=\"container\">\n\t\t\t\t<div class=\"elementor-element elementor-element-4c5bed1 elementor-widget elementor-widget-text-editor\" data-id=\"4c5bed1\" data-element_type=\"widget\" data-e-type=\"widget\" data-widget_type=\"text-editor.default\">\n\t\t\t\t<div class=\"elementor-widget-container\">\n\t\t\t\t\t\t\t\t\t<p>&#8220;El depurador h\u00famedo es un equipo de control de contaminaci\u00f3n de tipo h\u00famedo que se utiliza para eliminar part\u00edculas s\u00f3lidas del gas de combusti\u00f3n mediante el m\u00e9todo de contacto directo.&#8221;<\/p>\t\t\t\t\t\t\t\t<\/div>\n\t\t\t\t<\/div>\n\t\t\t\t<div class=\"elementor-element elementor-element-9a80b9a elementor-widget elementor-widget-text-editor\" data-id=\"9a80b9a\" data-element_type=\"widget\" data-e-type=\"widget\" data-widget_type=\"text-editor.default\">\n\t\t\t\t<div class=\"elementor-widget-container\">\n\t\t\t\t\t\t\t\t\t<h4 class=\"tm-custom-heading\">Caracter\u00edsticas de Dise\u00f1o<\/h4><ul class=\"tm-list tm-list-style-icon tm-list-icon-color-skincolor tm- tm-icon-skincolor tm-list-textsize- tm-list-icon-library-fontawesome\"><li><i class=\"tm-skincolor fa fa-square\"><\/i><span class=\"tm-list-li-content\" style=\"color: black;\">Eliminaci\u00f3n eficiente de polvo<\/span><\/li><li><i class=\"tm-skincolor fa fa-square\"><\/i><span class=\"tm-list-li-content\" style=\"color: black;\">Filtraci\u00f3n de doble capa<\/span><\/li><li><i class=\"tm-skincolor fa fa-square\"><\/i><span class=\"tm-list-li-content\" style=\"color: black;\">Eliminador de niebla para reducir la humedad en el gas limpio<\/span><\/li><li><i class=\"tm-skincolor fa fa-square\"><\/i><span class=\"tm-list-li-content\" style=\"color: black;\">Gesti\u00f3n eficiente del agua<\/span><\/li><li><i class=\"tm-skincolor fa fa-square\"><\/i><span class=\"tm-list-li-content\" style=\"color: black;\">Requiere menos espacio<\/span><\/li><\/ul>\t\t\t\t\t\t\t\t<\/div>\n\t\t\t\t<\/div>\n\t\t\t\t<div class=\"elementor-element elementor-element-afb38eb elementor-widget elementor-widget-text-editor\" data-id=\"afb38eb\" data-element_type=\"widget\" data-e-type=\"widget\" data-widget_type=\"text-editor.default\">\n\t\t\t\t<div class=\"elementor-widget-container\">\n\t\t\t\t\t\t\t\t\t<h4 class=\"tm-custom-heading\">Ventajas<\/h4><ul class=\"tm-list tm-list-style-icon tm-list-icon-color-skincolor tm- tm-icon-skincolor tm-list-textsize- tm-list-icon-library-fontawesome\"><li><i class=\"tm-skincolor fa fa-square\"><\/i><span class=\"tm-list-li-content\" style=\"color: black;\">Bajo costo de equipo<\/span><\/li><li><i class=\"tm-skincolor fa fa-square\"><\/i><span class=\"tm-list-li-content\" style=\"color: black;\">Operaci\u00f3n simple y f\u00e1cil<\/span><\/li><li><i class=\"tm-skincolor fa fa-square\"><\/i><span class=\"tm-list-li-content\" style=\"color: black;\">Bajo requerimiento de espacio<\/span><\/li><li><i class=\"tm-skincolor fa fa-square\"><\/i><span class=\"tm-list-li-content\" style=\"color: black;\">Bajo costo de mantenimiento<\/span><\/li><\/ul>\t\t\t\t\t\t\t\t<\/div>\n\t\t\t\t<\/div>\n\t\t\t\t<\/div>\n\t\t\t\t\t<\/div>\n\t\t\t\t<\/div>\n\t\t<div class=\"elementor-element elementor-element-839588e e-flex e-con-boxed e-con e-parent\" data-id=\"839588e\" data-element_type=\"container\" data-e-type=\"container\">\n\t\t\t\t\t<div class=\"e-con-inner\">\n\t\t\t\t<div class=\"elementor-element elementor-element-cda8515 elementor-widget elementor-widget-text-editor\" data-id=\"cda8515\" data-element_type=\"widget\" data-e-type=\"widget\" data-widget_type=\"text-editor.default\">\n\t\t\t\t<div class=\"elementor-widget-container\">\n\t\t\t\t\t\t\t\t\t<h4><strong>Depuradores H\u00famedos: Control Avanzado de Contaminaci\u00f3n para Operaciones M\u00e1s Limpias<\/strong><\/h4> En <strong>Arrow Energy<\/strong>, ofrecemos <strong>Depuradores H\u00famedos<\/strong> de alta eficiencia, un componente vital para el control de la contaminaci\u00f3n en industrias que manejan gases de combusti\u00f3n. Estos depuradores est\u00e1n espec\u00edficamente dise\u00f1ados para eliminar part\u00edculas s\u00f3lidas y contaminantes de los gases de escape mediante un <strong>m\u00e9todo de contacto directo<\/strong>, asegurando el cumplimiento de los est\u00e1ndares medioambientales y manteniendo la eficiencia operativa. <h5><strong>\u00bfQu\u00e9 es un Depurador H\u00famedo?<\/strong><\/h5> Un <strong>Depurador H\u00famedo<\/strong> es un dispositivo de control de la contaminaci\u00f3n que utiliza agua u otros l\u00edquidos para capturar y eliminar polvo, part\u00edculas y contaminantes da\u00f1inos de las emisiones de gases de escape. Al forzar el flujo de gases a trav\u00e9s de un medio l\u00edquido, los contaminantes son capturados de manera efectiva, asegurando gases de escape m\u00e1s limpios y un ambiente m\u00e1s saludable. <h5><strong>Caracter\u00edsticas de Dise\u00f1o<\/strong><\/h5> <ol> <li><strong>Alta Eficiencia en la Eliminaci\u00f3n de Polvo:<\/strong> Capaz de eliminar part\u00edculas, asegurando un rendimiento excepcional en la filtraci\u00f3n.<\/li> <li><strong>Filtraci\u00f3n de Doble Capa:<\/strong> Un proceso de filtraci\u00f3n en dos etapas que mejora la captura de part\u00edculas y aumenta la eficiencia general.<\/li> <li><strong>Eliminador de Neblina:<\/strong> Reduce el contenido de humedad en el flujo de gases limpio, asegurando la sequedad \u00f3ptima en el escape final.<\/li> <li><strong>Gesti\u00f3n Eficiente del Agua:<\/strong> Los dise\u00f1os avanzados minimizan el desperdicio de agua mientras maximizan la eficiencia de limpieza, haciendo las operaciones m\u00e1s ecol\u00f3gicas.<\/li> <li><strong>Dise\u00f1o Compacto:<\/strong> Requiere menos espacio en comparaci\u00f3n con otros sistemas de control de contaminaci\u00f3n, lo que lo hace adecuado para industrias con limitaciones de espacio.<\/li> <\/ol> <h5><strong>Aplicaciones de los Depuradores H\u00famedos<\/strong><\/h5> Los Depuradores H\u00famedos son ideales para industrias donde la eliminaci\u00f3n eficiente de part\u00edculas es esencial, tales como: <ul> <li style=\"list-style-type: none;\"> <ul> <li><strong>Plantas Termoel\u00e9ctricas<\/strong><\/li> <li><strong>Industria del Cemento<\/strong><\/li> <li><strong>Plantas de Energ\u00eda Biomasa<\/strong><\/li> <\/ul> <\/li> <\/ul> <h5><strong>Su Socio en el Control de Contaminaci\u00f3n<\/strong><\/h5> En <strong>Arrow Energy<\/strong>, entendemos la importancia de los sistemas de control de contaminaci\u00f3n confiables y eficientes. Nuestros <strong>Depuradores H\u00famedos<\/strong> est\u00e1n dise\u00f1ados para ofrecer un rendimiento superior, eficiencia econ\u00f3mica y cumplimiento ambiental, lo que los convierte en la opci\u00f3n ideal para industrias que buscan reducir las emisiones y maximizar la efectividad operativa.\t\t\t\t\t\t\t\t<\/div>\n\t\t\t\t<\/div>\n\t\t\t\t<div class=\"elementor-element elementor-element-9175e45 elementor-arrows-position-inside elementor-pagination-position-outside elementor-widget elementor-widget-image-carousel\" data-id=\"9175e45\" data-element_type=\"widget\" data-e-type=\"widget\" data-settings=\"{&quot;slides_to_show&quot;:&quot;2&quot;,&quot;slides_to_scroll&quot;:&quot;1&quot;,&quot;navigation&quot;:&quot;both&quot;,&quot;autoplay&quot;:&quot;yes&quot;,&quot;pause_on_hover&quot;:&quot;yes&quot;,&quot;pause_on_interaction&quot;:&quot;yes&quot;,&quot;autoplay_speed&quot;:5000,&quot;infinite&quot;:&quot;yes&quot;,&quot;speed&quot;:500}\" data-widget_type=\"image-carousel.default\">\n\t\t\t\t<div class=\"elementor-widget-container\">\n\t\t\t\t\t\t\t<div class=\"elementor-image-carousel-wrapper swiper\" role=\"region\" aria-roledescription=\"carousel\" aria-label=\"Image Carousel\" dir=\"ltr\">\n\t\t\t<div class=\"elementor-image-carousel swiper-wrapper\" aria-live=\"off\">\n\t\t\t\t\t\t\t\t<div class=\"swiper-slide\" role=\"group\" aria-roledescription=\"slide\" aria-label=\"1 of 2\"><figure class=\"swiper-slide-inner\"><img decoding=\"async\" class=\"swiper-slide-image\" src=\"https:\/\/arrow-energy.com\/sp\/wp-content\/uploads\/2025\/01\/Arrow-Energy_Wet-Scrubber.png\" alt=\"Arrow Energy_Wet Scrubber\" \/><\/figure><\/div><div class=\"swiper-slide\" role=\"group\" aria-roledescription=\"slide\" aria-label=\"2 of 2\"><figure class=\"swiper-slide-inner\"><img decoding=\"async\" class=\"swiper-slide-image\" src=\"https:\/\/arrow-energy.com\/sp\/wp-content\/uploads\/2025\/01\/ArrowEnergy_Wet-Scrubber_2.png\" alt=\"ArrowEnergy_Wet Scrubber_2\" \/><\/figure><\/div>\t\t\t<\/div>\n\t\t\t\t\t\t\t\t\t\t\t\t<div class=\"elementor-swiper-button elementor-swiper-button-prev\" role=\"button\" tabindex=\"0\">\n\t\t\t\t\t\t<svg aria-hidden=\"true\" class=\"e-font-icon-svg e-eicon-chevron-left\" viewBox=\"0 0 1000 1000\" xmlns=\"http:\/\/www.w3.org\/2000\/svg\"><path d=\"M646 125C629 125 613 133 604 142L308 442C296 454 292 471 292 487 292 504 296 521 308 533L604 854C617 867 629 875 646 875 663 875 679 871 692 858 704 846 713 829 713 812 713 796 708 779 692 767L438 487 692 225C700 217 708 204 708 187 708 171 704 154 692 142 675 129 663 125 646 125Z\"><\/path><\/svg>\t\t\t\t\t<\/div>\n\t\t\t\t\t<div class=\"elementor-swiper-button elementor-swiper-button-next\" role=\"button\" tabindex=\"0\">\n\t\t\t\t\t\t<svg aria-hidden=\"true\" class=\"e-font-icon-svg e-eicon-chevron-right\" viewBox=\"0 0 1000 1000\" xmlns=\"http:\/\/www.w3.org\/2000\/svg\"><path d=\"M696 533C708 521 713 504 713 487 713 471 708 454 696 446L400 146C388 133 375 125 354 125 338 125 325 129 313 142 300 154 292 171 292 187 292 204 296 221 308 233L563 492 304 771C292 783 288 800 288 817 288 833 296 850 308 863 321 871 338 875 354 875 371 875 388 867 400 854L696 533Z\"><\/path><\/svg>\t\t\t\t\t<\/div>\n\t\t\t\t\n\t\t\t\t\t\t\t\t\t<div class=\"swiper-pagination\"><\/div>\n\t\t\t\t\t\t\t\t\t<\/div>\n\t\t\t\t\t\t<\/div>\n\t\t\t\t<\/div>\n\t\t\t\t\t<\/div>\n\t\t\t\t<\/div>\n\t\t\t\t<\/div>\n\t\t","protected":false},"excerpt":{"rendered":"<p>&#8220;El depurador h\u00famedo es un equipo de control de contaminaci\u00f3n de tipo h\u00famedo que se utiliza para eliminar part\u00edculas s\u00f3lidas del gas de combusti\u00f3n mediante el m\u00e9todo de contacto directo.&#8221; Caracter\u00edsticas de Dise\u00f1o Eliminaci\u00f3n eficiente de polvo Filtraci\u00f3n de doble capa Eliminador de niebla para reducir la humedad en el gas limpio Gesti\u00f3n eficiente del &hellip; <a href=\"https:\/\/arrow-energy.com\/sp\/wet-scrubber\/\" class=\"more-link\">Continue reading <span class=\"screen-reader-text\">Depurador H\u00famedo<\/span><\/a><\/p>\n","protected":false},"author":1,"featured_media":0,"parent":0,"menu_order":0,"comment_status":"closed","ping_status":"closed","template":"","meta":{"nf_dc_page":"","_monsterinsights_skip_tracking":false,"_monsterinsights_sitenote_active":false,"_monsterinsights_sitenote_note":"","_monsterinsights_sitenote_category":0,"footnotes":""},"class_list":["post-12035","page","type-page","status-publish","hentry"],"yoast_head":"<!-- This site is optimized with the Yoast SEO Premium plugin v25.6 (Yoast SEO v27.4) - https:\/\/yoast.com\/product\/yoast-seo-premium-wordpress\/ -->\n<title>Depurador H\u00famedo - Arrow Energy<\/title>\n<meta name=\"robots\" content=\"index, follow, max-snippet:-1, max-image-preview:large, max-video-preview:-1\" \/>\n<link rel=\"canonical\" href=\"https:\/\/arrow-energy.com\/sp\/wet-scrubber\/\" \/>\n<meta property=\"og:locale\" content=\"en_US\" \/>\n<meta property=\"og:type\" content=\"article\" \/>\n<meta property=\"og:title\" content=\"Depurador H\u00famedo\" \/>\n<meta property=\"og:description\" content=\"&#8220;El depurador h\u00famedo es un equipo de control de contaminaci\u00f3n de tipo h\u00famedo que se utiliza para eliminar part\u00edculas s\u00f3lidas del gas de combusti\u00f3n mediante el m\u00e9todo de contacto directo.&#8221; Caracter\u00edsticas de Dise\u00f1o Eliminaci\u00f3n eficiente de polvo Filtraci\u00f3n de doble capa Eliminador de niebla para reducir la humedad en el gas limpio Gesti\u00f3n eficiente del &hellip; Continue reading Depurador H\u00famedo\" \/>\n<meta property=\"og:url\" content=\"https:\/\/arrow-energy.com\/sp\/wet-scrubber\/\" \/>\n<meta property=\"og:site_name\" content=\"Arrow Energy\" \/>\n<meta property=\"article:publisher\" content=\"https:\/\/www.facebook.com\/Arrowenergy.thailand\" \/>\n<meta property=\"article:modified_time\" content=\"2025-09-16T05:17:47+00:00\" \/>\n<meta property=\"og:image\" content=\"https:\/\/arrow-energy.com\/sp\/wp-content\/uploads\/2024\/07\/WetScrubber-Content1.png\" \/>\n<meta name=\"twitter:card\" content=\"summary_large_image\" \/>\n<meta name=\"twitter:label1\" content=\"Est. reading time\" \/>\n\t<meta name=\"twitter:data1\" content=\"4 minutes\" \/>\n<script type=\"application\/ld+json\" class=\"yoast-schema-graph\">{\"@context\":\"https:\\\/\\\/schema.org\",\"@graph\":[{\"@type\":\"WebPage\",\"@id\":\"https:\\\/\\\/arrow-energy.com\\\/sp\\\/wet-scrubber\\\/\",\"url\":\"https:\\\/\\\/arrow-energy.com\\\/sp\\\/wet-scrubber\\\/\",\"name\":\"Depurador H\u00famedo - Arrow Energy\",\"isPartOf\":{\"@id\":\"https:\\\/\\\/arrow-energy.com\\\/sp\\\/#website\"},\"primaryImageOfPage\":{\"@id\":\"https:\\\/\\\/arrow-energy.com\\\/sp\\\/wet-scrubber\\\/#primaryimage\"},\"image\":{\"@id\":\"https:\\\/\\\/arrow-energy.com\\\/sp\\\/wet-scrubber\\\/#primaryimage\"},\"thumbnailUrl\":\"https:\\\/\\\/arrow-energy.com\\\/sp\\\/wp-content\\\/uploads\\\/2024\\\/07\\\/WetScrubber-Content1.png\",\"datePublished\":\"2025-01-15T07:47:46+00:00\",\"dateModified\":\"2025-09-16T05:17:47+00:00\",\"breadcrumb\":{\"@id\":\"https:\\\/\\\/arrow-energy.com\\\/sp\\\/wet-scrubber\\\/#breadcrumb\"},\"inLanguage\":\"en-US\",\"potentialAction\":[{\"@type\":\"ReadAction\",\"target\":[\"https:\\\/\\\/arrow-energy.com\\\/sp\\\/wet-scrubber\\\/\"]}]},{\"@type\":\"ImageObject\",\"inLanguage\":\"en-US\",\"@id\":\"https:\\\/\\\/arrow-energy.com\\\/sp\\\/wet-scrubber\\\/#primaryimage\",\"url\":\"https:\\\/\\\/arrow-energy.com\\\/sp\\\/wp-content\\\/uploads\\\/2024\\\/07\\\/WetScrubber-Content1.png\",\"contentUrl\":\"https:\\\/\\\/arrow-energy.com\\\/sp\\\/wp-content\\\/uploads\\\/2024\\\/07\\\/WetScrubber-Content1.png\",\"width\":317,\"height\":444},{\"@type\":\"BreadcrumbList\",\"@id\":\"https:\\\/\\\/arrow-energy.com\\\/sp\\\/wet-scrubber\\\/#breadcrumb\",\"itemListElement\":[{\"@type\":\"ListItem\",\"position\":1,\"name\":\"Home\",\"item\":\"https:\\\/\\\/arrow-energy.com\\\/sp\\\/\"},{\"@type\":\"ListItem\",\"position\":2,\"name\":\"Depurador H\u00famedo\"}]},{\"@type\":\"WebSite\",\"@id\":\"https:\\\/\\\/arrow-energy.com\\\/sp\\\/#website\",\"url\":\"https:\\\/\\\/arrow-energy.com\\\/sp\\\/\",\"name\":\"https:\\\/\\\/arrow-energy.com\\\/sp\",\"description\":\"&quot;Arrow Energy es un actor destacado en las renovaciones del sector energ\u00e9tico. Altamente competente en la ingenier\u00eda y construcci\u00f3n de equipos de control de la contaminaci\u00f3n.&quot;\",\"publisher\":{\"@id\":\"https:\\\/\\\/arrow-energy.com\\\/sp\\\/#organization\"},\"alternateName\":\"https:\\\/\\\/arrow-energy.com\\\/sp\",\"potentialAction\":[{\"@type\":\"SearchAction\",\"target\":{\"@type\":\"EntryPoint\",\"urlTemplate\":\"https:\\\/\\\/arrow-energy.com\\\/sp\\\/?s={search_term_string}\"},\"query-input\":{\"@type\":\"PropertyValueSpecification\",\"valueRequired\":true,\"valueName\":\"search_term_string\"}}],\"inLanguage\":\"en-US\"},{\"@type\":\"Organization\",\"@id\":\"https:\\\/\\\/arrow-energy.com\\\/sp\\\/#organization\",\"name\":\"Arrow Energy Co., Ltd.\",\"alternateName\":\"Arrow Enrgy\",\"url\":\"https:\\\/\\\/arrow-energy.com\\\/sp\\\/\",\"logo\":{\"@type\":\"ImageObject\",\"inLanguage\":\"en-US\",\"@id\":\"https:\\\/\\\/arrow-energy.com\\\/sp\\\/#\\\/schema\\\/logo\\\/image\\\/\",\"url\":\"https:\\\/\\\/arrow-energy.com\\\/sp\\\/wp-content\\\/uploads\\\/2024\\\/07\\\/Arrow-Logo-3.png\",\"contentUrl\":\"https:\\\/\\\/arrow-energy.com\\\/sp\\\/wp-content\\\/uploads\\\/2024\\\/07\\\/Arrow-Logo-3.png\",\"width\":376,\"height\":170,\"caption\":\"Arrow Energy Co., Ltd.\"},\"image\":{\"@id\":\"https:\\\/\\\/arrow-energy.com\\\/sp\\\/#\\\/schema\\\/logo\\\/image\\\/\"},\"sameAs\":[\"https:\\\/\\\/www.facebook.com\\\/Arrowenergy.thailand\",\"https:\\\/\\\/www.instagram.com\\\/arrowenergy.thailand\\\/?hl=th\",\"https:\\\/\\\/www.linkedin.com\\\/company\\\/arrowenergy\\\/\",\"https:\\\/\\\/www.youtube.com\\\/channel\\\/UCV0ZxGWibSEttNCQawue0vw\"]}]}<\/script>\n<!-- \/ Yoast SEO Premium plugin. -->","yoast_head_json":{"title":"Depurador H\u00famedo - Arrow Energy","robots":{"index":"index","follow":"follow","max-snippet":"max-snippet:-1","max-image-preview":"max-image-preview:large","max-video-preview":"max-video-preview:-1"},"canonical":"https:\/\/arrow-energy.com\/sp\/wet-scrubber\/","og_locale":"en_US","og_type":"article","og_title":"Depurador H\u00famedo","og_description":"&#8220;El depurador h\u00famedo es un equipo de control de contaminaci\u00f3n de tipo h\u00famedo que se utiliza para eliminar part\u00edculas s\u00f3lidas del gas de combusti\u00f3n mediante el m\u00e9todo de contacto directo.&#8221; Caracter\u00edsticas de Dise\u00f1o Eliminaci\u00f3n eficiente de polvo Filtraci\u00f3n de doble capa Eliminador de niebla para reducir la humedad en el gas limpio Gesti\u00f3n eficiente del &hellip; Continue reading Depurador H\u00famedo","og_url":"https:\/\/arrow-energy.com\/sp\/wet-scrubber\/","og_site_name":"Arrow Energy","article_publisher":"https:\/\/www.facebook.com\/Arrowenergy.thailand","article_modified_time":"2025-09-16T05:17:47+00:00","og_image":[{"url":"https:\/\/arrow-energy.com\/sp\/wp-content\/uploads\/2024\/07\/WetScrubber-Content1.png","type":"","width":"","height":""}],"twitter_card":"summary_large_image","twitter_misc":{"Est. reading time":"4 minutes"},"schema":{"@context":"https:\/\/schema.org","@graph":[{"@type":"WebPage","@id":"https:\/\/arrow-energy.com\/sp\/wet-scrubber\/","url":"https:\/\/arrow-energy.com\/sp\/wet-scrubber\/","name":"Depurador H\u00famedo - Arrow Energy","isPartOf":{"@id":"https:\/\/arrow-energy.com\/sp\/#website"},"primaryImageOfPage":{"@id":"https:\/\/arrow-energy.com\/sp\/wet-scrubber\/#primaryimage"},"image":{"@id":"https:\/\/arrow-energy.com\/sp\/wet-scrubber\/#primaryimage"},"thumbnailUrl":"https:\/\/arrow-energy.com\/sp\/wp-content\/uploads\/2024\/07\/WetScrubber-Content1.png","datePublished":"2025-01-15T07:47:46+00:00","dateModified":"2025-09-16T05:17:47+00:00","breadcrumb":{"@id":"https:\/\/arrow-energy.com\/sp\/wet-scrubber\/#breadcrumb"},"inLanguage":"en-US","potentialAction":[{"@type":"ReadAction","target":["https:\/\/arrow-energy.com\/sp\/wet-scrubber\/"]}]},{"@type":"ImageObject","inLanguage":"en-US","@id":"https:\/\/arrow-energy.com\/sp\/wet-scrubber\/#primaryimage","url":"https:\/\/arrow-energy.com\/sp\/wp-content\/uploads\/2024\/07\/WetScrubber-Content1.png","contentUrl":"https:\/\/arrow-energy.com\/sp\/wp-content\/uploads\/2024\/07\/WetScrubber-Content1.png","width":317,"height":444},{"@type":"BreadcrumbList","@id":"https:\/\/arrow-energy.com\/sp\/wet-scrubber\/#breadcrumb","itemListElement":[{"@type":"ListItem","position":1,"name":"Home","item":"https:\/\/arrow-energy.com\/sp\/"},{"@type":"ListItem","position":2,"name":"Depurador H\u00famedo"}]},{"@type":"WebSite","@id":"https:\/\/arrow-energy.com\/sp\/#website","url":"https:\/\/arrow-energy.com\/sp\/","name":"https:\/\/arrow-energy.com\/sp","description":"&quot;Arrow Energy es un actor destacado en las renovaciones del sector energ\u00e9tico. Altamente competente en la ingenier\u00eda y construcci\u00f3n de equipos de control de la contaminaci\u00f3n.&quot;","publisher":{"@id":"https:\/\/arrow-energy.com\/sp\/#organization"},"alternateName":"https:\/\/arrow-energy.com\/sp","potentialAction":[{"@type":"SearchAction","target":{"@type":"EntryPoint","urlTemplate":"https:\/\/arrow-energy.com\/sp\/?s={search_term_string}"},"query-input":{"@type":"PropertyValueSpecification","valueRequired":true,"valueName":"search_term_string"}}],"inLanguage":"en-US"},{"@type":"Organization","@id":"https:\/\/arrow-energy.com\/sp\/#organization","name":"Arrow Energy Co., Ltd.","alternateName":"Arrow Enrgy","url":"https:\/\/arrow-energy.com\/sp\/","logo":{"@type":"ImageObject","inLanguage":"en-US","@id":"https:\/\/arrow-energy.com\/sp\/#\/schema\/logo\/image\/","url":"https:\/\/arrow-energy.com\/sp\/wp-content\/uploads\/2024\/07\/Arrow-Logo-3.png","contentUrl":"https:\/\/arrow-energy.com\/sp\/wp-content\/uploads\/2024\/07\/Arrow-Logo-3.png","width":376,"height":170,"caption":"Arrow Energy Co., Ltd."},"image":{"@id":"https:\/\/arrow-energy.com\/sp\/#\/schema\/logo\/image\/"},"sameAs":["https:\/\/www.facebook.com\/Arrowenergy.thailand","https:\/\/www.instagram.com\/arrowenergy.thailand\/?hl=th","https:\/\/www.linkedin.com\/company\/arrowenergy\/","https:\/\/www.youtube.com\/channel\/UCV0ZxGWibSEttNCQawue0vw"]}]}},"_links":{"self":[{"href":"https:\/\/arrow-energy.com\/sp\/wp-json\/wp\/v2\/pages\/12035","targetHints":{"allow":["GET"]}}],"collection":[{"href":"https:\/\/arrow-energy.com\/sp\/wp-json\/wp\/v2\/pages"}],"about":[{"href":"https:\/\/arrow-energy.com\/sp\/wp-json\/wp\/v2\/types\/page"}],"author":[{"embeddable":true,"href":"https:\/\/arrow-energy.com\/sp\/wp-json\/wp\/v2\/users\/1"}],"replies":[{"embeddable":true,"href":"https:\/\/arrow-energy.com\/sp\/wp-json\/wp\/v2\/comments?post=12035"}],"version-history":[{"count":18,"href":"https:\/\/arrow-energy.com\/sp\/wp-json\/wp\/v2\/pages\/12035\/revisions"}],"predecessor-version":[{"id":13980,"href":"https:\/\/arrow-energy.com\/sp\/wp-json\/wp\/v2\/pages\/12035\/revisions\/13980"}],"wp:attachment":[{"href":"https:\/\/arrow-energy.com\/sp\/wp-json\/wp\/v2\/media?parent=12035"}],"curies":[{"name":"wp","href":"https:\/\/api.w.org\/{rel}","templated":true}]}}