{"id":12046,"date":"2025-01-15T07:59:30","date_gmt":"2025-01-15T07:59:30","guid":{"rendered":"https:\/\/sp.arrow-energy.com\/?page_id=12046"},"modified":"2025-09-10T06:30:28","modified_gmt":"2025-09-10T06:30:28","slug":"superheater_technical-corner","status":"publish","type":"page","link":"https:\/\/arrow-energy.com\/sp\/superheater_technical-corner\/","title":{"rendered":"Supercalentador"},"content":{"rendered":"\t\t<div data-elementor-type=\"wp-page\" data-elementor-id=\"12046\" class=\"elementor elementor-12046\" data-elementor-post-type=\"page\">\n\t\t\t\t<div class=\"elementor-element elementor-element-839588e e-flex e-con-boxed e-con e-parent\" data-id=\"839588e\" data-element_type=\"container\" data-e-type=\"container\">\n\t\t\t\t\t<div class=\"e-con-inner\">\n\t\t\t\t<div class=\"elementor-element elementor-element-577aab0 elementor-widget elementor-widget-heading\" data-id=\"577aab0\" data-element_type=\"widget\" data-e-type=\"widget\" data-widget_type=\"heading.default\">\n\t\t\t\t<div class=\"elementor-widget-container\">\n\t\t\t\t\t<h2 class=\"elementor-heading-title elementor-size-default\">Supercalentador: Maximizando la Eficiencia del Vapor<\/h2>\t\t\t\t<\/div>\n\t\t\t\t<\/div>\n\t\t\t\t<div class=\"elementor-element elementor-element-cda8515 elementor-widget elementor-widget-text-editor\" data-id=\"cda8515\" data-element_type=\"widget\" data-e-type=\"widget\" data-widget_type=\"text-editor.default\">\n\t\t\t\t<div class=\"elementor-widget-container\">\n\t\t\t\t\t\t\t\t\tEl sobrecalentador es un componente vital de los sistemas de calderas que convierte el vapor saturado en vapor sobrecalentado al pasarlo a trav\u00e9s de una serie de tubos calentados por los gases de escape. Esto garantiza una mayor eficiencia t\u00e9rmica, una mejor transferencia de energ\u00eda y un mejor rendimiento en aplicaciones industriales de alta presi\u00f3n y alta temperatura.\n\n<h5><b>Caracter\u00edsticas y Especialidades:<\/b><\/h5> <ul> <li style=\"font-weight: 400;\" aria-level=\"1\"><b>Materiales de Alta Calidad:<\/b><span style=\"font-weight: 400;\"> Fabricado con materiales de primera calidad como <\/span><b>SA213 T11\/T22 o 347H<\/b><span style=\"font-weight: 400;\"> para garantizar durabilidad y resistencia a altas temperaturas.<\/span><\/li> <li style=\"font-weight: 400;\" aria-level=\"1\"><b>Mejora de la Eficiencia T\u00e9rmica:<\/b><span style=\"font-weight: 400;\"> Convierte el vapor saturado en vapor sobrecalentado para una mejor transferencia de energ\u00eda y eficiencia.<\/span><\/li> <li style=\"font-weight: 400;\" aria-level=\"1\"><b>Resistencia a la Corrosi\u00f3n y la Erosi\u00f3n:<\/b><span style=\"font-weight: 400;\"> Dise\u00f1ado para resistir ambientes agresivos y reducir el desgaste.<\/span><\/li> <li style=\"font-weight: 400;\" aria-level=\"1\"><b>Configuraciones Personalizadas:<\/b><span style=\"font-weight: 400;\"> Dise\u00f1os a medida para cumplir con los requisitos espec\u00edficos de temperatura y presi\u00f3n del vapor.<\/span><\/li> <li style=\"font-weight: 400;\" aria-level=\"1\"><b>Rendimiento Mejorado de la Caldereta:<\/b><span style=\"font-weight: 400;\"> Reduce el contenido de humedad en el vapor, garantizando eficiencia y seguridad para turbinas y otros equipos.<\/span><\/li> <li style=\"font-weight: 400;\" aria-level=\"1\"><b>Longevidad y Fiabilidad:<\/b><span style=\"font-weight: 400;\"> Una construcci\u00f3n robusta asegura una vida \u00fatil prolongada con m\u00ednimas necesidades de mantenimiento.<\/span><\/li> <\/ul>\t\t\t\t\t\t\t\t<\/div>\n\t\t\t\t<\/div>\n\t\t\t\t\t<\/div>\n\t\t\t\t<\/div>\n\t\t<div class=\"elementor-element elementor-element-83aaefb e-flex e-con-boxed e-con e-parent\" data-id=\"83aaefb\" data-element_type=\"container\" data-e-type=\"container\">\n\t\t\t\t\t<div class=\"e-con-inner\">\n\t\t\t\t<div class=\"elementor-element elementor-element-90dd010 elementor-arrows-position-inside elementor-pagination-position-outside elementor-widget elementor-widget-image-carousel\" data-id=\"90dd010\" data-element_type=\"widget\" data-e-type=\"widget\" data-settings=\"{&quot;slides_to_show&quot;:&quot;2&quot;,&quot;navigation&quot;:&quot;both&quot;,&quot;autoplay&quot;:&quot;yes&quot;,&quot;pause_on_hover&quot;:&quot;yes&quot;,&quot;pause_on_interaction&quot;:&quot;yes&quot;,&quot;autoplay_speed&quot;:5000,&quot;infinite&quot;:&quot;yes&quot;,&quot;speed&quot;:500}\" data-widget_type=\"image-carousel.default\">\n\t\t\t\t<div class=\"elementor-widget-container\">\n\t\t\t\t\t\t\t<div class=\"elementor-image-carousel-wrapper swiper\" role=\"region\" aria-roledescription=\"carousel\" aria-label=\"Image Carousel\" dir=\"ltr\">\n\t\t\t<div class=\"elementor-image-carousel swiper-wrapper\" aria-live=\"off\">\n\t\t\t\t\t\t\t\t<div class=\"swiper-slide\" role=\"group\" aria-roledescription=\"slide\" aria-label=\"1 of 2\"><figure class=\"swiper-slide-inner\"><img decoding=\"async\" class=\"swiper-slide-image\" src=\"https:\/\/arrow-energy.com\/sp\/wp-content\/uploads\/2025\/01\/ArrowEnergy_Superheater.png\" alt=\"ArrowEnergy_Superheater\" \/><\/figure><\/div><div class=\"swiper-slide\" role=\"group\" aria-roledescription=\"slide\" aria-label=\"2 of 2\"><figure class=\"swiper-slide-inner\"><img decoding=\"async\" class=\"swiper-slide-image\" src=\"https:\/\/arrow-energy.com\/sp\/wp-content\/uploads\/2025\/09\/ArrowEnergy_Superheater-manufacturers.jpg\" alt=\"ArrowEnergy_Superheater manufacturers\" \/><\/figure><\/div>\t\t\t<\/div>\n\t\t\t\t\t\t\t\t\t\t\t\t<div class=\"elementor-swiper-button elementor-swiper-button-prev\" role=\"button\" tabindex=\"0\">\n\t\t\t\t\t\t<svg aria-hidden=\"true\" class=\"e-font-icon-svg e-eicon-chevron-left\" viewBox=\"0 0 1000 1000\" xmlns=\"http:\/\/www.w3.org\/2000\/svg\"><path d=\"M646 125C629 125 613 133 604 142L308 442C296 454 292 471 292 487 292 504 296 521 308 533L604 854C617 867 629 875 646 875 663 875 679 871 692 858 704 846 713 829 713 812 713 796 708 779 692 767L438 487 692 225C700 217 708 204 708 187 708 171 704 154 692 142 675 129 663 125 646 125Z\"><\/path><\/svg>\t\t\t\t\t<\/div>\n\t\t\t\t\t<div class=\"elementor-swiper-button elementor-swiper-button-next\" role=\"button\" tabindex=\"0\">\n\t\t\t\t\t\t<svg aria-hidden=\"true\" class=\"e-font-icon-svg e-eicon-chevron-right\" viewBox=\"0 0 1000 1000\" xmlns=\"http:\/\/www.w3.org\/2000\/svg\"><path d=\"M696 533C708 521 713 504 713 487 713 471 708 454 696 446L400 146C388 133 375 125 354 125 338 125 325 129 313 142 300 154 292 171 292 187 292 204 296 221 308 233L563 492 304 771C292 783 288 800 288 817 288 833 296 850 308 863 321 871 338 875 354 875 371 875 388 867 400 854L696 533Z\"><\/path><\/svg>\t\t\t\t\t<\/div>\n\t\t\t\t\n\t\t\t\t\t\t\t\t\t<div class=\"swiper-pagination\"><\/div>\n\t\t\t\t\t\t\t\t\t<\/div>\n\t\t\t\t\t\t<\/div>\n\t\t\t\t<\/div>\n\t\t\t\t\t<\/div>\n\t\t\t\t<\/div>\n\t\t\t\t<\/div>\n\t\t","protected":false},"excerpt":{"rendered":"<p>Supercalentador: Maximizando la Eficiencia del Vapor El sobrecalentador es un componente vital de los sistemas de calderas que convierte el vapor saturado en vapor sobrecalentado al pasarlo a trav\u00e9s de una serie de tubos calentados por los gases de escape. Esto garantiza una mayor eficiencia t\u00e9rmica, una mejor transferencia de energ\u00eda y un mejor rendimiento &hellip; <a href=\"https:\/\/arrow-energy.com\/sp\/superheater_technical-corner\/\" class=\"more-link\">Continue reading <span class=\"screen-reader-text\">Supercalentador<\/span><\/a><\/p>\n","protected":false},"author":1,"featured_media":0,"parent":0,"menu_order":0,"comment_status":"closed","ping_status":"closed","template":"","meta":{"nf_dc_page":"","_monsterinsights_skip_tracking":false,"_monsterinsights_sitenote_active":false,"_monsterinsights_sitenote_note":"","_monsterinsights_sitenote_category":0,"footnotes":""},"class_list":["post-12046","page","type-page","status-publish","hentry"],"yoast_head":"<!-- This site is optimized with the Yoast SEO Premium plugin v25.6 (Yoast SEO v27.4) - https:\/\/yoast.com\/product\/yoast-seo-premium-wordpress\/ -->\n<title>Supercalentador - Arrow Energy<\/title>\n<meta name=\"robots\" content=\"index, follow, max-snippet:-1, max-image-preview:large, max-video-preview:-1\" \/>\n<link rel=\"canonical\" href=\"https:\/\/arrow-energy.com\/sp\/superheater_technical-corner\/\" \/>\n<meta property=\"og:locale\" content=\"en_US\" \/>\n<meta property=\"og:type\" content=\"article\" \/>\n<meta property=\"og:title\" content=\"Supercalentador\" \/>\n<meta property=\"og:description\" content=\"Supercalentador: Maximizando la Eficiencia del Vapor El sobrecalentador es un componente vital de los sistemas de calderas que convierte el vapor saturado en vapor sobrecalentado al pasarlo a trav\u00e9s de una serie de tubos calentados por los gases de escape. Esto garantiza una mayor eficiencia t\u00e9rmica, una mejor transferencia de energ\u00eda y un mejor rendimiento &hellip; Continue reading Supercalentador\" \/>\n<meta property=\"og:url\" content=\"https:\/\/arrow-energy.com\/sp\/superheater_technical-corner\/\" \/>\n<meta property=\"og:site_name\" content=\"Arrow Energy\" \/>\n<meta property=\"article:publisher\" content=\"https:\/\/www.facebook.com\/Arrowenergy.thailand\" \/>\n<meta property=\"article:modified_time\" content=\"2025-09-10T06:30:28+00:00\" \/>\n<meta property=\"og:image\" content=\"https:\/\/arrow-energy.com\/sp\/wp-content\/uploads\/2025\/01\/ArrowEnergy_Superheater.png\" \/>\n<meta name=\"twitter:card\" content=\"summary_large_image\" \/>\n<meta name=\"twitter:label1\" content=\"Est. reading time\" \/>\n\t<meta name=\"twitter:data1\" content=\"2 minutes\" \/>\n<script type=\"application\/ld+json\" class=\"yoast-schema-graph\">{\"@context\":\"https:\\\/\\\/schema.org\",\"@graph\":[{\"@type\":\"WebPage\",\"@id\":\"https:\\\/\\\/arrow-energy.com\\\/sp\\\/superheater_technical-corner\\\/\",\"url\":\"https:\\\/\\\/arrow-energy.com\\\/sp\\\/superheater_technical-corner\\\/\",\"name\":\"Supercalentador - Arrow Energy\",\"isPartOf\":{\"@id\":\"https:\\\/\\\/arrow-energy.com\\\/sp\\\/#website\"},\"primaryImageOfPage\":{\"@id\":\"https:\\\/\\\/arrow-energy.com\\\/sp\\\/superheater_technical-corner\\\/#primaryimage\"},\"image\":{\"@id\":\"https:\\\/\\\/arrow-energy.com\\\/sp\\\/superheater_technical-corner\\\/#primaryimage\"},\"thumbnailUrl\":\"https:\\\/\\\/arrow-energy.com\\\/sp\\\/wp-content\\\/uploads\\\/2025\\\/01\\\/ArrowEnergy_Superheater.png\",\"datePublished\":\"2025-01-15T07:59:30+00:00\",\"dateModified\":\"2025-09-10T06:30:28+00:00\",\"breadcrumb\":{\"@id\":\"https:\\\/\\\/arrow-energy.com\\\/sp\\\/superheater_technical-corner\\\/#breadcrumb\"},\"inLanguage\":\"en-US\",\"potentialAction\":[{\"@type\":\"ReadAction\",\"target\":[\"https:\\\/\\\/arrow-energy.com\\\/sp\\\/superheater_technical-corner\\\/\"]}]},{\"@type\":\"ImageObject\",\"inLanguage\":\"en-US\",\"@id\":\"https:\\\/\\\/arrow-energy.com\\\/sp\\\/superheater_technical-corner\\\/#primaryimage\",\"url\":\"https:\\\/\\\/arrow-energy.com\\\/sp\\\/wp-content\\\/uploads\\\/2025\\\/01\\\/ArrowEnergy_Superheater.png\",\"contentUrl\":\"https:\\\/\\\/arrow-energy.com\\\/sp\\\/wp-content\\\/uploads\\\/2025\\\/01\\\/ArrowEnergy_Superheater.png\",\"width\":2048,\"height\":1367},{\"@type\":\"BreadcrumbList\",\"@id\":\"https:\\\/\\\/arrow-energy.com\\\/sp\\\/superheater_technical-corner\\\/#breadcrumb\",\"itemListElement\":[{\"@type\":\"ListItem\",\"position\":1,\"name\":\"Home\",\"item\":\"https:\\\/\\\/arrow-energy.com\\\/sp\\\/\"},{\"@type\":\"ListItem\",\"position\":2,\"name\":\"Supercalentador\"}]},{\"@type\":\"WebSite\",\"@id\":\"https:\\\/\\\/arrow-energy.com\\\/sp\\\/#website\",\"url\":\"https:\\\/\\\/arrow-energy.com\\\/sp\\\/\",\"name\":\"https:\\\/\\\/arrow-energy.com\\\/sp\",\"description\":\"&quot;Arrow Energy es un actor destacado en las renovaciones del sector energ\u00e9tico. Altamente competente en la ingenier\u00eda y construcci\u00f3n de equipos de control de la contaminaci\u00f3n.&quot;\",\"publisher\":{\"@id\":\"https:\\\/\\\/arrow-energy.com\\\/sp\\\/#organization\"},\"alternateName\":\"https:\\\/\\\/arrow-energy.com\\\/sp\",\"potentialAction\":[{\"@type\":\"SearchAction\",\"target\":{\"@type\":\"EntryPoint\",\"urlTemplate\":\"https:\\\/\\\/arrow-energy.com\\\/sp\\\/?s={search_term_string}\"},\"query-input\":{\"@type\":\"PropertyValueSpecification\",\"valueRequired\":true,\"valueName\":\"search_term_string\"}}],\"inLanguage\":\"en-US\"},{\"@type\":\"Organization\",\"@id\":\"https:\\\/\\\/arrow-energy.com\\\/sp\\\/#organization\",\"name\":\"Arrow Energy Co., Ltd.\",\"alternateName\":\"Arrow Enrgy\",\"url\":\"https:\\\/\\\/arrow-energy.com\\\/sp\\\/\",\"logo\":{\"@type\":\"ImageObject\",\"inLanguage\":\"en-US\",\"@id\":\"https:\\\/\\\/arrow-energy.com\\\/sp\\\/#\\\/schema\\\/logo\\\/image\\\/\",\"url\":\"https:\\\/\\\/arrow-energy.com\\\/sp\\\/wp-content\\\/uploads\\\/2024\\\/07\\\/Arrow-Logo-3.png\",\"contentUrl\":\"https:\\\/\\\/arrow-energy.com\\\/sp\\\/wp-content\\\/uploads\\\/2024\\\/07\\\/Arrow-Logo-3.png\",\"width\":376,\"height\":170,\"caption\":\"Arrow Energy Co., Ltd.\"},\"image\":{\"@id\":\"https:\\\/\\\/arrow-energy.com\\\/sp\\\/#\\\/schema\\\/logo\\\/image\\\/\"},\"sameAs\":[\"https:\\\/\\\/www.facebook.com\\\/Arrowenergy.thailand\",\"https:\\\/\\\/www.instagram.com\\\/arrowenergy.thailand\\\/?hl=th\",\"https:\\\/\\\/www.linkedin.com\\\/company\\\/arrowenergy\\\/\",\"https:\\\/\\\/www.youtube.com\\\/channel\\\/UCV0ZxGWibSEttNCQawue0vw\"]}]}<\/script>\n<!-- \/ Yoast SEO Premium plugin. -->","yoast_head_json":{"title":"Supercalentador - Arrow Energy","robots":{"index":"index","follow":"follow","max-snippet":"max-snippet:-1","max-image-preview":"max-image-preview:large","max-video-preview":"max-video-preview:-1"},"canonical":"https:\/\/arrow-energy.com\/sp\/superheater_technical-corner\/","og_locale":"en_US","og_type":"article","og_title":"Supercalentador","og_description":"Supercalentador: Maximizando la Eficiencia del Vapor El sobrecalentador es un componente vital de los sistemas de calderas que convierte el vapor saturado en vapor sobrecalentado al pasarlo a trav\u00e9s de una serie de tubos calentados por los gases de escape. Esto garantiza una mayor eficiencia t\u00e9rmica, una mejor transferencia de energ\u00eda y un mejor rendimiento &hellip; Continue reading Supercalentador","og_url":"https:\/\/arrow-energy.com\/sp\/superheater_technical-corner\/","og_site_name":"Arrow Energy","article_publisher":"https:\/\/www.facebook.com\/Arrowenergy.thailand","article_modified_time":"2025-09-10T06:30:28+00:00","og_image":[{"url":"https:\/\/arrow-energy.com\/sp\/wp-content\/uploads\/2025\/01\/ArrowEnergy_Superheater.png","type":"","width":"","height":""}],"twitter_card":"summary_large_image","twitter_misc":{"Est. reading time":"2 minutes"},"schema":{"@context":"https:\/\/schema.org","@graph":[{"@type":"WebPage","@id":"https:\/\/arrow-energy.com\/sp\/superheater_technical-corner\/","url":"https:\/\/arrow-energy.com\/sp\/superheater_technical-corner\/","name":"Supercalentador - Arrow Energy","isPartOf":{"@id":"https:\/\/arrow-energy.com\/sp\/#website"},"primaryImageOfPage":{"@id":"https:\/\/arrow-energy.com\/sp\/superheater_technical-corner\/#primaryimage"},"image":{"@id":"https:\/\/arrow-energy.com\/sp\/superheater_technical-corner\/#primaryimage"},"thumbnailUrl":"https:\/\/arrow-energy.com\/sp\/wp-content\/uploads\/2025\/01\/ArrowEnergy_Superheater.png","datePublished":"2025-01-15T07:59:30+00:00","dateModified":"2025-09-10T06:30:28+00:00","breadcrumb":{"@id":"https:\/\/arrow-energy.com\/sp\/superheater_technical-corner\/#breadcrumb"},"inLanguage":"en-US","potentialAction":[{"@type":"ReadAction","target":["https:\/\/arrow-energy.com\/sp\/superheater_technical-corner\/"]}]},{"@type":"ImageObject","inLanguage":"en-US","@id":"https:\/\/arrow-energy.com\/sp\/superheater_technical-corner\/#primaryimage","url":"https:\/\/arrow-energy.com\/sp\/wp-content\/uploads\/2025\/01\/ArrowEnergy_Superheater.png","contentUrl":"https:\/\/arrow-energy.com\/sp\/wp-content\/uploads\/2025\/01\/ArrowEnergy_Superheater.png","width":2048,"height":1367},{"@type":"BreadcrumbList","@id":"https:\/\/arrow-energy.com\/sp\/superheater_technical-corner\/#breadcrumb","itemListElement":[{"@type":"ListItem","position":1,"name":"Home","item":"https:\/\/arrow-energy.com\/sp\/"},{"@type":"ListItem","position":2,"name":"Supercalentador"}]},{"@type":"WebSite","@id":"https:\/\/arrow-energy.com\/sp\/#website","url":"https:\/\/arrow-energy.com\/sp\/","name":"https:\/\/arrow-energy.com\/sp","description":"&quot;Arrow Energy es un actor destacado en las renovaciones del sector energ\u00e9tico. Altamente competente en la ingenier\u00eda y construcci\u00f3n de equipos de control de la contaminaci\u00f3n.&quot;","publisher":{"@id":"https:\/\/arrow-energy.com\/sp\/#organization"},"alternateName":"https:\/\/arrow-energy.com\/sp","potentialAction":[{"@type":"SearchAction","target":{"@type":"EntryPoint","urlTemplate":"https:\/\/arrow-energy.com\/sp\/?s={search_term_string}"},"query-input":{"@type":"PropertyValueSpecification","valueRequired":true,"valueName":"search_term_string"}}],"inLanguage":"en-US"},{"@type":"Organization","@id":"https:\/\/arrow-energy.com\/sp\/#organization","name":"Arrow Energy Co., Ltd.","alternateName":"Arrow Enrgy","url":"https:\/\/arrow-energy.com\/sp\/","logo":{"@type":"ImageObject","inLanguage":"en-US","@id":"https:\/\/arrow-energy.com\/sp\/#\/schema\/logo\/image\/","url":"https:\/\/arrow-energy.com\/sp\/wp-content\/uploads\/2024\/07\/Arrow-Logo-3.png","contentUrl":"https:\/\/arrow-energy.com\/sp\/wp-content\/uploads\/2024\/07\/Arrow-Logo-3.png","width":376,"height":170,"caption":"Arrow Energy Co., Ltd."},"image":{"@id":"https:\/\/arrow-energy.com\/sp\/#\/schema\/logo\/image\/"},"sameAs":["https:\/\/www.facebook.com\/Arrowenergy.thailand","https:\/\/www.instagram.com\/arrowenergy.thailand\/?hl=th","https:\/\/www.linkedin.com\/company\/arrowenergy\/","https:\/\/www.youtube.com\/channel\/UCV0ZxGWibSEttNCQawue0vw"]}]}},"_links":{"self":[{"href":"https:\/\/arrow-energy.com\/sp\/wp-json\/wp\/v2\/pages\/12046","targetHints":{"allow":["GET"]}}],"collection":[{"href":"https:\/\/arrow-energy.com\/sp\/wp-json\/wp\/v2\/pages"}],"about":[{"href":"https:\/\/arrow-energy.com\/sp\/wp-json\/wp\/v2\/types\/page"}],"author":[{"embeddable":true,"href":"https:\/\/arrow-energy.com\/sp\/wp-json\/wp\/v2\/users\/1"}],"replies":[{"embeddable":true,"href":"https:\/\/arrow-energy.com\/sp\/wp-json\/wp\/v2\/comments?post=12046"}],"version-history":[{"count":14,"href":"https:\/\/arrow-energy.com\/sp\/wp-json\/wp\/v2\/pages\/12046\/revisions"}],"predecessor-version":[{"id":13701,"href":"https:\/\/arrow-energy.com\/sp\/wp-json\/wp\/v2\/pages\/12046\/revisions\/13701"}],"wp:attachment":[{"href":"https:\/\/arrow-energy.com\/sp\/wp-json\/wp\/v2\/media?parent=12046"}],"curies":[{"name":"wp","href":"https:\/\/api.w.org\/{rel}","templated":true}]}}