{"id":12054,"date":"2025-01-15T08:06:43","date_gmt":"2025-01-15T08:06:43","guid":{"rendered":"https:\/\/sp.arrow-energy.com\/?page_id=12054"},"modified":"2025-02-05T08:15:03","modified_gmt":"2025-02-05T08:15:03","slug":"tubes-for-boiler-applications","status":"publish","type":"page","link":"https:\/\/arrow-energy.com\/sp\/tubes-for-boiler-applications\/","title":{"rendered":"Tubos para aplicaciones de calderas"},"content":{"rendered":"\t\t<div data-elementor-type=\"wp-page\" data-elementor-id=\"12054\" class=\"elementor elementor-12054\" data-elementor-post-type=\"page\">\n\t\t\t\t<div class=\"elementor-element elementor-element-839588e e-flex e-con-boxed e-con e-parent\" data-id=\"839588e\" data-element_type=\"container\" data-e-type=\"container\">\n\t\t\t\t\t<div class=\"e-con-inner\">\n\t\t\t\t<div class=\"elementor-element elementor-element-cda8515 elementor-widget elementor-widget-text-editor\" data-id=\"cda8515\" data-element_type=\"widget\" data-e-type=\"widget\" data-widget_type=\"text-editor.default\">\n\t\t\t\t<div class=\"elementor-widget-container\">\n\t\t\t\t\t\t\t\t\tOfrecemos una amplia gama de <b>tubos soldados<\/b> y <b>tubos sin costura<\/b> dise\u00f1ados para satisfacer diversas necesidades industriales, incluidos entornos de alta presi\u00f3n y alta temperatura. Nuestra experiencia garantiza soluciones de tubos confiables, duraderas y eficientes adaptadas a sus requisitos.\n\n<h5><b>Tubos Soldados<\/b><\/h5> <span style=\"font-weight: 400;\">Los tubos soldados son ideales para aplicaciones que requieren presi\u00f3n moderada. Estos tubos se fabrican utilizando un m\u00e9todo de soldadura que une los bordes del acero para formar un tubo. Tubo y <a href=\"https:\/\/sp.arrow-energy.com\/boiler-manufacturers-in-thailand\/\"><span style=\"font-weight: 400;\">caldera<\/span><\/a> <span style=\"font-weight: 400;\">&#038;<\/span> <a href=\"https:\/\/en.wikipedia.org\/wiki\/Boiler_tube\"><span style=\"font-weight: 400;\">tubo<\/span><\/a> <span style=\"font-weight: 400;\">en Tailandia<\/span><\/span> <h6><b>Caracter\u00edsticas Principales de los Tubos Soldados<\/b><\/h6> <ul> <li style=\"font-weight: 400;\" aria-level=\"1\"><b>Proceso de Fabricaci\u00f3n:\u00a0<\/b><\/li> <\/ul> <span style=\"font-weight: 400;\">Utiliza el m\u00e9todo de <b>Soldadura por Resistencia El\u00e9ctrica (ERW)<\/b>, una t\u00e9cnica de soldadura por compresi\u00f3n donde los bordes se fusionan mediante calentamiento el\u00e9ctrico (1200\u00baC a 1400\u00baC) y se presionan juntos. Este proceso crea costuras longitudinales soldadas para un acabado robusto y preciso.<\/span> <ul> <li style=\"font-weight: 400;\" aria-level=\"1\"><b>Aplicaciones:<\/b><span style=\"font-weight: 400;\"> Mejor para aplicaciones de calderas donde se requiere una presi\u00f3n moderada.<\/span><\/li> <\/ul>\t\t\t\t\t\t\t\t<\/div>\n\t\t\t\t<\/div>\n\t\t\t\t<div class=\"elementor-element elementor-element-14f0994 elementor-widget elementor-widget-image\" data-id=\"14f0994\" data-element_type=\"widget\" data-e-type=\"widget\" data-widget_type=\"image.default\">\n\t\t\t\t<div class=\"elementor-widget-container\">\n\t\t\t\t\t\t\t\t\t\t\t\t\t\t\t<img fetchpriority=\"high\" decoding=\"async\" width=\"300\" height=\"200\" src=\"https:\/\/arrow-energy.com\/sp\/wp-content\/uploads\/2025\/01\/ArrowEnergy_Welded-pipe-300x200.png\" class=\"attachment-medium size-medium wp-image-11356\" alt=\"\" srcset=\"https:\/\/arrow-energy.com\/sp\/wp-content\/uploads\/2025\/01\/ArrowEnergy_Welded-pipe-300x200.png 300w, https:\/\/arrow-energy.com\/sp\/wp-content\/uploads\/2025\/01\/ArrowEnergy_Welded-pipe-1024x684.png 1024w, https:\/\/arrow-energy.com\/sp\/wp-content\/uploads\/2025\/01\/ArrowEnergy_Welded-pipe-768x513.png 768w, https:\/\/arrow-energy.com\/sp\/wp-content\/uploads\/2025\/01\/ArrowEnergy_Welded-pipe-1536x1025.png 1536w, https:\/\/arrow-energy.com\/sp\/wp-content\/uploads\/2025\/01\/ArrowEnergy_Welded-pipe-1200x800.png 1200w, https:\/\/arrow-energy.com\/sp\/wp-content\/uploads\/2025\/01\/ArrowEnergy_Welded-pipe.png 2048w\" sizes=\"(max-width: 300px) 100vw, 300px\" data-id=\"11356\" \/>\t\t\t\t\t\t\t\t\t\t\t\t\t\t\t<\/div>\n\t\t\t\t<\/div>\n\t\t\t\t<div class=\"elementor-element elementor-element-0d01048 elementor-widget elementor-widget-text-editor\" data-id=\"0d01048\" data-element_type=\"widget\" data-e-type=\"widget\" data-widget_type=\"text-editor.default\">\n\t\t\t\t<div class=\"elementor-widget-container\">\n\t\t\t\t\t\t\t\t\t<h5><b>Tuber\u00edas sin costura<\/b><\/h5> <span style=\"font-weight: 400;\">Las tuber\u00edas sin costura est\u00e1n dise\u00f1adas para aplicaciones de alta presi\u00f3n y alta temperatura, ofreciendo una seguridad y rendimiento superiores. Estas tuber\u00edas se producen calentando un eje s\u00f3lido y perfor\u00e1ndolo para formar un tubo hueco.<\/span>\t\t\t\t\t\t\t\t<\/div>\n\t\t\t\t<\/div>\n\t\t\t\t<div class=\"elementor-element elementor-element-4373c89 elementor-widget elementor-widget-image\" data-id=\"4373c89\" data-element_type=\"widget\" data-e-type=\"widget\" data-widget_type=\"image.default\">\n\t\t\t\t<div class=\"elementor-widget-container\">\n\t\t\t\t\t\t\t\t\t\t\t\t\t\t\t<img decoding=\"async\" width=\"300\" height=\"200\" src=\"https:\/\/arrow-energy.com\/sp\/wp-content\/uploads\/2025\/01\/ArrowEnergy_Seamless-pipe-300x200.png\" class=\"attachment-medium size-medium wp-image-11355\" alt=\"\" srcset=\"https:\/\/arrow-energy.com\/sp\/wp-content\/uploads\/2025\/01\/ArrowEnergy_Seamless-pipe-300x200.png 300w, https:\/\/arrow-energy.com\/sp\/wp-content\/uploads\/2025\/01\/ArrowEnergy_Seamless-pipe-1024x684.png 1024w, https:\/\/arrow-energy.com\/sp\/wp-content\/uploads\/2025\/01\/ArrowEnergy_Seamless-pipe-768x513.png 768w, https:\/\/arrow-energy.com\/sp\/wp-content\/uploads\/2025\/01\/ArrowEnergy_Seamless-pipe-1536x1025.png 1536w, https:\/\/arrow-energy.com\/sp\/wp-content\/uploads\/2025\/01\/ArrowEnergy_Seamless-pipe-1200x800.png 1200w, https:\/\/arrow-energy.com\/sp\/wp-content\/uploads\/2025\/01\/ArrowEnergy_Seamless-pipe.png 2048w\" sizes=\"(max-width: 300px) 100vw, 300px\" data-id=\"11355\" \/>\t\t\t\t\t\t\t\t\t\t\t\t\t\t\t<\/div>\n\t\t\t\t<\/div>\n\t\t\t\t<div class=\"elementor-element elementor-element-951f854 elementor-widget elementor-widget-text-editor\" data-id=\"951f854\" data-element_type=\"widget\" data-e-type=\"widget\" data-widget_type=\"text-editor.default\">\n\t\t\t\t<div class=\"elementor-widget-container\">\n\t\t\t\t\t\t\t\t\t<h6><b>Tipos de Tuber\u00edas Sin Costura<\/b><\/h6> <ol start=\"1\"> <li style=\"font-weight: 400;\" aria-level=\"1\"><b>Tuber\u00edas Sin Costura Acabadas en Fr\u00edo<\/b><\/li> <\/ol> <ul> <li style=\"font-weight: 400;\" aria-level=\"2\"><b>Proceso de Fabricaci\u00f3n:<\/b><\/li> <\/ul> <span style=\"font-weight: 400;\">El material pasa por deformaci\u00f3n a bajas temperaturas sin recristalizaci\u00f3n. Los m\u00e9todos incluyen\u00a0<\/span><b>Lamido en Fr\u00edo<\/b><span style=\"font-weight: 400;\">\u00a0y\u00a0<\/span><b>Estirado en Fr\u00edo<\/b><span style=\"font-weight: 400;\">, lo que resulta en una superficie suave, limpia y mayor resistencia.<\/span> <ul> <li style=\"font-weight: 400;\" aria-level=\"2\"><b>Ventajas:<\/b> <ul> <li style=\"font-weight: 400;\" aria-level=\"3\"><span style=\"font-weight: 400;\">Dimensiones altamente precisas.<\/span><\/li> <li style=\"font-weight: 400;\" aria-level=\"3\"><span style=\"font-weight: 400;\">Acabado m\u00e1s fuerte y suave.<\/span><\/li> <\/ul> <\/li> <li style=\"font-weight: 400;\" aria-level=\"2\"><b>Consideraciones:<\/b> <ul> <li style=\"font-weight: 400;\" aria-level=\"3\"><span style=\"font-weight: 400;\">Puede inducir tensi\u00f3n en el material, haciendo que el grano del metal sea m\u00e1s propenso a la rotura.<\/span><\/li> <\/ul> <\/li> <\/ul>\t\t\t\t\t\t\t\t<\/div>\n\t\t\t\t<\/div>\n\t\t\t\t<div class=\"elementor-element elementor-element-17a3feb elementor-widget elementor-widget-image\" data-id=\"17a3feb\" data-element_type=\"widget\" data-e-type=\"widget\" data-widget_type=\"image.default\">\n\t\t\t\t<div class=\"elementor-widget-container\">\n\t\t\t\t\t\t\t\t\t\t\t\t\t\t\t<img decoding=\"async\" width=\"300\" height=\"200\" src=\"https:\/\/arrow-energy.com\/sp\/wp-content\/uploads\/2025\/01\/ArrowEnergy_Cold-finished-Seamless-pipe-300x200.png\" class=\"attachment-medium size-medium wp-image-11353\" alt=\"\" srcset=\"https:\/\/arrow-energy.com\/sp\/wp-content\/uploads\/2025\/01\/ArrowEnergy_Cold-finished-Seamless-pipe-300x200.png 300w, https:\/\/arrow-energy.com\/sp\/wp-content\/uploads\/2025\/01\/ArrowEnergy_Cold-finished-Seamless-pipe-1024x684.png 1024w, https:\/\/arrow-energy.com\/sp\/wp-content\/uploads\/2025\/01\/ArrowEnergy_Cold-finished-Seamless-pipe-768x513.png 768w, https:\/\/arrow-energy.com\/sp\/wp-content\/uploads\/2025\/01\/ArrowEnergy_Cold-finished-Seamless-pipe-1536x1025.png 1536w, https:\/\/arrow-energy.com\/sp\/wp-content\/uploads\/2025\/01\/ArrowEnergy_Cold-finished-Seamless-pipe-1200x800.png 1200w, https:\/\/arrow-energy.com\/sp\/wp-content\/uploads\/2025\/01\/ArrowEnergy_Cold-finished-Seamless-pipe.png 2048w\" sizes=\"(max-width: 300px) 100vw, 300px\" data-id=\"11353\" \/>\t\t\t\t\t\t\t\t\t\t\t\t\t\t\t<\/div>\n\t\t\t\t<\/div>\n\t\t\t\t<div class=\"elementor-element elementor-element-095fa80 elementor-widget elementor-widget-text-editor\" data-id=\"095fa80\" data-element_type=\"widget\" data-e-type=\"widget\" data-widget_type=\"text-editor.default\">\n\t\t\t\t<div class=\"elementor-widget-container\">\n\t\t\t\t\t\t\t\t\t<ol start=\"2\"> <li style=\"font-weight: 400;\" aria-level=\"2\"><b>Tubos sin costura terminados en caliente<\/b><\/li> <\/ol> <ul> <li style=\"font-weight: 400;\" aria-level=\"1\"><b>Proceso de fabricaci\u00f3n:<\/b><\/li> <\/ul> <span style=\"font-weight: 400;\">El material se deforma en un ambiente de sobrecalentamiento por debajo de su punto de fusi\u00f3n, lo que permite obtener un metal m\u00e1s denso con propiedades mejoradas. Las impurezas se distribuyen de manera uniforme, lo que resulta en una estructura m\u00e1s homog\u00e9nea.<\/span> <ul> <li style=\"font-weight: 400;\" aria-level=\"2\"><b>Ventajas:<\/b> <ul> <li style=\"font-weight: 400;\" aria-level=\"3\"><span style=\"font-weight: 400;\">Propiedades del material mejoradas y mayor densidad.<\/span><\/li> <\/ul> <\/li> <li style=\"font-weight: 400;\" aria-level=\"2\"><b>Consideraciones:<\/b> <ul> <li style=\"font-weight: 400;\" aria-level=\"3\"><span style=\"font-weight: 400;\">La oxidaci\u00f3n durante el proceso puede causar imperfecciones en la superficie.<\/span><\/li> <\/ul> <\/li> <\/ul> <b>\u201cPerm\u00edtanos apoyar sus operaciones con soluciones de tubos de calidad que ofrecen durabilidad, fiabilidad y eficiencia. As\u00f3ciese con nosotros para impulsar su \u00e9xito.\u201d<\/b>\t\t\t\t\t\t\t\t<\/div>\n\t\t\t\t<\/div>\n\t\t\t\t<div class=\"elementor-element elementor-element-141169c elementor-widget elementor-widget-image\" data-id=\"141169c\" data-element_type=\"widget\" data-e-type=\"widget\" data-widget_type=\"image.default\">\n\t\t\t\t<div class=\"elementor-widget-container\">\n\t\t\t\t\t\t\t\t\t\t\t\t\t\t\t<img loading=\"lazy\" decoding=\"async\" width=\"300\" height=\"200\" src=\"https:\/\/arrow-energy.com\/sp\/wp-content\/uploads\/2025\/01\/ArrowEnergy_Hot-finished-seamless-pipe-300x200.png\" class=\"attachment-medium size-medium wp-image-11354\" alt=\"\" srcset=\"https:\/\/arrow-energy.com\/sp\/wp-content\/uploads\/2025\/01\/ArrowEnergy_Hot-finished-seamless-pipe-300x200.png 300w, https:\/\/arrow-energy.com\/sp\/wp-content\/uploads\/2025\/01\/ArrowEnergy_Hot-finished-seamless-pipe-1024x684.png 1024w, https:\/\/arrow-energy.com\/sp\/wp-content\/uploads\/2025\/01\/ArrowEnergy_Hot-finished-seamless-pipe-768x513.png 768w, https:\/\/arrow-energy.com\/sp\/wp-content\/uploads\/2025\/01\/ArrowEnergy_Hot-finished-seamless-pipe-1536x1025.png 1536w, https:\/\/arrow-energy.com\/sp\/wp-content\/uploads\/2025\/01\/ArrowEnergy_Hot-finished-seamless-pipe-1200x800.png 1200w, https:\/\/arrow-energy.com\/sp\/wp-content\/uploads\/2025\/01\/ArrowEnergy_Hot-finished-seamless-pipe.png 2048w\" sizes=\"(max-width: 300px) 100vw, 300px\" data-id=\"11354\" \/>\t\t\t\t\t\t\t\t\t\t\t\t\t\t\t<\/div>\n\t\t\t\t<\/div>\n\t\t\t\t\t<\/div>\n\t\t\t\t<\/div>\n\t\t\t\t<\/div>\n\t\t","protected":false},"excerpt":{"rendered":"<p>Ofrecemos una amplia gama de tubos soldados y tubos sin costura dise\u00f1ados para satisfacer diversas necesidades industriales, incluidos entornos de alta presi\u00f3n y alta temperatura. Nuestra experiencia garantiza soluciones de tubos confiables, duraderas y eficientes adaptadas a sus requisitos. Tubos Soldados Los tubos soldados son ideales para aplicaciones que requieren presi\u00f3n moderada. Estos tubos se &hellip; <a href=\"https:\/\/arrow-energy.com\/sp\/tubes-for-boiler-applications\/\" class=\"more-link\">Continue reading <span class=\"screen-reader-text\">Tubos para aplicaciones de calderas<\/span><\/a><\/p>\n","protected":false},"author":1,"featured_media":0,"parent":0,"menu_order":0,"comment_status":"closed","ping_status":"closed","template":"","meta":{"nf_dc_page":"","_monsterinsights_skip_tracking":false,"_monsterinsights_sitenote_active":false,"_monsterinsights_sitenote_note":"","_monsterinsights_sitenote_category":0,"footnotes":""},"class_list":["post-12054","page","type-page","status-publish","hentry"],"yoast_head":"<!-- This site is optimized with the Yoast SEO Premium plugin v25.6 (Yoast SEO v27.4) - https:\/\/yoast.com\/product\/yoast-seo-premium-wordpress\/ -->\n<title>Tubos para aplicaciones de calderas - Arrow Energy<\/title>\n<meta name=\"robots\" content=\"index, follow, max-snippet:-1, max-image-preview:large, max-video-preview:-1\" \/>\n<link rel=\"canonical\" href=\"https:\/\/arrow-energy.com\/sp\/tubes-for-boiler-applications\/\" \/>\n<meta property=\"og:locale\" content=\"en_US\" \/>\n<meta property=\"og:type\" content=\"article\" \/>\n<meta property=\"og:title\" content=\"Tubos para aplicaciones de calderas\" \/>\n<meta property=\"og:description\" content=\"Ofrecemos una amplia gama de tubos soldados y tubos sin costura dise\u00f1ados para satisfacer diversas necesidades industriales, incluidos entornos de alta presi\u00f3n y alta temperatura. Nuestra experiencia garantiza soluciones de tubos confiables, duraderas y eficientes adaptadas a sus requisitos. Tubos Soldados Los tubos soldados son ideales para aplicaciones que requieren presi\u00f3n moderada. Estos tubos se &hellip; Continue reading Tubos para aplicaciones de calderas\" \/>\n<meta property=\"og:url\" content=\"https:\/\/arrow-energy.com\/sp\/tubes-for-boiler-applications\/\" \/>\n<meta property=\"og:site_name\" content=\"Arrow Energy\" \/>\n<meta property=\"article:publisher\" content=\"https:\/\/www.facebook.com\/Arrowenergy.thailand\" \/>\n<meta property=\"article:modified_time\" content=\"2025-02-05T08:15:03+00:00\" \/>\n<meta property=\"og:image\" content=\"https:\/\/sp.arrow-energy.com\/wp-content\/uploads\/2025\/01\/ArrowEnergy_Welded-pipe-300x200.png\" \/>\n<meta name=\"twitter:card\" content=\"summary_large_image\" \/>\n<meta name=\"twitter:label1\" content=\"Est. reading time\" \/>\n\t<meta name=\"twitter:data1\" content=\"3 minutes\" \/>\n<script type=\"application\/ld+json\" class=\"yoast-schema-graph\">{\"@context\":\"https:\\\/\\\/schema.org\",\"@graph\":[{\"@type\":\"WebPage\",\"@id\":\"https:\\\/\\\/arrow-energy.com\\\/sp\\\/tubes-for-boiler-applications\\\/\",\"url\":\"https:\\\/\\\/arrow-energy.com\\\/sp\\\/tubes-for-boiler-applications\\\/\",\"name\":\"Tubos para aplicaciones de calderas - Arrow Energy\",\"isPartOf\":{\"@id\":\"https:\\\/\\\/arrow-energy.com\\\/sp\\\/#website\"},\"primaryImageOfPage\":{\"@id\":\"https:\\\/\\\/arrow-energy.com\\\/sp\\\/tubes-for-boiler-applications\\\/#primaryimage\"},\"image\":{\"@id\":\"https:\\\/\\\/arrow-energy.com\\\/sp\\\/tubes-for-boiler-applications\\\/#primaryimage\"},\"thumbnailUrl\":\"https:\\\/\\\/sp.arrow-energy.com\\\/wp-content\\\/uploads\\\/2025\\\/01\\\/ArrowEnergy_Welded-pipe-300x200.png\",\"datePublished\":\"2025-01-15T08:06:43+00:00\",\"dateModified\":\"2025-02-05T08:15:03+00:00\",\"breadcrumb\":{\"@id\":\"https:\\\/\\\/arrow-energy.com\\\/sp\\\/tubes-for-boiler-applications\\\/#breadcrumb\"},\"inLanguage\":\"en-US\",\"potentialAction\":[{\"@type\":\"ReadAction\",\"target\":[\"https:\\\/\\\/arrow-energy.com\\\/sp\\\/tubes-for-boiler-applications\\\/\"]}]},{\"@type\":\"ImageObject\",\"inLanguage\":\"en-US\",\"@id\":\"https:\\\/\\\/arrow-energy.com\\\/sp\\\/tubes-for-boiler-applications\\\/#primaryimage\",\"url\":\"https:\\\/\\\/sp.arrow-energy.com\\\/wp-content\\\/uploads\\\/2025\\\/01\\\/ArrowEnergy_Welded-pipe-300x200.png\",\"contentUrl\":\"https:\\\/\\\/sp.arrow-energy.com\\\/wp-content\\\/uploads\\\/2025\\\/01\\\/ArrowEnergy_Welded-pipe-300x200.png\"},{\"@type\":\"BreadcrumbList\",\"@id\":\"https:\\\/\\\/arrow-energy.com\\\/sp\\\/tubes-for-boiler-applications\\\/#breadcrumb\",\"itemListElement\":[{\"@type\":\"ListItem\",\"position\":1,\"name\":\"Home\",\"item\":\"https:\\\/\\\/arrow-energy.com\\\/sp\\\/\"},{\"@type\":\"ListItem\",\"position\":2,\"name\":\"Tubos para aplicaciones de calderas\"}]},{\"@type\":\"WebSite\",\"@id\":\"https:\\\/\\\/arrow-energy.com\\\/sp\\\/#website\",\"url\":\"https:\\\/\\\/arrow-energy.com\\\/sp\\\/\",\"name\":\"https:\\\/\\\/arrow-energy.com\\\/sp\",\"description\":\"&quot;Arrow Energy es un actor destacado en las renovaciones del sector energ\u00e9tico. Altamente competente en la ingenier\u00eda y construcci\u00f3n de equipos de control de la contaminaci\u00f3n.&quot;\",\"publisher\":{\"@id\":\"https:\\\/\\\/arrow-energy.com\\\/sp\\\/#organization\"},\"alternateName\":\"https:\\\/\\\/arrow-energy.com\\\/sp\",\"potentialAction\":[{\"@type\":\"SearchAction\",\"target\":{\"@type\":\"EntryPoint\",\"urlTemplate\":\"https:\\\/\\\/arrow-energy.com\\\/sp\\\/?s={search_term_string}\"},\"query-input\":{\"@type\":\"PropertyValueSpecification\",\"valueRequired\":true,\"valueName\":\"search_term_string\"}}],\"inLanguage\":\"en-US\"},{\"@type\":\"Organization\",\"@id\":\"https:\\\/\\\/arrow-energy.com\\\/sp\\\/#organization\",\"name\":\"Arrow Energy Co., Ltd.\",\"alternateName\":\"Arrow Enrgy\",\"url\":\"https:\\\/\\\/arrow-energy.com\\\/sp\\\/\",\"logo\":{\"@type\":\"ImageObject\",\"inLanguage\":\"en-US\",\"@id\":\"https:\\\/\\\/arrow-energy.com\\\/sp\\\/#\\\/schema\\\/logo\\\/image\\\/\",\"url\":\"https:\\\/\\\/arrow-energy.com\\\/sp\\\/wp-content\\\/uploads\\\/2024\\\/07\\\/Arrow-Logo-3.png\",\"contentUrl\":\"https:\\\/\\\/arrow-energy.com\\\/sp\\\/wp-content\\\/uploads\\\/2024\\\/07\\\/Arrow-Logo-3.png\",\"width\":376,\"height\":170,\"caption\":\"Arrow Energy Co., Ltd.\"},\"image\":{\"@id\":\"https:\\\/\\\/arrow-energy.com\\\/sp\\\/#\\\/schema\\\/logo\\\/image\\\/\"},\"sameAs\":[\"https:\\\/\\\/www.facebook.com\\\/Arrowenergy.thailand\",\"https:\\\/\\\/www.instagram.com\\\/arrowenergy.thailand\\\/?hl=th\",\"https:\\\/\\\/www.linkedin.com\\\/company\\\/arrowenergy\\\/\",\"https:\\\/\\\/www.youtube.com\\\/channel\\\/UCV0ZxGWibSEttNCQawue0vw\"]}]}<\/script>\n<!-- \/ Yoast SEO Premium plugin. -->","yoast_head_json":{"title":"Tubos para aplicaciones de calderas - Arrow Energy","robots":{"index":"index","follow":"follow","max-snippet":"max-snippet:-1","max-image-preview":"max-image-preview:large","max-video-preview":"max-video-preview:-1"},"canonical":"https:\/\/arrow-energy.com\/sp\/tubes-for-boiler-applications\/","og_locale":"en_US","og_type":"article","og_title":"Tubos para aplicaciones de calderas","og_description":"Ofrecemos una amplia gama de tubos soldados y tubos sin costura dise\u00f1ados para satisfacer diversas necesidades industriales, incluidos entornos de alta presi\u00f3n y alta temperatura. Nuestra experiencia garantiza soluciones de tubos confiables, duraderas y eficientes adaptadas a sus requisitos. Tubos Soldados Los tubos soldados son ideales para aplicaciones que requieren presi\u00f3n moderada. Estos tubos se &hellip; Continue reading Tubos para aplicaciones de calderas","og_url":"https:\/\/arrow-energy.com\/sp\/tubes-for-boiler-applications\/","og_site_name":"Arrow Energy","article_publisher":"https:\/\/www.facebook.com\/Arrowenergy.thailand","article_modified_time":"2025-02-05T08:15:03+00:00","og_image":[{"url":"https:\/\/sp.arrow-energy.com\/wp-content\/uploads\/2025\/01\/ArrowEnergy_Welded-pipe-300x200.png","type":"","width":"","height":""}],"twitter_card":"summary_large_image","twitter_misc":{"Est. reading time":"3 minutes"},"schema":{"@context":"https:\/\/schema.org","@graph":[{"@type":"WebPage","@id":"https:\/\/arrow-energy.com\/sp\/tubes-for-boiler-applications\/","url":"https:\/\/arrow-energy.com\/sp\/tubes-for-boiler-applications\/","name":"Tubos para aplicaciones de calderas - Arrow Energy","isPartOf":{"@id":"https:\/\/arrow-energy.com\/sp\/#website"},"primaryImageOfPage":{"@id":"https:\/\/arrow-energy.com\/sp\/tubes-for-boiler-applications\/#primaryimage"},"image":{"@id":"https:\/\/arrow-energy.com\/sp\/tubes-for-boiler-applications\/#primaryimage"},"thumbnailUrl":"https:\/\/sp.arrow-energy.com\/wp-content\/uploads\/2025\/01\/ArrowEnergy_Welded-pipe-300x200.png","datePublished":"2025-01-15T08:06:43+00:00","dateModified":"2025-02-05T08:15:03+00:00","breadcrumb":{"@id":"https:\/\/arrow-energy.com\/sp\/tubes-for-boiler-applications\/#breadcrumb"},"inLanguage":"en-US","potentialAction":[{"@type":"ReadAction","target":["https:\/\/arrow-energy.com\/sp\/tubes-for-boiler-applications\/"]}]},{"@type":"ImageObject","inLanguage":"en-US","@id":"https:\/\/arrow-energy.com\/sp\/tubes-for-boiler-applications\/#primaryimage","url":"https:\/\/sp.arrow-energy.com\/wp-content\/uploads\/2025\/01\/ArrowEnergy_Welded-pipe-300x200.png","contentUrl":"https:\/\/sp.arrow-energy.com\/wp-content\/uploads\/2025\/01\/ArrowEnergy_Welded-pipe-300x200.png"},{"@type":"BreadcrumbList","@id":"https:\/\/arrow-energy.com\/sp\/tubes-for-boiler-applications\/#breadcrumb","itemListElement":[{"@type":"ListItem","position":1,"name":"Home","item":"https:\/\/arrow-energy.com\/sp\/"},{"@type":"ListItem","position":2,"name":"Tubos para aplicaciones de calderas"}]},{"@type":"WebSite","@id":"https:\/\/arrow-energy.com\/sp\/#website","url":"https:\/\/arrow-energy.com\/sp\/","name":"https:\/\/arrow-energy.com\/sp","description":"&quot;Arrow Energy es un actor destacado en las renovaciones del sector energ\u00e9tico. Altamente competente en la ingenier\u00eda y construcci\u00f3n de equipos de control de la contaminaci\u00f3n.&quot;","publisher":{"@id":"https:\/\/arrow-energy.com\/sp\/#organization"},"alternateName":"https:\/\/arrow-energy.com\/sp","potentialAction":[{"@type":"SearchAction","target":{"@type":"EntryPoint","urlTemplate":"https:\/\/arrow-energy.com\/sp\/?s={search_term_string}"},"query-input":{"@type":"PropertyValueSpecification","valueRequired":true,"valueName":"search_term_string"}}],"inLanguage":"en-US"},{"@type":"Organization","@id":"https:\/\/arrow-energy.com\/sp\/#organization","name":"Arrow Energy Co., Ltd.","alternateName":"Arrow Enrgy","url":"https:\/\/arrow-energy.com\/sp\/","logo":{"@type":"ImageObject","inLanguage":"en-US","@id":"https:\/\/arrow-energy.com\/sp\/#\/schema\/logo\/image\/","url":"https:\/\/arrow-energy.com\/sp\/wp-content\/uploads\/2024\/07\/Arrow-Logo-3.png","contentUrl":"https:\/\/arrow-energy.com\/sp\/wp-content\/uploads\/2024\/07\/Arrow-Logo-3.png","width":376,"height":170,"caption":"Arrow Energy Co., Ltd."},"image":{"@id":"https:\/\/arrow-energy.com\/sp\/#\/schema\/logo\/image\/"},"sameAs":["https:\/\/www.facebook.com\/Arrowenergy.thailand","https:\/\/www.instagram.com\/arrowenergy.thailand\/?hl=th","https:\/\/www.linkedin.com\/company\/arrowenergy\/","https:\/\/www.youtube.com\/channel\/UCV0ZxGWibSEttNCQawue0vw"]}]}},"_links":{"self":[{"href":"https:\/\/arrow-energy.com\/sp\/wp-json\/wp\/v2\/pages\/12054","targetHints":{"allow":["GET"]}}],"collection":[{"href":"https:\/\/arrow-energy.com\/sp\/wp-json\/wp\/v2\/pages"}],"about":[{"href":"https:\/\/arrow-energy.com\/sp\/wp-json\/wp\/v2\/types\/page"}],"author":[{"embeddable":true,"href":"https:\/\/arrow-energy.com\/sp\/wp-json\/wp\/v2\/users\/1"}],"replies":[{"embeddable":true,"href":"https:\/\/arrow-energy.com\/sp\/wp-json\/wp\/v2\/comments?post=12054"}],"version-history":[{"count":8,"href":"https:\/\/arrow-energy.com\/sp\/wp-json\/wp\/v2\/pages\/12054\/revisions"}],"predecessor-version":[{"id":13122,"href":"https:\/\/arrow-energy.com\/sp\/wp-json\/wp\/v2\/pages\/12054\/revisions\/13122"}],"wp:attachment":[{"href":"https:\/\/arrow-energy.com\/sp\/wp-json\/wp\/v2\/media?parent=12054"}],"curies":[{"name":"wp","href":"https:\/\/api.w.org\/{rel}","templated":true}]}}