{"id":12299,"date":"2025-01-17T06:19:26","date_gmt":"2025-01-17T06:19:26","guid":{"rendered":"https:\/\/sp.arrow-energy.com\/?page_id=12299"},"modified":"2025-11-03T05:44:15","modified_gmt":"2025-11-03T05:44:15","slug":"quality-policy","status":"publish","type":"page","link":"https:\/\/arrow-energy.com\/sp\/quality-policy\/","title":{"rendered":"Pol\u00edtica de calidad"},"content":{"rendered":"\t\t<div data-elementor-type=\"wp-page\" data-elementor-id=\"12299\" class=\"elementor elementor-12299\" data-elementor-post-type=\"page\">\n\t\t\t\t<div class=\"elementor-element elementor-element-3a96341 e-flex e-con-boxed e-con e-parent\" data-id=\"3a96341\" data-element_type=\"container\" data-e-type=\"container\">\n\t\t\t\t\t<div class=\"e-con-inner\">\n\t\t<div class=\"elementor-element elementor-element-5e06063 e-grid e-con-full e-con e-child\" data-id=\"5e06063\" data-element_type=\"container\" data-e-type=\"container\">\n\t\t\t\t<div class=\"elementor-element elementor-element-f80dd1c elementor-widget elementor-widget-image\" data-id=\"f80dd1c\" data-element_type=\"widget\" data-e-type=\"widget\" data-widget_type=\"image.default\">\n\t\t\t\t<div class=\"elementor-widget-container\">\n\t\t\t\t\t\t\t\t\t\t\t\t\t\t\t<img fetchpriority=\"high\" decoding=\"async\" width=\"724\" height=\"1024\" src=\"https:\/\/arrow-energy.com\/sp\/wp-content\/uploads\/2025\/11\/shared-image-1-724x1024.jpg\" class=\"attachment-large size-large wp-image-14012\" alt=\"\" srcset=\"https:\/\/arrow-energy.com\/sp\/wp-content\/uploads\/2025\/11\/shared-image-1-724x1024.jpg 724w, https:\/\/arrow-energy.com\/sp\/wp-content\/uploads\/2025\/11\/shared-image-1-212x300.jpg 212w, https:\/\/arrow-energy.com\/sp\/wp-content\/uploads\/2025\/11\/shared-image-1-768x1086.jpg 768w, https:\/\/arrow-energy.com\/sp\/wp-content\/uploads\/2025\/11\/shared-image-1-1086x1536.jpg 1086w, https:\/\/arrow-energy.com\/sp\/wp-content\/uploads\/2025\/11\/shared-image-1.jpg 1131w\" sizes=\"(max-width: 724px) 100vw, 724px\" data-id=\"14012\" \/>\t\t\t\t\t\t\t\t\t\t\t\t\t\t\t<\/div>\n\t\t\t\t<\/div>\n\t\t\t\t<div class=\"elementor-element elementor-element-a0f4f36 elementor-widget elementor-widget-image\" data-id=\"a0f4f36\" data-element_type=\"widget\" data-e-type=\"widget\" data-widget_type=\"image.default\">\n\t\t\t\t<div class=\"elementor-widget-container\">\n\t\t\t\t\t\t\t\t\t\t\t\t\t\t\t<img decoding=\"async\" width=\"724\" height=\"1024\" src=\"https:\/\/arrow-energy.com\/sp\/wp-content\/uploads\/2025\/11\/shared-image-2-724x1024.jpg\" class=\"attachment-large size-large wp-image-14011\" alt=\"\" srcset=\"https:\/\/arrow-energy.com\/sp\/wp-content\/uploads\/2025\/11\/shared-image-2-724x1024.jpg 724w, https:\/\/arrow-energy.com\/sp\/wp-content\/uploads\/2025\/11\/shared-image-2-212x300.jpg 212w, https:\/\/arrow-energy.com\/sp\/wp-content\/uploads\/2025\/11\/shared-image-2-768x1086.jpg 768w, https:\/\/arrow-energy.com\/sp\/wp-content\/uploads\/2025\/11\/shared-image-2-1086x1536.jpg 1086w, https:\/\/arrow-energy.com\/sp\/wp-content\/uploads\/2025\/11\/shared-image-2.jpg 1131w\" sizes=\"(max-width: 724px) 100vw, 724px\" data-id=\"14011\" \/>\t\t\t\t\t\t\t\t\t\t\t\t\t\t\t<\/div>\n\t\t\t\t<\/div>\n\t\t\t\t<div class=\"elementor-element elementor-element-008d238 elementor-widget elementor-widget-image\" data-id=\"008d238\" data-element_type=\"widget\" data-e-type=\"widget\" data-widget_type=\"image.default\">\n\t\t\t\t<div class=\"elementor-widget-container\">\n\t\t\t\t\t\t\t\t\t\t\t\t\t\t\t<img decoding=\"async\" width=\"735\" height=\"1024\" src=\"https:\/\/arrow-energy.com\/sp\/wp-content\/uploads\/2024\/07\/post55-735x1024.jpg\" class=\"attachment-large size-large wp-image-6958\" alt=\"\" srcset=\"https:\/\/arrow-energy.com\/sp\/wp-content\/uploads\/2024\/07\/post55-735x1024.jpg 735w, https:\/\/arrow-energy.com\/sp\/wp-content\/uploads\/2024\/07\/post55-215x300.jpg 215w, https:\/\/arrow-energy.com\/sp\/wp-content\/uploads\/2024\/07\/post55-768x1069.jpg 768w, https:\/\/arrow-energy.com\/sp\/wp-content\/uploads\/2024\/07\/post55.jpg 1004w\" sizes=\"(max-width: 735px) 100vw, 735px\" data-id=\"6958\" \/>\t\t\t\t\t\t\t\t\t\t\t\t\t\t\t<\/div>\n\t\t\t\t<\/div>\n\t\t\t\t<\/div>\n\t\t\t\t<div class=\"elementor-element elementor-element-310cf0f elementor-widget elementor-widget-spacer\" data-id=\"310cf0f\" data-element_type=\"widget\" data-e-type=\"widget\" data-widget_type=\"spacer.default\">\n\t\t\t\t<div class=\"elementor-widget-container\">\n\t\t\t\t\t\t\t<div class=\"elementor-spacer\">\n\t\t\t<div class=\"elementor-spacer-inner\"><\/div>\n\t\t<\/div>\n\t\t\t\t\t\t<\/div>\n\t\t\t\t<\/div>\n\t\t\t\t<div class=\"elementor-element elementor-element-10a2f53 elementor-widget elementor-widget-text-editor\" data-id=\"10a2f53\" data-element_type=\"widget\" data-e-type=\"widget\" data-widget_type=\"text-editor.default\">\n\t\t\t\t<div class=\"elementor-widget-container\">\n\t\t\t\t\t\t\t\t\t<h2><strong>Nuestro Compromiso con la Calidad<\/strong><\/h2><p>En Arrow Energy, la calidad no es solo una pol\u00edtica, es la base de nuestro \u00e9xito y la piedra angular de nuestras operaciones. Estamos comprometidos a mantener los m\u00e1s altos est\u00e1ndares de excelencia en cada producto y servicio que entregamos.<\/p><h5><strong>Excelencia Certificada ISO 9001:2015<\/strong><\/h5><p>Arrow Energy Co., Ltd. se enorgullece de operar bajo un Sistema de Gesti\u00f3n de Calidad (SGC) certificado por **ISO 9001:2015** de **T\u00dcV Rheinland\u00ae**. Esta certificaci\u00f3n subraya nuestro compromiso con:<\/p><ul><li><strong>Cumplir consistentemente con las expectativas de nuestros clientes.<\/strong><\/li><li><strong>Garantizar eficiencia en procesos y operaciones.<\/strong><\/li><li><strong>Impulsar la mejora continua en todos los aspectos de nuestro negocio.<\/strong><\/li><\/ul><h4><strong>Alcance de Nuestros Est\u00e1ndares de Calidad<\/strong><\/h4><p>Nuestro SGC cubre las siguientes \u00e1reas clave para asegurar que entreguemos resultados excepcionales:<\/p><ol><li><strong>Suministro de Repuestos:-<\/strong> Componentes de alta calidad que mejoran la confiabilidad y longevidad de sus sistemas.<\/li><li><strong>Servicios de Instalaci\u00f3n:-<\/strong> Instalaciones ejecutadas por expertos para una integraci\u00f3n y rendimiento sin interrupciones.<\/li><li><strong>Servicios de Mantenimiento:-<\/strong> Mantenimiento integral para asegurar un funcionamiento \u00f3ptimo y minimizar el tiempo de inactividad.<\/li><\/ol><h4><strong>Nuestro Enfoque de Aseguramiento de la Calidad<\/strong><\/h4><p>Para mantener est\u00e1ndares de calidad l\u00edderes en la industria, implementamos:<\/p><ul><li><strong>Protocolos de Pruebas Rigurosas:<\/strong> Asegurando que cada producto cumpla con estrictos criterios de rendimiento.<\/li><li><strong>Optimizaci\u00f3n de Procesos:<\/strong> Simplificando los flujos de trabajo para mejorar la eficiencia y consistencia.<\/li><li><strong>Entrenamiento Continuo:<\/strong> Capacitando a nuestro equipo con los \u00faltimos conocimientos y habilidades para ofrecer un servicio inigualable.<\/li><li><strong>Soluciones Centricas en el Cliente:<\/strong> Personalizando nuestras ofertas para satisfacer las necesidades espec\u00edficas de cada cliente.<\/li><\/ul>\t\t\t\t\t\t\t\t<\/div>\n\t\t\t\t<\/div>\n\t\t\t\t\t<\/div>\n\t\t\t\t<\/div>\n\t\t\t\t<\/div>\n\t\t","protected":false},"excerpt":{"rendered":"<p>Nuestro Compromiso con la Calidad En Arrow Energy, la calidad no es solo una pol\u00edtica, es la base de nuestro \u00e9xito y la piedra angular de nuestras operaciones. Estamos comprometidos a mantener los m\u00e1s altos est\u00e1ndares de excelencia en cada producto y servicio que entregamos. Excelencia Certificada ISO 9001:2015 Arrow Energy Co., Ltd. se enorgullece &hellip; <a href=\"https:\/\/arrow-energy.com\/sp\/quality-policy\/\" class=\"more-link\">Continue reading <span class=\"screen-reader-text\">Pol\u00edtica de calidad<\/span><\/a><\/p>\n","protected":false},"author":1,"featured_media":4470,"parent":0,"menu_order":0,"comment_status":"closed","ping_status":"closed","template":"elementor_theme","meta":{"nf_dc_page":"","_monsterinsights_skip_tracking":false,"_monsterinsights_sitenote_active":false,"_monsterinsights_sitenote_note":"","_monsterinsights_sitenote_category":0,"footnotes":""},"class_list":["post-12299","page","type-page","status-publish","has-post-thumbnail","hentry"],"yoast_head":"<!-- This site is optimized with the Yoast SEO Premium plugin v25.6 (Yoast SEO v27.4) - https:\/\/yoast.com\/product\/yoast-seo-premium-wordpress\/ -->\n<title>Pol\u00edtica de calidad - Arrow Energy<\/title>\n<meta name=\"robots\" content=\"index, follow, max-snippet:-1, max-image-preview:large, max-video-preview:-1\" \/>\n<link rel=\"canonical\" href=\"https:\/\/arrow-energy.com\/sp\/quality-policy\/\" \/>\n<meta property=\"og:locale\" content=\"en_US\" \/>\n<meta property=\"og:type\" content=\"article\" \/>\n<meta property=\"og:title\" content=\"Pol\u00edtica de calidad\" \/>\n<meta property=\"og:description\" content=\"Nuestro Compromiso con la Calidad En Arrow Energy, la calidad no es solo una pol\u00edtica, es la base de nuestro \u00e9xito y la piedra angular de nuestras operaciones. Estamos comprometidos a mantener los m\u00e1s altos est\u00e1ndares de excelencia en cada producto y servicio que entregamos. Excelencia Certificada ISO 9001:2015 Arrow Energy Co., Ltd. se enorgullece &hellip; Continue reading Pol\u00edtica de calidad\" \/>\n<meta property=\"og:url\" content=\"https:\/\/arrow-energy.com\/sp\/quality-policy\/\" \/>\n<meta property=\"og:site_name\" content=\"Arrow Energy\" \/>\n<meta property=\"article:publisher\" content=\"https:\/\/www.facebook.com\/Arrowenergy.thailand\" \/>\n<meta property=\"article:modified_time\" content=\"2025-11-03T05:44:15+00:00\" \/>\n<meta property=\"og:image\" content=\"https:\/\/arrow-energy.com\/sp\/wp-content\/uploads\/2024\/07\/Title-Background.jpg\" \/>\n\t<meta property=\"og:image:width\" content=\"1920\" \/>\n\t<meta property=\"og:image:height\" content=\"244\" \/>\n\t<meta property=\"og:image:type\" content=\"image\/jpeg\" \/>\n<meta name=\"twitter:card\" content=\"summary_large_image\" \/>\n<meta name=\"twitter:label1\" content=\"Est. reading time\" \/>\n\t<meta name=\"twitter:data1\" content=\"2 minutes\" \/>\n<script type=\"application\/ld+json\" class=\"yoast-schema-graph\">{\"@context\":\"https:\\\/\\\/schema.org\",\"@graph\":[{\"@type\":\"WebPage\",\"@id\":\"https:\\\/\\\/arrow-energy.com\\\/sp\\\/quality-policy\\\/\",\"url\":\"https:\\\/\\\/arrow-energy.com\\\/sp\\\/quality-policy\\\/\",\"name\":\"Pol\u00edtica de calidad - Arrow Energy\",\"isPartOf\":{\"@id\":\"https:\\\/\\\/arrow-energy.com\\\/sp\\\/#website\"},\"primaryImageOfPage\":{\"@id\":\"https:\\\/\\\/arrow-energy.com\\\/sp\\\/quality-policy\\\/#primaryimage\"},\"image\":{\"@id\":\"https:\\\/\\\/arrow-energy.com\\\/sp\\\/quality-policy\\\/#primaryimage\"},\"thumbnailUrl\":\"https:\\\/\\\/arrow-energy.com\\\/sp\\\/wp-content\\\/uploads\\\/2024\\\/07\\\/Title-Background.jpg\",\"datePublished\":\"2025-01-17T06:19:26+00:00\",\"dateModified\":\"2025-11-03T05:44:15+00:00\",\"breadcrumb\":{\"@id\":\"https:\\\/\\\/arrow-energy.com\\\/sp\\\/quality-policy\\\/#breadcrumb\"},\"inLanguage\":\"en-US\",\"potentialAction\":[{\"@type\":\"ReadAction\",\"target\":[\"https:\\\/\\\/arrow-energy.com\\\/sp\\\/quality-policy\\\/\"]}]},{\"@type\":\"ImageObject\",\"inLanguage\":\"en-US\",\"@id\":\"https:\\\/\\\/arrow-energy.com\\\/sp\\\/quality-policy\\\/#primaryimage\",\"url\":\"https:\\\/\\\/arrow-energy.com\\\/sp\\\/wp-content\\\/uploads\\\/2024\\\/07\\\/Title-Background.jpg\",\"contentUrl\":\"https:\\\/\\\/arrow-energy.com\\\/sp\\\/wp-content\\\/uploads\\\/2024\\\/07\\\/Title-Background.jpg\",\"width\":1920,\"height\":244},{\"@type\":\"BreadcrumbList\",\"@id\":\"https:\\\/\\\/arrow-energy.com\\\/sp\\\/quality-policy\\\/#breadcrumb\",\"itemListElement\":[{\"@type\":\"ListItem\",\"position\":1,\"name\":\"Home\",\"item\":\"https:\\\/\\\/arrow-energy.com\\\/sp\\\/\"},{\"@type\":\"ListItem\",\"position\":2,\"name\":\"Pol\u00edtica de calidad\"}]},{\"@type\":\"WebSite\",\"@id\":\"https:\\\/\\\/arrow-energy.com\\\/sp\\\/#website\",\"url\":\"https:\\\/\\\/arrow-energy.com\\\/sp\\\/\",\"name\":\"https:\\\/\\\/arrow-energy.com\\\/sp\",\"description\":\"&quot;Arrow Energy es un actor destacado en las renovaciones del sector energ\u00e9tico. Altamente competente en la ingenier\u00eda y construcci\u00f3n de equipos de control de la contaminaci\u00f3n.&quot;\",\"publisher\":{\"@id\":\"https:\\\/\\\/arrow-energy.com\\\/sp\\\/#organization\"},\"alternateName\":\"https:\\\/\\\/arrow-energy.com\\\/sp\",\"potentialAction\":[{\"@type\":\"SearchAction\",\"target\":{\"@type\":\"EntryPoint\",\"urlTemplate\":\"https:\\\/\\\/arrow-energy.com\\\/sp\\\/?s={search_term_string}\"},\"query-input\":{\"@type\":\"PropertyValueSpecification\",\"valueRequired\":true,\"valueName\":\"search_term_string\"}}],\"inLanguage\":\"en-US\"},{\"@type\":\"Organization\",\"@id\":\"https:\\\/\\\/arrow-energy.com\\\/sp\\\/#organization\",\"name\":\"Arrow Energy Co., Ltd.\",\"alternateName\":\"Arrow Enrgy\",\"url\":\"https:\\\/\\\/arrow-energy.com\\\/sp\\\/\",\"logo\":{\"@type\":\"ImageObject\",\"inLanguage\":\"en-US\",\"@id\":\"https:\\\/\\\/arrow-energy.com\\\/sp\\\/#\\\/schema\\\/logo\\\/image\\\/\",\"url\":\"https:\\\/\\\/arrow-energy.com\\\/sp\\\/wp-content\\\/uploads\\\/2024\\\/07\\\/Arrow-Logo-3.png\",\"contentUrl\":\"https:\\\/\\\/arrow-energy.com\\\/sp\\\/wp-content\\\/uploads\\\/2024\\\/07\\\/Arrow-Logo-3.png\",\"width\":376,\"height\":170,\"caption\":\"Arrow Energy Co., Ltd.\"},\"image\":{\"@id\":\"https:\\\/\\\/arrow-energy.com\\\/sp\\\/#\\\/schema\\\/logo\\\/image\\\/\"},\"sameAs\":[\"https:\\\/\\\/www.facebook.com\\\/Arrowenergy.thailand\",\"https:\\\/\\\/www.instagram.com\\\/arrowenergy.thailand\\\/?hl=th\",\"https:\\\/\\\/www.linkedin.com\\\/company\\\/arrowenergy\\\/\",\"https:\\\/\\\/www.youtube.com\\\/channel\\\/UCV0ZxGWibSEttNCQawue0vw\"]}]}<\/script>\n<!-- \/ Yoast SEO Premium plugin. -->","yoast_head_json":{"title":"Pol\u00edtica de calidad - Arrow Energy","robots":{"index":"index","follow":"follow","max-snippet":"max-snippet:-1","max-image-preview":"max-image-preview:large","max-video-preview":"max-video-preview:-1"},"canonical":"https:\/\/arrow-energy.com\/sp\/quality-policy\/","og_locale":"en_US","og_type":"article","og_title":"Pol\u00edtica de calidad","og_description":"Nuestro Compromiso con la Calidad En Arrow Energy, la calidad no es solo una pol\u00edtica, es la base de nuestro \u00e9xito y la piedra angular de nuestras operaciones. Estamos comprometidos a mantener los m\u00e1s altos est\u00e1ndares de excelencia en cada producto y servicio que entregamos. Excelencia Certificada ISO 9001:2015 Arrow Energy Co., Ltd. se enorgullece &hellip; Continue reading Pol\u00edtica de calidad","og_url":"https:\/\/arrow-energy.com\/sp\/quality-policy\/","og_site_name":"Arrow Energy","article_publisher":"https:\/\/www.facebook.com\/Arrowenergy.thailand","article_modified_time":"2025-11-03T05:44:15+00:00","og_image":[{"width":1920,"height":244,"url":"https:\/\/arrow-energy.com\/sp\/wp-content\/uploads\/2024\/07\/Title-Background.jpg","type":"image\/jpeg"}],"twitter_card":"summary_large_image","twitter_misc":{"Est. reading time":"2 minutes"},"schema":{"@context":"https:\/\/schema.org","@graph":[{"@type":"WebPage","@id":"https:\/\/arrow-energy.com\/sp\/quality-policy\/","url":"https:\/\/arrow-energy.com\/sp\/quality-policy\/","name":"Pol\u00edtica de calidad - Arrow Energy","isPartOf":{"@id":"https:\/\/arrow-energy.com\/sp\/#website"},"primaryImageOfPage":{"@id":"https:\/\/arrow-energy.com\/sp\/quality-policy\/#primaryimage"},"image":{"@id":"https:\/\/arrow-energy.com\/sp\/quality-policy\/#primaryimage"},"thumbnailUrl":"https:\/\/arrow-energy.com\/sp\/wp-content\/uploads\/2024\/07\/Title-Background.jpg","datePublished":"2025-01-17T06:19:26+00:00","dateModified":"2025-11-03T05:44:15+00:00","breadcrumb":{"@id":"https:\/\/arrow-energy.com\/sp\/quality-policy\/#breadcrumb"},"inLanguage":"en-US","potentialAction":[{"@type":"ReadAction","target":["https:\/\/arrow-energy.com\/sp\/quality-policy\/"]}]},{"@type":"ImageObject","inLanguage":"en-US","@id":"https:\/\/arrow-energy.com\/sp\/quality-policy\/#primaryimage","url":"https:\/\/arrow-energy.com\/sp\/wp-content\/uploads\/2024\/07\/Title-Background.jpg","contentUrl":"https:\/\/arrow-energy.com\/sp\/wp-content\/uploads\/2024\/07\/Title-Background.jpg","width":1920,"height":244},{"@type":"BreadcrumbList","@id":"https:\/\/arrow-energy.com\/sp\/quality-policy\/#breadcrumb","itemListElement":[{"@type":"ListItem","position":1,"name":"Home","item":"https:\/\/arrow-energy.com\/sp\/"},{"@type":"ListItem","position":2,"name":"Pol\u00edtica de calidad"}]},{"@type":"WebSite","@id":"https:\/\/arrow-energy.com\/sp\/#website","url":"https:\/\/arrow-energy.com\/sp\/","name":"https:\/\/arrow-energy.com\/sp","description":"&quot;Arrow Energy es un actor destacado en las renovaciones del sector energ\u00e9tico. Altamente competente en la ingenier\u00eda y construcci\u00f3n de equipos de control de la contaminaci\u00f3n.&quot;","publisher":{"@id":"https:\/\/arrow-energy.com\/sp\/#organization"},"alternateName":"https:\/\/arrow-energy.com\/sp","potentialAction":[{"@type":"SearchAction","target":{"@type":"EntryPoint","urlTemplate":"https:\/\/arrow-energy.com\/sp\/?s={search_term_string}"},"query-input":{"@type":"PropertyValueSpecification","valueRequired":true,"valueName":"search_term_string"}}],"inLanguage":"en-US"},{"@type":"Organization","@id":"https:\/\/arrow-energy.com\/sp\/#organization","name":"Arrow Energy Co., Ltd.","alternateName":"Arrow Enrgy","url":"https:\/\/arrow-energy.com\/sp\/","logo":{"@type":"ImageObject","inLanguage":"en-US","@id":"https:\/\/arrow-energy.com\/sp\/#\/schema\/logo\/image\/","url":"https:\/\/arrow-energy.com\/sp\/wp-content\/uploads\/2024\/07\/Arrow-Logo-3.png","contentUrl":"https:\/\/arrow-energy.com\/sp\/wp-content\/uploads\/2024\/07\/Arrow-Logo-3.png","width":376,"height":170,"caption":"Arrow Energy Co., Ltd."},"image":{"@id":"https:\/\/arrow-energy.com\/sp\/#\/schema\/logo\/image\/"},"sameAs":["https:\/\/www.facebook.com\/Arrowenergy.thailand","https:\/\/www.instagram.com\/arrowenergy.thailand\/?hl=th","https:\/\/www.linkedin.com\/company\/arrowenergy\/","https:\/\/www.youtube.com\/channel\/UCV0ZxGWibSEttNCQawue0vw"]}]}},"_links":{"self":[{"href":"https:\/\/arrow-energy.com\/sp\/wp-json\/wp\/v2\/pages\/12299","targetHints":{"allow":["GET"]}}],"collection":[{"href":"https:\/\/arrow-energy.com\/sp\/wp-json\/wp\/v2\/pages"}],"about":[{"href":"https:\/\/arrow-energy.com\/sp\/wp-json\/wp\/v2\/types\/page"}],"author":[{"embeddable":true,"href":"https:\/\/arrow-energy.com\/sp\/wp-json\/wp\/v2\/users\/1"}],"replies":[{"embeddable":true,"href":"https:\/\/arrow-energy.com\/sp\/wp-json\/wp\/v2\/comments?post=12299"}],"version-history":[{"count":43,"href":"https:\/\/arrow-energy.com\/sp\/wp-json\/wp\/v2\/pages\/12299\/revisions"}],"predecessor-version":[{"id":14015,"href":"https:\/\/arrow-energy.com\/sp\/wp-json\/wp\/v2\/pages\/12299\/revisions\/14015"}],"wp:featuredmedia":[{"embeddable":true,"href":"https:\/\/arrow-energy.com\/sp\/wp-json\/wp\/v2\/media\/4470"}],"wp:attachment":[{"href":"https:\/\/arrow-energy.com\/sp\/wp-json\/wp\/v2\/media?parent=12299"}],"curies":[{"name":"wp","href":"https:\/\/api.w.org\/{rel}","templated":true}]}}