{"id":4392,"date":"2024-07-13T06:09:09","date_gmt":"2024-07-13T06:09:09","guid":{"rendered":"https:\/\/sp.arrow-energy.com\/?page_id=4392"},"modified":"2025-09-11T10:27:56","modified_gmt":"2025-09-11T10:27:56","slug":"bag-filter-suppliers","status":"publish","type":"page","link":"https:\/\/arrow-energy.com\/sp\/bag-filter-suppliers\/","title":{"rendered":"Filtros de bolsa"},"content":{"rendered":"\t\t<div data-elementor-type=\"wp-page\" data-elementor-id=\"4392\" class=\"elementor elementor-4392\" data-elementor-post-type=\"page\">\n\t\t\t\t<div class=\"elementor-element elementor-element-2303655 e-flex e-con-boxed e-con e-parent\" data-id=\"2303655\" data-element_type=\"container\" data-e-type=\"container\">\n\t\t\t\t\t<div class=\"e-con-inner\">\n\t\t\t\t<div class=\"elementor-element elementor-element-1a9691a elementor-widget elementor-widget-text-editor\" data-id=\"1a9691a\" data-element_type=\"widget\" data-e-type=\"widget\" data-widget_type=\"text-editor.default\">\n\t\t\t\t<div class=\"elementor-widget-container\">\n\t\t\t\t\t\t\t\t\t<h4><strong>Filtros de Bolsas: Soluciones Avanzadas de Filtraci\u00f3n para Operaciones M\u00e1s Limpias<\/strong><\/h4>\nEn <strong>Arrow Energy<\/strong>, nos enorgullece ofrecer <strong>filtros de bolsas de \u00faltima tecnolog\u00eda<\/strong>, dise\u00f1ados para proporcionar un control superior de la contaminaci\u00f3n del aire y asegurar el cumplimiento de estrictos est\u00e1ndares ambientales. Dise\u00f1ados para un rendimiento excepcional, durabilidad y rentabilidad, nuestros filtros de bolsas son la soluci\u00f3n ideal para diversas industrias, como plantas de energ\u00eda de biomasa, industrias del cemento y plantas termoel\u00e9ctricas. Con un enfoque en la sostenibilidad y la eficiencia operativa, nuestros sistemas avanzados de filtraci\u00f3n permiten a las industrias reducir las emisiones mientras mantienen la productividad.\n\n<h5><strong>Caracter\u00edsticas de los Filtros de Bolsas de Arrow Energy<\/strong><\/h5>\n<ul>\n \t<li><strong>Control Superior de la Contaminaci\u00f3n del Aire<\/strong>: Dise\u00f1ado para capturar y eliminar de manera eficiente las part\u00edculas finas.<\/li>\n \t<li><strong>Alta Durabilidad<\/strong>: Construido con materiales resistentes para un rendimiento duradero en entornos industriales exigentes.<\/li>\n \t<li><strong>Mecanismos de Limpieza Avanzados<\/strong>: Incluye sistemas de aire inverso, sistemas de agitaci\u00f3n o limpieza por pulso de aire para una eliminaci\u00f3n eficaz del polvo.<\/li>\n \t<li><strong>Eficiencia Operativa<\/strong>: Asegura una reducci\u00f3n de emisiones manteniendo la productividad.<\/li>\n \t<li><strong>Rentabilidad<\/strong>: Dise\u00f1o de bajo mantenimiento y econ\u00f3mico para un valor a largo plazo.<\/li>\n \t<li><strong>Enfoque en Sostenibilidad<\/strong>: Apoya a las industrias en el cumplimiento de normativas ambientales y objetivos de sostenibilidad.<\/li>\n \t<li><strong>Soluciones Personalizables<\/strong>: Dise\u00f1os a medida para adaptarse a requisitos operativos espec\u00edficos.<\/li>\n \t<li><strong>Facilidad de Integraci\u00f3n<\/strong>: Dise\u00f1ado para una instalaci\u00f3n sin problemas y compatibilidad con sistemas existentes.<\/li>\n<\/ul>\n<h5><strong>Aplicaciones<\/strong><\/h5>\n<ul>\n \t<li>Planta de energ\u00eda de biomasa<\/li>\n \t<li>F\u00e1brica de az\u00facar<\/li>\n \t<li>Papel y pulpa<\/li>\n \t<li>Industrias del cemento<\/li>\n \t<li>Planta termoel\u00e9ctrica<\/li>\n<\/ul>\n<center>Su Socio de Confianza para Soluciones de Filtraci\u00f3n<\/center>&nbsp;\n\nEn <strong>Arrow Energy<\/strong>, nos comprometemos a ofrecer <strong>filtros de bolsas de alta calidad<\/strong> respaldados por un servicio y soporte al cliente excepcionales. Ya sea que necesite una soluci\u00f3n est\u00e1ndar o un sistema completamente personalizado, nuestro equipo est\u00e1 aqu\u00ed para ofrecer soluciones de filtraci\u00f3n confiables y rentables adaptadas a sus necesidades.\t\t\t\t\t\t\t\t<\/div>\n\t\t\t\t<\/div>\n\t\t\t\t\t<\/div>\n\t\t\t\t<\/div>\n\t\t<div class=\"elementor-element elementor-element-157d83e e-flex e-con-boxed e-con e-parent\" data-id=\"157d83e\" data-element_type=\"container\" data-e-type=\"container\" data-settings=\"{&quot;background_background&quot;:&quot;classic&quot;}\">\n\t\t\t\t\t<div class=\"e-con-inner\">\n\t\t\t\t<div class=\"elementor-element elementor-element-509c362 elementor-position-inline-start elementor-view-default elementor-mobile-position-block-start elementor-widget elementor-widget-icon-box\" data-id=\"509c362\" data-element_type=\"widget\" data-e-type=\"widget\" data-widget_type=\"icon-box.default\">\n\t\t\t\t<div class=\"elementor-widget-container\">\n\t\t\t\t\t\t\t<div class=\"elementor-icon-box-wrapper\">\n\n\t\t\t\t\t\t<div class=\"elementor-icon-box-icon\">\n\t\t\t\t<span  class=\"elementor-icon\">\n\t\t\t\t<svg aria-hidden=\"true\" class=\"e-font-icon-svg e-fas-filter\" viewBox=\"0 0 512 512\" xmlns=\"http:\/\/www.w3.org\/2000\/svg\"><path d=\"M487.976 0H24.028C2.71 0-8.047 25.866 7.058 40.971L192 225.941V432c0 7.831 3.821 15.17 10.237 19.662l80 55.98C298.02 518.69 320 507.493 320 487.98V225.941l184.947-184.97C520.021 25.896 509.338 0 487.976 0z\"><\/path><\/svg>\t\t\t\t<\/span>\n\t\t\t<\/div>\n\t\t\t\n\t\t\t\t\t\t<div class=\"elementor-icon-box-content\">\n\n\t\t\t\t\t\t\t\t\t<h5 class=\"elementor-icon-box-title\">\n\t\t\t\t\t\t<span  >\n\t\t\t\t\t\t\tFiltros de mangas\t\t\t\t\t\t<\/span>\n\t\t\t\t\t<\/h5>\n\t\t\t\t\n\t\t\t\t\t\t\t\t\t<p class=\"elementor-icon-box-description\">\n\t\t\t\t\t\tEl filtro de bolsa es un control de la contaminaci\u00f3n del aire que utiliza cilindros largos hechos de tela tejida o afieltrada como medio de filtraci\u00f3n.\n\n\n\n\n\n\n\n\t\t\t\t\t<\/p>\n\t\t\t\t\n\t\t\t<\/div>\n\t\t\t\n\t\t<\/div>\n\t\t\t\t\t\t<\/div>\n\t\t\t\t<\/div>\n\t\t\t\t\t<\/div>\n\t\t\t\t<\/div>\n\t\t<div class=\"elementor-element elementor-element-4c02b28 e-con-full e-flex e-con e-parent\" data-id=\"4c02b28\" data-element_type=\"container\" data-e-type=\"container\">\n\t\t<div class=\"elementor-element elementor-element-afb1bb5 e-con-full e-flex e-con e-child\" data-id=\"afb1bb5\" data-element_type=\"container\" data-e-type=\"container\">\n\t\t\t\t<div class=\"elementor-element elementor-element-aa31fa4 elementor-widget elementor-widget-image\" data-id=\"aa31fa4\" data-element_type=\"widget\" data-e-type=\"widget\" data-widget_type=\"image.default\">\n\t\t\t\t<div class=\"elementor-widget-container\">\n\t\t\t\t\t\t\t\t\t\t\t\t\t\t\t<img fetchpriority=\"high\" decoding=\"async\" width=\"488\" height=\"538\" src=\"https:\/\/arrow-energy.com\/sp\/wp-content\/uploads\/2024\/07\/BagFilers-Content1.png\" class=\"attachment-large size-large wp-image-5628\" alt=\"Bag Filter Manufacturers, Bag filtration systems\" srcset=\"https:\/\/arrow-energy.com\/sp\/wp-content\/uploads\/2024\/07\/BagFilers-Content1.png 488w, https:\/\/arrow-energy.com\/sp\/wp-content\/uploads\/2024\/07\/BagFilers-Content1-272x300.png 272w\" sizes=\"(max-width: 488px) 100vw, 488px\" data-id=\"5628\" \/>\t\t\t\t\t\t\t\t\t\t\t\t\t\t\t<\/div>\n\t\t\t\t<\/div>\n\t\t\t\t<\/div>\n\t\t<div class=\"elementor-element elementor-element-09bfc9d e-con-full e-flex e-con e-child\" data-id=\"09bfc9d\" data-element_type=\"container\" data-e-type=\"container\">\n\t\t\t\t<div class=\"elementor-element elementor-element-777b701 elementor-widget__width-initial elementor-widget elementor-widget-text-editor\" data-id=\"777b701\" data-element_type=\"widget\" data-e-type=\"widget\" data-widget_type=\"text-editor.default\">\n\t\t\t\t<div class=\"elementor-widget-container\">\n\t\t\t\t\t\t\t\t\t<h2 class=\"tm-custom-heading\" style=\"color: black;\">Ventaja<\/h2> <ul class=\"tm-list tm-list-style-icon tm-list-icon-color-skincolor tm- tm-icon-skincolor tm-list-textsize- tm-list-icon-library-fontawesome\"> <li><i class=\"tm-skincolor fa fa-arrow-circle-o-right\"><\/i> <span class=\"tm-list-li-content\" style=\"color: black;\">Precio econ\u00f3mico<\/span><\/li> <li><i class=\"tm-skincolor fa fa-arrow-circle-o-right\"><\/i> <span class=\"tm-list-li-content\" style=\"color: black;\"> Tiene una eficiencia de recolecci\u00f3n de part\u00edculas del 99%, incluso con part\u00edculas de polvo de tama\u00f1o peque\u00f1o. <\/span><\/li> <li><i class=\"tm-skincolor fa fa-arrow-circle-o-right\"><\/i> <span class=\"tm-list-li-content\" style=\"color: black;\">Precio m\u00e1s bajo que el ESP<\/span><\/li> <li><i class=\"tm-skincolor fa fa-arrow-circle-o-right\"><\/i> <span class=\"tm-list-li-content\" style=\"color: black;\">F\u00e1cil de instalar<\/span><\/li> <li><i class=\"tm-skincolor fa fa-arrow-circle-o-right\"><\/i> <span class=\"tm-list-li-content\" style=\"color: black;\">F\u00e1cil mantenimiento<\/span><\/li> <\/ul>\t\t\t\t\t\t\t\t<\/div>\n\t\t\t\t<\/div>\n\t\t\t\t<\/div>\n\t\t\t\t<\/div>\n\t\t<div class=\"elementor-element elementor-element-3ccd521 e-flex e-con-boxed e-con e-parent\" data-id=\"3ccd521\" data-element_type=\"container\" data-e-type=\"container\">\n\t\t\t\t\t<div class=\"e-con-inner\">\n\t\t\t\t<div class=\"elementor-element elementor-element-24e2a86 elementor-arrows-position-inside elementor-pagination-position-outside elementor-widget elementor-widget-image-carousel\" data-id=\"24e2a86\" data-element_type=\"widget\" data-e-type=\"widget\" data-settings=\"{&quot;slides_to_show&quot;:&quot;2&quot;,&quot;navigation&quot;:&quot;both&quot;,&quot;autoplay&quot;:&quot;yes&quot;,&quot;pause_on_hover&quot;:&quot;yes&quot;,&quot;pause_on_interaction&quot;:&quot;yes&quot;,&quot;autoplay_speed&quot;:5000,&quot;infinite&quot;:&quot;yes&quot;,&quot;speed&quot;:500}\" data-widget_type=\"image-carousel.default\">\n\t\t\t\t<div class=\"elementor-widget-container\">\n\t\t\t\t\t\t\t<div class=\"elementor-image-carousel-wrapper swiper\" role=\"region\" aria-roledescription=\"carousel\" aria-label=\"Image Carousel\" dir=\"ltr\">\n\t\t\t<div class=\"elementor-image-carousel swiper-wrapper\" aria-live=\"off\">\n\t\t\t\t\t\t\t\t<div class=\"swiper-slide\" role=\"group\" aria-roledescription=\"slide\" aria-label=\"1 of 2\"><figure class=\"swiper-slide-inner\"><img decoding=\"async\" class=\"swiper-slide-image\" src=\"https:\/\/arrow-energy.com\/sp\/wp-content\/uploads\/2025\/09\/ArrowEnergy_Bag-Filter.jpeg\" alt=\"ArrowEnergy_Bag-Filter\" \/><\/figure><\/div><div class=\"swiper-slide\" role=\"group\" aria-roledescription=\"slide\" aria-label=\"2 of 2\"><figure class=\"swiper-slide-inner\"><img decoding=\"async\" class=\"swiper-slide-image\" src=\"https:\/\/arrow-energy.com\/sp\/wp-content\/uploads\/2025\/09\/ArrowEnergy_Bag-Filter_1.jpeg\" alt=\"ArrowEnergy_Bag-Filter_1\" \/><\/figure><\/div>\t\t\t<\/div>\n\t\t\t\t\t\t\t\t\t\t\t\t<div class=\"elementor-swiper-button elementor-swiper-button-prev\" role=\"button\" tabindex=\"0\">\n\t\t\t\t\t\t<svg aria-hidden=\"true\" class=\"e-font-icon-svg e-eicon-chevron-left\" viewBox=\"0 0 1000 1000\" xmlns=\"http:\/\/www.w3.org\/2000\/svg\"><path d=\"M646 125C629 125 613 133 604 142L308 442C296 454 292 471 292 487 292 504 296 521 308 533L604 854C617 867 629 875 646 875 663 875 679 871 692 858 704 846 713 829 713 812 713 796 708 779 692 767L438 487 692 225C700 217 708 204 708 187 708 171 704 154 692 142 675 129 663 125 646 125Z\"><\/path><\/svg>\t\t\t\t\t<\/div>\n\t\t\t\t\t<div class=\"elementor-swiper-button elementor-swiper-button-next\" role=\"button\" tabindex=\"0\">\n\t\t\t\t\t\t<svg aria-hidden=\"true\" class=\"e-font-icon-svg e-eicon-chevron-right\" viewBox=\"0 0 1000 1000\" xmlns=\"http:\/\/www.w3.org\/2000\/svg\"><path d=\"M696 533C708 521 713 504 713 487 713 471 708 454 696 446L400 146C388 133 375 125 354 125 338 125 325 129 313 142 300 154 292 171 292 187 292 204 296 221 308 233L563 492 304 771C292 783 288 800 288 817 288 833 296 850 308 863 321 871 338 875 354 875 371 875 388 867 400 854L696 533Z\"><\/path><\/svg>\t\t\t\t\t<\/div>\n\t\t\t\t\n\t\t\t\t\t\t\t\t\t<div class=\"swiper-pagination\"><\/div>\n\t\t\t\t\t\t\t\t\t<\/div>\n\t\t\t\t\t\t<\/div>\n\t\t\t\t<\/div>\n\t\t\t\t\t<\/div>\n\t\t\t\t<\/div>\n\t\t\t\t<\/div>\n\t\t","protected":false},"excerpt":{"rendered":"<p>Filtros de Bolsas: Soluciones Avanzadas de Filtraci\u00f3n para Operaciones M\u00e1s Limpias En Arrow Energy, nos enorgullece ofrecer filtros de bolsas de \u00faltima tecnolog\u00eda, dise\u00f1ados para proporcionar un control superior de la contaminaci\u00f3n del aire y asegurar el cumplimiento de estrictos est\u00e1ndares ambientales. Dise\u00f1ados para un rendimiento excepcional, durabilidad y rentabilidad, nuestros filtros de bolsas son &hellip; <a href=\"https:\/\/arrow-energy.com\/sp\/bag-filter-suppliers\/\" class=\"more-link\">Continue reading <span class=\"screen-reader-text\">Filtros de bolsa<\/span><\/a><\/p>\n","protected":false},"author":1,"featured_media":4470,"parent":0,"menu_order":0,"comment_status":"closed","ping_status":"closed","template":"","meta":{"nf_dc_page":"","_monsterinsights_skip_tracking":false,"_monsterinsights_sitenote_active":false,"_monsterinsights_sitenote_note":"","_monsterinsights_sitenote_category":0,"footnotes":""},"class_list":["post-4392","page","type-page","status-publish","has-post-thumbnail","hentry"],"yoast_head":"<!-- This site is optimized with the Yoast SEO Premium plugin v25.6 (Yoast SEO v27.4) - https:\/\/yoast.com\/product\/yoast-seo-premium-wordpress\/ -->\n<title>Bag Filter Suppliers in Thailand | Bag Filter<\/title>\n<meta name=\"description\" content=\"Industrial Bag house filter filtration suppliers systems offer quality filtration solutions. Explore a wide range of products in worldwide.\" \/>\n<meta name=\"robots\" content=\"index, follow, max-snippet:-1, max-image-preview:large, max-video-preview:-1\" \/>\n<link rel=\"canonical\" href=\"https:\/\/arrow-energy.com\/sp\/bag-filter-suppliers\/\" \/>\n<meta property=\"og:locale\" content=\"en_US\" \/>\n<meta property=\"og:type\" content=\"article\" \/>\n<meta property=\"og:title\" content=\"Filtros de bolsa\" \/>\n<meta property=\"og:description\" content=\"Industrial Bag house filter filtration suppliers systems offer quality filtration solutions. Explore a wide range of products in worldwide.\" \/>\n<meta property=\"og:url\" content=\"https:\/\/arrow-energy.com\/sp\/bag-filter-suppliers\/\" \/>\n<meta property=\"og:site_name\" content=\"Arrow Energy\" \/>\n<meta property=\"article:publisher\" content=\"https:\/\/www.facebook.com\/Arrowenergy.thailand\" \/>\n<meta property=\"article:modified_time\" content=\"2025-09-11T10:27:56+00:00\" \/>\n<meta property=\"og:image\" content=\"https:\/\/arrow-energy.com\/sp\/wp-content\/uploads\/2024\/07\/Title-Background.jpg\" \/>\n\t<meta property=\"og:image:width\" content=\"1920\" \/>\n\t<meta property=\"og:image:height\" content=\"244\" \/>\n\t<meta property=\"og:image:type\" content=\"image\/jpeg\" \/>\n<meta name=\"twitter:card\" content=\"summary_large_image\" \/>\n<meta name=\"twitter:label1\" content=\"Est. reading time\" \/>\n\t<meta name=\"twitter:data1\" content=\"3 minutes\" \/>\n<script type=\"application\/ld+json\" class=\"yoast-schema-graph\">{\"@context\":\"https:\\\/\\\/schema.org\",\"@graph\":[{\"@type\":\"WebPage\",\"@id\":\"https:\\\/\\\/arrow-energy.com\\\/sp\\\/bag-filter-suppliers\\\/\",\"url\":\"https:\\\/\\\/arrow-energy.com\\\/sp\\\/bag-filter-suppliers\\\/\",\"name\":\"Bag Filter Suppliers in Thailand | Bag Filter\",\"isPartOf\":{\"@id\":\"https:\\\/\\\/arrow-energy.com\\\/sp\\\/#website\"},\"primaryImageOfPage\":{\"@id\":\"https:\\\/\\\/arrow-energy.com\\\/sp\\\/bag-filter-suppliers\\\/#primaryimage\"},\"image\":{\"@id\":\"https:\\\/\\\/arrow-energy.com\\\/sp\\\/bag-filter-suppliers\\\/#primaryimage\"},\"thumbnailUrl\":\"https:\\\/\\\/arrow-energy.com\\\/sp\\\/wp-content\\\/uploads\\\/2024\\\/07\\\/Title-Background.jpg\",\"datePublished\":\"2024-07-13T06:09:09+00:00\",\"dateModified\":\"2025-09-11T10:27:56+00:00\",\"description\":\"Industrial Bag house filter filtration suppliers systems offer quality filtration solutions. Explore a wide range of products in worldwide.\",\"breadcrumb\":{\"@id\":\"https:\\\/\\\/arrow-energy.com\\\/sp\\\/bag-filter-suppliers\\\/#breadcrumb\"},\"inLanguage\":\"en-US\",\"potentialAction\":[{\"@type\":\"ReadAction\",\"target\":[\"https:\\\/\\\/arrow-energy.com\\\/sp\\\/bag-filter-suppliers\\\/\"]}]},{\"@type\":\"ImageObject\",\"inLanguage\":\"en-US\",\"@id\":\"https:\\\/\\\/arrow-energy.com\\\/sp\\\/bag-filter-suppliers\\\/#primaryimage\",\"url\":\"https:\\\/\\\/arrow-energy.com\\\/sp\\\/wp-content\\\/uploads\\\/2024\\\/07\\\/Title-Background.jpg\",\"contentUrl\":\"https:\\\/\\\/arrow-energy.com\\\/sp\\\/wp-content\\\/uploads\\\/2024\\\/07\\\/Title-Background.jpg\",\"width\":1920,\"height\":244},{\"@type\":\"BreadcrumbList\",\"@id\":\"https:\\\/\\\/arrow-energy.com\\\/sp\\\/bag-filter-suppliers\\\/#breadcrumb\",\"itemListElement\":[{\"@type\":\"ListItem\",\"position\":1,\"name\":\"Home\",\"item\":\"https:\\\/\\\/arrow-energy.com\\\/sp\\\/\"},{\"@type\":\"ListItem\",\"position\":2,\"name\":\"Filtros de bolsa\"}]},{\"@type\":\"WebSite\",\"@id\":\"https:\\\/\\\/arrow-energy.com\\\/sp\\\/#website\",\"url\":\"https:\\\/\\\/arrow-energy.com\\\/sp\\\/\",\"name\":\"https:\\\/\\\/arrow-energy.com\\\/sp\",\"description\":\"&quot;Arrow Energy es un actor destacado en las renovaciones del sector energ\u00e9tico. Altamente competente en la ingenier\u00eda y construcci\u00f3n de equipos de control de la contaminaci\u00f3n.&quot;\",\"publisher\":{\"@id\":\"https:\\\/\\\/arrow-energy.com\\\/sp\\\/#organization\"},\"alternateName\":\"https:\\\/\\\/arrow-energy.com\\\/sp\",\"potentialAction\":[{\"@type\":\"SearchAction\",\"target\":{\"@type\":\"EntryPoint\",\"urlTemplate\":\"https:\\\/\\\/arrow-energy.com\\\/sp\\\/?s={search_term_string}\"},\"query-input\":{\"@type\":\"PropertyValueSpecification\",\"valueRequired\":true,\"valueName\":\"search_term_string\"}}],\"inLanguage\":\"en-US\"},{\"@type\":\"Organization\",\"@id\":\"https:\\\/\\\/arrow-energy.com\\\/sp\\\/#organization\",\"name\":\"Arrow Energy Co., Ltd.\",\"alternateName\":\"Arrow Enrgy\",\"url\":\"https:\\\/\\\/arrow-energy.com\\\/sp\\\/\",\"logo\":{\"@type\":\"ImageObject\",\"inLanguage\":\"en-US\",\"@id\":\"https:\\\/\\\/arrow-energy.com\\\/sp\\\/#\\\/schema\\\/logo\\\/image\\\/\",\"url\":\"https:\\\/\\\/arrow-energy.com\\\/sp\\\/wp-content\\\/uploads\\\/2024\\\/07\\\/Arrow-Logo-3.png\",\"contentUrl\":\"https:\\\/\\\/arrow-energy.com\\\/sp\\\/wp-content\\\/uploads\\\/2024\\\/07\\\/Arrow-Logo-3.png\",\"width\":376,\"height\":170,\"caption\":\"Arrow Energy Co., Ltd.\"},\"image\":{\"@id\":\"https:\\\/\\\/arrow-energy.com\\\/sp\\\/#\\\/schema\\\/logo\\\/image\\\/\"},\"sameAs\":[\"https:\\\/\\\/www.facebook.com\\\/Arrowenergy.thailand\",\"https:\\\/\\\/www.instagram.com\\\/arrowenergy.thailand\\\/?hl=th\",\"https:\\\/\\\/www.linkedin.com\\\/company\\\/arrowenergy\\\/\",\"https:\\\/\\\/www.youtube.com\\\/channel\\\/UCV0ZxGWibSEttNCQawue0vw\"]}]}<\/script>\n<!-- \/ Yoast SEO Premium plugin. -->","yoast_head_json":{"title":"Bag Filter Suppliers in Thailand | Bag Filter","description":"Industrial Bag house filter filtration suppliers systems offer quality filtration solutions. Explore a wide range of products in worldwide.","robots":{"index":"index","follow":"follow","max-snippet":"max-snippet:-1","max-image-preview":"max-image-preview:large","max-video-preview":"max-video-preview:-1"},"canonical":"https:\/\/arrow-energy.com\/sp\/bag-filter-suppliers\/","og_locale":"en_US","og_type":"article","og_title":"Filtros de bolsa","og_description":"Industrial Bag house filter filtration suppliers systems offer quality filtration solutions. Explore a wide range of products in worldwide.","og_url":"https:\/\/arrow-energy.com\/sp\/bag-filter-suppliers\/","og_site_name":"Arrow Energy","article_publisher":"https:\/\/www.facebook.com\/Arrowenergy.thailand","article_modified_time":"2025-09-11T10:27:56+00:00","og_image":[{"width":1920,"height":244,"url":"https:\/\/arrow-energy.com\/sp\/wp-content\/uploads\/2024\/07\/Title-Background.jpg","type":"image\/jpeg"}],"twitter_card":"summary_large_image","twitter_misc":{"Est. reading time":"3 minutes"},"schema":{"@context":"https:\/\/schema.org","@graph":[{"@type":"WebPage","@id":"https:\/\/arrow-energy.com\/sp\/bag-filter-suppliers\/","url":"https:\/\/arrow-energy.com\/sp\/bag-filter-suppliers\/","name":"Bag Filter Suppliers in Thailand | Bag Filter","isPartOf":{"@id":"https:\/\/arrow-energy.com\/sp\/#website"},"primaryImageOfPage":{"@id":"https:\/\/arrow-energy.com\/sp\/bag-filter-suppliers\/#primaryimage"},"image":{"@id":"https:\/\/arrow-energy.com\/sp\/bag-filter-suppliers\/#primaryimage"},"thumbnailUrl":"https:\/\/arrow-energy.com\/sp\/wp-content\/uploads\/2024\/07\/Title-Background.jpg","datePublished":"2024-07-13T06:09:09+00:00","dateModified":"2025-09-11T10:27:56+00:00","description":"Industrial Bag house filter filtration suppliers systems offer quality filtration solutions. Explore a wide range of products in worldwide.","breadcrumb":{"@id":"https:\/\/arrow-energy.com\/sp\/bag-filter-suppliers\/#breadcrumb"},"inLanguage":"en-US","potentialAction":[{"@type":"ReadAction","target":["https:\/\/arrow-energy.com\/sp\/bag-filter-suppliers\/"]}]},{"@type":"ImageObject","inLanguage":"en-US","@id":"https:\/\/arrow-energy.com\/sp\/bag-filter-suppliers\/#primaryimage","url":"https:\/\/arrow-energy.com\/sp\/wp-content\/uploads\/2024\/07\/Title-Background.jpg","contentUrl":"https:\/\/arrow-energy.com\/sp\/wp-content\/uploads\/2024\/07\/Title-Background.jpg","width":1920,"height":244},{"@type":"BreadcrumbList","@id":"https:\/\/arrow-energy.com\/sp\/bag-filter-suppliers\/#breadcrumb","itemListElement":[{"@type":"ListItem","position":1,"name":"Home","item":"https:\/\/arrow-energy.com\/sp\/"},{"@type":"ListItem","position":2,"name":"Filtros de bolsa"}]},{"@type":"WebSite","@id":"https:\/\/arrow-energy.com\/sp\/#website","url":"https:\/\/arrow-energy.com\/sp\/","name":"https:\/\/arrow-energy.com\/sp","description":"&quot;Arrow Energy es un actor destacado en las renovaciones del sector energ\u00e9tico. Altamente competente en la ingenier\u00eda y construcci\u00f3n de equipos de control de la contaminaci\u00f3n.&quot;","publisher":{"@id":"https:\/\/arrow-energy.com\/sp\/#organization"},"alternateName":"https:\/\/arrow-energy.com\/sp","potentialAction":[{"@type":"SearchAction","target":{"@type":"EntryPoint","urlTemplate":"https:\/\/arrow-energy.com\/sp\/?s={search_term_string}"},"query-input":{"@type":"PropertyValueSpecification","valueRequired":true,"valueName":"search_term_string"}}],"inLanguage":"en-US"},{"@type":"Organization","@id":"https:\/\/arrow-energy.com\/sp\/#organization","name":"Arrow Energy Co., Ltd.","alternateName":"Arrow Enrgy","url":"https:\/\/arrow-energy.com\/sp\/","logo":{"@type":"ImageObject","inLanguage":"en-US","@id":"https:\/\/arrow-energy.com\/sp\/#\/schema\/logo\/image\/","url":"https:\/\/arrow-energy.com\/sp\/wp-content\/uploads\/2024\/07\/Arrow-Logo-3.png","contentUrl":"https:\/\/arrow-energy.com\/sp\/wp-content\/uploads\/2024\/07\/Arrow-Logo-3.png","width":376,"height":170,"caption":"Arrow Energy Co., Ltd."},"image":{"@id":"https:\/\/arrow-energy.com\/sp\/#\/schema\/logo\/image\/"},"sameAs":["https:\/\/www.facebook.com\/Arrowenergy.thailand","https:\/\/www.instagram.com\/arrowenergy.thailand\/?hl=th","https:\/\/www.linkedin.com\/company\/arrowenergy\/","https:\/\/www.youtube.com\/channel\/UCV0ZxGWibSEttNCQawue0vw"]}]}},"_links":{"self":[{"href":"https:\/\/arrow-energy.com\/sp\/wp-json\/wp\/v2\/pages\/4392","targetHints":{"allow":["GET"]}}],"collection":[{"href":"https:\/\/arrow-energy.com\/sp\/wp-json\/wp\/v2\/pages"}],"about":[{"href":"https:\/\/arrow-energy.com\/sp\/wp-json\/wp\/v2\/types\/page"}],"author":[{"embeddable":true,"href":"https:\/\/arrow-energy.com\/sp\/wp-json\/wp\/v2\/users\/1"}],"replies":[{"embeddable":true,"href":"https:\/\/arrow-energy.com\/sp\/wp-json\/wp\/v2\/comments?post=4392"}],"version-history":[{"count":23,"href":"https:\/\/arrow-energy.com\/sp\/wp-json\/wp\/v2\/pages\/4392\/revisions"}],"predecessor-version":[{"id":13790,"href":"https:\/\/arrow-energy.com\/sp\/wp-json\/wp\/v2\/pages\/4392\/revisions\/13790"}],"wp:featuredmedia":[{"embeddable":true,"href":"https:\/\/arrow-energy.com\/sp\/wp-json\/wp\/v2\/media\/4470"}],"wp:attachment":[{"href":"https:\/\/arrow-energy.com\/sp\/wp-json\/wp\/v2\/media?parent=4392"}],"curies":[{"name":"wp","href":"https:\/\/api.w.org\/{rel}","templated":true}]}}