{"id":4394,"date":"2024-07-13T06:08:30","date_gmt":"2024-07-13T06:08:30","guid":{"rendered":"https:\/\/sp.arrow-energy.com\/?page_id=4394"},"modified":"2025-09-11T09:33:20","modified_gmt":"2025-09-11T09:33:20","slug":"electrostatic-precipitator","status":"publish","type":"page","link":"https:\/\/arrow-energy.com\/sp\/electrostatic-precipitator\/","title":{"rendered":"Precipitador electrost\u00e1tico"},"content":{"rendered":"\t\t<div data-elementor-type=\"wp-page\" data-elementor-id=\"4394\" class=\"elementor elementor-4394\" data-elementor-post-type=\"page\">\n\t\t\t\t<div class=\"elementor-element elementor-element-ba610dc e-flex e-con-boxed e-con e-parent\" data-id=\"ba610dc\" data-element_type=\"container\" data-e-type=\"container\">\n\t\t\t\t\t<div class=\"e-con-inner\">\n\t\t\t\t<div class=\"elementor-element elementor-element-b7f83db elementor-widget elementor-widget-heading\" data-id=\"b7f83db\" data-element_type=\"widget\" data-e-type=\"widget\" data-widget_type=\"heading.default\">\n\t\t\t\t<div class=\"elementor-widget-container\">\n\t\t\t\t\t<h2 class=\"elementor-heading-title elementor-size-default\">Precipitadores Electrost\u00e1ticos (ESP): Soluciones avanzadas para el control de la contaminaci\u00f3n<\/h2>\t\t\t\t<\/div>\n\t\t\t\t<\/div>\n\t\t\t\t\t<\/div>\n\t\t\t\t<\/div>\n\t\t<div class=\"elementor-element elementor-element-b17671f e-flex e-con-boxed e-con e-parent\" data-id=\"b17671f\" data-element_type=\"container\" data-e-type=\"container\">\n\t\t\t\t\t<div class=\"e-con-inner\">\n\t\t\t\t<div class=\"elementor-element elementor-element-0fbe48c elementor-widget elementor-widget-shortcode\" data-id=\"0fbe48c\" data-element_type=\"widget\" data-e-type=\"widget\" data-widget_type=\"shortcode.default\">\n\t\t\t\t<div class=\"elementor-widget-container\">\n\t\t\t\t\t\t\t<div class=\"elementor-shortcode\"><iframe width=\"560\" height=\"415\" src=\"https:\/\/www.youtube.com\/embed\/Yrip-DST1A8?si=CnSI5eyP4O0WGzpk\" title=\"YouTube video player\" frameborder=\"0\" allow=\"accelerometer; autoplay; clipboard-write; encrypted-media; gyroscope; picture-in-picture; web-share\" referrerpolicy=\"strict-origin-when-cross-origin\" allowfullscreen><\/iframe><\/div>\n\t\t\t\t\t\t<\/div>\n\t\t\t\t<\/div>\n\t\t\t\t\t<\/div>\n\t\t\t\t<\/div>\n\t\t<div class=\"elementor-element elementor-element-0b63a01 e-flex e-con-boxed e-con e-parent\" data-id=\"0b63a01\" data-element_type=\"container\" data-e-type=\"container\">\n\t\t\t\t\t<div class=\"e-con-inner\">\n\t\t\t\t<div class=\"elementor-element elementor-element-887991b elementor-widget elementor-widget-text-editor\" data-id=\"887991b\" data-element_type=\"widget\" data-e-type=\"widget\" data-widget_type=\"text-editor.default\">\n\t\t\t\t<div class=\"elementor-widget-container\">\n\t\t\t\t\t\t\t\t\t<span style=\"color: #000000;\">En <strong>Arrow Energy<\/strong>, nos especializamos en la fabricaci\u00f3n de <strong>Precipitadores Electrost\u00e1ticos (ESP)<\/strong> de alto rendimiento, con una impresionante <strong>eficiencia del 99,95%<\/strong>, capaces de capturar una amplia gama de polvo de combustible, desde carb\u00f3n hasta biomasa, logrando emisiones tan bajas como menos de <strong>10 PPM.<\/strong> Nuestros ESP proporcionan soluciones cr\u00edticas de control de contaminaci\u00f3n para industrias como generaci\u00f3n de energ\u00eda, producci\u00f3n de acero, plantas de cemento, plantas de energ\u00eda de biomasa y otras operaciones con altas emisiones.<\/span>\n\n<h5><span style=\"color: #000000;\"><strong>Impulsados por la innovaci\u00f3n y la sostenibilidad, nuestros ESP cuentan con:<\/strong><\/span><\/h5> <ul> <li style=\"list-style-type: none;\"> <ul> <li style=\"list-style-type: none;\"> <ul> <li style=\"list-style-type: none;\"> <ul> <li style=\"list-style-type: none;\"> <ul> <li><span style=\"color: #000000;\"><strong>Dise\u00f1o robusto de placas colectoras<\/strong> que garantiza un bajo mantenimiento con alta acumulaci\u00f3n de polvo y una efectiva eliminaci\u00f3n.<\/span><\/li> <li><span style=\"color: #000000;\"><strong>Electrodos de descarga dise\u00f1ados a medida<\/strong> seg\u00fan las caracter\u00edsticas del combustible, como resistividad, composici\u00f3n qu\u00edmica y adherencia, asegurando un rendimiento constante a largo plazo.<\/span><\/li> <li><span style=\"color: #000000;\"><strong>Eliminaci\u00f3n de cenizas por gravedad por impulso<\/strong> con fuerza ajustable para mantener una operaci\u00f3n continua sin interrupciones.<\/span><\/li> <li><span style=\"color: #000000;\"><strong>Transformadores-Rectificadores (TRs) avanzados de 4\u00aa generaci\u00f3n<\/strong> y controladores inteligentes para una regulaci\u00f3n precisa del voltaje, optimizando el rendimiento y la eficiencia del ESP.<\/span><\/li> <li><span style=\"color: #000000;\"><strong>\u00c1rea de ocupaci\u00f3n optimizada<\/strong> con controladores inteligentes, proporcionando eficiencia en el espacio, ahorro energ\u00e9tico y un mejor control.<\/span><\/li> <li><span style=\"color: #000000;\">Nuestras soluciones avanzadas de ESP ofrecen <strong>entornos m\u00e1s limpios<\/strong>, eficiencia operativa y cumplimiento de los est\u00e1ndares ambientales, ayudando a las industrias a lograr un rendimiento sostenible y confiable.<\/span> <span style=\"color: #000000;\"><strong>Aplicaciones<\/strong><\/span><\/li> <\/ul> <\/li> <\/ul> <\/li> <\/ul> <\/li> <\/ul> <\/li> <\/ul> <h5><span style=\"color: #000000;\"><strong>Aplicaciones<\/strong><\/span><\/h5> <ul> <li style=\"list-style-type: none;\"> <ul> <li style=\"list-style-type: none;\"> <ul> <li style=\"list-style-type: none;\"> <ul> <li style=\"list-style-type: none;\"> <ul> <li><span style=\"color: #000000;\">Planta de energ\u00eda de biomasa<\/span><\/li> <li><span style=\"color: #000000;\">Ingenio azucarero<\/span><\/li> <li><span style=\"color: #000000;\">Industria del papel y pulpa<\/span><\/li> <li><span style=\"color: #000000;\">Industria del cemento<\/span><\/li> <li><span style=\"color: #000000;\">Industria del aceite de palma<\/span><\/li> <li><span style=\"color: #000000;\">Planta de energ\u00eda de carb\u00f3n<\/span><\/li> <\/ul> <\/li> <\/ul> <\/li> <\/ul> <\/li> <\/ul> <\/li> <\/ul>\n<span style=\"color: #000000;\">En <strong>Arrow Energy<\/strong>, nuestros <strong>Precipitadores Electrost\u00e1ticos<\/strong> combinan tecnolog\u00eda innovadora con una ingenier\u00eda robusta para cumplir con los m\u00e1s altos est\u00e1ndares ambientales. Ya sea que necesite un nuevo sistema ESP o una actualizaci\u00f3n de su equipo existente, conf\u00ede en nosotros para ofrecer soluciones que mejoren la eficiencia, reduzcan las emisiones y garanticen el cumplimiento normativo.<\/span>\t\t\t\t\t\t\t\t<\/div>\n\t\t\t\t<\/div>\n\t\t\t\t\t<\/div>\n\t\t\t\t<\/div>\n\t\t<div class=\"elementor-element elementor-element-cda04ac e-con-full e-flex e-con e-parent\" data-id=\"cda04ac\" data-element_type=\"container\" data-e-type=\"container\">\n\t\t<div class=\"elementor-element elementor-element-3b6c4aa e-con-full e-flex e-con e-child\" data-id=\"3b6c4aa\" data-element_type=\"container\" data-e-type=\"container\">\n\t\t\t\t<div class=\"elementor-element elementor-element-cb32dfe elementor-widget elementor-widget-image\" data-id=\"cb32dfe\" data-element_type=\"widget\" data-e-type=\"widget\" data-widget_type=\"image.default\">\n\t\t\t\t<div class=\"elementor-widget-container\">\n\t\t\t\t\t\t\t\t\t\t\t\t\t\t\t<img fetchpriority=\"high\" decoding=\"async\" width=\"512\" height=\"384\" src=\"https:\/\/arrow-energy.com\/sp\/wp-content\/uploads\/2024\/07\/Arrow-Energy-ESP-MGP-512x384-1.jpg\" class=\"attachment-large size-large wp-image-5537\" alt=\"Electrostatic Precipitator Manufacturers\" srcset=\"https:\/\/arrow-energy.com\/sp\/wp-content\/uploads\/2024\/07\/Arrow-Energy-ESP-MGP-512x384-1.jpg 512w, https:\/\/arrow-energy.com\/sp\/wp-content\/uploads\/2024\/07\/Arrow-Energy-ESP-MGP-512x384-1-300x225.jpg 300w\" sizes=\"(max-width: 512px) 100vw, 512px\" data-id=\"5537\" \/>\t\t\t\t\t\t\t\t\t\t\t\t\t\t\t<\/div>\n\t\t\t\t<\/div>\n\t\t\t\t<\/div>\n\t\t<div class=\"elementor-element elementor-element-7a7f571 e-con-full e-flex e-con e-child\" data-id=\"7a7f571\" data-element_type=\"container\" data-e-type=\"container\">\n\t\t\t\t<div class=\"elementor-element elementor-element-2819ec7 elementor-widget elementor-widget-text-editor\" data-id=\"2819ec7\" data-element_type=\"widget\" data-e-type=\"widget\" data-widget_type=\"text-editor.default\">\n\t\t\t\t<div class=\"elementor-widget-container\">\n\t\t\t\t\t\t\t\t\t<h2 class=\"tm-custom-heading \"><span style=\"color: #000000;\">Partes principales del ESP<\/span><\/h2> <ul class=\"tm-list tm-list-style-icon tm-list-icon-color-skincolor tm-black tm-icon-skincolor tm-list-textsize- tm-list-icon-library-fontawesome\"> <li><span style=\"color: #000000;\"><i class=\"tm-skincolor fa fa-square\"><\/i><a style=\"color: #000000;\" href=\"https:\/\/sp.arrow-energy.com\/collection-electrode\/\"><span class=\"tm-list-li-content\">Electrodo colector<\/span><\/a><\/span><\/li> <li><span style=\"color: #000000;\"><i class=\"tm-skincolor fa fa-square\"><\/i><a style=\"color: #000000;\" href=\"https:\/\/sp.arrow-energy.com\/discharge-electrode\/\"><span class=\"tm-list-li-content\">Electrodo emisor<\/span><\/a><\/span><\/li> <li><span style=\"color: #000000;\"><i class=\"tm-skincolor fa fa-square\"><\/i><a style=\"color: #000000;\" href=\"https:\/\/sp.arrow-energy.com\/transformer-rectifier-tr-set\/\"><span class=\"tm-list-li-content\">Conjunto transformador-rectificador<\/span><\/a><\/span><\/li> <li><span style=\"color: #000000;\"><i class=\"tm-skincolor fa fa-square\"><\/i><a style=\"color: #000000;\" href=\"https:\/\/sp.arrow-energy.com\/rapper-system\/\"><span class=\"tm-list-li-content\">Sistema de golpeo<\/span><\/a><\/span><\/li> <li><span style=\"color: #000000;\"><i class=\"tm-skincolor fa fa-square\"><\/i><span class=\"tm-list-li-content\">Panel de control<\/span><\/span><\/li> <li><span style=\"color: #000000;\"><i class=\"tm-skincolor fa fa-square\"><\/i><span class=\"tm-list-li-content\">Placas de distribuci\u00f3n de gases<\/span><\/span><\/li> <li><span style=\"color: #000000;\"><i class=\"tm-skincolor fa fa-square\"><\/i><span class=\"tm-list-li-content\">Sistema de manejo de cenizas<\/span><\/span><\/li> <\/ul>\t\t\t\t\t\t\t\t<\/div>\n\t\t\t\t<\/div>\n\t\t\t\t<\/div>\n\t\t\t\t<\/div>\n\t\t<div class=\"elementor-element elementor-element-a30dbc4 e-flex e-con-boxed e-con e-parent\" data-id=\"a30dbc4\" data-element_type=\"container\" data-e-type=\"container\">\n\t\t\t\t\t<div class=\"e-con-inner\">\n\t\t\t\t<div class=\"elementor-element elementor-element-24d6c36 elementor-widget elementor-widget-text-editor\" data-id=\"24d6c36\" data-element_type=\"widget\" data-e-type=\"widget\" data-widget_type=\"text-editor.default\">\n\t\t\t\t<div class=\"elementor-widget-container\">\n\t\t\t\t\t\t\t\t\tNuestros ESP est\u00e1n dise\u00f1ados y fabricados localmente por nuestro equipo altamente experimentado. Pueden lograr hasta un 99.9% de captura de part\u00edculas s\u00f3lidas.\t\t\t\t\t\t\t\t<\/div>\n\t\t\t\t<\/div>\n\t\t\t\t\t<\/div>\n\t\t\t\t<\/div>\n\t\t<div class=\"elementor-element elementor-element-6ef2637 e-con-full e-flex e-con e-parent\" data-id=\"6ef2637\" data-element_type=\"container\" data-e-type=\"container\">\n\t\t<div class=\"elementor-element elementor-element-ca0f70b e-con-full e-flex e-con e-child\" data-id=\"ca0f70b\" data-element_type=\"container\" data-e-type=\"container\">\n\t\t\t\t<div class=\"elementor-element elementor-element-4a5b7cc elementor-widget elementor-widget-text-editor\" data-id=\"4a5b7cc\" data-element_type=\"widget\" data-e-type=\"widget\" data-widget_type=\"text-editor.default\">\n\t\t\t\t<div class=\"elementor-widget-container\">\n\t\t\t\t\t\t\t\t\t<h4 class=\"tm-custom-heading \"><span style=\"color: #000000;\">Servicio posventa de ESP<\/span><\/h4><ul class=\"tm-list tm-list-style-icon tm-list-icon-color-skincolor tm-black tm-icon-skincolor tm-list-textsize- tm-list-icon-library-fontawesome\"><li><span style=\"color: #000000;\"><i class=\"tm-skincolor fa fa-square\"><\/i><span class=\"tm-list-li-content\">Actualizaci\u00f3n del panel de control<\/span><\/span><\/li><li><span style=\"color: #000000;\"><i class=\"tm-skincolor fa fa-square\"><\/i><span class=\"tm-list-li-content\">Suministro de controladores<\/span><\/span><\/li><li><span style=\"color: #000000;\"><i class=\"tm-skincolor fa fa-square\"><\/i><a style=\"color: #000000;\" href=\"https:\/\/sp.arrow-energy.com\/transformer-rectifier-tr-set\/\"><span class=\"tm-list-li-content\">Suministro de conjunto TR<\/span><\/a><\/span><\/li><li><span style=\"color: #000000;\"><i class=\"tm-skincolor fa fa-square\"><\/i><span class=\"tm-list-li-content\">Suministro de electrodos colectores y emisores<\/span><\/span><\/li><li><span style=\"color: #000000;\"><i class=\"tm-skincolor fa fa-square\"><\/i><a style=\"color: #000000;\" href=\"https:\/\/sp.arrow-energy.com\/rapper-system\/\"><span class=\"tm-list-li-content\">Suministro de sistema de golpeo<\/span><\/a><\/span><\/li><li><span style=\"color: #000000;\"><i class=\"tm-skincolor fa fa-square\"><\/i><span class=\"tm-list-li-content\">Suministro de v\u00e1lvulas de esclusa rotativa y sistema de manejo de cenizas<\/span><\/span><\/li><li><span style=\"color: #000000;\"><i class=\"tm-skincolor fa fa-square\"><\/i><span class=\"tm-list-li-content\">Reacondicionamiento de ESP para reducci\u00f3n de emisiones<\/span><\/span><\/li><\/ul>\t\t\t\t\t\t\t\t<\/div>\n\t\t\t\t<\/div>\n\t\t\t\t<\/div>\n\t\t<div class=\"elementor-element elementor-element-f2c0e2a e-con-full e-flex e-con e-child\" data-id=\"f2c0e2a\" data-element_type=\"container\" data-e-type=\"container\">\n\t\t\t\t<div class=\"elementor-element elementor-element-75ac5a7 elementor-widget elementor-widget-image\" data-id=\"75ac5a7\" data-element_type=\"widget\" data-e-type=\"widget\" data-widget_type=\"image.default\">\n\t\t\t\t<div class=\"elementor-widget-container\">\n\t\t\t\t\t\t\t\t\t\t\t\t\t\t\t<img decoding=\"async\" width=\"1000\" height=\"592\" src=\"https:\/\/arrow-energy.com\/sp\/wp-content\/uploads\/2024\/07\/Pollution-Control-Electrostatic-Precipitator-_7.jpg\" class=\"attachment-full size-full wp-image-5550\" alt=\"Electrostatic Precipitator (ESP) Thailand\" srcset=\"https:\/\/arrow-energy.com\/sp\/wp-content\/uploads\/2024\/07\/Pollution-Control-Electrostatic-Precipitator-_7.jpg 1000w, https:\/\/arrow-energy.com\/sp\/wp-content\/uploads\/2024\/07\/Pollution-Control-Electrostatic-Precipitator-_7-300x178.jpg 300w, https:\/\/arrow-energy.com\/sp\/wp-content\/uploads\/2024\/07\/Pollution-Control-Electrostatic-Precipitator-_7-768x455.jpg 768w\" sizes=\"(max-width: 1000px) 100vw, 1000px\" data-id=\"5550\" \/>\t\t\t\t\t\t\t\t\t\t\t\t\t\t\t<\/div>\n\t\t\t\t<\/div>\n\t\t\t\t<\/div>\n\t\t\t\t<\/div>\n\t\t\t\t<\/div>\n\t\t","protected":false},"excerpt":{"rendered":"<p>Precipitadores Electrost\u00e1ticos (ESP): Soluciones avanzadas para el control de la contaminaci\u00f3n En Arrow Energy, nos especializamos en la fabricaci\u00f3n de Precipitadores Electrost\u00e1ticos (ESP) de alto rendimiento, con una impresionante eficiencia del 99,95%, capaces de capturar una amplia gama de polvo de combustible, desde carb\u00f3n hasta biomasa, logrando emisiones tan bajas como menos de 10 PPM. &hellip; <a href=\"https:\/\/arrow-energy.com\/sp\/electrostatic-precipitator\/\" class=\"more-link\">Continue reading <span class=\"screen-reader-text\">Precipitador electrost\u00e1tico<\/span><\/a><\/p>\n","protected":false},"author":1,"featured_media":4470,"parent":0,"menu_order":0,"comment_status":"closed","ping_status":"closed","template":"","meta":{"nf_dc_page":"","_monsterinsights_skip_tracking":false,"_monsterinsights_sitenote_active":false,"_monsterinsights_sitenote_note":"","_monsterinsights_sitenote_category":0,"footnotes":""},"class_list":["post-4394","page","type-page","status-publish","has-post-thumbnail","hentry"],"yoast_head":"<!-- This site is optimized with the Yoast SEO Premium plugin v25.6 (Yoast SEO v27.4) - https:\/\/yoast.com\/product\/yoast-seo-premium-wordpress\/ -->\n<title>Electrostatic Precipitator Manufacturers in Thailand | ESP Suppliers<\/title>\n<meta name=\"description\" content=\"Discover the best Electrostatic Precipitator (ESP) manufacturers and Suppliers in Thailand for reliable air pollution control solutions.\" \/>\n<meta name=\"robots\" content=\"index, follow, max-snippet:-1, max-image-preview:large, max-video-preview:-1\" \/>\n<link rel=\"canonical\" href=\"https:\/\/arrow-energy.com\/sp\/electrostatic-precipitator\/\" \/>\n<meta property=\"og:locale\" content=\"en_US\" \/>\n<meta property=\"og:type\" content=\"article\" \/>\n<meta property=\"og:title\" content=\"Precipitador electrost\u00e1tico\" \/>\n<meta property=\"og:description\" content=\"Discover the best Electrostatic Precipitator (ESP) manufacturers and Suppliers in Thailand for reliable air pollution control solutions.\" \/>\n<meta property=\"og:url\" content=\"https:\/\/arrow-energy.com\/sp\/electrostatic-precipitator\/\" \/>\n<meta property=\"og:site_name\" content=\"Arrow Energy\" \/>\n<meta property=\"article:publisher\" content=\"https:\/\/www.facebook.com\/Arrowenergy.thailand\" \/>\n<meta property=\"article:modified_time\" content=\"2025-09-11T09:33:20+00:00\" \/>\n<meta property=\"og:image\" content=\"https:\/\/arrow-energy.com\/sp\/wp-content\/uploads\/2024\/07\/Title-Background.jpg\" \/>\n\t<meta property=\"og:image:width\" content=\"1920\" \/>\n\t<meta property=\"og:image:height\" content=\"244\" \/>\n\t<meta property=\"og:image:type\" content=\"image\/jpeg\" \/>\n<meta name=\"twitter:card\" content=\"summary_large_image\" \/>\n<meta name=\"twitter:label1\" content=\"Est. reading time\" \/>\n\t<meta name=\"twitter:data1\" content=\"3 minutes\" \/>\n<script type=\"application\/ld+json\" class=\"yoast-schema-graph\">{\"@context\":\"https:\\\/\\\/schema.org\",\"@graph\":[{\"@type\":\"WebPage\",\"@id\":\"https:\\\/\\\/arrow-energy.com\\\/sp\\\/electrostatic-precipitator\\\/\",\"url\":\"https:\\\/\\\/arrow-energy.com\\\/sp\\\/electrostatic-precipitator\\\/\",\"name\":\"Electrostatic Precipitator Manufacturers in Thailand | ESP Suppliers\",\"isPartOf\":{\"@id\":\"https:\\\/\\\/arrow-energy.com\\\/sp\\\/#website\"},\"primaryImageOfPage\":{\"@id\":\"https:\\\/\\\/arrow-energy.com\\\/sp\\\/electrostatic-precipitator\\\/#primaryimage\"},\"image\":{\"@id\":\"https:\\\/\\\/arrow-energy.com\\\/sp\\\/electrostatic-precipitator\\\/#primaryimage\"},\"thumbnailUrl\":\"https:\\\/\\\/arrow-energy.com\\\/sp\\\/wp-content\\\/uploads\\\/2024\\\/07\\\/Title-Background.jpg\",\"datePublished\":\"2024-07-13T06:08:30+00:00\",\"dateModified\":\"2025-09-11T09:33:20+00:00\",\"description\":\"Discover the best Electrostatic Precipitator (ESP) manufacturers and Suppliers in Thailand for reliable air pollution control solutions.\",\"breadcrumb\":{\"@id\":\"https:\\\/\\\/arrow-energy.com\\\/sp\\\/electrostatic-precipitator\\\/#breadcrumb\"},\"inLanguage\":\"en-US\",\"potentialAction\":[{\"@type\":\"ReadAction\",\"target\":[\"https:\\\/\\\/arrow-energy.com\\\/sp\\\/electrostatic-precipitator\\\/\"]}]},{\"@type\":\"ImageObject\",\"inLanguage\":\"en-US\",\"@id\":\"https:\\\/\\\/arrow-energy.com\\\/sp\\\/electrostatic-precipitator\\\/#primaryimage\",\"url\":\"https:\\\/\\\/arrow-energy.com\\\/sp\\\/wp-content\\\/uploads\\\/2024\\\/07\\\/Title-Background.jpg\",\"contentUrl\":\"https:\\\/\\\/arrow-energy.com\\\/sp\\\/wp-content\\\/uploads\\\/2024\\\/07\\\/Title-Background.jpg\",\"width\":1920,\"height\":244},{\"@type\":\"BreadcrumbList\",\"@id\":\"https:\\\/\\\/arrow-energy.com\\\/sp\\\/electrostatic-precipitator\\\/#breadcrumb\",\"itemListElement\":[{\"@type\":\"ListItem\",\"position\":1,\"name\":\"Home\",\"item\":\"https:\\\/\\\/arrow-energy.com\\\/sp\\\/\"},{\"@type\":\"ListItem\",\"position\":2,\"name\":\"Precipitador electrost\u00e1tico\"}]},{\"@type\":\"WebSite\",\"@id\":\"https:\\\/\\\/arrow-energy.com\\\/sp\\\/#website\",\"url\":\"https:\\\/\\\/arrow-energy.com\\\/sp\\\/\",\"name\":\"https:\\\/\\\/arrow-energy.com\\\/sp\",\"description\":\"&quot;Arrow Energy es un actor destacado en las renovaciones del sector energ\u00e9tico. Altamente competente en la ingenier\u00eda y construcci\u00f3n de equipos de control de la contaminaci\u00f3n.&quot;\",\"publisher\":{\"@id\":\"https:\\\/\\\/arrow-energy.com\\\/sp\\\/#organization\"},\"alternateName\":\"https:\\\/\\\/arrow-energy.com\\\/sp\",\"potentialAction\":[{\"@type\":\"SearchAction\",\"target\":{\"@type\":\"EntryPoint\",\"urlTemplate\":\"https:\\\/\\\/arrow-energy.com\\\/sp\\\/?s={search_term_string}\"},\"query-input\":{\"@type\":\"PropertyValueSpecification\",\"valueRequired\":true,\"valueName\":\"search_term_string\"}}],\"inLanguage\":\"en-US\"},{\"@type\":\"Organization\",\"@id\":\"https:\\\/\\\/arrow-energy.com\\\/sp\\\/#organization\",\"name\":\"Arrow Energy Co., Ltd.\",\"alternateName\":\"Arrow Enrgy\",\"url\":\"https:\\\/\\\/arrow-energy.com\\\/sp\\\/\",\"logo\":{\"@type\":\"ImageObject\",\"inLanguage\":\"en-US\",\"@id\":\"https:\\\/\\\/arrow-energy.com\\\/sp\\\/#\\\/schema\\\/logo\\\/image\\\/\",\"url\":\"https:\\\/\\\/arrow-energy.com\\\/sp\\\/wp-content\\\/uploads\\\/2024\\\/07\\\/Arrow-Logo-3.png\",\"contentUrl\":\"https:\\\/\\\/arrow-energy.com\\\/sp\\\/wp-content\\\/uploads\\\/2024\\\/07\\\/Arrow-Logo-3.png\",\"width\":376,\"height\":170,\"caption\":\"Arrow Energy Co., Ltd.\"},\"image\":{\"@id\":\"https:\\\/\\\/arrow-energy.com\\\/sp\\\/#\\\/schema\\\/logo\\\/image\\\/\"},\"sameAs\":[\"https:\\\/\\\/www.facebook.com\\\/Arrowenergy.thailand\",\"https:\\\/\\\/www.instagram.com\\\/arrowenergy.thailand\\\/?hl=th\",\"https:\\\/\\\/www.linkedin.com\\\/company\\\/arrowenergy\\\/\",\"https:\\\/\\\/www.youtube.com\\\/channel\\\/UCV0ZxGWibSEttNCQawue0vw\"]}]}<\/script>\n<!-- \/ Yoast SEO Premium plugin. -->","yoast_head_json":{"title":"Electrostatic Precipitator Manufacturers in Thailand | ESP Suppliers","description":"Discover the best Electrostatic Precipitator (ESP) manufacturers and Suppliers in Thailand for reliable air pollution control solutions.","robots":{"index":"index","follow":"follow","max-snippet":"max-snippet:-1","max-image-preview":"max-image-preview:large","max-video-preview":"max-video-preview:-1"},"canonical":"https:\/\/arrow-energy.com\/sp\/electrostatic-precipitator\/","og_locale":"en_US","og_type":"article","og_title":"Precipitador electrost\u00e1tico","og_description":"Discover the best Electrostatic Precipitator (ESP) manufacturers and Suppliers in Thailand for reliable air pollution control solutions.","og_url":"https:\/\/arrow-energy.com\/sp\/electrostatic-precipitator\/","og_site_name":"Arrow Energy","article_publisher":"https:\/\/www.facebook.com\/Arrowenergy.thailand","article_modified_time":"2025-09-11T09:33:20+00:00","og_image":[{"width":1920,"height":244,"url":"https:\/\/arrow-energy.com\/sp\/wp-content\/uploads\/2024\/07\/Title-Background.jpg","type":"image\/jpeg"}],"twitter_card":"summary_large_image","twitter_misc":{"Est. reading time":"3 minutes"},"schema":{"@context":"https:\/\/schema.org","@graph":[{"@type":"WebPage","@id":"https:\/\/arrow-energy.com\/sp\/electrostatic-precipitator\/","url":"https:\/\/arrow-energy.com\/sp\/electrostatic-precipitator\/","name":"Electrostatic Precipitator Manufacturers in Thailand | ESP Suppliers","isPartOf":{"@id":"https:\/\/arrow-energy.com\/sp\/#website"},"primaryImageOfPage":{"@id":"https:\/\/arrow-energy.com\/sp\/electrostatic-precipitator\/#primaryimage"},"image":{"@id":"https:\/\/arrow-energy.com\/sp\/electrostatic-precipitator\/#primaryimage"},"thumbnailUrl":"https:\/\/arrow-energy.com\/sp\/wp-content\/uploads\/2024\/07\/Title-Background.jpg","datePublished":"2024-07-13T06:08:30+00:00","dateModified":"2025-09-11T09:33:20+00:00","description":"Discover the best Electrostatic Precipitator (ESP) manufacturers and Suppliers in Thailand for reliable air pollution control solutions.","breadcrumb":{"@id":"https:\/\/arrow-energy.com\/sp\/electrostatic-precipitator\/#breadcrumb"},"inLanguage":"en-US","potentialAction":[{"@type":"ReadAction","target":["https:\/\/arrow-energy.com\/sp\/electrostatic-precipitator\/"]}]},{"@type":"ImageObject","inLanguage":"en-US","@id":"https:\/\/arrow-energy.com\/sp\/electrostatic-precipitator\/#primaryimage","url":"https:\/\/arrow-energy.com\/sp\/wp-content\/uploads\/2024\/07\/Title-Background.jpg","contentUrl":"https:\/\/arrow-energy.com\/sp\/wp-content\/uploads\/2024\/07\/Title-Background.jpg","width":1920,"height":244},{"@type":"BreadcrumbList","@id":"https:\/\/arrow-energy.com\/sp\/electrostatic-precipitator\/#breadcrumb","itemListElement":[{"@type":"ListItem","position":1,"name":"Home","item":"https:\/\/arrow-energy.com\/sp\/"},{"@type":"ListItem","position":2,"name":"Precipitador electrost\u00e1tico"}]},{"@type":"WebSite","@id":"https:\/\/arrow-energy.com\/sp\/#website","url":"https:\/\/arrow-energy.com\/sp\/","name":"https:\/\/arrow-energy.com\/sp","description":"&quot;Arrow Energy es un actor destacado en las renovaciones del sector energ\u00e9tico. Altamente competente en la ingenier\u00eda y construcci\u00f3n de equipos de control de la contaminaci\u00f3n.&quot;","publisher":{"@id":"https:\/\/arrow-energy.com\/sp\/#organization"},"alternateName":"https:\/\/arrow-energy.com\/sp","potentialAction":[{"@type":"SearchAction","target":{"@type":"EntryPoint","urlTemplate":"https:\/\/arrow-energy.com\/sp\/?s={search_term_string}"},"query-input":{"@type":"PropertyValueSpecification","valueRequired":true,"valueName":"search_term_string"}}],"inLanguage":"en-US"},{"@type":"Organization","@id":"https:\/\/arrow-energy.com\/sp\/#organization","name":"Arrow Energy Co., Ltd.","alternateName":"Arrow Enrgy","url":"https:\/\/arrow-energy.com\/sp\/","logo":{"@type":"ImageObject","inLanguage":"en-US","@id":"https:\/\/arrow-energy.com\/sp\/#\/schema\/logo\/image\/","url":"https:\/\/arrow-energy.com\/sp\/wp-content\/uploads\/2024\/07\/Arrow-Logo-3.png","contentUrl":"https:\/\/arrow-energy.com\/sp\/wp-content\/uploads\/2024\/07\/Arrow-Logo-3.png","width":376,"height":170,"caption":"Arrow Energy Co., Ltd."},"image":{"@id":"https:\/\/arrow-energy.com\/sp\/#\/schema\/logo\/image\/"},"sameAs":["https:\/\/www.facebook.com\/Arrowenergy.thailand","https:\/\/www.instagram.com\/arrowenergy.thailand\/?hl=th","https:\/\/www.linkedin.com\/company\/arrowenergy\/","https:\/\/www.youtube.com\/channel\/UCV0ZxGWibSEttNCQawue0vw"]}]}},"_links":{"self":[{"href":"https:\/\/arrow-energy.com\/sp\/wp-json\/wp\/v2\/pages\/4394","targetHints":{"allow":["GET"]}}],"collection":[{"href":"https:\/\/arrow-energy.com\/sp\/wp-json\/wp\/v2\/pages"}],"about":[{"href":"https:\/\/arrow-energy.com\/sp\/wp-json\/wp\/v2\/types\/page"}],"author":[{"embeddable":true,"href":"https:\/\/arrow-energy.com\/sp\/wp-json\/wp\/v2\/users\/1"}],"replies":[{"embeddable":true,"href":"https:\/\/arrow-energy.com\/sp\/wp-json\/wp\/v2\/comments?post=4394"}],"version-history":[{"count":48,"href":"https:\/\/arrow-energy.com\/sp\/wp-json\/wp\/v2\/pages\/4394\/revisions"}],"predecessor-version":[{"id":13761,"href":"https:\/\/arrow-energy.com\/sp\/wp-json\/wp\/v2\/pages\/4394\/revisions\/13761"}],"wp:featuredmedia":[{"embeddable":true,"href":"https:\/\/arrow-energy.com\/sp\/wp-json\/wp\/v2\/media\/4470"}],"wp:attachment":[{"href":"https:\/\/arrow-energy.com\/sp\/wp-json\/wp\/v2\/media?parent=4394"}],"curies":[{"name":"wp","href":"https:\/\/api.w.org\/{rel}","templated":true}]}}