{"id":4396,"date":"2024-07-13T06:07:31","date_gmt":"2024-07-13T06:07:31","guid":{"rendered":"https:\/\/sp.arrow-energy.com\/?page_id=4396"},"modified":"2025-02-04T11:53:05","modified_gmt":"2025-02-04T11:53:05","slug":"boiler-manufacturers-in-thailand","status":"publish","type":"page","link":"https:\/\/arrow-energy.com\/sp\/boiler-manufacturers-in-thailand\/","title":{"rendered":"Partes a Presi\u00f3n de la Calderas"},"content":{"rendered":"\t\t<div data-elementor-type=\"wp-page\" data-elementor-id=\"4396\" class=\"elementor elementor-4396\" data-elementor-post-type=\"page\">\n\t\t\t\t<div class=\"elementor-element elementor-element-c6dedfe e-flex e-con-boxed e-con e-parent\" data-id=\"c6dedfe\" data-element_type=\"container\" data-e-type=\"container\">\n\t\t\t\t\t<div class=\"e-con-inner\">\n\t\t\t\t<div class=\"elementor-element elementor-element-7e33d24 elementor-widget elementor-widget-heading\" data-id=\"7e33d24\" data-element_type=\"widget\" data-e-type=\"widget\" data-widget_type=\"heading.default\">\n\t\t\t\t<div class=\"elementor-widget-container\">\n\t\t\t\t\t<h2 class=\"elementor-heading-title elementor-size-default\">Ingenier\u00eda de Precisi\u00f3n para Partes a Presi\u00f3n de la Calderas<\/h2>\t\t\t\t<\/div>\n\t\t\t\t<\/div>\n\t\t\t\t<div class=\"elementor-element elementor-element-c4f54f6 elementor-widget elementor-widget-text-editor\" data-id=\"c4f54f6\" data-element_type=\"widget\" data-e-type=\"widget\" data-widget_type=\"text-editor.default\">\n\t\t\t\t<div class=\"elementor-widget-container\">\n\t\t\t\t\t\t\t\t\t<span style=\"font-weight: 400;\">En <\/span><b>Arrow Energy<\/b><span style=\"font-weight: 400;\">, nos especializamos en ofrecer partes a presi\u00f3n de calderas de alta calidad que aseguran un rendimiento, durabilidad y eficiencia \u00f3ptimos para sus sistemas de calderas. Dise\u00f1adas con precisi\u00f3n y fabricadas con materiales premium, nuestras partes a presi\u00f3n\u2014incluyendo <\/span>\n\n<a style=\"color: black;\" href=\"https:\/\/sp.arrow-energy.com\/economizer\/\"><b>economizadores<\/b><\/a>,\n\n<a style=\"color: black;\" href=\"https:\/\/sp.arrow-energy.com\/super-heater\/\"><b>sobrecargadores<\/b><\/a>, y\n\n<a style=\"color: black;\" href=\"https:\/\/sp.arrow-energy.com\/water-wall\/\"><b>muros de agua<\/b><\/a>\u2014est\u00e1n dise\u00f1adas para cumplir con las exigencias de las aplicaciones industriales modernas. Conf\u00ede en Arrow Energy para soluciones innovadoras que mejoren la fiabilidad de la caldera, minimicen el tiempo de inactividad y promuevan operaciones sostenibles.\t\t\t\t\t\t\t\t<\/div>\n\t\t\t\t<\/div>\n\t\t\t\t<div class=\"elementor-element elementor-element-8405b75 elementor-arrows-position-inside elementor-pagination-position-outside elementor-widget elementor-widget-image-carousel\" data-id=\"8405b75\" data-element_type=\"widget\" data-e-type=\"widget\" data-settings=\"{&quot;slides_to_show&quot;:&quot;2&quot;,&quot;navigation&quot;:&quot;both&quot;,&quot;autoplay&quot;:&quot;yes&quot;,&quot;pause_on_hover&quot;:&quot;yes&quot;,&quot;pause_on_interaction&quot;:&quot;yes&quot;,&quot;autoplay_speed&quot;:5000,&quot;infinite&quot;:&quot;yes&quot;,&quot;speed&quot;:500}\" data-widget_type=\"image-carousel.default\">\n\t\t\t\t<div class=\"elementor-widget-container\">\n\t\t\t\t\t\t\t<div class=\"elementor-image-carousel-wrapper swiper\" role=\"region\" aria-roledescription=\"carousel\" aria-label=\"Image Carousel\" dir=\"ltr\">\n\t\t\t<div class=\"elementor-image-carousel swiper-wrapper\" aria-live=\"off\">\n\t\t\t\t\t\t\t\t<div class=\"swiper-slide\" role=\"group\" aria-roledescription=\"slide\" aria-label=\"1 of 3\"><figure class=\"swiper-slide-inner\"><img decoding=\"async\" class=\"swiper-slide-image\" src=\"https:\/\/arrow-energy.com\/sp\/wp-content\/uploads\/2025\/01\/ArrowEnergy_Superheater.png\" alt=\"ArrowEnergy_Superheater\" \/><\/figure><\/div><div class=\"swiper-slide\" role=\"group\" aria-roledescription=\"slide\" aria-label=\"2 of 3\"><figure class=\"swiper-slide-inner\"><img decoding=\"async\" class=\"swiper-slide-image\" src=\"https:\/\/arrow-energy.com\/sp\/wp-content\/uploads\/2025\/01\/ArrowEnergy_Economizer_1.png\" alt=\"ArrowEnergy_Economizer_1\" \/><\/figure><\/div><div class=\"swiper-slide\" role=\"group\" aria-roledescription=\"slide\" aria-label=\"3 of 3\"><figure class=\"swiper-slide-inner\"><img decoding=\"async\" class=\"swiper-slide-image\" src=\"https:\/\/arrow-energy.com\/sp\/wp-content\/uploads\/2025\/01\/ArrowEnergy_Water-Wall-1.png\" alt=\"ArrowEnergy_Water Wall\" \/><\/figure><\/div>\t\t\t<\/div>\n\t\t\t\t\t\t\t\t\t\t\t\t<div class=\"elementor-swiper-button elementor-swiper-button-prev\" role=\"button\" tabindex=\"0\">\n\t\t\t\t\t\t<svg aria-hidden=\"true\" class=\"e-font-icon-svg e-eicon-chevron-left\" viewBox=\"0 0 1000 1000\" xmlns=\"http:\/\/www.w3.org\/2000\/svg\"><path d=\"M646 125C629 125 613 133 604 142L308 442C296 454 292 471 292 487 292 504 296 521 308 533L604 854C617 867 629 875 646 875 663 875 679 871 692 858 704 846 713 829 713 812 713 796 708 779 692 767L438 487 692 225C700 217 708 204 708 187 708 171 704 154 692 142 675 129 663 125 646 125Z\"><\/path><\/svg>\t\t\t\t\t<\/div>\n\t\t\t\t\t<div class=\"elementor-swiper-button elementor-swiper-button-next\" role=\"button\" tabindex=\"0\">\n\t\t\t\t\t\t<svg aria-hidden=\"true\" class=\"e-font-icon-svg e-eicon-chevron-right\" viewBox=\"0 0 1000 1000\" xmlns=\"http:\/\/www.w3.org\/2000\/svg\"><path d=\"M696 533C708 521 713 504 713 487 713 471 708 454 696 446L400 146C388 133 375 125 354 125 338 125 325 129 313 142 300 154 292 171 292 187 292 204 296 221 308 233L563 492 304 771C292 783 288 800 288 817 288 833 296 850 308 863 321 871 338 875 354 875 371 875 388 867 400 854L696 533Z\"><\/path><\/svg>\t\t\t\t\t<\/div>\n\t\t\t\t\n\t\t\t\t\t\t\t\t\t<div class=\"swiper-pagination\"><\/div>\n\t\t\t\t\t\t\t\t\t<\/div>\n\t\t\t\t\t\t<\/div>\n\t\t\t\t<\/div>\n\t\t\t\t\t<\/div>\n\t\t\t\t<\/div>\n\t\t\t\t<\/div>\n\t\t","protected":false},"excerpt":{"rendered":"<p>Ingenier\u00eda de Precisi\u00f3n para Partes a Presi\u00f3n de la Calderas En Arrow Energy, nos especializamos en ofrecer partes a presi\u00f3n de calderas de alta calidad que aseguran un rendimiento, durabilidad y eficiencia \u00f3ptimos para sus sistemas de calderas. Dise\u00f1adas con precisi\u00f3n y fabricadas con materiales premium, nuestras partes a presi\u00f3n\u2014incluyendo economizadores, sobrecargadores, y muros de &hellip; <a href=\"https:\/\/arrow-energy.com\/sp\/boiler-manufacturers-in-thailand\/\" class=\"more-link\">Continue reading <span class=\"screen-reader-text\">Partes a Presi\u00f3n de la Calderas<\/span><\/a><\/p>\n","protected":false},"author":1,"featured_media":0,"parent":0,"menu_order":0,"comment_status":"closed","ping_status":"closed","template":"","meta":{"nf_dc_page":"","_monsterinsights_skip_tracking":false,"_monsterinsights_sitenote_active":false,"_monsterinsights_sitenote_note":"","_monsterinsights_sitenote_category":0,"footnotes":""},"class_list":["post-4396","page","type-page","status-publish","hentry"],"yoast_head":"<!-- This site is optimized with the Yoast SEO Premium plugin v25.6 (Yoast SEO v27.4) - https:\/\/yoast.com\/product\/yoast-seo-premium-wordpress\/ -->\n<title>Boiler manufacturers in Thailand | Suppliers, Sellers, Exporter<\/title>\n<meta name=\"description\" content=\"Discover Top Boiler manufacturers in Thailand, offering high-quality, efficient, and reliable industrial boilers tailored to meet your needs.\" \/>\n<meta name=\"robots\" content=\"index, follow, max-snippet:-1, max-image-preview:large, max-video-preview:-1\" \/>\n<link rel=\"canonical\" href=\"https:\/\/arrow-energy.com\/sp\/boiler-manufacturers-in-thailand\/\" \/>\n<meta property=\"og:locale\" content=\"en_US\" \/>\n<meta property=\"og:type\" content=\"article\" \/>\n<meta property=\"og:title\" content=\"Partes a Presi\u00f3n de la Calderas\" \/>\n<meta property=\"og:description\" content=\"Discover Top Boiler manufacturers in Thailand, offering high-quality, efficient, and reliable industrial boilers tailored to meet your needs.\" \/>\n<meta property=\"og:url\" content=\"https:\/\/arrow-energy.com\/sp\/boiler-manufacturers-in-thailand\/\" \/>\n<meta property=\"og:site_name\" content=\"Arrow Energy\" \/>\n<meta property=\"article:publisher\" content=\"https:\/\/www.facebook.com\/Arrowenergy.thailand\" \/>\n<meta property=\"article:modified_time\" content=\"2025-02-04T11:53:05+00:00\" \/>\n<meta property=\"og:image\" content=\"https:\/\/sp.arrow-energy.com\/wp-content\/uploads\/2025\/01\/ArrowEnergy_Superheater.png\" \/>\n<meta name=\"twitter:card\" content=\"summary_large_image\" \/>\n<meta name=\"twitter:label1\" content=\"Est. reading time\" \/>\n\t<meta name=\"twitter:data1\" content=\"2 minutes\" \/>\n<script type=\"application\/ld+json\" class=\"yoast-schema-graph\">{\"@context\":\"https:\\\/\\\/schema.org\",\"@graph\":[{\"@type\":\"WebPage\",\"@id\":\"https:\\\/\\\/arrow-energy.com\\\/sp\\\/boiler-manufacturers-in-thailand\\\/\",\"url\":\"https:\\\/\\\/arrow-energy.com\\\/sp\\\/boiler-manufacturers-in-thailand\\\/\",\"name\":\"Boiler manufacturers in Thailand | Suppliers, Sellers, Exporter\",\"isPartOf\":{\"@id\":\"https:\\\/\\\/arrow-energy.com\\\/sp\\\/#website\"},\"primaryImageOfPage\":{\"@id\":\"https:\\\/\\\/arrow-energy.com\\\/sp\\\/boiler-manufacturers-in-thailand\\\/#primaryimage\"},\"image\":{\"@id\":\"https:\\\/\\\/arrow-energy.com\\\/sp\\\/boiler-manufacturers-in-thailand\\\/#primaryimage\"},\"thumbnailUrl\":\"https:\\\/\\\/sp.arrow-energy.com\\\/wp-content\\\/uploads\\\/2025\\\/01\\\/ArrowEnergy_Superheater.png\",\"datePublished\":\"2024-07-13T06:07:31+00:00\",\"dateModified\":\"2025-02-04T11:53:05+00:00\",\"description\":\"Discover Top Boiler manufacturers in Thailand, offering high-quality, efficient, and reliable industrial boilers tailored to meet your needs.\",\"breadcrumb\":{\"@id\":\"https:\\\/\\\/arrow-energy.com\\\/sp\\\/boiler-manufacturers-in-thailand\\\/#breadcrumb\"},\"inLanguage\":\"en-US\",\"potentialAction\":[{\"@type\":\"ReadAction\",\"target\":[\"https:\\\/\\\/arrow-energy.com\\\/sp\\\/boiler-manufacturers-in-thailand\\\/\"]}]},{\"@type\":\"ImageObject\",\"inLanguage\":\"en-US\",\"@id\":\"https:\\\/\\\/arrow-energy.com\\\/sp\\\/boiler-manufacturers-in-thailand\\\/#primaryimage\",\"url\":\"https:\\\/\\\/sp.arrow-energy.com\\\/wp-content\\\/uploads\\\/2025\\\/01\\\/ArrowEnergy_Superheater.png\",\"contentUrl\":\"https:\\\/\\\/sp.arrow-energy.com\\\/wp-content\\\/uploads\\\/2025\\\/01\\\/ArrowEnergy_Superheater.png\"},{\"@type\":\"BreadcrumbList\",\"@id\":\"https:\\\/\\\/arrow-energy.com\\\/sp\\\/boiler-manufacturers-in-thailand\\\/#breadcrumb\",\"itemListElement\":[{\"@type\":\"ListItem\",\"position\":1,\"name\":\"Home\",\"item\":\"https:\\\/\\\/arrow-energy.com\\\/sp\\\/\"},{\"@type\":\"ListItem\",\"position\":2,\"name\":\"Partes a Presi\u00f3n de la Calderas\"}]},{\"@type\":\"WebSite\",\"@id\":\"https:\\\/\\\/arrow-energy.com\\\/sp\\\/#website\",\"url\":\"https:\\\/\\\/arrow-energy.com\\\/sp\\\/\",\"name\":\"https:\\\/\\\/arrow-energy.com\\\/sp\",\"description\":\"&quot;Arrow Energy es un actor destacado en las renovaciones del sector energ\u00e9tico. Altamente competente en la ingenier\u00eda y construcci\u00f3n de equipos de control de la contaminaci\u00f3n.&quot;\",\"publisher\":{\"@id\":\"https:\\\/\\\/arrow-energy.com\\\/sp\\\/#organization\"},\"alternateName\":\"https:\\\/\\\/arrow-energy.com\\\/sp\",\"potentialAction\":[{\"@type\":\"SearchAction\",\"target\":{\"@type\":\"EntryPoint\",\"urlTemplate\":\"https:\\\/\\\/arrow-energy.com\\\/sp\\\/?s={search_term_string}\"},\"query-input\":{\"@type\":\"PropertyValueSpecification\",\"valueRequired\":true,\"valueName\":\"search_term_string\"}}],\"inLanguage\":\"en-US\"},{\"@type\":\"Organization\",\"@id\":\"https:\\\/\\\/arrow-energy.com\\\/sp\\\/#organization\",\"name\":\"Arrow Energy Co., Ltd.\",\"alternateName\":\"Arrow Enrgy\",\"url\":\"https:\\\/\\\/arrow-energy.com\\\/sp\\\/\",\"logo\":{\"@type\":\"ImageObject\",\"inLanguage\":\"en-US\",\"@id\":\"https:\\\/\\\/arrow-energy.com\\\/sp\\\/#\\\/schema\\\/logo\\\/image\\\/\",\"url\":\"https:\\\/\\\/arrow-energy.com\\\/sp\\\/wp-content\\\/uploads\\\/2024\\\/07\\\/Arrow-Logo-3.png\",\"contentUrl\":\"https:\\\/\\\/arrow-energy.com\\\/sp\\\/wp-content\\\/uploads\\\/2024\\\/07\\\/Arrow-Logo-3.png\",\"width\":376,\"height\":170,\"caption\":\"Arrow Energy Co., Ltd.\"},\"image\":{\"@id\":\"https:\\\/\\\/arrow-energy.com\\\/sp\\\/#\\\/schema\\\/logo\\\/image\\\/\"},\"sameAs\":[\"https:\\\/\\\/www.facebook.com\\\/Arrowenergy.thailand\",\"https:\\\/\\\/www.instagram.com\\\/arrowenergy.thailand\\\/?hl=th\",\"https:\\\/\\\/www.linkedin.com\\\/company\\\/arrowenergy\\\/\",\"https:\\\/\\\/www.youtube.com\\\/channel\\\/UCV0ZxGWibSEttNCQawue0vw\"]}]}<\/script>\n<!-- \/ Yoast SEO Premium plugin. -->","yoast_head_json":{"title":"Boiler manufacturers in Thailand | Suppliers, Sellers, Exporter","description":"Discover Top Boiler manufacturers in Thailand, offering high-quality, efficient, and reliable industrial boilers tailored to meet your needs.","robots":{"index":"index","follow":"follow","max-snippet":"max-snippet:-1","max-image-preview":"max-image-preview:large","max-video-preview":"max-video-preview:-1"},"canonical":"https:\/\/arrow-energy.com\/sp\/boiler-manufacturers-in-thailand\/","og_locale":"en_US","og_type":"article","og_title":"Partes a Presi\u00f3n de la Calderas","og_description":"Discover Top Boiler manufacturers in Thailand, offering high-quality, efficient, and reliable industrial boilers tailored to meet your needs.","og_url":"https:\/\/arrow-energy.com\/sp\/boiler-manufacturers-in-thailand\/","og_site_name":"Arrow Energy","article_publisher":"https:\/\/www.facebook.com\/Arrowenergy.thailand","article_modified_time":"2025-02-04T11:53:05+00:00","og_image":[{"url":"https:\/\/sp.arrow-energy.com\/wp-content\/uploads\/2025\/01\/ArrowEnergy_Superheater.png","type":"","width":"","height":""}],"twitter_card":"summary_large_image","twitter_misc":{"Est. reading time":"2 minutes"},"schema":{"@context":"https:\/\/schema.org","@graph":[{"@type":"WebPage","@id":"https:\/\/arrow-energy.com\/sp\/boiler-manufacturers-in-thailand\/","url":"https:\/\/arrow-energy.com\/sp\/boiler-manufacturers-in-thailand\/","name":"Boiler manufacturers in Thailand | Suppliers, Sellers, Exporter","isPartOf":{"@id":"https:\/\/arrow-energy.com\/sp\/#website"},"primaryImageOfPage":{"@id":"https:\/\/arrow-energy.com\/sp\/boiler-manufacturers-in-thailand\/#primaryimage"},"image":{"@id":"https:\/\/arrow-energy.com\/sp\/boiler-manufacturers-in-thailand\/#primaryimage"},"thumbnailUrl":"https:\/\/sp.arrow-energy.com\/wp-content\/uploads\/2025\/01\/ArrowEnergy_Superheater.png","datePublished":"2024-07-13T06:07:31+00:00","dateModified":"2025-02-04T11:53:05+00:00","description":"Discover Top Boiler manufacturers in Thailand, offering high-quality, efficient, and reliable industrial boilers tailored to meet your needs.","breadcrumb":{"@id":"https:\/\/arrow-energy.com\/sp\/boiler-manufacturers-in-thailand\/#breadcrumb"},"inLanguage":"en-US","potentialAction":[{"@type":"ReadAction","target":["https:\/\/arrow-energy.com\/sp\/boiler-manufacturers-in-thailand\/"]}]},{"@type":"ImageObject","inLanguage":"en-US","@id":"https:\/\/arrow-energy.com\/sp\/boiler-manufacturers-in-thailand\/#primaryimage","url":"https:\/\/sp.arrow-energy.com\/wp-content\/uploads\/2025\/01\/ArrowEnergy_Superheater.png","contentUrl":"https:\/\/sp.arrow-energy.com\/wp-content\/uploads\/2025\/01\/ArrowEnergy_Superheater.png"},{"@type":"BreadcrumbList","@id":"https:\/\/arrow-energy.com\/sp\/boiler-manufacturers-in-thailand\/#breadcrumb","itemListElement":[{"@type":"ListItem","position":1,"name":"Home","item":"https:\/\/arrow-energy.com\/sp\/"},{"@type":"ListItem","position":2,"name":"Partes a Presi\u00f3n de la Calderas"}]},{"@type":"WebSite","@id":"https:\/\/arrow-energy.com\/sp\/#website","url":"https:\/\/arrow-energy.com\/sp\/","name":"https:\/\/arrow-energy.com\/sp","description":"&quot;Arrow Energy es un actor destacado en las renovaciones del sector energ\u00e9tico. Altamente competente en la ingenier\u00eda y construcci\u00f3n de equipos de control de la contaminaci\u00f3n.&quot;","publisher":{"@id":"https:\/\/arrow-energy.com\/sp\/#organization"},"alternateName":"https:\/\/arrow-energy.com\/sp","potentialAction":[{"@type":"SearchAction","target":{"@type":"EntryPoint","urlTemplate":"https:\/\/arrow-energy.com\/sp\/?s={search_term_string}"},"query-input":{"@type":"PropertyValueSpecification","valueRequired":true,"valueName":"search_term_string"}}],"inLanguage":"en-US"},{"@type":"Organization","@id":"https:\/\/arrow-energy.com\/sp\/#organization","name":"Arrow Energy Co., Ltd.","alternateName":"Arrow Enrgy","url":"https:\/\/arrow-energy.com\/sp\/","logo":{"@type":"ImageObject","inLanguage":"en-US","@id":"https:\/\/arrow-energy.com\/sp\/#\/schema\/logo\/image\/","url":"https:\/\/arrow-energy.com\/sp\/wp-content\/uploads\/2024\/07\/Arrow-Logo-3.png","contentUrl":"https:\/\/arrow-energy.com\/sp\/wp-content\/uploads\/2024\/07\/Arrow-Logo-3.png","width":376,"height":170,"caption":"Arrow Energy Co., Ltd."},"image":{"@id":"https:\/\/arrow-energy.com\/sp\/#\/schema\/logo\/image\/"},"sameAs":["https:\/\/www.facebook.com\/Arrowenergy.thailand","https:\/\/www.instagram.com\/arrowenergy.thailand\/?hl=th","https:\/\/www.linkedin.com\/company\/arrowenergy\/","https:\/\/www.youtube.com\/channel\/UCV0ZxGWibSEttNCQawue0vw"]}]}},"_links":{"self":[{"href":"https:\/\/arrow-energy.com\/sp\/wp-json\/wp\/v2\/pages\/4396","targetHints":{"allow":["GET"]}}],"collection":[{"href":"https:\/\/arrow-energy.com\/sp\/wp-json\/wp\/v2\/pages"}],"about":[{"href":"https:\/\/arrow-energy.com\/sp\/wp-json\/wp\/v2\/types\/page"}],"author":[{"embeddable":true,"href":"https:\/\/arrow-energy.com\/sp\/wp-json\/wp\/v2\/users\/1"}],"replies":[{"embeddable":true,"href":"https:\/\/arrow-energy.com\/sp\/wp-json\/wp\/v2\/comments?post=4396"}],"version-history":[{"count":14,"href":"https:\/\/arrow-energy.com\/sp\/wp-json\/wp\/v2\/pages\/4396\/revisions"}],"predecessor-version":[{"id":13011,"href":"https:\/\/arrow-energy.com\/sp\/wp-json\/wp\/v2\/pages\/4396\/revisions\/13011"}],"wp:attachment":[{"href":"https:\/\/arrow-energy.com\/sp\/wp-json\/wp\/v2\/media?parent=4396"}],"curies":[{"name":"wp","href":"https:\/\/api.w.org\/{rel}","templated":true}]}}