{"id":4411,"date":"2024-07-13T06:20:19","date_gmt":"2024-07-13T06:20:19","guid":{"rendered":"https:\/\/sp.arrow-energy.com\/?page_id=4411"},"modified":"2025-02-04T12:43:02","modified_gmt":"2025-02-04T12:43:02","slug":"electrostatic-precipitator-esp","status":"publish","type":"page","link":"https:\/\/arrow-energy.com\/sp\/electrostatic-precipitator-esp\/","title":{"rendered":"Precipitador electrost\u00e1tico (ESP)"},"content":{"rendered":"\t\t<div data-elementor-type=\"wp-page\" data-elementor-id=\"4411\" class=\"elementor elementor-4411\" data-elementor-post-type=\"page\">\n\t\t\t\t<div class=\"elementor-element elementor-element-d162a58 e-flex e-con-boxed e-con e-parent\" data-id=\"d162a58\" data-element_type=\"container\" data-e-type=\"container\">\n\t\t\t\t\t<div class=\"e-con-inner\">\n\t\t\t\t<div class=\"elementor-element elementor-element-15f4cfc elementor-widget elementor-widget-heading\" data-id=\"15f4cfc\" data-element_type=\"widget\" data-e-type=\"widget\" data-widget_type=\"heading.default\">\n\t\t\t\t<div class=\"elementor-widget-container\">\n\t\t\t\t\t<h2 class=\"elementor-heading-title elementor-size-default\">Precipitador Electrost\u00e1tico (ESP): Soluciones Avanzadas de Captaci\u00f3n de Polvo<\/h2>\t\t\t\t<\/div>\n\t\t\t\t<\/div>\n\t\t\t\t\t<\/div>\n\t\t\t\t<\/div>\n\t\t<div class=\"elementor-element elementor-element-0008075 e-flex e-con-boxed e-con e-parent\" data-id=\"0008075\" data-element_type=\"container\" data-e-type=\"container\">\n\t\t\t\t\t<div class=\"e-con-inner\">\n\t\t\t\t<div class=\"elementor-element elementor-element-128cc58 elementor-widget elementor-widget-shortcode\" data-id=\"128cc58\" data-element_type=\"widget\" data-e-type=\"widget\" data-widget_type=\"shortcode.default\">\n\t\t\t\t<div class=\"elementor-widget-container\">\n\t\t\t\t\t\t\t<div class=\"elementor-shortcode\"><iframe width=\"560\" height=\"415\" src=\"https:\/\/www.youtube.com\/embed\/Yrip-DST1A8?si=CnSI5eyP4O0WGzpk\" title=\"YouTube video player\" frameborder=\"0\" allow=\"accelerometer; autoplay; clipboard-write; encrypted-media; gyroscope; picture-in-picture; web-share\" referrerpolicy=\"strict-origin-when-cross-origin\" allowfullscreen><\/iframe><\/div>\n\t\t\t\t\t\t<\/div>\n\t\t\t\t<\/div>\n\t\t<div class=\"elementor-element elementor-element-50b9203 e-con-full e-flex e-con e-child\" data-id=\"50b9203\" data-element_type=\"container\" data-e-type=\"container\">\n\t\t\t\t<div class=\"elementor-element elementor-element-93147fb elementor-widget elementor-widget-text-editor\" data-id=\"93147fb\" data-element_type=\"widget\" data-e-type=\"widget\" data-widget_type=\"text-editor.default\">\n\t\t\t\t<div class=\"elementor-widget-container\">\n\t\t\t\t\t\t\t\t\t<b>Precipitador Electrost\u00e1tico (ESP)<\/b>\n\nLos sistemas de precipitadores electrost\u00e1ticos (ESP) est\u00e1n dise\u00f1ados para eliminar de manera eficiente el material particulado de los gases de escape industriales, garantizando el cumplimiento de las normativas ambientales y optimizando el rendimiento de la planta. Dise\u00f1ados con precisi\u00f3n y confiabilidad, nuestros ESP representan tecnolog\u00eda de vanguardia en el control de la contaminaci\u00f3n del aire.\n\n<h5><b>C\u00f3mo funcionan los precipitadores electrost\u00e1ticos<\/b><\/h5>\nLos precipitadores electrost\u00e1ticos operan bajo el principio de la <b>atracci\u00f3n electrost\u00e1tica<\/b>:\n\n<ol> <li><b>Carga de part\u00edculas<\/b>: Las part\u00edculas de polvo en los gases de combusti\u00f3n caliente son cargadas mediante un electrodo de descarga de alto voltaje.<\/li> <li><b>Recolecci\u00f3n de part\u00edculas<\/b>: Las part\u00edculas cargadas son atra\u00eddas hacia <b>placas de recolecci\u00f3n<\/b> con carga opuesta, donde se adhieren.<\/li> <li><b>Eliminaci\u00f3n del polvo<\/b>: Las part\u00edculas acumuladas se desprenden y se recogen en tolvas mediante <b>sistemas de golpeo<\/b> dise\u00f1ados con precisi\u00f3n.<\/li> <\/ol> <h5>Componentes clave del ESP:<\/h5> <ol> <li><a href=\"https:\/\/sp.arrow-energy.com\/collecting-plate-discharge-electrode\/\">Placa de recolecci\u00f3n (electrodo de recolecci\u00f3n)<\/a><\/li> <li><a href=\"https:\/\/sp.arrow-energy.com\/collecting-plate-discharge-electrode\/\">Electrodo de descarga<\/a><\/li> <li><a href=\"https:\/\/sp.arrow-energy.com\/migi-rapper-coil\/\">Sistema de golpeo MIGI<\/a><\/li> <li><a href=\"https:\/\/sp.arrow-energy.com\/gas-distribution-screens-maximizing-efficiency\/\">Pantallas de distribuci\u00f3n de gases<\/a><\/li> <li><a href=\"https:\/\/sp.arrow-energy.com\/materials-and-components\/\">Aisladores y conductores<\/a><\/li> <\/ol>\t\t\t\t\t\t\t\t<\/div>\n\t\t\t\t<\/div>\n\t\t\t\t<\/div>\n\t\t\t\t\t<\/div>\n\t\t\t\t<\/div>\n\t\t<div class=\"elementor-element elementor-element-3d90e5c e-flex e-con-boxed e-con e-parent\" data-id=\"3d90e5c\" data-element_type=\"container\" data-e-type=\"container\">\n\t\t\t\t\t<div class=\"e-con-inner\">\n\t\t<div class=\"elementor-element elementor-element-a4ea572 e-con-full e-flex e-con e-child\" data-id=\"a4ea572\" data-element_type=\"container\" data-e-type=\"container\">\n\t\t\t\t<div class=\"elementor-element elementor-element-1e8291f elementor-widget elementor-widget-image\" data-id=\"1e8291f\" data-element_type=\"widget\" data-e-type=\"widget\" data-widget_type=\"image.default\">\n\t\t\t\t<div class=\"elementor-widget-container\">\n\t\t\t\t\t\t\t\t\t\t\t\t\t\t\t<img fetchpriority=\"high\" decoding=\"async\" width=\"500\" height=\"275\" src=\"https:\/\/arrow-energy.com\/sp\/wp-content\/uploads\/2024\/07\/4.png\" class=\"attachment-large size-large wp-image-6189\" alt=\"\" srcset=\"https:\/\/arrow-energy.com\/sp\/wp-content\/uploads\/2024\/07\/4.png 500w, https:\/\/arrow-energy.com\/sp\/wp-content\/uploads\/2024\/07\/4-300x165.png 300w\" sizes=\"(max-width: 500px) 100vw, 500px\" data-id=\"6189\" \/>\t\t\t\t\t\t\t\t\t\t\t\t\t\t\t<\/div>\n\t\t\t\t<\/div>\n\t\t\t\t<\/div>\n\t\t<div class=\"elementor-element elementor-element-8804682 e-con-full e-flex e-con e-child\" data-id=\"8804682\" data-element_type=\"container\" data-e-type=\"container\">\n\t\t\t\t<div class=\"elementor-element elementor-element-858e5ce elementor-widget elementor-widget-image\" data-id=\"858e5ce\" data-element_type=\"widget\" data-e-type=\"widget\" data-widget_type=\"image.default\">\n\t\t\t\t<div class=\"elementor-widget-container\">\n\t\t\t\t\t\t\t\t\t\t\t\t\t\t\t<img decoding=\"async\" width=\"500\" height=\"375\" src=\"https:\/\/arrow-energy.com\/sp\/wp-content\/uploads\/2024\/07\/IMG_0954.png\" class=\"attachment-large size-large wp-image-6194\" alt=\"\" srcset=\"https:\/\/arrow-energy.com\/sp\/wp-content\/uploads\/2024\/07\/IMG_0954.png 500w, https:\/\/arrow-energy.com\/sp\/wp-content\/uploads\/2024\/07\/IMG_0954-300x225.png 300w\" sizes=\"(max-width: 500px) 100vw, 500px\" data-id=\"6194\" \/>\t\t\t\t\t\t\t\t\t\t\t\t\t\t\t<\/div>\n\t\t\t\t<\/div>\n\t\t\t\t<\/div>\n\t\t\t\t\t<\/div>\n\t\t\t\t<\/div>\n\t\t\t\t<\/div>\n\t\t","protected":false},"excerpt":{"rendered":"<p>Precipitador Electrost\u00e1tico (ESP): Soluciones Avanzadas de Captaci\u00f3n de Polvo Precipitador Electrost\u00e1tico (ESP) Los sistemas de precipitadores electrost\u00e1ticos (ESP) est\u00e1n dise\u00f1ados para eliminar de manera eficiente el material particulado de los gases de escape industriales, garantizando el cumplimiento de las normativas ambientales y optimizando el rendimiento de la planta. Dise\u00f1ados con precisi\u00f3n y confiabilidad, nuestros ESP &hellip; <a href=\"https:\/\/arrow-energy.com\/sp\/electrostatic-precipitator-esp\/\" class=\"more-link\">Continue reading <span class=\"screen-reader-text\">Precipitador electrost\u00e1tico (ESP)<\/span><\/a><\/p>\n","protected":false},"author":1,"featured_media":0,"parent":0,"menu_order":0,"comment_status":"closed","ping_status":"closed","template":"","meta":{"nf_dc_page":"","_monsterinsights_skip_tracking":false,"_monsterinsights_sitenote_active":false,"_monsterinsights_sitenote_note":"","_monsterinsights_sitenote_category":0,"footnotes":""},"class_list":["post-4411","page","type-page","status-publish","hentry"],"yoast_head":"<!-- This site is optimized with the Yoast SEO Premium plugin v25.6 (Yoast SEO v27.4) - https:\/\/yoast.com\/product\/yoast-seo-premium-wordpress\/ -->\n<title>Precipitador electrost\u00e1tico (ESP) - Arrow Energy<\/title>\n<meta name=\"robots\" content=\"index, follow, max-snippet:-1, max-image-preview:large, max-video-preview:-1\" \/>\n<link rel=\"canonical\" href=\"https:\/\/arrow-energy.com\/sp\/electrostatic-precipitator-esp\/\" \/>\n<meta property=\"og:locale\" content=\"en_US\" \/>\n<meta property=\"og:type\" content=\"article\" \/>\n<meta property=\"og:title\" content=\"Precipitador electrost\u00e1tico (ESP)\" \/>\n<meta property=\"og:description\" content=\"Precipitador Electrost\u00e1tico (ESP): Soluciones Avanzadas de Captaci\u00f3n de Polvo Precipitador Electrost\u00e1tico (ESP) Los sistemas de precipitadores electrost\u00e1ticos (ESP) est\u00e1n dise\u00f1ados para eliminar de manera eficiente el material particulado de los gases de escape industriales, garantizando el cumplimiento de las normativas ambientales y optimizando el rendimiento de la planta. Dise\u00f1ados con precisi\u00f3n y confiabilidad, nuestros ESP &hellip; Continue reading Precipitador electrost\u00e1tico (ESP)\" \/>\n<meta property=\"og:url\" content=\"https:\/\/arrow-energy.com\/sp\/electrostatic-precipitator-esp\/\" \/>\n<meta property=\"og:site_name\" content=\"Arrow Energy\" \/>\n<meta property=\"article:publisher\" content=\"https:\/\/www.facebook.com\/Arrowenergy.thailand\" \/>\n<meta property=\"article:modified_time\" content=\"2025-02-04T12:43:02+00:00\" \/>\n<meta property=\"og:image\" content=\"https:\/\/sp.arrow-energy.com\/wp-content\/uploads\/2024\/07\/4.png\" \/>\n<meta name=\"twitter:card\" content=\"summary_large_image\" \/>\n<meta name=\"twitter:label1\" content=\"Est. reading time\" \/>\n\t<meta name=\"twitter:data1\" content=\"2 minutes\" \/>\n<script type=\"application\/ld+json\" class=\"yoast-schema-graph\">{\"@context\":\"https:\\\/\\\/schema.org\",\"@graph\":[{\"@type\":\"WebPage\",\"@id\":\"https:\\\/\\\/arrow-energy.com\\\/sp\\\/electrostatic-precipitator-esp\\\/\",\"url\":\"https:\\\/\\\/arrow-energy.com\\\/sp\\\/electrostatic-precipitator-esp\\\/\",\"name\":\"Precipitador electrost\u00e1tico (ESP) - Arrow Energy\",\"isPartOf\":{\"@id\":\"https:\\\/\\\/arrow-energy.com\\\/sp\\\/#website\"},\"primaryImageOfPage\":{\"@id\":\"https:\\\/\\\/arrow-energy.com\\\/sp\\\/electrostatic-precipitator-esp\\\/#primaryimage\"},\"image\":{\"@id\":\"https:\\\/\\\/arrow-energy.com\\\/sp\\\/electrostatic-precipitator-esp\\\/#primaryimage\"},\"thumbnailUrl\":\"https:\\\/\\\/sp.arrow-energy.com\\\/wp-content\\\/uploads\\\/2024\\\/07\\\/4.png\",\"datePublished\":\"2024-07-13T06:20:19+00:00\",\"dateModified\":\"2025-02-04T12:43:02+00:00\",\"breadcrumb\":{\"@id\":\"https:\\\/\\\/arrow-energy.com\\\/sp\\\/electrostatic-precipitator-esp\\\/#breadcrumb\"},\"inLanguage\":\"en-US\",\"potentialAction\":[{\"@type\":\"ReadAction\",\"target\":[\"https:\\\/\\\/arrow-energy.com\\\/sp\\\/electrostatic-precipitator-esp\\\/\"]}]},{\"@type\":\"ImageObject\",\"inLanguage\":\"en-US\",\"@id\":\"https:\\\/\\\/arrow-energy.com\\\/sp\\\/electrostatic-precipitator-esp\\\/#primaryimage\",\"url\":\"https:\\\/\\\/sp.arrow-energy.com\\\/wp-content\\\/uploads\\\/2024\\\/07\\\/4.png\",\"contentUrl\":\"https:\\\/\\\/sp.arrow-energy.com\\\/wp-content\\\/uploads\\\/2024\\\/07\\\/4.png\"},{\"@type\":\"BreadcrumbList\",\"@id\":\"https:\\\/\\\/arrow-energy.com\\\/sp\\\/electrostatic-precipitator-esp\\\/#breadcrumb\",\"itemListElement\":[{\"@type\":\"ListItem\",\"position\":1,\"name\":\"Home\",\"item\":\"https:\\\/\\\/arrow-energy.com\\\/sp\\\/\"},{\"@type\":\"ListItem\",\"position\":2,\"name\":\"Precipitador electrost\u00e1tico (ESP)\"}]},{\"@type\":\"WebSite\",\"@id\":\"https:\\\/\\\/arrow-energy.com\\\/sp\\\/#website\",\"url\":\"https:\\\/\\\/arrow-energy.com\\\/sp\\\/\",\"name\":\"https:\\\/\\\/arrow-energy.com\\\/sp\",\"description\":\"&quot;Arrow Energy es un actor destacado en las renovaciones del sector energ\u00e9tico. Altamente competente en la ingenier\u00eda y construcci\u00f3n de equipos de control de la contaminaci\u00f3n.&quot;\",\"publisher\":{\"@id\":\"https:\\\/\\\/arrow-energy.com\\\/sp\\\/#organization\"},\"alternateName\":\"https:\\\/\\\/arrow-energy.com\\\/sp\",\"potentialAction\":[{\"@type\":\"SearchAction\",\"target\":{\"@type\":\"EntryPoint\",\"urlTemplate\":\"https:\\\/\\\/arrow-energy.com\\\/sp\\\/?s={search_term_string}\"},\"query-input\":{\"@type\":\"PropertyValueSpecification\",\"valueRequired\":true,\"valueName\":\"search_term_string\"}}],\"inLanguage\":\"en-US\"},{\"@type\":\"Organization\",\"@id\":\"https:\\\/\\\/arrow-energy.com\\\/sp\\\/#organization\",\"name\":\"Arrow Energy Co., Ltd.\",\"alternateName\":\"Arrow Enrgy\",\"url\":\"https:\\\/\\\/arrow-energy.com\\\/sp\\\/\",\"logo\":{\"@type\":\"ImageObject\",\"inLanguage\":\"en-US\",\"@id\":\"https:\\\/\\\/arrow-energy.com\\\/sp\\\/#\\\/schema\\\/logo\\\/image\\\/\",\"url\":\"https:\\\/\\\/arrow-energy.com\\\/sp\\\/wp-content\\\/uploads\\\/2024\\\/07\\\/Arrow-Logo-3.png\",\"contentUrl\":\"https:\\\/\\\/arrow-energy.com\\\/sp\\\/wp-content\\\/uploads\\\/2024\\\/07\\\/Arrow-Logo-3.png\",\"width\":376,\"height\":170,\"caption\":\"Arrow Energy Co., Ltd.\"},\"image\":{\"@id\":\"https:\\\/\\\/arrow-energy.com\\\/sp\\\/#\\\/schema\\\/logo\\\/image\\\/\"},\"sameAs\":[\"https:\\\/\\\/www.facebook.com\\\/Arrowenergy.thailand\",\"https:\\\/\\\/www.instagram.com\\\/arrowenergy.thailand\\\/?hl=th\",\"https:\\\/\\\/www.linkedin.com\\\/company\\\/arrowenergy\\\/\",\"https:\\\/\\\/www.youtube.com\\\/channel\\\/UCV0ZxGWibSEttNCQawue0vw\"]}]}<\/script>\n<!-- \/ Yoast SEO Premium plugin. -->","yoast_head_json":{"title":"Precipitador electrost\u00e1tico (ESP) - Arrow Energy","robots":{"index":"index","follow":"follow","max-snippet":"max-snippet:-1","max-image-preview":"max-image-preview:large","max-video-preview":"max-video-preview:-1"},"canonical":"https:\/\/arrow-energy.com\/sp\/electrostatic-precipitator-esp\/","og_locale":"en_US","og_type":"article","og_title":"Precipitador electrost\u00e1tico (ESP)","og_description":"Precipitador Electrost\u00e1tico (ESP): Soluciones Avanzadas de Captaci\u00f3n de Polvo Precipitador Electrost\u00e1tico (ESP) Los sistemas de precipitadores electrost\u00e1ticos (ESP) est\u00e1n dise\u00f1ados para eliminar de manera eficiente el material particulado de los gases de escape industriales, garantizando el cumplimiento de las normativas ambientales y optimizando el rendimiento de la planta. Dise\u00f1ados con precisi\u00f3n y confiabilidad, nuestros ESP &hellip; Continue reading Precipitador electrost\u00e1tico (ESP)","og_url":"https:\/\/arrow-energy.com\/sp\/electrostatic-precipitator-esp\/","og_site_name":"Arrow Energy","article_publisher":"https:\/\/www.facebook.com\/Arrowenergy.thailand","article_modified_time":"2025-02-04T12:43:02+00:00","og_image":[{"url":"https:\/\/sp.arrow-energy.com\/wp-content\/uploads\/2024\/07\/4.png","type":"","width":"","height":""}],"twitter_card":"summary_large_image","twitter_misc":{"Est. reading time":"2 minutes"},"schema":{"@context":"https:\/\/schema.org","@graph":[{"@type":"WebPage","@id":"https:\/\/arrow-energy.com\/sp\/electrostatic-precipitator-esp\/","url":"https:\/\/arrow-energy.com\/sp\/electrostatic-precipitator-esp\/","name":"Precipitador electrost\u00e1tico (ESP) - Arrow Energy","isPartOf":{"@id":"https:\/\/arrow-energy.com\/sp\/#website"},"primaryImageOfPage":{"@id":"https:\/\/arrow-energy.com\/sp\/electrostatic-precipitator-esp\/#primaryimage"},"image":{"@id":"https:\/\/arrow-energy.com\/sp\/electrostatic-precipitator-esp\/#primaryimage"},"thumbnailUrl":"https:\/\/sp.arrow-energy.com\/wp-content\/uploads\/2024\/07\/4.png","datePublished":"2024-07-13T06:20:19+00:00","dateModified":"2025-02-04T12:43:02+00:00","breadcrumb":{"@id":"https:\/\/arrow-energy.com\/sp\/electrostatic-precipitator-esp\/#breadcrumb"},"inLanguage":"en-US","potentialAction":[{"@type":"ReadAction","target":["https:\/\/arrow-energy.com\/sp\/electrostatic-precipitator-esp\/"]}]},{"@type":"ImageObject","inLanguage":"en-US","@id":"https:\/\/arrow-energy.com\/sp\/electrostatic-precipitator-esp\/#primaryimage","url":"https:\/\/sp.arrow-energy.com\/wp-content\/uploads\/2024\/07\/4.png","contentUrl":"https:\/\/sp.arrow-energy.com\/wp-content\/uploads\/2024\/07\/4.png"},{"@type":"BreadcrumbList","@id":"https:\/\/arrow-energy.com\/sp\/electrostatic-precipitator-esp\/#breadcrumb","itemListElement":[{"@type":"ListItem","position":1,"name":"Home","item":"https:\/\/arrow-energy.com\/sp\/"},{"@type":"ListItem","position":2,"name":"Precipitador electrost\u00e1tico (ESP)"}]},{"@type":"WebSite","@id":"https:\/\/arrow-energy.com\/sp\/#website","url":"https:\/\/arrow-energy.com\/sp\/","name":"https:\/\/arrow-energy.com\/sp","description":"&quot;Arrow Energy es un actor destacado en las renovaciones del sector energ\u00e9tico. Altamente competente en la ingenier\u00eda y construcci\u00f3n de equipos de control de la contaminaci\u00f3n.&quot;","publisher":{"@id":"https:\/\/arrow-energy.com\/sp\/#organization"},"alternateName":"https:\/\/arrow-energy.com\/sp","potentialAction":[{"@type":"SearchAction","target":{"@type":"EntryPoint","urlTemplate":"https:\/\/arrow-energy.com\/sp\/?s={search_term_string}"},"query-input":{"@type":"PropertyValueSpecification","valueRequired":true,"valueName":"search_term_string"}}],"inLanguage":"en-US"},{"@type":"Organization","@id":"https:\/\/arrow-energy.com\/sp\/#organization","name":"Arrow Energy Co., Ltd.","alternateName":"Arrow Enrgy","url":"https:\/\/arrow-energy.com\/sp\/","logo":{"@type":"ImageObject","inLanguage":"en-US","@id":"https:\/\/arrow-energy.com\/sp\/#\/schema\/logo\/image\/","url":"https:\/\/arrow-energy.com\/sp\/wp-content\/uploads\/2024\/07\/Arrow-Logo-3.png","contentUrl":"https:\/\/arrow-energy.com\/sp\/wp-content\/uploads\/2024\/07\/Arrow-Logo-3.png","width":376,"height":170,"caption":"Arrow Energy Co., Ltd."},"image":{"@id":"https:\/\/arrow-energy.com\/sp\/#\/schema\/logo\/image\/"},"sameAs":["https:\/\/www.facebook.com\/Arrowenergy.thailand","https:\/\/www.instagram.com\/arrowenergy.thailand\/?hl=th","https:\/\/www.linkedin.com\/company\/arrowenergy\/","https:\/\/www.youtube.com\/channel\/UCV0ZxGWibSEttNCQawue0vw"]}]}},"_links":{"self":[{"href":"https:\/\/arrow-energy.com\/sp\/wp-json\/wp\/v2\/pages\/4411","targetHints":{"allow":["GET"]}}],"collection":[{"href":"https:\/\/arrow-energy.com\/sp\/wp-json\/wp\/v2\/pages"}],"about":[{"href":"https:\/\/arrow-energy.com\/sp\/wp-json\/wp\/v2\/types\/page"}],"author":[{"embeddable":true,"href":"https:\/\/arrow-energy.com\/sp\/wp-json\/wp\/v2\/users\/1"}],"replies":[{"embeddable":true,"href":"https:\/\/arrow-energy.com\/sp\/wp-json\/wp\/v2\/comments?post=4411"}],"version-history":[{"count":24,"href":"https:\/\/arrow-energy.com\/sp\/wp-json\/wp\/v2\/pages\/4411\/revisions"}],"predecessor-version":[{"id":13068,"href":"https:\/\/arrow-energy.com\/sp\/wp-json\/wp\/v2\/pages\/4411\/revisions\/13068"}],"wp:attachment":[{"href":"https:\/\/arrow-energy.com\/sp\/wp-json\/wp\/v2\/media?parent=4411"}],"curies":[{"name":"wp","href":"https:\/\/api.w.org\/{rel}","templated":true}]}}