{"id":4419,"date":"2024-07-13T06:14:50","date_gmt":"2024-07-13T06:14:50","guid":{"rendered":"https:\/\/sp.arrow-energy.com\/?page_id=4419"},"modified":"2025-02-05T11:50:44","modified_gmt":"2025-02-05T11:50:44","slug":"site-services","status":"publish","type":"page","link":"https:\/\/arrow-energy.com\/sp\/site-services\/","title":{"rendered":"Servicios"},"content":{"rendered":"\t\t<div data-elementor-type=\"wp-page\" data-elementor-id=\"4419\" class=\"elementor elementor-4419\" data-elementor-post-type=\"page\">\n\t\t\t\t<div class=\"elementor-element elementor-element-78769f3 e-flex e-con-boxed e-con e-parent\" data-id=\"78769f3\" data-element_type=\"container\" data-e-type=\"container\">\n\t\t\t\t\t<div class=\"e-con-inner\">\n\t\t<div class=\"elementor-element elementor-element-41d3f61 e-con-full e-flex e-con e-child\" data-id=\"41d3f61\" data-element_type=\"container\" data-e-type=\"container\" data-settings=\"{&quot;background_background&quot;:&quot;classic&quot;}\">\n\t\t\t\t<div class=\"elementor-element elementor-element-d687a0e elementor-widget elementor-widget-sidebar\" data-id=\"d687a0e\" data-element_type=\"widget\" data-e-type=\"widget\" data-widget_type=\"sidebar.default\">\n\t\t\t\t<div class=\"elementor-widget-container\">\n\t\t\t\t\t<aside id=\"nav_menu-33\" class=\"widget-odd widget-last widget-first widget-1 widget widget_nav_menu\"><div class=\"menu-service-container\"><ul id=\"menu-service\" class=\"menu\"><li id=\"menu-item-12396\" class=\"menu-item menu-item-type-post_type menu-item-object-page menu-item-has-children menu-item-12396 wp-menu-img wp-menu-img-before\"><a href=\"https:\/\/arrow-energy.com\/sp\/site-services\/\">Servicios<\/a>\n<ul class=\"sub-menu\">\n\t<li id=\"menu-item-11934\" class=\"menu-item menu-item-type-post_type menu-item-object-page menu-item-11934 wp-menu-img wp-menu-img-before\"><a href=\"https:\/\/arrow-energy.com\/sp\/esp-modification\/\">Modificaci\u00f3n ESP<\/a><\/li>\n\t<li id=\"menu-item-11935\" class=\"menu-item menu-item-type-post_type menu-item-object-page menu-item-11935 wp-menu-img wp-menu-img-before\"><a href=\"https:\/\/arrow-energy.com\/sp\/site-services\/pollution-control-system-upgrade\/\">Actualizaci\u00f3n del Sistema de Control de Contaminaci\u00f3n<\/a><\/li>\n\t<li id=\"menu-item-11936\" class=\"menu-item menu-item-type-post_type menu-item-object-page menu-item-11936 wp-menu-img wp-menu-img-before\"><a href=\"https:\/\/arrow-energy.com\/sp\/boiler-retrofits\/\">Reacondicionamiento de calderas<\/a><\/li>\n\t<li id=\"menu-item-11937\" class=\"menu-item menu-item-type-post_type menu-item-object-page menu-item-11937 wp-menu-img wp-menu-img-before\"><a href=\"https:\/\/arrow-energy.com\/sp\/commissioning-troubleshooting\/\">Puesta en Marcha y Soluci\u00f3n de Problemas<\/a><\/li>\n\t<li id=\"menu-item-11938\" class=\"menu-item menu-item-type-post_type menu-item-object-page menu-item-11938 wp-menu-img wp-menu-img-before\"><a href=\"https:\/\/arrow-energy.com\/sp\/turnkey-projects\/\">Proyectos Llave en Mano<\/a><\/li>\n<\/ul>\n<\/li>\n<\/ul><\/div><\/aside>\t\t\t\t<\/div>\n\t\t\t\t<\/div>\n\t\t\t\t<\/div>\n\t\t<div class=\"elementor-element elementor-element-c4f765f e-con-full e-flex e-con e-child\" data-id=\"c4f765f\" data-element_type=\"container\" data-e-type=\"container\">\n\t\t\t\t<div class=\"elementor-element elementor-element-40a12e0 elementor-widget elementor-widget-text-editor\" data-id=\"40a12e0\" data-element_type=\"widget\" data-e-type=\"widget\" data-widget_type=\"text-editor.default\">\n\t\t\t\t<div class=\"elementor-widget-container\">\n\t\t\t\t\t\t\t\t\tEn Arrow Energy, nos especializamos en ofrecer servicios enfocados e impactantes dise\u00f1ados para optimizar sus operaciones, mejorar el rendimiento de los equipos y garantizar el cumplimiento ambiental.\n\n<h5><strong>Nuestra experiencia<\/strong><\/h5> <ul> <li style=\"font-weight: 400;\" aria-level=\"1\"><b><a style=\"text-decoration: none; color: inherit;\" href=\"https:\/\/sp.arrow-energy.com\/esp-modification\/\">Modificaci\u00f3n de ESP<\/a><\/b><span style=\"font-weight: 400;\">Renueve su precipitador electrost\u00e1tico para lograr una mayor eficiencia y cumplir con las normativas mediante modificaciones de vanguardia adaptadas a las necesidades de su proceso.<\/span><\/li> <li style=\"font-weight: 400;\" aria-level=\"1\"><b><a style=\"text-decoration: none; color: inherit;\" href=\"https:\/\/sp.arrow-energy.com\/pollution-control-system-upgrade\/\">Actualizaci\u00f3n del sistema de control de contaminaci\u00f3n<\/a><\/b> <span style=\"font-weight: 400;\">Mejore la calidad del aire y el rendimiento del sistema con actualizaciones avanzadas que cumplen con las estrictas normas medioambientales.<\/span><\/li> <li style=\"font-weight: 400;\" aria-level=\"1\"><b><a style=\"text-decoration: none; color: inherit;\" href=\"https:\/\/sp.arrow-energy.com\/boiler-retrofits\/\">Retrofit de calderas<\/a><\/b> <span style=\"font-weight: 400;\">Modernice y optimice sus calderas existentes con soluciones de retrofitting personalizadas para mejorar la eficiencia, capacidad y cumplimiento ambiental.<\/span><\/li> <li style=\"font-weight: 400;\" aria-level=\"1\"><b><a style=\"text-decoration: none; color: inherit;\" href=\"https:\/\/sp.arrow-energy.com\/commissioning-troubleshooting\/\">Puesta en marcha y resoluci\u00f3n de problemas<\/a><\/b> <span style=\"font-weight: 400;\">Asegure un inicio sin problemas y resuelva los desaf\u00edos operativos con servicios de puesta en marcha expertos y resoluci\u00f3n de problemas precisa.<\/span><\/li> <li style=\"font-weight: 400;\" aria-level=\"1\"><b><a style=\"text-decoration: none; color: inherit;\" href=\"https:\/\/sp.arrow-energy.com\/turnkey-projects\/\">Proyectos llave en mano<\/a><\/b> <span style=\"font-weight: 400;\">Desde el dise\u00f1o hasta la ejecuci\u00f3n, nuestras soluciones llave en mano proporcionan entrega de proyectos de principio a fin con precisi\u00f3n, experiencia y ejecuci\u00f3n a tiempo.<\/span><\/li> <\/ul> <h5><strong>\u00bfPor qu\u00e9 elegirnos?<\/strong><\/h5> <ul> <li style=\"font-weight: 400;\" aria-level=\"1\"><span style=\"font-weight: 400;\">Profesionales altamente capacitados con amplia experiencia en la industria.<\/span><\/li> <li style=\"font-weight: 400;\" aria-level=\"1\"><span style=\"font-weight: 400;\">Soluciones rentables adaptadas a sus necesidades operativas.<\/span><\/li> <li style=\"font-weight: 400;\" aria-level=\"1\"><span style=\"font-weight: 400;\">Historial comprobado de ofrecer servicios de alta calidad en diversas industrias.<\/span><\/li> <\/ul> <strong>\u201cAs\u00f3ciese con nosotros para servicios de sitio confiables y eficientes. Perm\u00edtanos ayudarle a mantener la excelencia operativa y alcanzar sus objetivos empresariales.\u201d<\/strong>\t\t\t\t\t\t\t\t<\/div>\n\t\t\t\t<\/div>\n\t\t\t\t<\/div>\n\t\t\t\t\t<\/div>\n\t\t\t\t<\/div>\n\t\t\t\t<\/div>\n\t\t","protected":false},"excerpt":{"rendered":"<p>En Arrow Energy, nos especializamos en ofrecer servicios enfocados e impactantes dise\u00f1ados para optimizar sus operaciones, mejorar el rendimiento de los equipos y garantizar el cumplimiento ambiental. Nuestra experiencia Modificaci\u00f3n de ESPRenueve su precipitador electrost\u00e1tico para lograr una mayor eficiencia y cumplir con las normativas mediante modificaciones de vanguardia adaptadas a las necesidades de su &hellip; <a href=\"https:\/\/arrow-energy.com\/sp\/site-services\/\" class=\"more-link\">Continue reading <span class=\"screen-reader-text\">Servicios<\/span><\/a><\/p>\n","protected":false},"author":1,"featured_media":0,"parent":0,"menu_order":0,"comment_status":"closed","ping_status":"closed","template":"","meta":{"nf_dc_page":"","_monsterinsights_skip_tracking":false,"_monsterinsights_sitenote_active":false,"_monsterinsights_sitenote_note":"","_monsterinsights_sitenote_category":0,"footnotes":""},"class_list":["post-4419","page","type-page","status-publish","hentry"],"yoast_head":"<!-- This site is optimized with the Yoast SEO Premium plugin v25.6 (Yoast SEO v27.4) - https:\/\/yoast.com\/product\/yoast-seo-premium-wordpress\/ -->\n<title>Servicios - Arrow Energy<\/title>\n<meta name=\"robots\" content=\"index, follow, max-snippet:-1, max-image-preview:large, max-video-preview:-1\" \/>\n<link rel=\"canonical\" href=\"https:\/\/arrow-energy.com\/sp\/site-services\/\" \/>\n<meta property=\"og:locale\" content=\"en_US\" \/>\n<meta property=\"og:type\" content=\"article\" \/>\n<meta property=\"og:title\" content=\"Servicios\" \/>\n<meta property=\"og:description\" content=\"En Arrow Energy, nos especializamos en ofrecer servicios enfocados e impactantes dise\u00f1ados para optimizar sus operaciones, mejorar el rendimiento de los equipos y garantizar el cumplimiento ambiental. Nuestra experiencia Modificaci\u00f3n de ESPRenueve su precipitador electrost\u00e1tico para lograr una mayor eficiencia y cumplir con las normativas mediante modificaciones de vanguardia adaptadas a las necesidades de su &hellip; Continue reading Servicios\" \/>\n<meta property=\"og:url\" content=\"https:\/\/arrow-energy.com\/sp\/site-services\/\" \/>\n<meta property=\"og:site_name\" content=\"Arrow Energy\" \/>\n<meta property=\"article:publisher\" content=\"https:\/\/www.facebook.com\/Arrowenergy.thailand\" \/>\n<meta property=\"article:modified_time\" content=\"2025-02-05T11:50:44+00:00\" \/>\n<meta property=\"og:image\" content=\"https:\/\/arrow-energy.com\/sp\/wp-content\/uploads\/2024\/07\/Arrow-Logo-3.png\" \/>\n\t<meta property=\"og:image:width\" content=\"376\" \/>\n\t<meta property=\"og:image:height\" content=\"170\" \/>\n\t<meta property=\"og:image:type\" content=\"image\/png\" \/>\n<meta name=\"twitter:card\" content=\"summary_large_image\" \/>\n<meta name=\"twitter:label1\" content=\"Est. reading time\" \/>\n\t<meta name=\"twitter:data1\" content=\"2 minutes\" \/>\n<script type=\"application\/ld+json\" class=\"yoast-schema-graph\">{\"@context\":\"https:\\\/\\\/schema.org\",\"@graph\":[{\"@type\":\"WebPage\",\"@id\":\"https:\\\/\\\/arrow-energy.com\\\/sp\\\/site-services\\\/\",\"url\":\"https:\\\/\\\/arrow-energy.com\\\/sp\\\/site-services\\\/\",\"name\":\"Servicios - Arrow Energy\",\"isPartOf\":{\"@id\":\"https:\\\/\\\/arrow-energy.com\\\/sp\\\/#website\"},\"datePublished\":\"2024-07-13T06:14:50+00:00\",\"dateModified\":\"2025-02-05T11:50:44+00:00\",\"breadcrumb\":{\"@id\":\"https:\\\/\\\/arrow-energy.com\\\/sp\\\/site-services\\\/#breadcrumb\"},\"inLanguage\":\"en-US\",\"potentialAction\":[{\"@type\":\"ReadAction\",\"target\":[\"https:\\\/\\\/arrow-energy.com\\\/sp\\\/site-services\\\/\"]}]},{\"@type\":\"BreadcrumbList\",\"@id\":\"https:\\\/\\\/arrow-energy.com\\\/sp\\\/site-services\\\/#breadcrumb\",\"itemListElement\":[{\"@type\":\"ListItem\",\"position\":1,\"name\":\"Home\",\"item\":\"https:\\\/\\\/arrow-energy.com\\\/sp\\\/\"},{\"@type\":\"ListItem\",\"position\":2,\"name\":\"Servicios\"}]},{\"@type\":\"WebSite\",\"@id\":\"https:\\\/\\\/arrow-energy.com\\\/sp\\\/#website\",\"url\":\"https:\\\/\\\/arrow-energy.com\\\/sp\\\/\",\"name\":\"https:\\\/\\\/arrow-energy.com\\\/sp\",\"description\":\"&quot;Arrow Energy es un actor destacado en las renovaciones del sector energ\u00e9tico. Altamente competente en la ingenier\u00eda y construcci\u00f3n de equipos de control de la contaminaci\u00f3n.&quot;\",\"publisher\":{\"@id\":\"https:\\\/\\\/arrow-energy.com\\\/sp\\\/#organization\"},\"alternateName\":\"https:\\\/\\\/arrow-energy.com\\\/sp\",\"potentialAction\":[{\"@type\":\"SearchAction\",\"target\":{\"@type\":\"EntryPoint\",\"urlTemplate\":\"https:\\\/\\\/arrow-energy.com\\\/sp\\\/?s={search_term_string}\"},\"query-input\":{\"@type\":\"PropertyValueSpecification\",\"valueRequired\":true,\"valueName\":\"search_term_string\"}}],\"inLanguage\":\"en-US\"},{\"@type\":\"Organization\",\"@id\":\"https:\\\/\\\/arrow-energy.com\\\/sp\\\/#organization\",\"name\":\"Arrow Energy Co., Ltd.\",\"alternateName\":\"Arrow Enrgy\",\"url\":\"https:\\\/\\\/arrow-energy.com\\\/sp\\\/\",\"logo\":{\"@type\":\"ImageObject\",\"inLanguage\":\"en-US\",\"@id\":\"https:\\\/\\\/arrow-energy.com\\\/sp\\\/#\\\/schema\\\/logo\\\/image\\\/\",\"url\":\"https:\\\/\\\/arrow-energy.com\\\/sp\\\/wp-content\\\/uploads\\\/2024\\\/07\\\/Arrow-Logo-3.png\",\"contentUrl\":\"https:\\\/\\\/arrow-energy.com\\\/sp\\\/wp-content\\\/uploads\\\/2024\\\/07\\\/Arrow-Logo-3.png\",\"width\":376,\"height\":170,\"caption\":\"Arrow Energy Co., Ltd.\"},\"image\":{\"@id\":\"https:\\\/\\\/arrow-energy.com\\\/sp\\\/#\\\/schema\\\/logo\\\/image\\\/\"},\"sameAs\":[\"https:\\\/\\\/www.facebook.com\\\/Arrowenergy.thailand\",\"https:\\\/\\\/www.instagram.com\\\/arrowenergy.thailand\\\/?hl=th\",\"https:\\\/\\\/www.linkedin.com\\\/company\\\/arrowenergy\\\/\",\"https:\\\/\\\/www.youtube.com\\\/channel\\\/UCV0ZxGWibSEttNCQawue0vw\"]}]}<\/script>\n<!-- \/ Yoast SEO Premium plugin. -->","yoast_head_json":{"title":"Servicios - Arrow Energy","robots":{"index":"index","follow":"follow","max-snippet":"max-snippet:-1","max-image-preview":"max-image-preview:large","max-video-preview":"max-video-preview:-1"},"canonical":"https:\/\/arrow-energy.com\/sp\/site-services\/","og_locale":"en_US","og_type":"article","og_title":"Servicios","og_description":"En Arrow Energy, nos especializamos en ofrecer servicios enfocados e impactantes dise\u00f1ados para optimizar sus operaciones, mejorar el rendimiento de los equipos y garantizar el cumplimiento ambiental. Nuestra experiencia Modificaci\u00f3n de ESPRenueve su precipitador electrost\u00e1tico para lograr una mayor eficiencia y cumplir con las normativas mediante modificaciones de vanguardia adaptadas a las necesidades de su &hellip; Continue reading Servicios","og_url":"https:\/\/arrow-energy.com\/sp\/site-services\/","og_site_name":"Arrow Energy","article_publisher":"https:\/\/www.facebook.com\/Arrowenergy.thailand","article_modified_time":"2025-02-05T11:50:44+00:00","og_image":[{"width":376,"height":170,"url":"https:\/\/arrow-energy.com\/sp\/wp-content\/uploads\/2024\/07\/Arrow-Logo-3.png","type":"image\/png"}],"twitter_card":"summary_large_image","twitter_misc":{"Est. reading time":"2 minutes"},"schema":{"@context":"https:\/\/schema.org","@graph":[{"@type":"WebPage","@id":"https:\/\/arrow-energy.com\/sp\/site-services\/","url":"https:\/\/arrow-energy.com\/sp\/site-services\/","name":"Servicios - Arrow Energy","isPartOf":{"@id":"https:\/\/arrow-energy.com\/sp\/#website"},"datePublished":"2024-07-13T06:14:50+00:00","dateModified":"2025-02-05T11:50:44+00:00","breadcrumb":{"@id":"https:\/\/arrow-energy.com\/sp\/site-services\/#breadcrumb"},"inLanguage":"en-US","potentialAction":[{"@type":"ReadAction","target":["https:\/\/arrow-energy.com\/sp\/site-services\/"]}]},{"@type":"BreadcrumbList","@id":"https:\/\/arrow-energy.com\/sp\/site-services\/#breadcrumb","itemListElement":[{"@type":"ListItem","position":1,"name":"Home","item":"https:\/\/arrow-energy.com\/sp\/"},{"@type":"ListItem","position":2,"name":"Servicios"}]},{"@type":"WebSite","@id":"https:\/\/arrow-energy.com\/sp\/#website","url":"https:\/\/arrow-energy.com\/sp\/","name":"https:\/\/arrow-energy.com\/sp","description":"&quot;Arrow Energy es un actor destacado en las renovaciones del sector energ\u00e9tico. Altamente competente en la ingenier\u00eda y construcci\u00f3n de equipos de control de la contaminaci\u00f3n.&quot;","publisher":{"@id":"https:\/\/arrow-energy.com\/sp\/#organization"},"alternateName":"https:\/\/arrow-energy.com\/sp","potentialAction":[{"@type":"SearchAction","target":{"@type":"EntryPoint","urlTemplate":"https:\/\/arrow-energy.com\/sp\/?s={search_term_string}"},"query-input":{"@type":"PropertyValueSpecification","valueRequired":true,"valueName":"search_term_string"}}],"inLanguage":"en-US"},{"@type":"Organization","@id":"https:\/\/arrow-energy.com\/sp\/#organization","name":"Arrow Energy Co., Ltd.","alternateName":"Arrow Enrgy","url":"https:\/\/arrow-energy.com\/sp\/","logo":{"@type":"ImageObject","inLanguage":"en-US","@id":"https:\/\/arrow-energy.com\/sp\/#\/schema\/logo\/image\/","url":"https:\/\/arrow-energy.com\/sp\/wp-content\/uploads\/2024\/07\/Arrow-Logo-3.png","contentUrl":"https:\/\/arrow-energy.com\/sp\/wp-content\/uploads\/2024\/07\/Arrow-Logo-3.png","width":376,"height":170,"caption":"Arrow Energy Co., Ltd."},"image":{"@id":"https:\/\/arrow-energy.com\/sp\/#\/schema\/logo\/image\/"},"sameAs":["https:\/\/www.facebook.com\/Arrowenergy.thailand","https:\/\/www.instagram.com\/arrowenergy.thailand\/?hl=th","https:\/\/www.linkedin.com\/company\/arrowenergy\/","https:\/\/www.youtube.com\/channel\/UCV0ZxGWibSEttNCQawue0vw"]}]}},"_links":{"self":[{"href":"https:\/\/arrow-energy.com\/sp\/wp-json\/wp\/v2\/pages\/4419","targetHints":{"allow":["GET"]}}],"collection":[{"href":"https:\/\/arrow-energy.com\/sp\/wp-json\/wp\/v2\/pages"}],"about":[{"href":"https:\/\/arrow-energy.com\/sp\/wp-json\/wp\/v2\/types\/page"}],"author":[{"embeddable":true,"href":"https:\/\/arrow-energy.com\/sp\/wp-json\/wp\/v2\/users\/1"}],"replies":[{"embeddable":true,"href":"https:\/\/arrow-energy.com\/sp\/wp-json\/wp\/v2\/comments?post=4419"}],"version-history":[{"count":41,"href":"https:\/\/arrow-energy.com\/sp\/wp-json\/wp\/v2\/pages\/4419\/revisions"}],"predecessor-version":[{"id":13248,"href":"https:\/\/arrow-energy.com\/sp\/wp-json\/wp\/v2\/pages\/4419\/revisions\/13248"}],"wp:attachment":[{"href":"https:\/\/arrow-energy.com\/sp\/wp-json\/wp\/v2\/media?parent=4419"}],"curies":[{"name":"wp","href":"https:\/\/api.w.org\/{rel}","templated":true}]}}