{"id":4436,"date":"2024-07-13T06:21:45","date_gmt":"2024-07-13T06:21:45","guid":{"rendered":"https:\/\/sp.arrow-energy.com\/?page_id=4436"},"modified":"2025-02-04T12:54:09","modified_gmt":"2025-02-04T12:54:09","slug":"migi-rapper-coil","status":"publish","type":"page","link":"https:\/\/arrow-energy.com\/sp\/migi-rapper-coil\/","title":{"rendered":"Sistema de golpeo MIGI"},"content":{"rendered":"\t\t<div data-elementor-type=\"wp-page\" data-elementor-id=\"4436\" class=\"elementor elementor-4436\" data-elementor-post-type=\"page\">\n\t\t\t\t<div class=\"elementor-element elementor-element-484731d e-flex e-con-boxed e-con e-parent\" data-id=\"484731d\" data-element_type=\"container\" data-e-type=\"container\">\n\t\t\t\t\t<div class=\"e-con-inner\">\n\t\t\t\t<div class=\"elementor-element elementor-element-7a113d8 elementor-widget elementor-widget-text-editor\" data-id=\"7a113d8\" data-element_type=\"widget\" data-e-type=\"widget\" data-widget_type=\"text-editor.default\">\n\t\t\t\t<div class=\"elementor-widget-container\">\n\t\t\t\t\t\t\t\t\t<marquee width=\"300%\" direction=\"left\" height=\"15px\"><span style=\"color: #ffffff;\">To improve keyword ranking on Google Thailand for the term <strong>&#8220;Migi Rapper Coil Manufacturers in Thailand&#8221;<\/strong>, Affordable Migi Rapper Coil Thailand it&#8217;s important to craft content that is both relevant and engaging for users. Migi is a leading <strong>rapper coil manufacturer in Thailand<\/strong>, known for its high-quality products and innovative solutions in the coil industry. Specializing in <strong>custom coil manufacturing<\/strong>, Migi offers a range of products tailored to meet the specific needs of various industries, including automotive, electronics, and industrial sectors Migi Rapper Coil Price Thailand Affordable Migi Rapper Coil Thailand .<\/span>\n<h3><span style=\"color: #ffffff;\">Electromagnetic Rapper Coil Thailand<\/span><\/h3>\n<span style=\"color: #ffffff;\">With advanced technology and a commitment to excellence, Migi stands out as one of the top <strong>coil manufacturers in Thailand<\/strong>. The company\u2019s expertise in <strong>rapper coils<\/strong> ensures durability, efficiency, and reliability, making Migi the preferred choice for businesses looking for robust coil solutions Migi Rapper Coil Price Thailand Electromagnetic Rapper Coil Thailand.<\/span>\n\n<span style=\"color: #ffffff;\">For those searching for <strong>high-quality rapper coils in Thailand<\/strong>, Migi provides unmatched service and competitive pricing. By focusing on customer satisfaction and continuous innovation, Migi has established itself as a key player in the Thai coil manufacturing industry. When it comes to finding the best <strong>rapper coil manufacturers in Thailand<\/strong>,\u00a0Top Migi Rapper Coil Suppliers Migi is the name you can trust for quality and performance Best Migi Rapper Coil Suppliers Thailand.<\/span><\/marquee>\t\t\t\t\t\t\t\t<\/div>\n\t\t\t\t<\/div>\n\t\t\t\t\t<\/div>\n\t\t\t\t<\/div>\n\t\t<div class=\"elementor-element elementor-element-f0f7947 e-con-full e-flex e-con e-parent\" data-id=\"f0f7947\" data-element_type=\"container\" data-e-type=\"container\">\n\t\t\t\t<div class=\"elementor-element elementor-element-177125d elementor-widget elementor-widget-heading\" data-id=\"177125d\" data-element_type=\"widget\" data-e-type=\"widget\" data-widget_type=\"heading.default\">\n\t\t\t\t<div class=\"elementor-widget-container\">\n\t\t\t\t\t<h2 class=\"elementor-heading-title elementor-size-default\">Sistema de percusi\u00f3n MIGI<\/h2>\t\t\t\t<\/div>\n\t\t\t\t<\/div>\n\t\t\t\t<div class=\"elementor-element elementor-element-ea2082a elementor-widget elementor-widget-text-editor\" data-id=\"ea2082a\" data-element_type=\"widget\" data-e-type=\"widget\" data-widget_type=\"text-editor.default\">\n\t\t\t\t<div class=\"elementor-widget-container\">\n\t\t\t\t\t\t\t\t\t<p>Impacto de Gravedad por Impulso Magn\u00e9tico (MIGI) Rapper garantiza una efectiva eliminaci\u00f3n del polvo.<\/p><p>Utiliza fuerza electromagn\u00e9tica para levantar y soltar un pist\u00f3n, proporcionando una acci\u00f3n de golpeo eficiente.<\/p><p>Componentes clave<\/p><ul><li style=\"font-weight: 400;\" aria-level=\"1\"><b>Bobina de Rapper:<\/b> Encapsulada en una carcasa protectora, la bobina genera un campo electromagn\u00e9tico que impulsa el levantamiento y liberaci\u00f3n precisa del \u00e9mbolo para una acci\u00f3n de golpeo efectiva.<\/li><li style=\"font-weight: 400;\" aria-level=\"1\"><b>Arrollamientos de cobre:<\/b> Los arrollamientos de cobre de alta calidad crean un campo magn\u00e9tico potente, permitiendo que el \u00e9mbolo se eleve y golpee con precisi\u00f3n, asegurando la eliminaci\u00f3n eficiente del polvo en los electrodos de recolecci\u00f3n (CE) y descarga (DE).<\/li><li style=\"font-weight: 400;\" aria-level=\"1\"><b>\u00c9mbolo del Rapper:<\/b> Act\u00faa como un martillo mec\u00e1nico, golpeando la varilla del rapper con una fuerza controlada para transmitir vibraciones que desprenden el polvo acumulado en las placas del ESP.<\/li><li style=\"font-weight: 400;\" aria-level=\"1\"><b>Fuelle de Hypalon:<\/b> Funciona como una barrera protectora, evitando la entrada de aire y polvo mientras sujeta el aislador del eje para mantener la integridad del sistema en entornos hostiles.<\/li><li style=\"font-weight: 400;\" aria-level=\"1\"><b>Aislador del eje:<\/b> Esencial para el aislamiento el\u00e9ctrico, este componente soporta condiciones de alta tensi\u00f3n, garantizando la operaci\u00f3n segura y eficiente del sistema rapper.<\/li><li aria-level=\"1\"><b>Varilla de Rapper:<\/b> Transmite las fuerzas de vibraci\u00f3n generadas a las placas de recolecci\u00f3n y descarga, sacudiendo las part\u00edculas acumuladas hacia la tolva para su recolecci\u00f3n y eliminaci\u00f3n.<\/li><\/ul><p><strong>Beneficios:<\/strong><\/p><ul><li style=\"font-weight: 400;\" aria-level=\"1\">Eficiencia optimizada en la eliminaci\u00f3n del polvo.<\/li><li style=\"font-weight: 400;\" aria-level=\"1\">Operaci\u00f3n ajustable para un rendimiento personalizado.<\/li><li style=\"font-weight: 400;\" aria-level=\"1\">Previene la acumulaci\u00f3n de polvo y bloqueos en el sistema.<\/li><\/ul>\t\t\t\t\t\t\t\t<\/div>\n\t\t\t\t<\/div>\n\t\t\t\t<\/div>\n\t\t<div class=\"elementor-element elementor-element-a3becb6 e-grid e-con-boxed e-con e-parent\" data-id=\"a3becb6\" data-element_type=\"container\" data-e-type=\"container\">\n\t\t\t\t\t<div class=\"e-con-inner\">\n\t\t\t\t<div class=\"elementor-element elementor-element-34f2401 elementor-widget elementor-widget-image\" data-id=\"34f2401\" data-element_type=\"widget\" data-e-type=\"widget\" data-widget_type=\"image.default\">\n\t\t\t\t<div class=\"elementor-widget-container\">\n\t\t\t\t\t\t\t\t\t\t\t\t\t\t\t<img fetchpriority=\"high\" decoding=\"async\" width=\"847\" height=\"635\" src=\"https:\/\/arrow-energy.com\/sp\/wp-content\/uploads\/2024\/12\/ArrowEnergy_MIGI-rapping-system1-1024x768.png\" class=\"attachment-large size-large wp-image-11083\" alt=\"\" srcset=\"https:\/\/arrow-energy.com\/sp\/wp-content\/uploads\/2024\/12\/ArrowEnergy_MIGI-rapping-system1-1024x768.png 1024w, https:\/\/arrow-energy.com\/sp\/wp-content\/uploads\/2024\/12\/ArrowEnergy_MIGI-rapping-system1-300x225.png 300w, https:\/\/arrow-energy.com\/sp\/wp-content\/uploads\/2024\/12\/ArrowEnergy_MIGI-rapping-system1-768x576.png 768w, https:\/\/arrow-energy.com\/sp\/wp-content\/uploads\/2024\/12\/ArrowEnergy_MIGI-rapping-system1.png 1280w\" sizes=\"(max-width: 847px) 100vw, 847px\" data-id=\"11083\" \/>\t\t\t\t\t\t\t\t\t\t\t\t\t\t\t<\/div>\n\t\t\t\t<\/div>\n\t\t\t\t<div class=\"elementor-element elementor-element-22dfac5 elementor-widget elementor-widget-image\" data-id=\"22dfac5\" data-element_type=\"widget\" data-e-type=\"widget\" data-widget_type=\"image.default\">\n\t\t\t\t<div class=\"elementor-widget-container\">\n\t\t\t\t\t\t\t\t\t\t\t\t\t\t\t<img decoding=\"async\" width=\"847\" height=\"635\" src=\"https:\/\/arrow-energy.com\/sp\/wp-content\/uploads\/2024\/12\/ArrowEnergy_MIGI-rapping-system2-1024x768.png\" class=\"attachment-large size-large wp-image-11084\" alt=\"\" srcset=\"https:\/\/arrow-energy.com\/sp\/wp-content\/uploads\/2024\/12\/ArrowEnergy_MIGI-rapping-system2-1024x768.png 1024w, https:\/\/arrow-energy.com\/sp\/wp-content\/uploads\/2024\/12\/ArrowEnergy_MIGI-rapping-system2-300x225.png 300w, https:\/\/arrow-energy.com\/sp\/wp-content\/uploads\/2024\/12\/ArrowEnergy_MIGI-rapping-system2-768x576.png 768w, https:\/\/arrow-energy.com\/sp\/wp-content\/uploads\/2024\/12\/ArrowEnergy_MIGI-rapping-system2.png 1280w\" sizes=\"(max-width: 847px) 100vw, 847px\" data-id=\"11084\" \/>\t\t\t\t\t\t\t\t\t\t\t\t\t\t\t<\/div>\n\t\t\t\t<\/div>\n\t\t\t\t<div class=\"elementor-element elementor-element-be52b08 elementor-widget elementor-widget-image\" data-id=\"be52b08\" data-element_type=\"widget\" data-e-type=\"widget\" data-widget_type=\"image.default\">\n\t\t\t\t<div class=\"elementor-widget-container\">\n\t\t\t\t\t\t\t\t\t\t\t\t\t\t\t<img decoding=\"async\" width=\"847\" height=\"635\" src=\"https:\/\/arrow-energy.com\/sp\/wp-content\/uploads\/2024\/12\/ArrowEnergy_MIGI-rapping-system-1024x768.png\" class=\"attachment-large size-large wp-image-11082\" alt=\"\" srcset=\"https:\/\/arrow-energy.com\/sp\/wp-content\/uploads\/2024\/12\/ArrowEnergy_MIGI-rapping-system-1024x768.png 1024w, https:\/\/arrow-energy.com\/sp\/wp-content\/uploads\/2024\/12\/ArrowEnergy_MIGI-rapping-system-300x225.png 300w, https:\/\/arrow-energy.com\/sp\/wp-content\/uploads\/2024\/12\/ArrowEnergy_MIGI-rapping-system-768x576.png 768w, https:\/\/arrow-energy.com\/sp\/wp-content\/uploads\/2024\/12\/ArrowEnergy_MIGI-rapping-system.png 1280w\" sizes=\"(max-width: 847px) 100vw, 847px\" data-id=\"11082\" \/>\t\t\t\t\t\t\t\t\t\t\t\t\t\t\t<\/div>\n\t\t\t\t<\/div>\n\t\t\t\t\t<\/div>\n\t\t\t\t<\/div>\n\t\t\t\t<\/div>\n\t\t","protected":false},"excerpt":{"rendered":"<p>To improve keyword ranking on Google Thailand for the term &#8220;Migi Rapper Coil Manufacturers in Thailand&#8221;, Affordable Migi Rapper Coil Thailand it&#8217;s important to craft content that is both relevant and engaging for users. Migi is a leading rapper coil manufacturer in Thailand, known for its high-quality products and innovative solutions in the coil industry. &hellip; <a href=\"https:\/\/arrow-energy.com\/sp\/migi-rapper-coil\/\" class=\"more-link\">Continue reading <span class=\"screen-reader-text\">Sistema de golpeo MIGI<\/span><\/a><\/p>\n","protected":false},"author":1,"featured_media":0,"parent":0,"menu_order":0,"comment_status":"closed","ping_status":"closed","template":"","meta":{"nf_dc_page":"","_monsterinsights_skip_tracking":false,"_monsterinsights_sitenote_active":false,"_monsterinsights_sitenote_note":"","_monsterinsights_sitenote_category":0,"footnotes":""},"class_list":["post-4436","page","type-page","status-publish","hentry"],"yoast_head":"<!-- This site is optimized with the Yoast SEO Premium plugin v25.6 (Yoast SEO v27.4) - https:\/\/yoast.com\/product\/yoast-seo-premium-wordpress\/ -->\n<title>Migi Rapper Coil Manufacturers | MIGI Rapper Suppliers Thailand<\/title>\n<meta name=\"description\" content=\"Migi Rapper Coil Manufacturers and Suppliers in Thailand - Your trusted source for high-quality coils designed for all industrial needs.\" \/>\n<meta name=\"robots\" content=\"index, follow, max-snippet:-1, max-image-preview:large, max-video-preview:-1\" \/>\n<link rel=\"canonical\" href=\"https:\/\/arrow-energy.com\/sp\/migi-rapper-coil\/\" \/>\n<meta property=\"og:locale\" content=\"en_US\" \/>\n<meta property=\"og:type\" content=\"article\" \/>\n<meta property=\"og:title\" content=\"Sistema de golpeo MIGI\" \/>\n<meta property=\"og:description\" content=\"Migi Rapper Coil Manufacturers and Suppliers in Thailand - Your trusted source for high-quality coils designed for all industrial needs.\" \/>\n<meta property=\"og:url\" content=\"https:\/\/arrow-energy.com\/sp\/migi-rapper-coil\/\" \/>\n<meta property=\"og:site_name\" content=\"Arrow Energy\" \/>\n<meta property=\"article:publisher\" content=\"https:\/\/www.facebook.com\/Arrowenergy.thailand\" \/>\n<meta property=\"article:modified_time\" content=\"2025-02-04T12:54:09+00:00\" \/>\n<meta property=\"og:image\" content=\"https:\/\/sp.arrow-energy.com\/wp-content\/uploads\/2024\/12\/ArrowEnergy_MIGI-rapping-system1-1024x768.png\" \/>\n<meta name=\"twitter:card\" content=\"summary_large_image\" \/>\n<meta name=\"twitter:label1\" content=\"Est. reading time\" \/>\n\t<meta name=\"twitter:data1\" content=\"3 minutes\" \/>\n<script type=\"application\/ld+json\" class=\"yoast-schema-graph\">{\"@context\":\"https:\\\/\\\/schema.org\",\"@graph\":[{\"@type\":\"WebPage\",\"@id\":\"https:\\\/\\\/arrow-energy.com\\\/sp\\\/migi-rapper-coil\\\/\",\"url\":\"https:\\\/\\\/arrow-energy.com\\\/sp\\\/migi-rapper-coil\\\/\",\"name\":\"Migi Rapper Coil Manufacturers | MIGI Rapper Suppliers Thailand\",\"isPartOf\":{\"@id\":\"https:\\\/\\\/arrow-energy.com\\\/sp\\\/#website\"},\"primaryImageOfPage\":{\"@id\":\"https:\\\/\\\/arrow-energy.com\\\/sp\\\/migi-rapper-coil\\\/#primaryimage\"},\"image\":{\"@id\":\"https:\\\/\\\/arrow-energy.com\\\/sp\\\/migi-rapper-coil\\\/#primaryimage\"},\"thumbnailUrl\":\"https:\\\/\\\/sp.arrow-energy.com\\\/wp-content\\\/uploads\\\/2024\\\/12\\\/ArrowEnergy_MIGI-rapping-system1-1024x768.png\",\"datePublished\":\"2024-07-13T06:21:45+00:00\",\"dateModified\":\"2025-02-04T12:54:09+00:00\",\"description\":\"Migi Rapper Coil Manufacturers and Suppliers in Thailand - Your trusted source for high-quality coils designed for all industrial needs.\",\"breadcrumb\":{\"@id\":\"https:\\\/\\\/arrow-energy.com\\\/sp\\\/migi-rapper-coil\\\/#breadcrumb\"},\"inLanguage\":\"en-US\",\"potentialAction\":[{\"@type\":\"ReadAction\",\"target\":[\"https:\\\/\\\/arrow-energy.com\\\/sp\\\/migi-rapper-coil\\\/\"]}]},{\"@type\":\"ImageObject\",\"inLanguage\":\"en-US\",\"@id\":\"https:\\\/\\\/arrow-energy.com\\\/sp\\\/migi-rapper-coil\\\/#primaryimage\",\"url\":\"https:\\\/\\\/sp.arrow-energy.com\\\/wp-content\\\/uploads\\\/2024\\\/12\\\/ArrowEnergy_MIGI-rapping-system1-1024x768.png\",\"contentUrl\":\"https:\\\/\\\/sp.arrow-energy.com\\\/wp-content\\\/uploads\\\/2024\\\/12\\\/ArrowEnergy_MIGI-rapping-system1-1024x768.png\"},{\"@type\":\"BreadcrumbList\",\"@id\":\"https:\\\/\\\/arrow-energy.com\\\/sp\\\/migi-rapper-coil\\\/#breadcrumb\",\"itemListElement\":[{\"@type\":\"ListItem\",\"position\":1,\"name\":\"Home\",\"item\":\"https:\\\/\\\/arrow-energy.com\\\/sp\\\/\"},{\"@type\":\"ListItem\",\"position\":2,\"name\":\"Sistema de golpeo MIGI\"}]},{\"@type\":\"WebSite\",\"@id\":\"https:\\\/\\\/arrow-energy.com\\\/sp\\\/#website\",\"url\":\"https:\\\/\\\/arrow-energy.com\\\/sp\\\/\",\"name\":\"https:\\\/\\\/arrow-energy.com\\\/sp\",\"description\":\"&quot;Arrow Energy es un actor destacado en las renovaciones del sector energ\u00e9tico. Altamente competente en la ingenier\u00eda y construcci\u00f3n de equipos de control de la contaminaci\u00f3n.&quot;\",\"publisher\":{\"@id\":\"https:\\\/\\\/arrow-energy.com\\\/sp\\\/#organization\"},\"alternateName\":\"https:\\\/\\\/arrow-energy.com\\\/sp\",\"potentialAction\":[{\"@type\":\"SearchAction\",\"target\":{\"@type\":\"EntryPoint\",\"urlTemplate\":\"https:\\\/\\\/arrow-energy.com\\\/sp\\\/?s={search_term_string}\"},\"query-input\":{\"@type\":\"PropertyValueSpecification\",\"valueRequired\":true,\"valueName\":\"search_term_string\"}}],\"inLanguage\":\"en-US\"},{\"@type\":\"Organization\",\"@id\":\"https:\\\/\\\/arrow-energy.com\\\/sp\\\/#organization\",\"name\":\"Arrow Energy Co., Ltd.\",\"alternateName\":\"Arrow Enrgy\",\"url\":\"https:\\\/\\\/arrow-energy.com\\\/sp\\\/\",\"logo\":{\"@type\":\"ImageObject\",\"inLanguage\":\"en-US\",\"@id\":\"https:\\\/\\\/arrow-energy.com\\\/sp\\\/#\\\/schema\\\/logo\\\/image\\\/\",\"url\":\"https:\\\/\\\/arrow-energy.com\\\/sp\\\/wp-content\\\/uploads\\\/2024\\\/07\\\/Arrow-Logo-3.png\",\"contentUrl\":\"https:\\\/\\\/arrow-energy.com\\\/sp\\\/wp-content\\\/uploads\\\/2024\\\/07\\\/Arrow-Logo-3.png\",\"width\":376,\"height\":170,\"caption\":\"Arrow Energy Co., Ltd.\"},\"image\":{\"@id\":\"https:\\\/\\\/arrow-energy.com\\\/sp\\\/#\\\/schema\\\/logo\\\/image\\\/\"},\"sameAs\":[\"https:\\\/\\\/www.facebook.com\\\/Arrowenergy.thailand\",\"https:\\\/\\\/www.instagram.com\\\/arrowenergy.thailand\\\/?hl=th\",\"https:\\\/\\\/www.linkedin.com\\\/company\\\/arrowenergy\\\/\",\"https:\\\/\\\/www.youtube.com\\\/channel\\\/UCV0ZxGWibSEttNCQawue0vw\"]}]}<\/script>\n<!-- \/ Yoast SEO Premium plugin. -->","yoast_head_json":{"title":"Migi Rapper Coil Manufacturers | MIGI Rapper Suppliers Thailand","description":"Migi Rapper Coil Manufacturers and Suppliers in Thailand - Your trusted source for high-quality coils designed for all industrial needs.","robots":{"index":"index","follow":"follow","max-snippet":"max-snippet:-1","max-image-preview":"max-image-preview:large","max-video-preview":"max-video-preview:-1"},"canonical":"https:\/\/arrow-energy.com\/sp\/migi-rapper-coil\/","og_locale":"en_US","og_type":"article","og_title":"Sistema de golpeo MIGI","og_description":"Migi Rapper Coil Manufacturers and Suppliers in Thailand - Your trusted source for high-quality coils designed for all industrial needs.","og_url":"https:\/\/arrow-energy.com\/sp\/migi-rapper-coil\/","og_site_name":"Arrow Energy","article_publisher":"https:\/\/www.facebook.com\/Arrowenergy.thailand","article_modified_time":"2025-02-04T12:54:09+00:00","og_image":[{"url":"https:\/\/sp.arrow-energy.com\/wp-content\/uploads\/2024\/12\/ArrowEnergy_MIGI-rapping-system1-1024x768.png","type":"","width":"","height":""}],"twitter_card":"summary_large_image","twitter_misc":{"Est. reading time":"3 minutes"},"schema":{"@context":"https:\/\/schema.org","@graph":[{"@type":"WebPage","@id":"https:\/\/arrow-energy.com\/sp\/migi-rapper-coil\/","url":"https:\/\/arrow-energy.com\/sp\/migi-rapper-coil\/","name":"Migi Rapper Coil Manufacturers | MIGI Rapper Suppliers Thailand","isPartOf":{"@id":"https:\/\/arrow-energy.com\/sp\/#website"},"primaryImageOfPage":{"@id":"https:\/\/arrow-energy.com\/sp\/migi-rapper-coil\/#primaryimage"},"image":{"@id":"https:\/\/arrow-energy.com\/sp\/migi-rapper-coil\/#primaryimage"},"thumbnailUrl":"https:\/\/sp.arrow-energy.com\/wp-content\/uploads\/2024\/12\/ArrowEnergy_MIGI-rapping-system1-1024x768.png","datePublished":"2024-07-13T06:21:45+00:00","dateModified":"2025-02-04T12:54:09+00:00","description":"Migi Rapper Coil Manufacturers and Suppliers in Thailand - Your trusted source for high-quality coils designed for all industrial needs.","breadcrumb":{"@id":"https:\/\/arrow-energy.com\/sp\/migi-rapper-coil\/#breadcrumb"},"inLanguage":"en-US","potentialAction":[{"@type":"ReadAction","target":["https:\/\/arrow-energy.com\/sp\/migi-rapper-coil\/"]}]},{"@type":"ImageObject","inLanguage":"en-US","@id":"https:\/\/arrow-energy.com\/sp\/migi-rapper-coil\/#primaryimage","url":"https:\/\/sp.arrow-energy.com\/wp-content\/uploads\/2024\/12\/ArrowEnergy_MIGI-rapping-system1-1024x768.png","contentUrl":"https:\/\/sp.arrow-energy.com\/wp-content\/uploads\/2024\/12\/ArrowEnergy_MIGI-rapping-system1-1024x768.png"},{"@type":"BreadcrumbList","@id":"https:\/\/arrow-energy.com\/sp\/migi-rapper-coil\/#breadcrumb","itemListElement":[{"@type":"ListItem","position":1,"name":"Home","item":"https:\/\/arrow-energy.com\/sp\/"},{"@type":"ListItem","position":2,"name":"Sistema de golpeo MIGI"}]},{"@type":"WebSite","@id":"https:\/\/arrow-energy.com\/sp\/#website","url":"https:\/\/arrow-energy.com\/sp\/","name":"https:\/\/arrow-energy.com\/sp","description":"&quot;Arrow Energy es un actor destacado en las renovaciones del sector energ\u00e9tico. Altamente competente en la ingenier\u00eda y construcci\u00f3n de equipos de control de la contaminaci\u00f3n.&quot;","publisher":{"@id":"https:\/\/arrow-energy.com\/sp\/#organization"},"alternateName":"https:\/\/arrow-energy.com\/sp","potentialAction":[{"@type":"SearchAction","target":{"@type":"EntryPoint","urlTemplate":"https:\/\/arrow-energy.com\/sp\/?s={search_term_string}"},"query-input":{"@type":"PropertyValueSpecification","valueRequired":true,"valueName":"search_term_string"}}],"inLanguage":"en-US"},{"@type":"Organization","@id":"https:\/\/arrow-energy.com\/sp\/#organization","name":"Arrow Energy Co., Ltd.","alternateName":"Arrow Enrgy","url":"https:\/\/arrow-energy.com\/sp\/","logo":{"@type":"ImageObject","inLanguage":"en-US","@id":"https:\/\/arrow-energy.com\/sp\/#\/schema\/logo\/image\/","url":"https:\/\/arrow-energy.com\/sp\/wp-content\/uploads\/2024\/07\/Arrow-Logo-3.png","contentUrl":"https:\/\/arrow-energy.com\/sp\/wp-content\/uploads\/2024\/07\/Arrow-Logo-3.png","width":376,"height":170,"caption":"Arrow Energy Co., Ltd."},"image":{"@id":"https:\/\/arrow-energy.com\/sp\/#\/schema\/logo\/image\/"},"sameAs":["https:\/\/www.facebook.com\/Arrowenergy.thailand","https:\/\/www.instagram.com\/arrowenergy.thailand\/?hl=th","https:\/\/www.linkedin.com\/company\/arrowenergy\/","https:\/\/www.youtube.com\/channel\/UCV0ZxGWibSEttNCQawue0vw"]}]}},"_links":{"self":[{"href":"https:\/\/arrow-energy.com\/sp\/wp-json\/wp\/v2\/pages\/4436","targetHints":{"allow":["GET"]}}],"collection":[{"href":"https:\/\/arrow-energy.com\/sp\/wp-json\/wp\/v2\/pages"}],"about":[{"href":"https:\/\/arrow-energy.com\/sp\/wp-json\/wp\/v2\/types\/page"}],"author":[{"embeddable":true,"href":"https:\/\/arrow-energy.com\/sp\/wp-json\/wp\/v2\/users\/1"}],"replies":[{"embeddable":true,"href":"https:\/\/arrow-energy.com\/sp\/wp-json\/wp\/v2\/comments?post=4436"}],"version-history":[{"count":8,"href":"https:\/\/arrow-energy.com\/sp\/wp-json\/wp\/v2\/pages\/4436\/revisions"}],"predecessor-version":[{"id":13076,"href":"https:\/\/arrow-energy.com\/sp\/wp-json\/wp\/v2\/pages\/4436\/revisions\/13076"}],"wp:attachment":[{"href":"https:\/\/arrow-energy.com\/sp\/wp-json\/wp\/v2\/media?parent=4436"}],"curies":[{"name":"wp","href":"https:\/\/api.w.org\/{rel}","templated":true}]}}