{"id":4437,"date":"2024-07-13T06:21:29","date_gmt":"2024-07-13T06:21:29","guid":{"rendered":"https:\/\/sp.arrow-energy.com\/?page_id=4437"},"modified":"2025-09-12T08:54:14","modified_gmt":"2025-09-12T08:54:14","slug":"collecting-plate-discharge-electrode","status":"publish","type":"page","link":"https:\/\/arrow-energy.com\/sp\/collecting-plate-discharge-electrode\/","title":{"rendered":"Placa de recolecci\u00f3n y electrodo de descarga"},"content":{"rendered":"\t\t<div data-elementor-type=\"wp-page\" data-elementor-id=\"4437\" class=\"elementor elementor-4437\" data-elementor-post-type=\"page\">\n\t\t\t\t<div class=\"elementor-element elementor-element-718548e e-con-full e-flex e-con e-parent\" data-id=\"718548e\" data-element_type=\"container\" data-e-type=\"container\">\n\t\t\t\t<div class=\"elementor-element elementor-element-b75b3bf elementor-widget elementor-widget-text-editor\" data-id=\"b75b3bf\" data-element_type=\"widget\" data-e-type=\"widget\" data-widget_type=\"text-editor.default\">\n\t\t\t\t<div class=\"elementor-widget-container\">\n\t\t\t\t\t\t\t\t\t<h5>\u00a0<\/h5><h2 style=\"text-align: center;\">Placa de recolecci\u00f3n y electrodo de descarga<\/h2><p><br \/><b>Placas de recolecci\u00f3n: Captura de part\u00edculas cargadas<\/b><\/p><ul><li style=\"font-weight: 400; text-align: left;\" aria-level=\"1\"><b>Atracci\u00f3n electrost\u00e1tica<\/b>:<ul><li style=\"font-weight: 400;\" aria-level=\"2\">Las placas de recolecci\u00f3n son superficies met\u00e1licas planas colocadas en paralelo a los electrodos de descarga.<\/li><li style=\"font-weight: 400;\" aria-level=\"2\">Estas placas tienen una carga opuesta (generalmente positiva) en relaci\u00f3n con las part\u00edculas cargadas.<\/li><li style=\"font-weight: 400;\" aria-level=\"2\">Las part\u00edculas cargadas son atra\u00eddas hacia las placas y se adhieren a ellas debido a las <b>fuerzas electrost\u00e1ticas<\/b>.<\/li><\/ul><\/li><li style=\"font-weight: 400; text-align: left;\" aria-level=\"1\"><b>Acumulaci\u00f3n de part\u00edculas<\/b>:<ul><li style=\"font-weight: 400;\" aria-level=\"2\">Con el tiempo, una capa de material particulado se acumula en las placas.<\/li><li style=\"font-weight: 400;\" aria-level=\"2\">La limpieza regular evita que esta acumulaci\u00f3n reduzca la eficiencia de recolecci\u00f3n.<\/li><\/ul><\/li><\/ul>\t\t\t\t\t\t\t\t<\/div>\n\t\t\t\t<\/div>\n\t\t\t\t<div class=\"elementor-element elementor-element-e2b174b elementor-arrows-position-inside elementor-widget elementor-widget-image-carousel\" data-id=\"e2b174b\" data-element_type=\"widget\" data-e-type=\"widget\" data-settings=\"{&quot;slides_to_show&quot;:&quot;2&quot;,&quot;slides_to_scroll&quot;:&quot;1&quot;,&quot;navigation&quot;:&quot;arrows&quot;,&quot;autoplay&quot;:&quot;yes&quot;,&quot;pause_on_hover&quot;:&quot;yes&quot;,&quot;pause_on_interaction&quot;:&quot;yes&quot;,&quot;autoplay_speed&quot;:5000,&quot;infinite&quot;:&quot;yes&quot;,&quot;speed&quot;:500}\" data-widget_type=\"image-carousel.default\">\n\t\t\t\t<div class=\"elementor-widget-container\">\n\t\t\t\t\t\t\t<div class=\"elementor-image-carousel-wrapper swiper\" role=\"region\" aria-roledescription=\"carousel\" aria-label=\"Image Carousel\" dir=\"ltr\">\n\t\t\t<div class=\"elementor-image-carousel swiper-wrapper\" aria-live=\"off\">\n\t\t\t\t\t\t\t\t<div class=\"swiper-slide\" role=\"group\" aria-roledescription=\"slide\" aria-label=\"1 of 2\"><figure class=\"swiper-slide-inner\"><img decoding=\"async\" class=\"swiper-slide-image\" src=\"https:\/\/arrow-energy.com\/sp\/wp-content\/uploads\/2025\/09\/ArrowEnergy_Collecting-Plat.jpeg\" alt=\"ArrowEnergy_Collecting-Plat\" \/><\/figure><\/div><div class=\"swiper-slide\" role=\"group\" aria-roledescription=\"slide\" aria-label=\"2 of 2\"><figure class=\"swiper-slide-inner\"><img decoding=\"async\" class=\"swiper-slide-image\" src=\"https:\/\/arrow-energy.com\/sp\/wp-content\/uploads\/2025\/09\/ArrowEnergy_Collecting-Plate-1.jpeg\" alt=\"ArrowEnergy_Collecting-Plate (1)\" \/><\/figure><\/div>\t\t\t<\/div>\n\t\t\t\t\t\t\t\t\t\t\t\t<div class=\"elementor-swiper-button elementor-swiper-button-prev\" role=\"button\" tabindex=\"0\">\n\t\t\t\t\t\t<svg aria-hidden=\"true\" class=\"e-font-icon-svg e-eicon-chevron-left\" viewBox=\"0 0 1000 1000\" xmlns=\"http:\/\/www.w3.org\/2000\/svg\"><path d=\"M646 125C629 125 613 133 604 142L308 442C296 454 292 471 292 487 292 504 296 521 308 533L604 854C617 867 629 875 646 875 663 875 679 871 692 858 704 846 713 829 713 812 713 796 708 779 692 767L438 487 692 225C700 217 708 204 708 187 708 171 704 154 692 142 675 129 663 125 646 125Z\"><\/path><\/svg>\t\t\t\t\t<\/div>\n\t\t\t\t\t<div class=\"elementor-swiper-button elementor-swiper-button-next\" role=\"button\" tabindex=\"0\">\n\t\t\t\t\t\t<svg aria-hidden=\"true\" class=\"e-font-icon-svg e-eicon-chevron-right\" viewBox=\"0 0 1000 1000\" xmlns=\"http:\/\/www.w3.org\/2000\/svg\"><path d=\"M696 533C708 521 713 504 713 487 713 471 708 454 696 446L400 146C388 133 375 125 354 125 338 125 325 129 313 142 300 154 292 171 292 187 292 204 296 221 308 233L563 492 304 771C292 783 288 800 288 817 288 833 296 850 308 863 321 871 338 875 354 875 371 875 388 867 400 854L696 533Z\"><\/path><\/svg>\t\t\t\t\t<\/div>\n\t\t\t\t\n\t\t\t\t\t\t\t\t\t<\/div>\n\t\t\t\t\t\t<\/div>\n\t\t\t\t<\/div>\n\t\t\t\t<div class=\"elementor-element elementor-element-705397b elementor-widget elementor-widget-text-editor\" data-id=\"705397b\" data-element_type=\"widget\" data-e-type=\"widget\" data-widget_type=\"text-editor.default\">\n\t\t\t\t<div class=\"elementor-widget-container\">\n\t\t\t\t\t\t\t\t\t<p style=\"text-align: left;\"><b>Electrodos de descarga: Ionizaci\u00f3n de part\u00edculas<\/b><\/p> <ul> <li style=\"font-weight: 400; text-align: left;\" aria-level=\"1\"><b>Generaci\u00f3n de descarga de corona<\/b>: <ul> <li style=\"font-weight: 400;\" aria-level=\"2\">Los electrodos de descarga son estructuras delgadas similares a hilos, conectadas a una fuente de alta tensi\u00f3n.<\/li> <li style=\"font-weight: 400;\" aria-level=\"2\">Estos electrodos producen una <b>descarga de corona<\/b>, que genera un campo el\u00e9ctrico intenso y libera iones en el espacio circundante.<\/li> <\/ul> <\/li> <li style=\"font-weight: 400; text-align: left;\" aria-level=\"1\"><b>Ionizaci\u00f3n de part\u00edculas<\/b>: <ul> <li style=\"font-weight: 400;\" aria-level=\"2\">Cuando el gas con part\u00edculas de polvo fluye a trav\u00e9s del ESP, las part\u00edculas quedan expuestas al campo el\u00e9ctrico.<\/li> <li style=\"font-weight: 400;\" aria-level=\"2\">Las part\u00edculas interact\u00faan con los iones, adquiriendo una <b>carga negativa o positiva<\/b>, seg\u00fan la polaridad del electrodo.<\/li> <\/ul> <\/li> <li style=\"font-weight: 400;\" aria-level=\"1\"><b>Uniformidad del campo<\/b>: <ul> <li style=\"font-weight: 400; text-align: left;\" aria-level=\"2\">La colocaci\u00f3n precisa de los electrodos de descarga garantiza una distribuci\u00f3n uniforme del campo el\u00e9ctrico, permitiendo una carga de part\u00edculas consistente a lo largo del flujo de gas.<\/li> <\/ul> <\/li> <\/ul>\t\t\t\t\t\t\t\t<\/div>\n\t\t\t\t<\/div>\n\t\t\t\t<div class=\"elementor-element elementor-element-26c7ad2 elementor-arrows-position-inside elementor-pagination-position-outside elementor-widget elementor-widget-image-carousel\" data-id=\"26c7ad2\" data-element_type=\"widget\" data-e-type=\"widget\" data-settings=\"{&quot;slides_to_show&quot;:&quot;1&quot;,&quot;navigation&quot;:&quot;both&quot;,&quot;autoplay&quot;:&quot;yes&quot;,&quot;pause_on_hover&quot;:&quot;yes&quot;,&quot;pause_on_interaction&quot;:&quot;yes&quot;,&quot;autoplay_speed&quot;:5000,&quot;infinite&quot;:&quot;yes&quot;,&quot;effect&quot;:&quot;slide&quot;,&quot;speed&quot;:500}\" data-widget_type=\"image-carousel.default\">\n\t\t\t\t<div class=\"elementor-widget-container\">\n\t\t\t\t\t\t\t<div class=\"elementor-image-carousel-wrapper swiper\" role=\"region\" aria-roledescription=\"carousel\" aria-label=\"Image Carousel\" dir=\"ltr\">\n\t\t\t<div class=\"elementor-image-carousel swiper-wrapper\" aria-live=\"off\">\n\t\t\t\t\t\t\t\t<div class=\"swiper-slide\" role=\"group\" aria-roledescription=\"slide\" aria-label=\"1 of 3\"><figure class=\"swiper-slide-inner\"><img decoding=\"async\" class=\"swiper-slide-image\" src=\"https:\/\/arrow-energy.com\/sp\/wp-content\/uploads\/2025\/01\/ArrowEnergy_Discharge-electrode1-1.png\" alt=\"ArrowEnergy_Discharge electrode1\" \/><\/figure><\/div><div class=\"swiper-slide\" role=\"group\" aria-roledescription=\"slide\" aria-label=\"2 of 3\"><figure class=\"swiper-slide-inner\"><img decoding=\"async\" class=\"swiper-slide-image\" src=\"https:\/\/arrow-energy.com\/sp\/wp-content\/uploads\/2025\/01\/ArrowEnergy_Discharge-electrode2-1.png\" alt=\"ArrowEnergy_Discharge electrode2\" \/><\/figure><\/div><div class=\"swiper-slide\" role=\"group\" aria-roledescription=\"slide\" aria-label=\"3 of 3\"><figure class=\"swiper-slide-inner\"><img decoding=\"async\" class=\"swiper-slide-image\" src=\"https:\/\/arrow-energy.com\/sp\/wp-content\/uploads\/2025\/01\/ArrowEnergy_Discharge-electrode3.png\" alt=\"ArrowEnergy_Discharge electrode3\" \/><\/figure><\/div>\t\t\t<\/div>\n\t\t\t\t\t\t\t\t\t\t\t\t<div class=\"elementor-swiper-button elementor-swiper-button-prev\" role=\"button\" tabindex=\"0\">\n\t\t\t\t\t\t<svg aria-hidden=\"true\" class=\"e-font-icon-svg e-eicon-chevron-left\" viewBox=\"0 0 1000 1000\" xmlns=\"http:\/\/www.w3.org\/2000\/svg\"><path d=\"M646 125C629 125 613 133 604 142L308 442C296 454 292 471 292 487 292 504 296 521 308 533L604 854C617 867 629 875 646 875 663 875 679 871 692 858 704 846 713 829 713 812 713 796 708 779 692 767L438 487 692 225C700 217 708 204 708 187 708 171 704 154 692 142 675 129 663 125 646 125Z\"><\/path><\/svg>\t\t\t\t\t<\/div>\n\t\t\t\t\t<div class=\"elementor-swiper-button elementor-swiper-button-next\" role=\"button\" tabindex=\"0\">\n\t\t\t\t\t\t<svg aria-hidden=\"true\" class=\"e-font-icon-svg e-eicon-chevron-right\" viewBox=\"0 0 1000 1000\" xmlns=\"http:\/\/www.w3.org\/2000\/svg\"><path d=\"M696 533C708 521 713 504 713 487 713 471 708 454 696 446L400 146C388 133 375 125 354 125 338 125 325 129 313 142 300 154 292 171 292 187 292 204 296 221 308 233L563 492 304 771C292 783 288 800 288 817 288 833 296 850 308 863 321 871 338 875 354 875 371 875 388 867 400 854L696 533Z\"><\/path><\/svg>\t\t\t\t\t<\/div>\n\t\t\t\t\n\t\t\t\t\t\t\t\t\t<div class=\"swiper-pagination\"><\/div>\n\t\t\t\t\t\t\t\t\t<\/div>\n\t\t\t\t\t\t<\/div>\n\t\t\t\t<\/div>\n\t\t\t\t<div class=\"elementor-element elementor-element-aeaaa07 elementor-widget elementor-widget-text-editor\" data-id=\"aeaaa07\" data-element_type=\"widget\" data-e-type=\"widget\" data-widget_type=\"text-editor.default\">\n\t\t\t\t<div class=\"elementor-widget-container\">\n\t\t\t\t\t\t\t\t\t<ul> <li style=\"font-weight: 400;\" aria-level=\"1\"><b>Alta eficiencia<\/b>: Las placas y los electrodos est\u00e1n dise\u00f1ados para una captura superior de part\u00edculas.<\/li> <li style=\"font-weight: 400;\" aria-level=\"1\"><b>Materiales duraderos<\/b>: Fabricados con materiales de alta aleaci\u00f3n para resistir condiciones operativas extremas.<\/li> <li style=\"font-weight: 400;\" aria-level=\"1\"><b>Carga de precisi\u00f3n<\/b>: Garantiza una m\u00ednima p\u00e9rdida de energ\u00eda y una m\u00e1xima eficiencia de recolecci\u00f3n.<\/li> <\/ul>\t\t\t\t\t\t\t\t<\/div>\n\t\t\t\t<\/div>\n\t\t\t\t<\/div>\n\t\t\t\t<\/div>\n\t\t","protected":false},"excerpt":{"rendered":"<p>\u00a0 Placa de recolecci\u00f3n y electrodo de descarga Placas de recolecci\u00f3n: Captura de part\u00edculas cargadas Atracci\u00f3n electrost\u00e1tica: Las placas de recolecci\u00f3n son superficies met\u00e1licas planas colocadas en paralelo a los electrodos de descarga. Estas placas tienen una carga opuesta (generalmente positiva) en relaci\u00f3n con las part\u00edculas cargadas. Las part\u00edculas cargadas son atra\u00eddas hacia las placas &hellip; <a href=\"https:\/\/arrow-energy.com\/sp\/collecting-plate-discharge-electrode\/\" class=\"more-link\">Continue reading <span class=\"screen-reader-text\">Placa de recolecci\u00f3n y electrodo de descarga<\/span><\/a><\/p>\n","protected":false},"author":1,"featured_media":0,"parent":0,"menu_order":0,"comment_status":"closed","ping_status":"closed","template":"","meta":{"nf_dc_page":"","_monsterinsights_skip_tracking":false,"_monsterinsights_sitenote_active":false,"_monsterinsights_sitenote_note":"","_monsterinsights_sitenote_category":0,"footnotes":""},"class_list":["post-4437","page","type-page","status-publish","hentry"],"yoast_head":"<!-- This site is optimized with the Yoast SEO Premium plugin v25.6 (Yoast SEO v27.4) - https:\/\/yoast.com\/product\/yoast-seo-premium-wordpress\/ -->\n<title>Collecting Plate &amp; Discharge Electrode | Collecting Plate Supplier<\/title>\n<meta name=\"description\" content=\"Collecting Plate &amp; Discharge Electrode in electrostatic precipitators. Enhance air quality by understanding their roles and maintenance.\" \/>\n<meta name=\"robots\" content=\"index, follow, max-snippet:-1, max-image-preview:large, max-video-preview:-1\" \/>\n<link rel=\"canonical\" href=\"https:\/\/arrow-energy.com\/sp\/collecting-plate-discharge-electrode\/\" \/>\n<meta property=\"og:locale\" content=\"en_US\" \/>\n<meta property=\"og:type\" content=\"article\" \/>\n<meta property=\"og:title\" content=\"Placa de recolecci\u00f3n y electrodo de descarga\" \/>\n<meta property=\"og:description\" content=\"Collecting Plate &amp; Discharge Electrode in electrostatic precipitators. Enhance air quality by understanding their roles and maintenance.\" \/>\n<meta property=\"og:url\" content=\"https:\/\/arrow-energy.com\/sp\/collecting-plate-discharge-electrode\/\" \/>\n<meta property=\"og:site_name\" content=\"Arrow Energy\" \/>\n<meta property=\"article:publisher\" content=\"https:\/\/www.facebook.com\/Arrowenergy.thailand\" \/>\n<meta property=\"article:modified_time\" content=\"2025-09-12T08:54:14+00:00\" \/>\n<meta property=\"og:image\" content=\"https:\/\/arrow-energy.com\/sp\/wp-content\/uploads\/2025\/09\/ArrowEnergy_Collecting-Plat.jpeg\" \/>\n<meta name=\"twitter:card\" content=\"summary_large_image\" \/>\n<meta name=\"twitter:label1\" content=\"Est. reading time\" \/>\n\t<meta name=\"twitter:data1\" content=\"4 minutes\" \/>\n<script type=\"application\/ld+json\" class=\"yoast-schema-graph\">{\"@context\":\"https:\\\/\\\/schema.org\",\"@graph\":[{\"@type\":\"WebPage\",\"@id\":\"https:\\\/\\\/arrow-energy.com\\\/sp\\\/collecting-plate-discharge-electrode\\\/\",\"url\":\"https:\\\/\\\/arrow-energy.com\\\/sp\\\/collecting-plate-discharge-electrode\\\/\",\"name\":\"Collecting Plate & Discharge Electrode | Collecting Plate Supplier\",\"isPartOf\":{\"@id\":\"https:\\\/\\\/arrow-energy.com\\\/sp\\\/#website\"},\"primaryImageOfPage\":{\"@id\":\"https:\\\/\\\/arrow-energy.com\\\/sp\\\/collecting-plate-discharge-electrode\\\/#primaryimage\"},\"image\":{\"@id\":\"https:\\\/\\\/arrow-energy.com\\\/sp\\\/collecting-plate-discharge-electrode\\\/#primaryimage\"},\"thumbnailUrl\":\"https:\\\/\\\/arrow-energy.com\\\/sp\\\/wp-content\\\/uploads\\\/2025\\\/09\\\/ArrowEnergy_Collecting-Plat.jpeg\",\"datePublished\":\"2024-07-13T06:21:29+00:00\",\"dateModified\":\"2025-09-12T08:54:14+00:00\",\"description\":\"Collecting Plate & Discharge Electrode in electrostatic precipitators. Enhance air quality by understanding their roles and maintenance.\",\"breadcrumb\":{\"@id\":\"https:\\\/\\\/arrow-energy.com\\\/sp\\\/collecting-plate-discharge-electrode\\\/#breadcrumb\"},\"inLanguage\":\"en-US\",\"potentialAction\":[{\"@type\":\"ReadAction\",\"target\":[\"https:\\\/\\\/arrow-energy.com\\\/sp\\\/collecting-plate-discharge-electrode\\\/\"]}]},{\"@type\":\"ImageObject\",\"inLanguage\":\"en-US\",\"@id\":\"https:\\\/\\\/arrow-energy.com\\\/sp\\\/collecting-plate-discharge-electrode\\\/#primaryimage\",\"url\":\"https:\\\/\\\/arrow-energy.com\\\/sp\\\/wp-content\\\/uploads\\\/2025\\\/09\\\/ArrowEnergy_Collecting-Plat.jpeg\",\"contentUrl\":\"https:\\\/\\\/arrow-energy.com\\\/sp\\\/wp-content\\\/uploads\\\/2025\\\/09\\\/ArrowEnergy_Collecting-Plat.jpeg\",\"width\":1280,\"height\":960},{\"@type\":\"BreadcrumbList\",\"@id\":\"https:\\\/\\\/arrow-energy.com\\\/sp\\\/collecting-plate-discharge-electrode\\\/#breadcrumb\",\"itemListElement\":[{\"@type\":\"ListItem\",\"position\":1,\"name\":\"Home\",\"item\":\"https:\\\/\\\/arrow-energy.com\\\/sp\\\/\"},{\"@type\":\"ListItem\",\"position\":2,\"name\":\"Placa de recolecci\u00f3n y electrodo de descarga\"}]},{\"@type\":\"WebSite\",\"@id\":\"https:\\\/\\\/arrow-energy.com\\\/sp\\\/#website\",\"url\":\"https:\\\/\\\/arrow-energy.com\\\/sp\\\/\",\"name\":\"https:\\\/\\\/arrow-energy.com\\\/sp\",\"description\":\"&quot;Arrow Energy es un actor destacado en las renovaciones del sector energ\u00e9tico. Altamente competente en la ingenier\u00eda y construcci\u00f3n de equipos de control de la contaminaci\u00f3n.&quot;\",\"publisher\":{\"@id\":\"https:\\\/\\\/arrow-energy.com\\\/sp\\\/#organization\"},\"alternateName\":\"https:\\\/\\\/arrow-energy.com\\\/sp\",\"potentialAction\":[{\"@type\":\"SearchAction\",\"target\":{\"@type\":\"EntryPoint\",\"urlTemplate\":\"https:\\\/\\\/arrow-energy.com\\\/sp\\\/?s={search_term_string}\"},\"query-input\":{\"@type\":\"PropertyValueSpecification\",\"valueRequired\":true,\"valueName\":\"search_term_string\"}}],\"inLanguage\":\"en-US\"},{\"@type\":\"Organization\",\"@id\":\"https:\\\/\\\/arrow-energy.com\\\/sp\\\/#organization\",\"name\":\"Arrow Energy Co., Ltd.\",\"alternateName\":\"Arrow Enrgy\",\"url\":\"https:\\\/\\\/arrow-energy.com\\\/sp\\\/\",\"logo\":{\"@type\":\"ImageObject\",\"inLanguage\":\"en-US\",\"@id\":\"https:\\\/\\\/arrow-energy.com\\\/sp\\\/#\\\/schema\\\/logo\\\/image\\\/\",\"url\":\"https:\\\/\\\/arrow-energy.com\\\/sp\\\/wp-content\\\/uploads\\\/2024\\\/07\\\/Arrow-Logo-3.png\",\"contentUrl\":\"https:\\\/\\\/arrow-energy.com\\\/sp\\\/wp-content\\\/uploads\\\/2024\\\/07\\\/Arrow-Logo-3.png\",\"width\":376,\"height\":170,\"caption\":\"Arrow Energy Co., Ltd.\"},\"image\":{\"@id\":\"https:\\\/\\\/arrow-energy.com\\\/sp\\\/#\\\/schema\\\/logo\\\/image\\\/\"},\"sameAs\":[\"https:\\\/\\\/www.facebook.com\\\/Arrowenergy.thailand\",\"https:\\\/\\\/www.instagram.com\\\/arrowenergy.thailand\\\/?hl=th\",\"https:\\\/\\\/www.linkedin.com\\\/company\\\/arrowenergy\\\/\",\"https:\\\/\\\/www.youtube.com\\\/channel\\\/UCV0ZxGWibSEttNCQawue0vw\"]}]}<\/script>\n<!-- \/ Yoast SEO Premium plugin. -->","yoast_head_json":{"title":"Collecting Plate & Discharge Electrode | Collecting Plate Supplier","description":"Collecting Plate & Discharge Electrode in electrostatic precipitators. Enhance air quality by understanding their roles and maintenance.","robots":{"index":"index","follow":"follow","max-snippet":"max-snippet:-1","max-image-preview":"max-image-preview:large","max-video-preview":"max-video-preview:-1"},"canonical":"https:\/\/arrow-energy.com\/sp\/collecting-plate-discharge-electrode\/","og_locale":"en_US","og_type":"article","og_title":"Placa de recolecci\u00f3n y electrodo de descarga","og_description":"Collecting Plate & Discharge Electrode in electrostatic precipitators. Enhance air quality by understanding their roles and maintenance.","og_url":"https:\/\/arrow-energy.com\/sp\/collecting-plate-discharge-electrode\/","og_site_name":"Arrow Energy","article_publisher":"https:\/\/www.facebook.com\/Arrowenergy.thailand","article_modified_time":"2025-09-12T08:54:14+00:00","og_image":[{"url":"https:\/\/arrow-energy.com\/sp\/wp-content\/uploads\/2025\/09\/ArrowEnergy_Collecting-Plat.jpeg","type":"","width":"","height":""}],"twitter_card":"summary_large_image","twitter_misc":{"Est. reading time":"4 minutes"},"schema":{"@context":"https:\/\/schema.org","@graph":[{"@type":"WebPage","@id":"https:\/\/arrow-energy.com\/sp\/collecting-plate-discharge-electrode\/","url":"https:\/\/arrow-energy.com\/sp\/collecting-plate-discharge-electrode\/","name":"Collecting Plate & Discharge Electrode | Collecting Plate Supplier","isPartOf":{"@id":"https:\/\/arrow-energy.com\/sp\/#website"},"primaryImageOfPage":{"@id":"https:\/\/arrow-energy.com\/sp\/collecting-plate-discharge-electrode\/#primaryimage"},"image":{"@id":"https:\/\/arrow-energy.com\/sp\/collecting-plate-discharge-electrode\/#primaryimage"},"thumbnailUrl":"https:\/\/arrow-energy.com\/sp\/wp-content\/uploads\/2025\/09\/ArrowEnergy_Collecting-Plat.jpeg","datePublished":"2024-07-13T06:21:29+00:00","dateModified":"2025-09-12T08:54:14+00:00","description":"Collecting Plate & Discharge Electrode in electrostatic precipitators. Enhance air quality by understanding their roles and maintenance.","breadcrumb":{"@id":"https:\/\/arrow-energy.com\/sp\/collecting-plate-discharge-electrode\/#breadcrumb"},"inLanguage":"en-US","potentialAction":[{"@type":"ReadAction","target":["https:\/\/arrow-energy.com\/sp\/collecting-plate-discharge-electrode\/"]}]},{"@type":"ImageObject","inLanguage":"en-US","@id":"https:\/\/arrow-energy.com\/sp\/collecting-plate-discharge-electrode\/#primaryimage","url":"https:\/\/arrow-energy.com\/sp\/wp-content\/uploads\/2025\/09\/ArrowEnergy_Collecting-Plat.jpeg","contentUrl":"https:\/\/arrow-energy.com\/sp\/wp-content\/uploads\/2025\/09\/ArrowEnergy_Collecting-Plat.jpeg","width":1280,"height":960},{"@type":"BreadcrumbList","@id":"https:\/\/arrow-energy.com\/sp\/collecting-plate-discharge-electrode\/#breadcrumb","itemListElement":[{"@type":"ListItem","position":1,"name":"Home","item":"https:\/\/arrow-energy.com\/sp\/"},{"@type":"ListItem","position":2,"name":"Placa de recolecci\u00f3n y electrodo de descarga"}]},{"@type":"WebSite","@id":"https:\/\/arrow-energy.com\/sp\/#website","url":"https:\/\/arrow-energy.com\/sp\/","name":"https:\/\/arrow-energy.com\/sp","description":"&quot;Arrow Energy es un actor destacado en las renovaciones del sector energ\u00e9tico. Altamente competente en la ingenier\u00eda y construcci\u00f3n de equipos de control de la contaminaci\u00f3n.&quot;","publisher":{"@id":"https:\/\/arrow-energy.com\/sp\/#organization"},"alternateName":"https:\/\/arrow-energy.com\/sp","potentialAction":[{"@type":"SearchAction","target":{"@type":"EntryPoint","urlTemplate":"https:\/\/arrow-energy.com\/sp\/?s={search_term_string}"},"query-input":{"@type":"PropertyValueSpecification","valueRequired":true,"valueName":"search_term_string"}}],"inLanguage":"en-US"},{"@type":"Organization","@id":"https:\/\/arrow-energy.com\/sp\/#organization","name":"Arrow Energy Co., Ltd.","alternateName":"Arrow Enrgy","url":"https:\/\/arrow-energy.com\/sp\/","logo":{"@type":"ImageObject","inLanguage":"en-US","@id":"https:\/\/arrow-energy.com\/sp\/#\/schema\/logo\/image\/","url":"https:\/\/arrow-energy.com\/sp\/wp-content\/uploads\/2024\/07\/Arrow-Logo-3.png","contentUrl":"https:\/\/arrow-energy.com\/sp\/wp-content\/uploads\/2024\/07\/Arrow-Logo-3.png","width":376,"height":170,"caption":"Arrow Energy Co., Ltd."},"image":{"@id":"https:\/\/arrow-energy.com\/sp\/#\/schema\/logo\/image\/"},"sameAs":["https:\/\/www.facebook.com\/Arrowenergy.thailand","https:\/\/www.instagram.com\/arrowenergy.thailand\/?hl=th","https:\/\/www.linkedin.com\/company\/arrowenergy\/","https:\/\/www.youtube.com\/channel\/UCV0ZxGWibSEttNCQawue0vw"]}]}},"_links":{"self":[{"href":"https:\/\/arrow-energy.com\/sp\/wp-json\/wp\/v2\/pages\/4437","targetHints":{"allow":["GET"]}}],"collection":[{"href":"https:\/\/arrow-energy.com\/sp\/wp-json\/wp\/v2\/pages"}],"about":[{"href":"https:\/\/arrow-energy.com\/sp\/wp-json\/wp\/v2\/types\/page"}],"author":[{"embeddable":true,"href":"https:\/\/arrow-energy.com\/sp\/wp-json\/wp\/v2\/users\/1"}],"replies":[{"embeddable":true,"href":"https:\/\/arrow-energy.com\/sp\/wp-json\/wp\/v2\/comments?post=4437"}],"version-history":[{"count":50,"href":"https:\/\/arrow-energy.com\/sp\/wp-json\/wp\/v2\/pages\/4437\/revisions"}],"predecessor-version":[{"id":13842,"href":"https:\/\/arrow-energy.com\/sp\/wp-json\/wp\/v2\/pages\/4437\/revisions\/13842"}],"wp:attachment":[{"href":"https:\/\/arrow-energy.com\/sp\/wp-json\/wp\/v2\/media?parent=4437"}],"curies":[{"name":"wp","href":"https:\/\/api.w.org\/{rel}","templated":true}]}}