{"id":4459,"date":"2024-07-13T06:27:24","date_gmt":"2024-07-13T06:27:24","guid":{"rendered":"https:\/\/sp.arrow-energy.com\/?page_id=4459"},"modified":"2025-02-05T08:16:46","modified_gmt":"2025-02-05T08:16:46","slug":"air-preheater-aph","status":"publish","type":"page","link":"https:\/\/arrow-energy.com\/sp\/air-preheater-aph\/","title":{"rendered":"Recalentador de Aire"},"content":{"rendered":"\t\t<div data-elementor-type=\"wp-page\" data-elementor-id=\"4459\" class=\"elementor elementor-4459\" data-elementor-post-type=\"page\">\n\t\t\t\t<div class=\"elementor-element elementor-element-814f470 e-flex e-con-boxed e-con e-parent\" data-id=\"814f470\" data-element_type=\"container\" data-e-type=\"container\">\n\t\t\t\t\t<div class=\"e-con-inner\">\n\t\t\t\t<div class=\"elementor-element elementor-element-a51ac22 elementor-widget elementor-widget-text-editor\" data-id=\"a51ac22\" data-element_type=\"widget\" data-e-type=\"widget\" data-widget_type=\"text-editor.default\">\n\t\t\t\t<div class=\"elementor-widget-container\">\n\t\t\t\t\t\t\t\t\t<h2>Precalentador de Aire (APH): Mejorando la Eficiencia de la Caldera<\/h2><p><strong>El Precalentador de Aire (APH)<\/strong> es un dispositivo cr\u00edtico de recuperaci\u00f3n de calor que mejora la eficiencia de la caldera al utilizar el calor residual de los gases de combusti\u00f3n para precalentar el aire de combusti\u00f3n entrante. Este proceso no solo reduce el consumo de combustible, sino que tambi\u00e9n minimiza la p\u00e9rdida de calor, lo que lo convierte en un componente esencial para el funcionamiento eficiente de la caldera en t\u00e9rminos energ\u00e9ticos.<\/p><h5>Caracter\u00edsticas y Especialidades:<\/h5><ul><li style=\"font-weight: 400;\" aria-level=\"1\"><b>Eficiencia T\u00e9rmica Mejorada:<\/b><span style=\"font-weight: 400;\"> Reduce significativamente el consumo de combustible al precalentar el aire para la combusti\u00f3n.<\/span><\/li><li style=\"font-weight: 400;\" aria-level=\"1\"><b>Materiales Duraderos:<\/b><span style=\"font-weight: 400;\"> Construido con materiales de alta calidad como SA213 y acero Corten, garantizando resistencia a altas temperaturas y entornos corrosivos.<\/span><\/li><li style=\"font-weight: 400;\" aria-level=\"1\"><b>Dise\u00f1o Compacto y Vers\u00e1til:<\/b><span style=\"font-weight: 400;\"> Disponible en configuraciones tubulares, regenerativas y de tipo placa para adaptarse a diversas necesidades industriales.<\/span><\/li><li style=\"font-weight: 400;\" aria-level=\"1\"><b>Combusti\u00f3n Mejorada:<\/b><span style=\"font-weight: 400;\"> Optimiza la relaci\u00f3n aire-combustible para una combusti\u00f3n completa, reduciendo las emisiones.<\/span><\/li><li style=\"font-weight: 400;\" aria-level=\"1\"><b>Recuperaci\u00f3n de calor:<\/b><span style=\"font-weight: 400;\"> Maximiza la utilizaci\u00f3n de energ\u00eda al reciclar el calor de los gases de escape, reduciendo los costos operativos..<\/span><\/li><li style=\"font-weight: 400;\" aria-level=\"1\"><b>Requisitos de mantenimiento bajos:<\/b><span style=\"font-weight: 400;\"> Dise\u00f1ado para una fiabilidad a largo plazo con necesidades m\u00ednimas de servicio.<\/span><\/li><\/ul>\t\t\t\t\t\t\t\t<\/div>\n\t\t\t\t<\/div>\n\t\t\t\t\t<\/div>\n\t\t\t\t<\/div>\n\t\t<div class=\"elementor-element elementor-element-309effa e-flex e-con-boxed e-con e-parent\" data-id=\"309effa\" data-element_type=\"container\" data-e-type=\"container\">\n\t\t\t\t\t<div class=\"e-con-inner\">\n\t\t\t\t<div class=\"elementor-element elementor-element-d899b6a elementor-widget elementor-widget-image\" data-id=\"d899b6a\" data-element_type=\"widget\" data-e-type=\"widget\" data-widget_type=\"image.default\">\n\t\t\t\t<div class=\"elementor-widget-container\">\n\t\t\t\t\t\t\t\t\t\t\t\t\t\t\t<img fetchpriority=\"high\" decoding=\"async\" width=\"847\" height=\"529\" src=\"https:\/\/arrow-energy.com\/sp\/wp-content\/uploads\/2024\/07\/APH5-1024x640.jpg\" class=\"attachment-large size-large wp-image-6036\" alt=\"Air Preheater in boiler\" srcset=\"https:\/\/arrow-energy.com\/sp\/wp-content\/uploads\/2024\/07\/APH5-1024x640.jpg 1024w, https:\/\/arrow-energy.com\/sp\/wp-content\/uploads\/2024\/07\/APH5-300x188.jpg 300w, https:\/\/arrow-energy.com\/sp\/wp-content\/uploads\/2024\/07\/APH5-768x480.jpg 768w, https:\/\/arrow-energy.com\/sp\/wp-content\/uploads\/2024\/07\/APH5.jpg 1440w\" sizes=\"(max-width: 847px) 100vw, 847px\" data-id=\"6036\" \/>\t\t\t\t\t\t\t\t\t\t\t\t\t\t\t<\/div>\n\t\t\t\t<\/div>\n\t\t\t\t\t<\/div>\n\t\t\t\t<\/div>\n\t\t\t\t<\/div>\n\t\t","protected":false},"excerpt":{"rendered":"<p>Precalentador de Aire (APH): Mejorando la Eficiencia de la Caldera El Precalentador de Aire (APH) es un dispositivo cr\u00edtico de recuperaci\u00f3n de calor que mejora la eficiencia de la caldera al utilizar el calor residual de los gases de combusti\u00f3n para precalentar el aire de combusti\u00f3n entrante. Este proceso no solo reduce el consumo de &hellip; <a href=\"https:\/\/arrow-energy.com\/sp\/air-preheater-aph\/\" class=\"more-link\">Continue reading <span class=\"screen-reader-text\">Recalentador de Aire<\/span><\/a><\/p>\n","protected":false},"author":1,"featured_media":0,"parent":0,"menu_order":0,"comment_status":"closed","ping_status":"closed","template":"","meta":{"nf_dc_page":"","_monsterinsights_skip_tracking":false,"_monsterinsights_sitenote_active":false,"_monsterinsights_sitenote_note":"","_monsterinsights_sitenote_category":0,"footnotes":""},"class_list":["post-4459","page","type-page","status-publish","hentry"],"yoast_head":"<!-- This site is optimized with the Yoast SEO Premium plugin v25.6 (Yoast SEO v27.4) - https:\/\/yoast.com\/product\/yoast-seo-premium-wordpress\/ -->\n<title>Air Preheater in boiler | Suppilers, Providers, Manufacturers, Sellers<\/title>\n<meta name=\"description\" content=\"Air Preheater in boiler working principle by air, enhancing efficiency. improving design in power plants function, types, cleaning, supplier\" \/>\n<meta name=\"robots\" content=\"index, follow, max-snippet:-1, max-image-preview:large, max-video-preview:-1\" \/>\n<link rel=\"canonical\" href=\"https:\/\/arrow-energy.com\/sp\/air-preheater-aph\/\" \/>\n<meta property=\"og:locale\" content=\"en_US\" \/>\n<meta property=\"og:type\" content=\"article\" \/>\n<meta property=\"og:title\" content=\"Recalentador de Aire\" \/>\n<meta property=\"og:description\" content=\"Air Preheater in boiler working principle by air, enhancing efficiency. improving design in power plants function, types, cleaning, supplier\" \/>\n<meta property=\"og:url\" content=\"https:\/\/arrow-energy.com\/sp\/air-preheater-aph\/\" \/>\n<meta property=\"og:site_name\" content=\"Arrow Energy\" \/>\n<meta property=\"article:publisher\" content=\"https:\/\/www.facebook.com\/Arrowenergy.thailand\" \/>\n<meta property=\"article:modified_time\" content=\"2025-02-05T08:16:46+00:00\" \/>\n<meta property=\"og:image\" content=\"https:\/\/sp.arrow-energy.com\/wp-content\/uploads\/2024\/07\/APH5-1024x640.jpg\" \/>\n<meta name=\"twitter:card\" content=\"summary_large_image\" \/>\n<meta name=\"twitter:label1\" content=\"Est. reading time\" \/>\n\t<meta name=\"twitter:data1\" content=\"2 minutes\" \/>\n<script type=\"application\/ld+json\" class=\"yoast-schema-graph\">{\"@context\":\"https:\\\/\\\/schema.org\",\"@graph\":[{\"@type\":\"WebPage\",\"@id\":\"https:\\\/\\\/arrow-energy.com\\\/sp\\\/air-preheater-aph\\\/\",\"url\":\"https:\\\/\\\/arrow-energy.com\\\/sp\\\/air-preheater-aph\\\/\",\"name\":\"Air Preheater in boiler | Suppilers, Providers, Manufacturers, Sellers\",\"isPartOf\":{\"@id\":\"https:\\\/\\\/arrow-energy.com\\\/sp\\\/#website\"},\"primaryImageOfPage\":{\"@id\":\"https:\\\/\\\/arrow-energy.com\\\/sp\\\/air-preheater-aph\\\/#primaryimage\"},\"image\":{\"@id\":\"https:\\\/\\\/arrow-energy.com\\\/sp\\\/air-preheater-aph\\\/#primaryimage\"},\"thumbnailUrl\":\"https:\\\/\\\/sp.arrow-energy.com\\\/wp-content\\\/uploads\\\/2024\\\/07\\\/APH5-1024x640.jpg\",\"datePublished\":\"2024-07-13T06:27:24+00:00\",\"dateModified\":\"2025-02-05T08:16:46+00:00\",\"description\":\"Air Preheater in boiler working principle by air, enhancing efficiency. improving design in power plants function, types, cleaning, supplier\",\"breadcrumb\":{\"@id\":\"https:\\\/\\\/arrow-energy.com\\\/sp\\\/air-preheater-aph\\\/#breadcrumb\"},\"inLanguage\":\"en-US\",\"potentialAction\":[{\"@type\":\"ReadAction\",\"target\":[\"https:\\\/\\\/arrow-energy.com\\\/sp\\\/air-preheater-aph\\\/\"]}]},{\"@type\":\"ImageObject\",\"inLanguage\":\"en-US\",\"@id\":\"https:\\\/\\\/arrow-energy.com\\\/sp\\\/air-preheater-aph\\\/#primaryimage\",\"url\":\"https:\\\/\\\/sp.arrow-energy.com\\\/wp-content\\\/uploads\\\/2024\\\/07\\\/APH5-1024x640.jpg\",\"contentUrl\":\"https:\\\/\\\/sp.arrow-energy.com\\\/wp-content\\\/uploads\\\/2024\\\/07\\\/APH5-1024x640.jpg\"},{\"@type\":\"BreadcrumbList\",\"@id\":\"https:\\\/\\\/arrow-energy.com\\\/sp\\\/air-preheater-aph\\\/#breadcrumb\",\"itemListElement\":[{\"@type\":\"ListItem\",\"position\":1,\"name\":\"Home\",\"item\":\"https:\\\/\\\/arrow-energy.com\\\/sp\\\/\"},{\"@type\":\"ListItem\",\"position\":2,\"name\":\"Recalentador de Aire\"}]},{\"@type\":\"WebSite\",\"@id\":\"https:\\\/\\\/arrow-energy.com\\\/sp\\\/#website\",\"url\":\"https:\\\/\\\/arrow-energy.com\\\/sp\\\/\",\"name\":\"https:\\\/\\\/arrow-energy.com\\\/sp\",\"description\":\"&quot;Arrow Energy es un actor destacado en las renovaciones del sector energ\u00e9tico. Altamente competente en la ingenier\u00eda y construcci\u00f3n de equipos de control de la contaminaci\u00f3n.&quot;\",\"publisher\":{\"@id\":\"https:\\\/\\\/arrow-energy.com\\\/sp\\\/#organization\"},\"alternateName\":\"https:\\\/\\\/arrow-energy.com\\\/sp\",\"potentialAction\":[{\"@type\":\"SearchAction\",\"target\":{\"@type\":\"EntryPoint\",\"urlTemplate\":\"https:\\\/\\\/arrow-energy.com\\\/sp\\\/?s={search_term_string}\"},\"query-input\":{\"@type\":\"PropertyValueSpecification\",\"valueRequired\":true,\"valueName\":\"search_term_string\"}}],\"inLanguage\":\"en-US\"},{\"@type\":\"Organization\",\"@id\":\"https:\\\/\\\/arrow-energy.com\\\/sp\\\/#organization\",\"name\":\"Arrow Energy Co., Ltd.\",\"alternateName\":\"Arrow Enrgy\",\"url\":\"https:\\\/\\\/arrow-energy.com\\\/sp\\\/\",\"logo\":{\"@type\":\"ImageObject\",\"inLanguage\":\"en-US\",\"@id\":\"https:\\\/\\\/arrow-energy.com\\\/sp\\\/#\\\/schema\\\/logo\\\/image\\\/\",\"url\":\"https:\\\/\\\/arrow-energy.com\\\/sp\\\/wp-content\\\/uploads\\\/2024\\\/07\\\/Arrow-Logo-3.png\",\"contentUrl\":\"https:\\\/\\\/arrow-energy.com\\\/sp\\\/wp-content\\\/uploads\\\/2024\\\/07\\\/Arrow-Logo-3.png\",\"width\":376,\"height\":170,\"caption\":\"Arrow Energy Co., Ltd.\"},\"image\":{\"@id\":\"https:\\\/\\\/arrow-energy.com\\\/sp\\\/#\\\/schema\\\/logo\\\/image\\\/\"},\"sameAs\":[\"https:\\\/\\\/www.facebook.com\\\/Arrowenergy.thailand\",\"https:\\\/\\\/www.instagram.com\\\/arrowenergy.thailand\\\/?hl=th\",\"https:\\\/\\\/www.linkedin.com\\\/company\\\/arrowenergy\\\/\",\"https:\\\/\\\/www.youtube.com\\\/channel\\\/UCV0ZxGWibSEttNCQawue0vw\"]}]}<\/script>\n<!-- \/ Yoast SEO Premium plugin. -->","yoast_head_json":{"title":"Air Preheater in boiler | Suppilers, Providers, Manufacturers, Sellers","description":"Air Preheater in boiler working principle by air, enhancing efficiency. improving design in power plants function, types, cleaning, supplier","robots":{"index":"index","follow":"follow","max-snippet":"max-snippet:-1","max-image-preview":"max-image-preview:large","max-video-preview":"max-video-preview:-1"},"canonical":"https:\/\/arrow-energy.com\/sp\/air-preheater-aph\/","og_locale":"en_US","og_type":"article","og_title":"Recalentador de Aire","og_description":"Air Preheater in boiler working principle by air, enhancing efficiency. improving design in power plants function, types, cleaning, supplier","og_url":"https:\/\/arrow-energy.com\/sp\/air-preheater-aph\/","og_site_name":"Arrow Energy","article_publisher":"https:\/\/www.facebook.com\/Arrowenergy.thailand","article_modified_time":"2025-02-05T08:16:46+00:00","og_image":[{"url":"https:\/\/sp.arrow-energy.com\/wp-content\/uploads\/2024\/07\/APH5-1024x640.jpg","type":"","width":"","height":""}],"twitter_card":"summary_large_image","twitter_misc":{"Est. reading time":"2 minutes"},"schema":{"@context":"https:\/\/schema.org","@graph":[{"@type":"WebPage","@id":"https:\/\/arrow-energy.com\/sp\/air-preheater-aph\/","url":"https:\/\/arrow-energy.com\/sp\/air-preheater-aph\/","name":"Air Preheater in boiler | Suppilers, Providers, Manufacturers, Sellers","isPartOf":{"@id":"https:\/\/arrow-energy.com\/sp\/#website"},"primaryImageOfPage":{"@id":"https:\/\/arrow-energy.com\/sp\/air-preheater-aph\/#primaryimage"},"image":{"@id":"https:\/\/arrow-energy.com\/sp\/air-preheater-aph\/#primaryimage"},"thumbnailUrl":"https:\/\/sp.arrow-energy.com\/wp-content\/uploads\/2024\/07\/APH5-1024x640.jpg","datePublished":"2024-07-13T06:27:24+00:00","dateModified":"2025-02-05T08:16:46+00:00","description":"Air Preheater in boiler working principle by air, enhancing efficiency. improving design in power plants function, types, cleaning, supplier","breadcrumb":{"@id":"https:\/\/arrow-energy.com\/sp\/air-preheater-aph\/#breadcrumb"},"inLanguage":"en-US","potentialAction":[{"@type":"ReadAction","target":["https:\/\/arrow-energy.com\/sp\/air-preheater-aph\/"]}]},{"@type":"ImageObject","inLanguage":"en-US","@id":"https:\/\/arrow-energy.com\/sp\/air-preheater-aph\/#primaryimage","url":"https:\/\/sp.arrow-energy.com\/wp-content\/uploads\/2024\/07\/APH5-1024x640.jpg","contentUrl":"https:\/\/sp.arrow-energy.com\/wp-content\/uploads\/2024\/07\/APH5-1024x640.jpg"},{"@type":"BreadcrumbList","@id":"https:\/\/arrow-energy.com\/sp\/air-preheater-aph\/#breadcrumb","itemListElement":[{"@type":"ListItem","position":1,"name":"Home","item":"https:\/\/arrow-energy.com\/sp\/"},{"@type":"ListItem","position":2,"name":"Recalentador de Aire"}]},{"@type":"WebSite","@id":"https:\/\/arrow-energy.com\/sp\/#website","url":"https:\/\/arrow-energy.com\/sp\/","name":"https:\/\/arrow-energy.com\/sp","description":"&quot;Arrow Energy es un actor destacado en las renovaciones del sector energ\u00e9tico. Altamente competente en la ingenier\u00eda y construcci\u00f3n de equipos de control de la contaminaci\u00f3n.&quot;","publisher":{"@id":"https:\/\/arrow-energy.com\/sp\/#organization"},"alternateName":"https:\/\/arrow-energy.com\/sp","potentialAction":[{"@type":"SearchAction","target":{"@type":"EntryPoint","urlTemplate":"https:\/\/arrow-energy.com\/sp\/?s={search_term_string}"},"query-input":{"@type":"PropertyValueSpecification","valueRequired":true,"valueName":"search_term_string"}}],"inLanguage":"en-US"},{"@type":"Organization","@id":"https:\/\/arrow-energy.com\/sp\/#organization","name":"Arrow Energy Co., Ltd.","alternateName":"Arrow Enrgy","url":"https:\/\/arrow-energy.com\/sp\/","logo":{"@type":"ImageObject","inLanguage":"en-US","@id":"https:\/\/arrow-energy.com\/sp\/#\/schema\/logo\/image\/","url":"https:\/\/arrow-energy.com\/sp\/wp-content\/uploads\/2024\/07\/Arrow-Logo-3.png","contentUrl":"https:\/\/arrow-energy.com\/sp\/wp-content\/uploads\/2024\/07\/Arrow-Logo-3.png","width":376,"height":170,"caption":"Arrow Energy Co., Ltd."},"image":{"@id":"https:\/\/arrow-energy.com\/sp\/#\/schema\/logo\/image\/"},"sameAs":["https:\/\/www.facebook.com\/Arrowenergy.thailand","https:\/\/www.instagram.com\/arrowenergy.thailand\/?hl=th","https:\/\/www.linkedin.com\/company\/arrowenergy\/","https:\/\/www.youtube.com\/channel\/UCV0ZxGWibSEttNCQawue0vw"]}]}},"_links":{"self":[{"href":"https:\/\/arrow-energy.com\/sp\/wp-json\/wp\/v2\/pages\/4459","targetHints":{"allow":["GET"]}}],"collection":[{"href":"https:\/\/arrow-energy.com\/sp\/wp-json\/wp\/v2\/pages"}],"about":[{"href":"https:\/\/arrow-energy.com\/sp\/wp-json\/wp\/v2\/types\/page"}],"author":[{"embeddable":true,"href":"https:\/\/arrow-energy.com\/sp\/wp-json\/wp\/v2\/users\/1"}],"replies":[{"embeddable":true,"href":"https:\/\/arrow-energy.com\/sp\/wp-json\/wp\/v2\/comments?post=4459"}],"version-history":[{"count":9,"href":"https:\/\/arrow-energy.com\/sp\/wp-json\/wp\/v2\/pages\/4459\/revisions"}],"predecessor-version":[{"id":13123,"href":"https:\/\/arrow-energy.com\/sp\/wp-json\/wp\/v2\/pages\/4459\/revisions\/13123"}],"wp:attachment":[{"href":"https:\/\/arrow-energy.com\/sp\/wp-json\/wp\/v2\/media?parent=4459"}],"curies":[{"name":"wp","href":"https:\/\/api.w.org\/{rel}","templated":true}]}}